{"id":24961,"date":"2025-10-20T17:43:53","date_gmt":"2025-10-20T17:43:53","guid":{"rendered":"https:\/\/researchchemicalhub.com\/?post_type=product&#038;p=24961"},"modified":"2025-10-28T22:38:22","modified_gmt":"2025-10-28T22:38:22","slug":"o-dsmt-50mg-pellets","status":"publish","type":"product","link":"https:\/\/researchchemicalhub.com\/cs\/shop\/o-dsmt\/o-dsmt-50mg-pellets\/","title":{"rendered":"O-DSMT 50 mg pelety"},"content":{"rendered":"<h1 data-start=\"399\" data-end=\"488\"><strong data-start=\"401\" data-end=\"488\">O-DSMT (O-desmethyltramadol) \u2013 v\u011bdeck\u00e9 informace a analytick\u00fd p\u0159ehled<\/strong><\/h1>\n<p data-start=\"490\" data-end=\"739\"><strong data-start=\"490\" data-end=\"512\">Meta popis:<\/strong><br data-start=\"512\" data-end=\"515\" \/>O-DSMT (O-Desmethyltramadol) je v\u00fdzkumn\u00fd l\u00e9k a farmakologicky aktivn\u00ed metabolit tramadolu. Zjist\u011bte v\u00edce o chemick\u00e9 struktu\u0159e, mechanismu \u00fa\u010dinku, v\u011bdeck\u00e9m v\u00fdznamu a bezpe\u010dnostn\u00edch aspektech O-DSMT.<\/p>\n<hr data-start=\"741\" data-end=\"744\" \/>\n<h2 data-start=\"746\" data-end=\"762\"><strong data-start=\"749\" data-end=\"762\">Zaveden\u00ed<\/strong><\/h2>\n<p data-start=\"764\" data-end=\"1036\"><strong data-start=\"764\" data-end=\"796\">O-desmethyltramadol (O-DSMT)<\/strong> je a <strong data-start=\"804\" data-end=\"831\">syntetick\u00e1 slou\u010denina<\/strong> kter\u00fd pat\u0159\u00ed do skupiny <strong data-start=\"861\" data-end=\"883\">opioidn\u00ed analgetika<\/strong>Je to <strong data-start=\"895\" data-end=\"930\">aktivn\u00ed metabolit tramadolu<\/strong>, analgetikum pou\u017e\u00edvan\u00e9 po cel\u00e9m sv\u011bt\u011b k l\u00e9\u010db\u011b st\u0159edn\u011b siln\u00e9 a\u017e siln\u00e9 bolesti.<\/p>\n<p data-start=\"1038\" data-end=\"1395\">O-DSMT se v t\u011ble tvo\u0159\u00ed, kdy\u017e je tramadol metabolizov\u00e1n j\u00e1try prost\u0159ednictv\u00edm enzymu CYP2D6. Tento metabolit je <strong data-start=\"1154\" data-end=\"1221\">zodpov\u011bdn\u00fd za velkou \u010d\u00e1st analgetick\u00e9ho \u00fa\u010dinku<\/strong> tramadolu. Ve v\u00fdzkumn\u00e9m kontextu se zkoum\u00e1 O-DSMT za \u00fa\u010delem <strong data-start=\"1287\" data-end=\"1348\">farmakologick\u00fd \u00fa\u010dinek, receptorov\u00e1 aktivita a bezpe\u010dnost<\/strong> l\u00e9pe porozum\u011bt opioidn\u00edm slou\u010denin\u00e1m.<\/p>\n<p data-start=\"1397\" data-end=\"1601\">O-DSMT je n\u011bkdy zmi\u0148ov\u00e1n ve v\u011bdeck\u00e9 literatu\u0159e o <strong data-start=\"1460\" data-end=\"1498\">nov\u00e9 psychoaktivn\u00ed l\u00e1tky (NPS)<\/strong> a <strong data-start=\"1502\" data-end=\"1529\">forenzn\u00ed toxikologie<\/strong>, ale je to <strong data-start=\"1543\" data-end=\"1600\">nen\u00ed schv\u00e1leno pro lidsk\u00e9 pou\u017eit\u00ed nebo konzumaci<\/strong>.<\/p>\n<hr data-start=\"1603\" data-end=\"1606\" \/>\n<h2 data-start=\"1608\" data-end=\"1653\"><strong data-start=\"1611\" data-end=\"1653\">Kl\u00ed\u010dov\u00e9 vlastnosti<\/strong><\/h2>\n<div class=\"_tableContainer_1rjym_1\">\n<div class=\"group _tableWrapper_1rjym_13 flex w-fit flex-col-reverse\" tabindex=\"-1\">\n<table class=\"w-fit min-w-(--thread-content-width)\" data-start=\"1655\" data-end=\"2176\">\n<thead data-start=\"1655\" data-end=\"1692\">\n<tr data-start=\"1655\" data-end=\"1692\">\n<th data-start=\"1655\" data-end=\"1672\" data-col-size=\"sm\"><strong data-start=\"1657\" data-end=\"1671\">Charakteristick\u00fd<\/strong><\/th>\n<th data-start=\"1672\" data-end=\"1692\" data-col-size=\"md\"><strong data-start=\"1674\" data-end=\"1690\">Popis<\/strong><\/th>\n<\/tr>\n<\/thead>\n<tbody data-start=\"1732\" data-end=\"2176\">\n<tr data-start=\"1732\" data-end=\"1776\">\n<td data-start=\"1732\" data-end=\"1753\" data-col-size=\"sm\"><strong data-start=\"1734\" data-end=\"1752\">Cel\u00e9 jm\u00e9no<\/strong><\/td>\n<td data-start=\"1753\" data-end=\"1776\" data-col-size=\"md\">O-desmethyltramadol<\/td>\n<\/tr>\n<tr data-start=\"1777\" data-end=\"1814\">\n<td data-start=\"1777\" data-end=\"1801\" data-col-size=\"sm\"><strong data-start=\"1779\" data-end=\"1800\">Chemick\u00fd vzorec<\/strong><\/td>\n<td data-start=\"1801\" data-end=\"1814\" data-col-size=\"md\">C\u2081\u2085H\u2082\u2083NO\u2082<\/td>\n<\/tr>\n<tr data-start=\"1815\" data-end=\"1851\">\n<td data-start=\"1815\" data-end=\"1835\" data-col-size=\"sm\"><strong data-start=\"1817\" data-end=\"1834\">Mol\u00e1rn\u00ed hmotnost<\/strong><\/td>\n<td data-col-size=\"md\" data-start=\"1835\" data-end=\"1851\">249,35 g\/mol<\/td>\n<\/tr>\n<tr data-start=\"1852\" data-end=\"1919\">\n<td data-start=\"1852\" data-end=\"1875\" data-col-size=\"sm\"><strong data-start=\"1854\" data-end=\"1874\">Chemick\u00e1 t\u0159\u00edda<\/strong><\/td>\n<td data-start=\"1875\" data-end=\"1919\" data-col-size=\"md\">Syntetick\u00fd opioid; metabolit tramadolu<\/td>\n<\/tr>\n<tr data-start=\"1920\" data-end=\"1979\">\n<td data-start=\"1920\" data-end=\"1950\" data-col-size=\"sm\"><strong data-start=\"1922\" data-end=\"1949\">Farmakologick\u00fd \u00fa\u010dinek<\/strong><\/td>\n<td data-col-size=\"md\" data-start=\"1950\" data-end=\"1979\">agonista \u03bc-opioidn\u00edch receptor\u016f<\/td>\n<\/tr>\n<tr data-start=\"1980\" data-end=\"2042\">\n<td data-start=\"1980\" data-end=\"1997\" data-col-size=\"sm\"><strong data-start=\"1982\" data-end=\"1996\">Aplikace<\/strong><\/td>\n<td data-col-size=\"md\" data-start=\"1997\" data-end=\"2042\">Farmakologick\u00fd a toxikologick\u00fd v\u00fdzkum<\/td>\n<\/tr>\n<tr data-start=\"2043\" data-end=\"2097\">\n<td data-start=\"2043\" data-end=\"2054\" data-col-size=\"sm\"><strong data-start=\"2045\" data-end=\"2053\">Formul\u00e1\u0159<\/strong><\/td>\n<td data-col-size=\"md\" data-start=\"2054\" data-end=\"2097\">Referen\u010dn\u00ed l\u00e1tka pro laboratorn\u00ed anal\u00fdzu<\/td>\n<\/tr>\n<tr data-start=\"2098\" data-end=\"2176\">\n<td data-start=\"2098\" data-end=\"2122\" data-col-size=\"sm\"><strong data-start=\"2100\" data-end=\"2121\">Pr\u00e1vn\u00ed status<\/strong><\/td>\n<td data-col-size=\"md\" data-start=\"2122\" data-end=\"2176\">Regulov\u00e1no z\u00e1kony o opioidech v mnoha zem\u00edch<\/td>\n<\/tr>\n<\/tbody>\n<\/table>\n<\/div>\n<\/div>\n<hr data-start=\"2178\" data-end=\"2181\" \/>\n<h2 data-start=\"2183\" data-end=\"2238\"><strong data-start=\"2186\" data-end=\"2238\">V\u011bdeck\u00e1 relevance a v\u00fdzkumn\u00e1 hodnota<\/strong><\/h2>\n<ul data-start=\"2240\" data-end=\"3199\">\n<li data-start=\"2240\" data-end=\"2514\">\n<p data-start=\"2242\" data-end=\"2514\"><strong data-start=\"2242\" data-end=\"2270\">Farmakologick\u00fd v\u00fdzkum<\/strong><br data-start=\"2270\" data-end=\"2273\" \/>O-DSMT se pou\u017e\u00edv\u00e1 k <strong data-start=\"2303\" data-end=\"2335\">mechanismy \u00falevy od bolesti<\/strong> Lep\u0161\u00ed pochopen\u00ed a porovn\u00e1n\u00ed s jin\u00fdmi opioidn\u00edmi agonisty. To pom\u00e1h\u00e1 v\u011bdc\u016fm z\u00edskat vhled do selektivity receptor\u016f, metabolick\u00fdch drah a struktur\u00e1ln\u00edch variac\u00ed.<\/p>\n<\/li>\n<li data-start=\"2516\" data-end=\"2769\">\n<p data-start=\"2518\" data-end=\"2769\"><strong data-start=\"2518\" data-end=\"2544\">Toxikologick\u00e1 anal\u00fdza<\/strong><br data-start=\"2544\" data-end=\"2547\" \/>Ve forenzn\u00edch a klinick\u00fdch toxikologick\u00fdch laborato\u0159\u00edch se O-DSMT pou\u017e\u00edv\u00e1 jako <strong data-start=\"2629\" data-end=\"2663\">referen\u010dn\u00ed nebo kalibra\u010dn\u00ed l\u00e1tka<\/strong> analyzovat biologick\u00e9 vzorky (jako je krev nebo mo\u010d) na p\u0159\u00edtomnost metabolit\u016f tramadolu.<\/p>\n<\/li>\n<li data-start=\"2771\" data-end=\"2970\">\n<p data-start=\"2773\" data-end=\"2970\"><strong data-start=\"2773\" data-end=\"2804\">Analytick\u00e1 charakterizace<\/strong><br data-start=\"2804\" data-end=\"2807\" \/>Materi\u00e1l je zkoum\u00e1n pomoc\u00ed technik, jako je <strong data-start=\"2866\" data-end=\"2892\">LC-MS\/MS, GC-MS a NMR<\/strong> umo\u017enit identifikaci a kvantifikaci ve v\u00fdzkumn\u00fdch vzorc\u00edch.<\/p>\n<\/li>\n<li data-start=\"2972\" data-end=\"3199\">\n<p data-start=\"2974\" data-end=\"3199\"><strong data-start=\"2974\" data-end=\"3013\">Regula\u010dn\u00ed a bezpe\u010dnostn\u00ed studie<\/strong><br data-start=\"3013\" data-end=\"3016\" \/>O-DSMT pom\u00e1h\u00e1 vyv\u00edjet detek\u010dn\u00ed protokoly pro <strong data-start=\"3080\" data-end=\"3118\">nov\u00e9 psychoaktivn\u00ed l\u00e1tky (NPS)<\/strong> a p\u0159i posuzov\u00e1n\u00ed rizik pro ve\u0159ejn\u00e9 zdrav\u00ed a potenci\u00e1lu zneu\u017eit\u00ed.<\/p>\n<\/li>\n<\/ul>\n<hr data-start=\"3201\" data-end=\"3204\" \/>\n<h2 data-start=\"3206\" data-end=\"3264\"><strong data-start=\"3209\" data-end=\"3264\">Laboratorn\u00ed pou\u017eit\u00ed (pouze pro v\u00fdzkum)<\/strong><\/h2>\n<blockquote data-start=\"3266\" data-end=\"3480\">\n<p data-start=\"3268\" data-end=\"3480\">\u26a0\ufe0f <strong data-start=\"3271\" data-end=\"3286\">D\u016fle\u017eit\u00e9:<\/strong><br data-start=\"3286\" data-end=\"3289\" \/>O-DSMT je <strong data-start=\"3301\" data-end=\"3356\">ur\u010den\u00e9 pouze pro v\u011bdeck\u00fd v\u00fdzkum<\/strong> v autorizovan\u00fdch laborato\u0159\u00edch.<br data-start=\"3387\" data-end=\"3390\" \/>To je <strong data-start=\"3399\" data-end=\"3480\">nen\u00ed ur\u010deno k lidsk\u00e9 spot\u0159eb\u011b, samol\u00e9\u010db\u011b ani rekrea\u010dn\u00edmu pou\u017eit\u00ed.<\/strong><\/p>\n<\/blockquote>\n<ol data-start=\"3482\" data-end=\"4188\">\n<li data-start=\"3482\" data-end=\"3702\">\n<p data-start=\"3485\" data-end=\"3512\"><strong data-start=\"3485\" data-end=\"3510\">Skladov\u00e1n\u00ed a stabilita<\/strong><\/p>\n<ul data-start=\"3516\" data-end=\"3702\">\n<li data-start=\"3516\" data-end=\"3577\">\n<p data-start=\"3518\" data-end=\"3577\">Skladujte v uzav\u0159en\u00e9 n\u00e1dob\u011b, suchu a chladu (2\u20138 \u00b0C).<\/p>\n<\/li>\n<li data-start=\"3581\" data-end=\"3624\">\n<p data-start=\"3583\" data-end=\"3624\">Chra\u0148te p\u0159ed sv\u011btlem, vlhkost\u00ed a vzduchem.<\/p>\n<\/li>\n<li data-start=\"3628\" data-end=\"3702\">\n<p data-start=\"3630\" data-end=\"3702\">Pou\u017e\u00edvejte pouze v instituc\u00edch s platn\u00fdm v\u00fdzkumn\u00fdm povolen\u00edm.<\/p>\n<\/li>\n<\/ul>\n<\/li>\n<li data-start=\"3704\" data-end=\"3931\">\n<p data-start=\"3707\" data-end=\"3735\"><strong data-start=\"3707\" data-end=\"3733\">Analytick\u00e1 aplikace<\/strong><\/p>\n<ul data-start=\"3739\" data-end=\"3931\">\n<li data-start=\"3739\" data-end=\"3839\">\n<p data-start=\"3741\" data-end=\"3839\">Pou\u017e\u00edv\u00e1 se jako standard v LC-MS a GC-MS anal\u00fdz\u00e1ch k identifikaci metabolit\u016f tramadolu.<\/p>\n<\/li>\n<li data-start=\"3843\" data-end=\"3931\">\n<p data-start=\"3845\" data-end=\"3931\">Vhodn\u00e9 pro metodologickou validaci v toxikologick\u00fdch nebo farmaceutick\u00fdch studi\u00edch.<\/p>\n<\/li>\n<\/ul>\n<\/li>\n<li data-start=\"3933\" data-end=\"4188\">\n<p data-start=\"3936\" data-end=\"3972\"><strong data-start=\"3936\" data-end=\"3970\">Bezpe\u010dnost v laborato\u0159i<\/strong><\/p>\n<ul data-start=\"3976\" data-end=\"4188\">\n<li data-start=\"3976\" data-end=\"4042\">\n<p data-start=\"3978\" data-end=\"4042\">V\u017edy pou\u017e\u00edvejte rukavice, ochrann\u00e9 br\u00fdle a laboratorn\u00ed pl\u00e1\u0161\u0165.<\/p>\n<\/li>\n<li data-start=\"4046\" data-end=\"4097\">\n<p data-start=\"4048\" data-end=\"4097\">Zabra\u0148te kontaktu s k\u016f\u017e\u00ed, o\u010dima nebo sliznicemi.<\/p>\n<\/li>\n<li data-start=\"4101\" data-end=\"4188\">\n<p data-start=\"4103\" data-end=\"4188\">Odpad zlikvidujte v souladu s p\u0159edpisy o chemick\u00e9 bezpe\u010dnosti a n\u00e1rodn\u00edmi p\u0159edpisy.<\/p>\n<\/li>\n<\/ul>\n<\/li>\n<\/ol>\n<hr data-start=\"4190\" data-end=\"4193\" \/>\n<h2 data-start=\"4195\" data-end=\"4223\"><strong data-start=\"4198\" data-end=\"4223\">Pr\u00e1vn\u00ed informace<\/strong><\/h2>\n<p data-start=\"4225\" data-end=\"4501\">O-DSMT je kryto <strong data-start=\"4270\" data-end=\"4298\">Z\u00e1kon o opiu<\/strong> nebo podobn\u00e1 opat\u0159en\u00ed pro opioidn\u00ed l\u00e1tky.<br data-start=\"4348\" data-end=\"4351\" \/>V\u00fdzkumn\u00edci a laborato\u0159e mus\u00ed <strong data-start=\"4386\" data-end=\"4414\">p\u0159edchoz\u00ed souhlas<\/strong> z\u00edskat pro skladov\u00e1n\u00ed, p\u0159epravu nebo pou\u017eit\u00ed O-DSMT ve v\u00fdzkumn\u00e9m kontextu.<\/p>\n<p data-start=\"4503\" data-end=\"4674\">Tkanina m\u016f\u017ee <strong data-start=\"4515\" data-end=\"4551\">nesm\u00ed se prod\u00e1vat ani pou\u017e\u00edvat<\/strong> mimo akreditovan\u00e9 v\u00fdzkumn\u00e9 instituce. Neopr\u00e1vn\u011bn\u00e9 dr\u017een\u00ed nebo pou\u017eit\u00ed m\u016f\u017ee v\u00e9st k <strong data-start=\"4642\" data-end=\"4673\">trestn\u00ed st\u00edh\u00e1n\u00ed<\/strong>.<\/p>\n<hr data-start=\"4676\" data-end=\"4679\" \/>\n<h2 data-start=\"4681\" data-end=\"4713\"><strong data-start=\"4684\" data-end=\"4713\">\u010casto kladen\u00e9 ot\u00e1zky (FAQ)<\/strong><\/h2>\n<p data-start=\"4715\" data-end=\"4934\"><strong data-start=\"4715\" data-end=\"4745\">1\ufe0f\u20e3 Co p\u0159esn\u011b je O-DSMT?<\/strong><br data-start=\"4745\" data-end=\"4748\" \/>O-DSMT je <strong data-start=\"4761\" data-end=\"4796\">aktivn\u00ed metabolit tramadolu<\/strong>, kter\u00fd se tvo\u0159\u00ed v t\u011ble po u\u017eit\u00ed tramadolu. Ve v\u00fdzkumn\u00e9m prost\u0159ed\u00ed se pou\u017e\u00edv\u00e1 ke studiu farmakologie opioid\u016f.<\/p>\n<p data-start=\"4936\" data-end=\"5163\"><strong data-start=\"4936\" data-end=\"4961\">2\ufe0f\u20e3 Je O-DSMT leg\u00e1ln\u00ed?<\/strong><br data-start=\"4961\" data-end=\"4964\" \/>Pr\u00e1vn\u00ed status se v jednotliv\u00fdch zem\u00edch li\u0161\u00ed. Ve v\u011bt\u0161in\u011b evropsk\u00fdch zem\u00ed spad\u00e1 O-DSMT pod legislativu t\u00fdkaj\u00edc\u00ed se opioid\u016f, co\u017e znamen\u00e1, \u017ee jej lze pou\u017e\u00edt pouze pro v\u011bdeck\u00e9 nebo forenzn\u00ed \u00fa\u010dely.<\/p>\n<p data-start=\"5165\" data-end=\"5433\"><strong data-start=\"5165\" data-end=\"5246\">3\ufe0f\u20e3 Lze O-DSMT pou\u017e\u00edt pro osobn\u00ed pot\u0159ebu nebo mikrod\u00e1vkov\u00e1n\u00ed?<\/strong><br data-start=\"5246\" data-end=\"5249\" \/>Ne. O-DSMT je <strong data-start=\"5264\" data-end=\"5311\">nen\u00ed schv\u00e1leno pro lidskou spot\u0159ebu<\/strong> a sm\u00ed b\u00fdt pou\u017e\u00edv\u00e1n pouze v kontrolovan\u00e9m laboratorn\u00edm prost\u0159ed\u00ed. Neopr\u00e1vn\u011bn\u00e9 pou\u017eit\u00ed je nebezpe\u010dn\u00e9 a nez\u00e1konn\u00e9.<\/p>\n<hr data-start=\"5435\" data-end=\"5438\" \/>\n<h2 data-start=\"5440\" data-end=\"5480\"><strong data-start=\"5443\" data-end=\"5480\">Reference a dal\u0161\u00ed informace<\/strong><\/h2>\n<ul data-start=\"5482\" data-end=\"5840\">\n<li data-start=\"5482\" data-end=\"5639\">\n<p data-start=\"5484\" data-end=\"5639\">Evropsk\u00e9 monitorovac\u00ed centrum pro drogy a drogov\u00e9 z\u00e1vislosti (EMCDDA): <em data-start=\"5550\" data-end=\"5637\">Zpr\u00e1va o nov\u00fdch psychoaktivn\u00edch l\u00e1tk\u00e1ch (NPS) \u2013 opioidy a deriv\u00e1ty tramadolu.<\/em><\/p>\n<\/li>\n<li data-start=\"5640\" data-end=\"5737\">\n<p data-start=\"5642\" data-end=\"5737\">N\u00e1rodn\u00ed institut pro zneu\u017e\u00edv\u00e1n\u00ed drog (NIDA): <em data-start=\"5683\" data-end=\"5735\">Syntetick\u00e9 opioidy a nov\u011b vznikaj\u00edc\u00ed analogick\u00e9 slou\u010deniny.<\/em><\/p>\n<\/li>\n<li data-start=\"5738\" data-end=\"5840\">\n<p data-start=\"5740\" data-end=\"5840\">\u010casopisy forenzn\u00ed toxikologie: <em data-start=\"5770\" data-end=\"5838\">Analytick\u00e1 identifikace a farmakologie O-desmethyltramadolu.<\/em><\/p>\n<\/li>\n<\/ul>\n<p><a href=\"https:\/\/researchchemicalhub.com\/cs\/shop\/iboga-ibogaine\/buy-ibogaine-hcl-online\/\"><span dir=\"auto\" style=\"vertical-align: inherit;\"><span dir=\"auto\" style=\"vertical-align: inherit;\">Koupit ibogain hydrochlorid <\/span><\/span><\/a><a href=\"https:\/\/researchchemicalhub.com\/cs\/shop\/iboga-ibogaine\/iboga-root-bark\/\"><span dir=\"auto\" style=\"vertical-align: inherit;\"><span dir=\"auto\" style=\"vertical-align: inherit;\">K\u016fra ko\u0159ene ibogy <\/span><\/span><\/a><a href=\"https:\/\/researchchemicalhub.com\/cs\/shop\/lysergamides\/1cp-lsd\/\"><span dir=\"auto\" style=\"vertical-align: inherit;\"><span dir=\"auto\" style=\"vertical-align: inherit;\">Um\u011bleck\u00e9 blottery 1cP-LSD 150 MCG <\/span><\/span><\/a><a href=\"https:\/\/researchchemicalhub.com\/cs\/shop\/lysergamides\/1v-lsd-150-mcg-blotters\/\"><span dir=\"auto\" style=\"vertical-align: inherit;\"><span dir=\"auto\" style=\"vertical-align: inherit;\">1V-LSD 150 MCG saje <\/span><\/span><\/a><a href=\"https:\/\/researchchemicalhub.com\/cs\/shop\/2-cmc-pellets\/2-cmc-kopen\/2-cmc-kopen\/\"><span dir=\"auto\" style=\"vertical-align: inherit;\"><span dir=\"auto\" style=\"vertical-align: inherit;\">2-CMC 250 mg pelety<\/span><\/span><\/a><\/p>","protected":false},"excerpt":{"rendered":"<h3><span dir=\"auto\" style=\"vertical-align: inherit;\"><span dir=\"auto\" style=\"vertical-align: inherit;\">Vlastnosti O-DSMT<\/span><\/span><\/h3>\n<p><strong><span dir=\"auto\" style=\"vertical-align: inherit;\"><span dir=\"auto\" style=\"vertical-align: inherit;\">Synonymum: <\/span><\/span><\/strong> <i><span dir=\"auto\" style=\"vertical-align: inherit;\"><span dir=\"auto\" style=\"vertical-align: inherit;\">O-desmethyltramadol, 3-(2-((dimethylamino)methyl)-1-hydroxycyklohexyl)fenol <\/span><\/span><\/i><br \/>\n<strong><span dir=\"auto\" style=\"vertical-align: inherit;\"><span dir=\"auto\" style=\"vertical-align: inherit;\">\u010c\u00edslo CAS:<\/span><\/span><\/strong><span dir=\"auto\" style=\"vertical-align: inherit;\"><span dir=\"auto\" style=\"vertical-align: inherit;\"> 80456-81-1 <\/span><\/span><br \/>\n<strong><span dir=\"auto\" style=\"vertical-align: inherit;\"><span dir=\"auto\" style=\"vertical-align: inherit;\">Vzorec: <\/span><\/span><\/strong> <span title=\"Uhl\u00edk\"><span dir=\"auto\" style=\"vertical-align: inherit;\"><span dir=\"auto\" style=\"vertical-align: inherit;\">C <\/span><\/span><\/span><sub><span dir=\"auto\" style=\"vertical-align: inherit;\"><span dir=\"auto\" style=\"vertical-align: inherit;\">15 <\/span><\/span><\/sub><span title=\"Vod\u00edk\"><span dir=\"auto\" style=\"vertical-align: inherit;\"><span dir=\"auto\" style=\"vertical-align: inherit;\">H <\/span><\/span><\/span><sub><span dir=\"auto\" style=\"vertical-align: inherit;\"><span dir=\"auto\" style=\"vertical-align: inherit;\">23 <\/span><\/span><\/sub><span title=\"Dus\u00edk\"><span dir=\"auto\" style=\"vertical-align: inherit;\"><span dir=\"auto\" style=\"vertical-align: inherit;\">N <\/span><\/span><\/span><span title=\"Kysl\u00edk\"><span dir=\"auto\" style=\"vertical-align: inherit;\"><span dir=\"auto\" style=\"vertical-align: inherit;\">\u00d3 <\/span><\/span><\/span><sub><span dir=\"auto\" style=\"vertical-align: inherit;\"><span dir=\"auto\" style=\"vertical-align: inherit;\">2 <\/span><\/span><\/sub><br \/>\n<strong><span dir=\"auto\" style=\"vertical-align: inherit;\"><span dir=\"auto\" style=\"vertical-align: inherit;\">Mol\u00e1rn\u00ed hmotnost:<\/span><\/span><\/strong><span dir=\"auto\" style=\"vertical-align: inherit;\"><span dir=\"auto\" style=\"vertical-align: inherit;\"> 249,354 g\/mol <\/span><\/span><br \/>\n<strong><span dir=\"auto\" style=\"vertical-align: inherit;\"><span dir=\"auto\" style=\"vertical-align: inherit;\">\u010cistota:<\/span><\/span><\/strong><span dir=\"auto\" style=\"vertical-align: inherit;\"><span dir=\"auto\" style=\"vertical-align: inherit;\"> \u00a0&gt;97%<\/span><\/span><\/p>","protected":false},"featured_media":28581,"comment_status":"closed","ping_status":"closed","template":"","meta":[],"product_brand":[82],"product_cat":[337,420,336,324],"product_tag":[326,727,725,728,726,729,730],"class_list":{"0":"post-24961","1":"product","2":"type-product","3":"status-publish","4":"has-post-thumbnail","6":"product_brand-research-chemical","7":"product_cat-o-dsmt","8":"product_cat-o-dsmt-pellets","9":"product_cat-overig","10":"product_cat-pellets-for-pellet","11":"product_tag-nl","12":"product_tag-o-dsmt-ervaringen","13":"product_tag-o-dsmt","14":"product_tag-o-dsmt-bestellen","15":"product_tag-o-dsmt-kopen","16":"product_tag-o-dsmt-psychonaut","17":"product_tag-what-is-o-dsmt","19":"first","20":"instock","21":"taxable","22":"shipping-taxable","23":"purchasable","24":"product-type-variable"},"_links":{"self":[{"href":"https:\/\/researchchemicalhub.com\/cs\/wp-json\/wp\/v2\/product\/24961","targetHints":{"allow":["GET"]}}],"collection":[{"href":"https:\/\/researchchemicalhub.com\/cs\/wp-json\/wp\/v2\/product"}],"about":[{"href":"https:\/\/researchchemicalhub.com\/cs\/wp-json\/wp\/v2\/types\/product"}],"replies":[{"embeddable":true,"href":"https:\/\/researchchemicalhub.com\/cs\/wp-json\/wp\/v2\/comments?post=24961"}],"version-history":[{"count":7,"href":"https:\/\/researchchemicalhub.com\/cs\/wp-json\/wp\/v2\/product\/24961\/revisions"}],"predecessor-version":[{"id":27709,"href":"https:\/\/researchchemicalhub.com\/cs\/wp-json\/wp\/v2\/product\/24961\/revisions\/27709"}],"wp:featuredmedia":[{"embeddable":true,"href":"https:\/\/researchchemicalhub.com\/cs\/wp-json\/wp\/v2\/media\/28581"}],"wp:attachment":[{"href":"https:\/\/researchchemicalhub.com\/cs\/wp-json\/wp\/v2\/media?parent=24961"}],"wp:term":[{"taxonomy":"product_brand","embeddable":true,"href":"https:\/\/researchchemicalhub.com\/cs\/wp-json\/wp\/v2\/product_brand?post=24961"},{"taxonomy":"product_cat","embeddable":true,"href":"https:\/\/researchchemicalhub.com\/cs\/wp-json\/wp\/v2\/product_cat?post=24961"},{"taxonomy":"product_tag","embeddable":true,"href":"https:\/\/researchchemicalhub.com\/cs\/wp-json\/wp\/v2\/product_tag?post=24961"}],"curies":[{"name":"wp","href":"https:\/\/api.w.org\/{rel}","templated":true}]}}