{"id":24948,"date":"2025-10-20T17:43:52","date_gmt":"2025-10-20T17:43:52","guid":{"rendered":"https:\/\/researchchemicalhub.com\/?post_type=product&#038;p=24948"},"modified":"2025-10-28T22:42:39","modified_gmt":"2025-10-28T22:42:39","slug":"6-cl-adba","status":"publish","type":"product","link":"https:\/\/researchchemicalhub.com\/cs\/shop\/6-cl-adba\/6-cl-adba\/","title":{"rendered":"6-CL-ADBA"},"content":{"rendered":"<h3 data-start=\"4116\" data-end=\"4135\"><strong data-start=\"4120\" data-end=\"4135\"><span dir=\"auto\" style=\"vertical-align: inherit;\"><span dir=\"auto\" style=\"vertical-align: inherit;\">Zaveden\u00ed<\/span><\/span><\/strong><\/h3>\n<p data-start=\"4136\" data-end=\"4427\"><span dir=\"auto\" style=\"vertical-align: inherit;\"><span dir=\"auto\" style=\"vertical-align: inherit;\">N\u00e1\u0161 <\/span><\/span><strong data-start=\"4141\" data-end=\"4177\"><span dir=\"auto\" style=\"vertical-align: inherit;\"><span dir=\"auto\" style=\"vertical-align: inherit;\">analytick\u00e1 v\u00fdzkumn\u00e1 sm\u011bs<\/span><\/span><\/strong><span dir=\"auto\" style=\"vertical-align: inherit;\"><span dir=\"auto\" style=\"vertical-align: inherit;\"> je ur\u010den pro pou\u017eit\u00ed v <\/span><\/span><strong data-start=\"4208\" data-end=\"4261\"><span dir=\"auto\" style=\"vertical-align: inherit;\"><span dir=\"auto\" style=\"vertical-align: inherit;\">laboratorn\u00ed, forenzn\u00ed a analytick\u00fd v\u00fdzkum<\/span><\/span><\/strong><span dir=\"auto\" style=\"vertical-align: inherit;\"><span dir=\"auto\" style=\"vertical-align: inherit;\"> Ka\u017ed\u00e1 \u0161ar\u017ee je vyr\u00e1b\u011bna za <\/span><\/span><strong data-start=\"4298\" data-end=\"4326\"><span dir=\"auto\" style=\"vertical-align: inherit;\"><span dir=\"auto\" style=\"vertical-align: inherit;\">p\u0159\u00edsn\u00e9 standardy kvality<\/span><\/span><\/strong><span dir=\"auto\" style=\"vertical-align: inherit;\"><span dir=\"auto\" style=\"vertical-align: inherit;\"> na <\/span><span dir=\"auto\" style=\"vertical-align: inherit;\">zajistit <\/span><\/span><strong data-start=\"4330\" data-end=\"4375\"><span dir=\"auto\" style=\"vertical-align: inherit;\"><span dir=\"auto\" style=\"vertical-align: inherit;\">\u010distota, stabilita a p\u0159esnost ve v\u011bdeck\u00fdch aplikac\u00edch.<\/span><\/span><\/strong><\/p>\n<p data-start=\"4429\" data-end=\"4601\"><span dir=\"auto\" style=\"vertical-align: inherit;\"><span dir=\"auto\" style=\"vertical-align: inherit;\">Tento produkt je ide\u00e1ln\u00ed pro v\u011bdce a laboratorn\u00ed profesion\u00e1ly, kte\u0159\u00ed hledaj\u00ed spolehliv\u00e9 materi\u00e1ly pro <\/span><\/span><strong data-start=\"4539\" data-end=\"4598\"><span dir=\"auto\" style=\"vertical-align: inherit;\"><span dir=\"auto\" style=\"vertical-align: inherit;\">kalibrace, srovn\u00e1vac\u00ed testov\u00e1n\u00ed a pokro\u010dil\u00e1 anal\u00fdza<\/span><\/span><\/strong><span dir=\"auto\" style=\"vertical-align: inherit;\"><span dir=\"auto\" style=\"vertical-align: inherit;\"> .<\/span><\/span><\/p>\n<blockquote data-start=\"4602\" data-end=\"4712\">\n<p data-start=\"4604\" data-end=\"4712\">\u26a0\ufe0f <strong data-start=\"4607\" data-end=\"4712\"><span dir=\"auto\" style=\"vertical-align: inherit;\"><span dir=\"auto\" style=\"vertical-align: inherit;\">Pouze pro v\u00fdzkumn\u00e9 \u00fa\u010dely. Nen\u00ed vhodn\u00e9 pro lidskou ani zv\u00ed\u0159ec\u00ed spot\u0159ebu.<\/span><\/span><\/strong><\/p>\n<\/blockquote>\n<hr data-start=\"4714\" data-end=\"4717\" \/>\n<h3 data-start=\"4719\" data-end=\"4750\"><strong data-start=\"4723\" data-end=\"4750\"><span dir=\"auto\" style=\"vertical-align: inherit;\"><span dir=\"auto\" style=\"vertical-align: inherit;\">Kl\u00ed\u010dov\u00e9 vlastnosti<\/span><\/span><\/strong><\/h3>\n<ul data-start=\"4751\" data-end=\"5196\">\n<li data-start=\"4751\" data-end=\"4821\">\n<p data-start=\"4753\" data-end=\"4821\"><strong data-start=\"4753\" data-end=\"4779\"><span dir=\"auto\" style=\"vertical-align: inherit;\"><span dir=\"auto\" style=\"vertical-align: inherit;\">Vysok\u00e1 \u010distota (\u226599%)<\/span><\/span><\/strong><span dir=\"auto\" style=\"vertical-align: inherit;\"><span dir=\"auto\" style=\"vertical-align: inherit;\"> \u2013 Nez\u00e1visle testov\u00e1no a ov\u011b\u0159eno.<\/span><\/span><\/p>\n<\/li>\n<li data-start=\"4822\" data-end=\"4914\">\n<p data-start=\"4824\" data-end=\"4914\"><strong data-start=\"4824\" data-end=\"4851\"><span dir=\"auto\" style=\"vertical-align: inherit;\"><span dir=\"auto\" style=\"vertical-align: inherit;\">Konzistentn\u00ed slo\u017een\u00ed<\/span><\/span><\/strong><span dir=\"auto\" style=\"vertical-align: inherit;\"><span dir=\"auto\" style=\"vertical-align: inherit;\"> \u2013 Pro reprodukovateln\u00e9 v\u00fdsledky nap\u0159\u00ed\u010d v\u00edce experimenty.<\/span><\/span><\/p>\n<\/li>\n<li data-start=\"4915\" data-end=\"5004\">\n<p data-start=\"4917\" data-end=\"5004\"><strong data-start=\"4917\" data-end=\"4938\"><span dir=\"auto\" style=\"vertical-align: inherit;\"><span dir=\"auto\" style=\"vertical-align: inherit;\">P\u0159esn\u00e1 v\u00fdroba<\/span><\/span><\/strong><span dir=\"auto\" style=\"vertical-align: inherit;\"><span dir=\"auto\" style=\"vertical-align: inherit;\"> \u2013 Vyrobeno za kontrolovan\u00fdch laboratorn\u00edch podm\u00ednek.<\/span><\/span><\/p>\n<\/li>\n<li data-start=\"5005\" data-end=\"5098\">\n<p data-start=\"5007\" data-end=\"5098\"><strong data-start=\"5007\" data-end=\"5029\"><span dir=\"auto\" style=\"vertical-align: inherit;\"><span dir=\"auto\" style=\"vertical-align: inherit;\">Bezpe\u010dn\u00e9 balen\u00ed<\/span><\/span><\/strong><span dir=\"auto\" style=\"vertical-align: inherit;\"><span dir=\"auto\" style=\"vertical-align: inherit;\"> \u2013 Vzduchot\u011bsn\u00e9 a sv\u011btlu odoln\u00e9 materi\u00e1ly si zachov\u00e1vaj\u00ed kvalitu.<\/span><\/span><\/p>\n<\/li>\n<li data-start=\"5099\" data-end=\"5196\">\n<p data-start=\"5101\" data-end=\"5196\"><strong data-start=\"5101\" data-end=\"5133\"><span dir=\"auto\" style=\"vertical-align: inherit;\"><span dir=\"auto\" style=\"vertical-align: inherit;\">Pouze pro profesion\u00e1ln\u00ed pou\u017eit\u00ed<\/span><\/span><\/strong><span dir=\"auto\" style=\"vertical-align: inherit;\"><span dir=\"auto\" style=\"vertical-align: inherit;\"> \u2013 Ur\u010deno pouze pro analytick\u00e9 nebo forenzn\u00ed vy\u0161et\u0159ov\u00e1n\u00ed.<\/span><\/span><\/p>\n<\/li>\n<\/ul>\n<hr data-start=\"5198\" data-end=\"5201\" \/>\n<h3 data-start=\"5203\" data-end=\"5220\"><strong data-start=\"5207\" data-end=\"5220\"><span dir=\"auto\" style=\"vertical-align: inherit;\"><span dir=\"auto\" style=\"vertical-align: inherit;\">V\u00fdhody<\/span><\/span><\/strong><\/h3>\n<ul data-start=\"5221\" data-end=\"5724\">\n<li data-start=\"5221\" data-end=\"5311\">\n<p data-start=\"5223\" data-end=\"5311\"><strong data-start=\"5223\" data-end=\"5259\"><span dir=\"auto\" style=\"vertical-align: inherit;\"><span dir=\"auto\" style=\"vertical-align: inherit;\">Spolehliv\u00e9 v\u00fdsledky v\u00fdzkumu<\/span><\/span><\/strong><span dir=\"auto\" style=\"vertical-align: inherit;\"><span dir=\"auto\" style=\"vertical-align: inherit;\"> \u2013 Zaji\u0161\u0165uje reprodukovateln\u00e1 a p\u0159esn\u00e1 data.<\/span><\/span><\/p>\n<\/li>\n<li data-start=\"5312\" data-end=\"5403\">\n<p data-start=\"5314\" data-end=\"5403\"><strong data-start=\"5314\" data-end=\"5344\"><span dir=\"auto\" style=\"vertical-align: inherit;\"><span dir=\"auto\" style=\"vertical-align: inherit;\">P\u0159\u00edsn\u00e1 kontrola kvality<\/span><\/span><\/strong><span dir=\"auto\" style=\"vertical-align: inherit;\"><span dir=\"auto\" style=\"vertical-align: inherit;\"> \u2013 Ka\u017ed\u00e1 \u0161ar\u017ee je testov\u00e1na na maxim\u00e1ln\u00ed spolehlivost.<\/span><\/span><\/p>\n<\/li>\n<li data-start=\"5404\" data-end=\"5527\">\n<p data-start=\"5406\" data-end=\"5527\"><strong data-start=\"5406\" data-end=\"5455\"><span dir=\"auto\" style=\"vertical-align: inherit;\"><span dir=\"auto\" style=\"vertical-align: inherit;\">Optimalizov\u00e1no pro analytick\u00e9 aplikace<\/span><\/span><\/strong><span dir=\"auto\" style=\"vertical-align: inherit;\"><span dir=\"auto\" style=\"vertical-align: inherit;\"> \u2013 Vhodn\u00e9 pro chromatografii, spektrometrii a forenzn\u00ed studie.<\/span><\/span><\/p>\n<\/li>\n<li data-start=\"5528\" data-end=\"5621\">\n<p data-start=\"5530\" data-end=\"5621\"><strong data-start=\"5530\" data-end=\"5556\"><span dir=\"auto\" style=\"vertical-align: inherit;\"><span dir=\"auto\" style=\"vertical-align: inherit;\">Stabiln\u00ed slo\u017een\u00ed<\/span><\/span><\/strong><span dir=\"auto\" style=\"vertical-align: inherit;\"><span dir=\"auto\" style=\"vertical-align: inherit;\"> \u2013 Navr\u017eeno tak, aby si p\u0159i spr\u00e1vn\u00e9m skladov\u00e1n\u00ed zachovalo svou kvalitu.<\/span><\/span><\/p>\n<\/li>\n<li data-start=\"5622\" data-end=\"5724\">\n<p data-start=\"5624\" data-end=\"5724\"><strong data-start=\"5624\" data-end=\"5661\"><span dir=\"auto\" style=\"vertical-align: inherit;\"><span dir=\"auto\" style=\"vertical-align: inherit;\">Eticky a leg\u00e1ln\u011b vyrobeno<\/span><\/span><\/strong><span dir=\"auto\" style=\"vertical-align: inherit;\"><span dir=\"auto\" style=\"vertical-align: inherit;\"> \u2013 V souladu s mezin\u00e1rodn\u00edmi v\u00fdzkumn\u00fdmi sm\u011brnicemi.<\/span><\/span><\/p>\n<\/li>\n<\/ul>\n<hr data-start=\"5726\" data-end=\"5729\" \/>\n<h3 data-start=\"5731\" data-end=\"5746\"><strong data-start=\"5735\" data-end=\"5746\"><span dir=\"auto\" style=\"vertical-align: inherit;\"><span dir=\"auto\" style=\"vertical-align: inherit;\">Pou\u017e\u00edv\u00e1n\u00ed<\/span><\/span><\/strong><\/h3>\n<ol data-start=\"5747\" data-end=\"6175\">\n<li data-start=\"5747\" data-end=\"5831\">\n<p data-start=\"5750\" data-end=\"5831\"><strong data-start=\"5750\" data-end=\"5783\"><span dir=\"auto\" style=\"vertical-align: inherit;\"><span dir=\"auto\" style=\"vertical-align: inherit;\">Pouze pro v\u00fdzkumn\u00e9 \u00fa\u010dely<\/span><\/span><\/strong><span dir=\"auto\" style=\"vertical-align: inherit;\"><span dir=\"auto\" style=\"vertical-align: inherit;\"> \u2013 Pou\u017e\u00edvejte pouze v akreditovan\u00fdch laborato\u0159\u00edch.<\/span><\/span><\/p>\n<\/li>\n<li data-start=\"5832\" data-end=\"5917\">\n<p data-start=\"5835\" data-end=\"5917\"><strong data-start=\"5835\" data-end=\"5859\"><span dir=\"auto\" style=\"vertical-align: inherit;\"><span dir=\"auto\" style=\"vertical-align: inherit;\">Skladovac\u00ed podm\u00ednky<\/span><\/span><\/strong><span dir=\"auto\" style=\"vertical-align: inherit;\"><span dir=\"auto\" style=\"vertical-align: inherit;\"> \u2013 Skladujte na chladn\u00e9m, such\u00e9m a tmav\u00e9m m\u00edst\u011b; chra\u0148te p\u0159ed teplem a vlhkost\u00ed.<\/span><\/span><\/p>\n<\/li>\n<li data-start=\"5918\" data-end=\"6005\">\n<p data-start=\"5921\" data-end=\"6005\"><strong data-start=\"5921\" data-end=\"5938\"><span dir=\"auto\" style=\"vertical-align: inherit;\"><span dir=\"auto\" style=\"vertical-align: inherit;\">Pracujte bezpe\u010dn\u011b<\/span><\/span><\/strong><span dir=\"auto\" style=\"vertical-align: inherit;\"><span dir=\"auto\" style=\"vertical-align: inherit;\"> \u2013 V\u017edy pou\u017e\u00edvejte rukavice, ochrann\u00e9 br\u00fdle a laboratorn\u00ed pl\u00e1\u0161\u0165.<\/span><\/span><\/p>\n<\/li>\n<li data-start=\"6006\" data-end=\"6087\">\n<p data-start=\"6009\" data-end=\"6087\"><strong data-start=\"6009\" data-end=\"6021\"><span dir=\"auto\" style=\"vertical-align: inherit;\"><span dir=\"auto\" style=\"vertical-align: inherit;\">M\u011b\u0159en\u00ed<\/span><\/span><\/strong><span dir=\"auto\" style=\"vertical-align: inherit;\"><span dir=\"auto\" style=\"vertical-align: inherit;\"> \u2013 Pro p\u0159esnou anal\u00fdzu pou\u017e\u00edvejte kalibrovan\u00e9 p\u0159\u00edstroje.<\/span><\/span><\/p>\n<\/li>\n<li data-start=\"6088\" data-end=\"6175\">\n<p data-start=\"6091\" data-end=\"6175\"><strong data-start=\"6091\" data-end=\"6118\"><span dir=\"auto\" style=\"vertical-align: inherit;\"><span dir=\"auto\" style=\"vertical-align: inherit;\">Bezpe\u010dnostn\u00ed varov\u00e1n\u00ed<\/span><\/span><\/strong><span dir=\"auto\" style=\"vertical-align: inherit;\"><span dir=\"auto\" style=\"vertical-align: inherit;\"> \u2013 Nen\u00ed ur\u010deno k lidsk\u00e9 ani zv\u00ed\u0159ec\u00ed spot\u0159eb\u011b.<\/span><\/span><\/p>\n<\/li>\n<\/ol>\n<hr data-start=\"6177\" data-end=\"6180\" \/>\n<h3 data-start=\"6182\" data-end=\"6209\"><strong data-start=\"6186\" data-end=\"6209\"><span dir=\"auto\" style=\"vertical-align: inherit;\"><span dir=\"auto\" style=\"vertical-align: inherit;\">\u010casto kladen\u00e9 ot\u00e1zky<\/span><\/span><\/strong><\/h3>\n<p data-start=\"6211\" data-end=\"6387\"><strong data-start=\"6211\" data-end=\"6258\"><span dir=\"auto\" style=\"vertical-align: inherit;\"><span dir=\"auto\" style=\"vertical-align: inherit;\">1. K \u010demu se tato slou\u010denina pou\u017e\u00edv\u00e1?<\/span><\/span><\/strong><br data-start=\"6258\" data-end=\"6261\" \/><span dir=\"auto\" style=\"vertical-align: inherit;\"><span dir=\"auto\" style=\"vertical-align: inherit;\"> Tato sm\u011bs je ur\u010dena pro <\/span><\/span><strong data-start=\"6293\" data-end=\"6340\"><span dir=\"auto\" style=\"vertical-align: inherit;\"><span dir=\"auto\" style=\"vertical-align: inherit;\">laboratorn\u00ed a v\u011bdeck\u00fd v\u00fdzkum<\/span><\/span><\/strong><span dir=\"auto\" style=\"vertical-align: inherit;\"><span dir=\"auto\" style=\"vertical-align: inherit;\"> , jako jsou analytick\u00e9 testy a kalibra\u010dn\u00ed studie.<\/span><\/span><\/p>\n<p data-start=\"6389\" data-end=\"6577\"><strong data-start=\"6389\" data-end=\"6449\"><span dir=\"auto\" style=\"vertical-align: inherit;\"><span dir=\"auto\" style=\"vertical-align: inherit;\">2. Mohu tento produkt pou\u017e\u00edvat mimo laborato\u0159?<\/span><\/span><\/strong><br data-start=\"6449\" data-end=\"6452\" \/><span dir=\"auto\" style=\"vertical-align: inherit;\"><span dir=\"auto\" style=\"vertical-align: inherit;\"> Ne. Tento produkt je <\/span><\/span><strong data-start=\"6472\" data-end=\"6534\"><span dir=\"auto\" style=\"vertical-align: inherit;\"><span dir=\"auto\" style=\"vertical-align: inherit;\">ur\u010deno pouze pro profesion\u00e1ln\u00ed laboratorn\u00ed pou\u017eit\u00ed<\/span><\/span><\/strong><span dir=\"auto\" style=\"vertical-align: inherit;\"><span dir=\"auto\" style=\"vertical-align: inherit;\"> a nen\u00ed vhodn\u00fd pro osobn\u00ed pou\u017eit\u00ed.<\/span><\/span><\/p>\n<p data-start=\"6579\" data-end=\"6726\"><strong data-start=\"6579\" data-end=\"6620\"><span dir=\"auto\" style=\"vertical-align: inherit;\"><span dir=\"auto\" style=\"vertical-align: inherit;\">3. Jak m\u00e1m tento materi\u00e1l skladovat?<\/span><\/span><\/strong><br data-start=\"6620\" data-end=\"6623\" \/><span dir=\"auto\" style=\"vertical-align: inherit;\"><span dir=\"auto\" style=\"vertical-align: inherit;\"> Ulo\u017ete ho do <\/span><\/span><strong data-start=\"6641\" data-end=\"6677\"><span dir=\"auto\" style=\"vertical-align: inherit;\"><span dir=\"auto\" style=\"vertical-align: inherit;\">chladn\u00e9m, such\u00e9m a tmav\u00e9m m\u00edst\u011b<\/span><\/span><\/strong><span dir=\"auto\" style=\"vertical-align: inherit;\"><span dir=\"auto\" style=\"vertical-align: inherit;\"> , pevn\u011b uzav\u0159en\u00e9, aby se zabr\u00e1nilo vlhkosti a sv\u011btlu. <\/span><\/span><a href=\"https:\/\/researchchemicalhub.com\/cs\/shop\/okategoriserad\/4mmc-kopen\/\"><span dir=\"auto\" style=\"vertical-align: inherit;\"><span dir=\"auto\" style=\"vertical-align: inherit;\">Kupte si 4mmc, kupte si <\/span><\/span><\/a><a href=\"https:\/\/researchchemicalhub.com\/cs\/shop\/okategoriserad\/benzocaine-powder\/\"><span dir=\"auto\" style=\"vertical-align: inherit;\"><span dir=\"auto\" style=\"vertical-align: inherit;\">benzokainov\u00fd pr\u00e1\u0161ek, <\/span><\/span><\/a><a href=\"https:\/\/researchchemicalhub.com\/cs\/shop\/okategoriserad\/fentanyl-kopen\/\"><span dir=\"auto\" style=\"vertical-align: inherit;\"><span dir=\"auto\" style=\"vertical-align: inherit;\">koupit fentanyl, <\/span><\/span><\/a><a href=\"https:\/\/researchchemicalhub.com\/cs\/shop\/iboga-ibogaine\/iboga-kopen\/\"><span dir=\"auto\" style=\"vertical-align: inherit;\"><span dir=\"auto\" style=\"vertical-align: inherit;\">koupit ibogu, <\/span><\/span><\/a><a href=\"https:\/\/researchchemicalhub.com\/cs\/shop\/iboga-ibogaine\/buy-ibogaine-hcl-online\/\"><span dir=\"auto\" style=\"vertical-align: inherit;\"><span dir=\"auto\" style=\"vertical-align: inherit;\">koupit ibogain hydrochlorid online<\/span><\/span><\/a><\/p>\n<hr data-start=\"6728\" data-end=\"6731\" \/>\n<h3 data-start=\"6733\" data-end=\"6751\"><strong data-start=\"6737\" data-end=\"6751\"><span dir=\"auto\" style=\"vertical-align: inherit;\"><span dir=\"auto\" style=\"vertical-align: inherit;\">Z\u0159eknut\u00ed se odpov\u011bdnosti<\/span><\/span><\/strong><\/h3>\n<p data-start=\"6752\" data-end=\"6978\"><span dir=\"auto\" style=\"vertical-align: inherit;\"><span dir=\"auto\" style=\"vertical-align: inherit;\">Tento produkt je <\/span><\/span><strong data-start=\"6767\" data-end=\"6833\"><span dir=\"auto\" style=\"vertical-align: inherit;\"><span dir=\"auto\" style=\"vertical-align: inherit;\">ur\u010deno pouze pro v\u00fdzkumn\u00e9 a analytick\u00e9 \u00fa\u010dely<\/span><\/span><\/strong><span dir=\"auto\" style=\"vertical-align: inherit;\"><span dir=\"auto\" style=\"vertical-align: inherit;\"> . <\/span><\/span><strong data-start=\"6835\" data-end=\"6893\"><span dir=\"auto\" style=\"vertical-align: inherit;\"><span dir=\"auto\" style=\"vertical-align: inherit;\">Nen\u00ed vhodn\u00e9 pro lidskou ani zv\u00ed\u0159ec\u00ed spot\u0159ebu.<\/span><\/span><\/strong><br data-start=\"6893\" data-end=\"6896\" \/><span dir=\"auto\" style=\"vertical-align: inherit;\"><span dir=\"auto\" style=\"vertical-align: inherit;\"> Zakoupen\u00edm tohoto produktu souhlas\u00edte s dodr\u017eov\u00e1n\u00edm v\u0161ech platn\u00fdch z\u00e1kon\u016f a p\u0159edpis\u016f.<\/span><\/span><\/p>\n<h3><a style=\"font-size: 16px;\" href=\"https:\/\/researchchemicalhub.com\/cs\/shop\/iboga-ibogaine\/buy-ibogaine-hcl-online\/\"><span dir=\"auto\" style=\"vertical-align: inherit;\"><span dir=\"auto\" style=\"vertical-align: inherit;\"><span dir=\"auto\" style=\"vertical-align: inherit;\"><span dir=\"auto\" style=\"vertical-align: inherit;\">Koupit ibogain hydrochlorid <\/span><\/span><\/span><\/span><\/a><a style=\"font-size: 16px;\" href=\"https:\/\/researchchemicalhub.com\/cs\/shop\/iboga-ibogaine\/iboga-root-bark\/\"><span dir=\"auto\" style=\"vertical-align: inherit;\"><span dir=\"auto\" style=\"vertical-align: inherit;\"><span dir=\"auto\" style=\"vertical-align: inherit;\"><span dir=\"auto\" style=\"vertical-align: inherit;\">K\u016fra ko\u0159ene ibogy <\/span><\/span><\/span><\/span><\/a><a style=\"font-size: 16px;\" href=\"https:\/\/researchchemicalhub.com\/cs\/shop\/lysergamides\/1cp-lsd\/\"><span dir=\"auto\" style=\"vertical-align: inherit;\"><span dir=\"auto\" style=\"vertical-align: inherit;\"><span dir=\"auto\" style=\"vertical-align: inherit;\"><span dir=\"auto\" style=\"vertical-align: inherit;\">Um\u011bleck\u00e9 blottery 1cP-LSD 150 MCG <\/span><\/span><\/span><\/span><\/a><a style=\"font-size: 16px;\" href=\"https:\/\/researchchemicalhub.com\/cs\/shop\/pellets\/o-dsmt-50mg-pellets\/\"><span dir=\"auto\" style=\"vertical-align: inherit;\"><span dir=\"auto\" style=\"vertical-align: inherit;\"><span dir=\"auto\" style=\"vertical-align: inherit;\"><span dir=\"auto\" style=\"vertical-align: inherit;\">O-DSMT 50 mg pelety <\/span><\/span><\/span><\/span><\/a><a style=\"font-size: 16px;\" href=\"https:\/\/researchchemicalhub.com\/cs\/shop\/lysergamides\/1v-lsd-150-mcg-blotters\/\"><span dir=\"auto\" style=\"vertical-align: inherit;\"><span dir=\"auto\" style=\"vertical-align: inherit;\"><span dir=\"auto\" style=\"vertical-align: inherit;\"><span dir=\"auto\" style=\"vertical-align: inherit;\">1V-LSD 150 MCG saje<\/span><\/span><\/span><\/span><\/a><\/h3>","protected":false},"excerpt":{"rendered":"<h2><span dir=\"auto\" style=\"vertical-align: inherit;\"><span dir=\"auto\" style=\"vertical-align: inherit;\"><span dir=\"auto\" style=\"vertical-align: inherit;\"><span dir=\"auto\" style=\"vertical-align: inherit;\">Vlastnosti 6-CL-ADBA<\/span><\/span><\/span><\/span><\/h2>\n<p><strong><span dir=\"auto\" style=\"vertical-align: inherit;\"><span dir=\"auto\" style=\"vertical-align: inherit;\"><span dir=\"auto\" style=\"vertical-align: inherit;\"><span dir=\"auto\" style=\"vertical-align: inherit;\">Synonymum:<\/span><\/span><\/span><\/span><\/strong><span dir=\"auto\" style=\"vertical-align: inherit;\"><span dir=\"auto\" style=\"vertical-align: inherit;\"><span dir=\"auto\" style=\"vertical-align: inherit;\"><span dir=\"auto\" style=\"vertical-align: inherit;\"> 6-CL-ADBA <\/span><\/span><\/span><\/span><strong><br \/>\n<span dir=\"auto\" style=\"vertical-align: inherit;\"><span dir=\"auto\" style=\"vertical-align: inherit;\"><span dir=\"auto\" style=\"vertical-align: inherit;\"><span dir=\"auto\" style=\"vertical-align: inherit;\">\u010c\u00edslo CAS<\/span><\/span><\/span><\/span><\/strong><span dir=\"auto\" style=\"vertical-align: inherit;\"><span dir=\"auto\" style=\"vertical-align: inherit;\"><span dir=\"auto\" style=\"vertical-align: inherit;\"><span dir=\"auto\" style=\"vertical-align: inherit;\"> : n\/a <\/span><\/span><\/span><\/span><br \/>\n<strong><span dir=\"auto\" style=\"vertical-align: inherit;\"><span dir=\"auto\" style=\"vertical-align: inherit;\"><span dir=\"auto\" style=\"vertical-align: inherit;\"><span dir=\"auto\" style=\"vertical-align: inherit;\">Vzorec<\/span><\/span><\/span><\/span><\/strong><span dir=\"auto\" style=\"vertical-align: inherit;\"><span dir=\"auto\" style=\"vertical-align: inherit;\"><span dir=\"auto\" style=\"vertical-align: inherit;\"><span dir=\"auto\" style=\"vertical-align: inherit;\"> : n\/a <\/span><\/span><\/span><\/span><br \/>\n<strong><span dir=\"auto\" style=\"vertical-align: inherit;\"><span dir=\"auto\" style=\"vertical-align: inherit;\"><span dir=\"auto\" style=\"vertical-align: inherit;\"><span dir=\"auto\" style=\"vertical-align: inherit;\">Mol\u00e1rn\u00ed hmotnost<\/span><\/span><\/span><\/span><\/strong><span dir=\"auto\" style=\"vertical-align: inherit;\"><span dir=\"auto\" style=\"vertical-align: inherit;\"><span dir=\"auto\" style=\"vertical-align: inherit;\"><span dir=\"auto\" style=\"vertical-align: inherit;\"> n\/ag\u00b7mol <\/span><\/span><\/span><\/span><br \/>\n<strong><span dir=\"auto\" style=\"vertical-align: inherit;\"><span dir=\"auto\" style=\"vertical-align: inherit;\"><span dir=\"auto\" style=\"vertical-align: inherit;\"><span dir=\"auto\" style=\"vertical-align: inherit;\">\u010cistota<\/span><\/span><\/span><\/span><\/strong><span dir=\"auto\" style=\"vertical-align: inherit;\"><span dir=\"auto\" style=\"vertical-align: inherit;\"><span dir=\"auto\" style=\"vertical-align: inherit;\"><span dir=\"auto\" style=\"vertical-align: inherit;\"> : \u226598%<\/span><\/span><\/span><\/span><\/p>","protected":false},"featured_media":28470,"comment_status":"closed","ping_status":"closed","template":"","meta":[],"product_brand":[],"product_cat":[368,322],"product_tag":[610,594,326],"class_list":{"0":"post-24948","1":"product","2":"type-product","3":"status-publish","4":"has-post-thumbnail","6":"product_cat-6-cl-adba","7":"product_cat-bijna-verboden","8":"product_tag-6-cl-adb-a","9":"product_tag-6-cl-adba","10":"product_tag-nl","12":"first","13":"instock","14":"taxable","15":"shipping-taxable","16":"purchasable","17":"product-type-variable"},"_links":{"self":[{"href":"https:\/\/researchchemicalhub.com\/cs\/wp-json\/wp\/v2\/product\/24948","targetHints":{"allow":["GET"]}}],"collection":[{"href":"https:\/\/researchchemicalhub.com\/cs\/wp-json\/wp\/v2\/product"}],"about":[{"href":"https:\/\/researchchemicalhub.com\/cs\/wp-json\/wp\/v2\/types\/product"}],"replies":[{"embeddable":true,"href":"https:\/\/researchchemicalhub.com\/cs\/wp-json\/wp\/v2\/comments?post=24948"}],"version-history":[{"count":6,"href":"https:\/\/researchchemicalhub.com\/cs\/wp-json\/wp\/v2\/product\/24948\/revisions"}],"predecessor-version":[{"id":28631,"href":"https:\/\/researchchemicalhub.com\/cs\/wp-json\/wp\/v2\/product\/24948\/revisions\/28631"}],"wp:featuredmedia":[{"embeddable":true,"href":"https:\/\/researchchemicalhub.com\/cs\/wp-json\/wp\/v2\/media\/28470"}],"wp:attachment":[{"href":"https:\/\/researchchemicalhub.com\/cs\/wp-json\/wp\/v2\/media?parent=24948"}],"wp:term":[{"taxonomy":"product_brand","embeddable":true,"href":"https:\/\/researchchemicalhub.com\/cs\/wp-json\/wp\/v2\/product_brand?post=24948"},{"taxonomy":"product_cat","embeddable":true,"href":"https:\/\/researchchemicalhub.com\/cs\/wp-json\/wp\/v2\/product_cat?post=24948"},{"taxonomy":"product_tag","embeddable":true,"href":"https:\/\/researchchemicalhub.com\/cs\/wp-json\/wp\/v2\/product_tag?post=24948"}],"curies":[{"name":"wp","href":"https:\/\/api.w.org\/{rel}","templated":true}]}}