{"id":24894,"date":"2025-10-20T17:43:40","date_gmt":"2025-10-20T17:43:40","guid":{"rendered":"https:\/\/researchchemicalhub.com\/?post_type=product&#038;p=24894"},"modified":"2025-10-28T22:47:01","modified_gmt":"2025-10-28T22:47:01","slug":"fluclotizolam-1-mg-blotters","status":"publish","type":"product","link":"https:\/\/researchchemicalhub.com\/cs\/nakupovat\/benzodiazepiny\/fluclotizolam-1-mg-blotters\/","title":{"rendered":"Fluclotizolam 1 MG blotters"},"content":{"rendered":"<h3 data-start=\"4104\" data-end=\"4123\"><strong data-start=\"4108\" data-end=\"4123\"><span dir=\"auto\" style=\"vertical-align: inherit;\"><span dir=\"auto\" style=\"vertical-align: inherit;\">Zaveden\u00ed<\/span><\/span><\/strong><\/h3>\n<p data-start=\"4124\" data-end=\"4415\"><span dir=\"auto\" style=\"vertical-align: inherit;\"><span dir=\"auto\" style=\"vertical-align: inherit;\">N\u00e1\u0161 <\/span><\/span><strong data-start=\"4129\" data-end=\"4156\"><span dir=\"auto\" style=\"vertical-align: inherit;\"><span dir=\"auto\" style=\"vertical-align: inherit;\">1mg v\u00fdzkumn\u00e9 blottery<\/span><\/span><\/strong><span dir=\"auto\" style=\"vertical-align: inherit;\"><span dir=\"auto\" style=\"vertical-align: inherit;\"> jsou pe\u010dliv\u011b vyvinuty pro <\/span><\/span><strong data-start=\"4189\" data-end=\"4233\"><span dir=\"auto\" style=\"vertical-align: inherit;\"><span dir=\"auto\" style=\"vertical-align: inherit;\">v\u011bdeck\u00fd a analytick\u00fd v\u00fdzkum<\/span><\/span><\/strong><span dir=\"auto\" style=\"vertical-align: inherit;\"><span dir=\"auto\" style=\"vertical-align: inherit;\"> . <\/span><\/span><br data-start=\"4234\" data-end=\"4237\" \/><span dir=\"auto\" style=\"vertical-align: inherit;\"><span dir=\"auto\" style=\"vertical-align: inherit;\">Ka\u017ed\u00fd sav\u00fd pap\u00edr je vyroben pod <\/span><\/span><strong data-start=\"4274\" data-end=\"4304\"><span dir=\"auto\" style=\"vertical-align: inherit;\"><span dir=\"auto\" style=\"vertical-align: inherit;\">p\u0159\u00edsn\u00e9 laboratorn\u00ed standardy<\/span><\/span><\/strong><span dir=\"auto\" style=\"vertical-align: inherit;\"><span dir=\"auto\" style=\"vertical-align: inherit;\"> , zaji\u0161t\u011bn\u00ed <\/span><\/span><strong data-start=\"4321\" data-end=\"4374\"><span dir=\"auto\" style=\"vertical-align: inherit;\"><span dir=\"auto\" style=\"vertical-align: inherit;\">\u010distota, p\u0159esnost a reprodukovatelnost<\/span><\/span><\/strong><span dir=\"auto\" style=\"vertical-align: inherit;\"><span dir=\"auto\" style=\"vertical-align: inherit;\"> v profesion\u00e1ln\u00edm v\u00fdzkumn\u00e9m prost\u0159ed\u00ed. Fluklotizolam<\/span><\/span><\/p>\n<p data-start=\"4417\" data-end=\"4592\"><span dir=\"auto\" style=\"vertical-align: inherit;\"><span dir=\"auto\" style=\"vertical-align: inherit;\">D\u00edky jejich <\/span><\/span><strong data-start=\"4429\" data-end=\"4470\"><span dir=\"auto\" style=\"vertical-align: inherit;\"><span dir=\"auto\" style=\"vertical-align: inherit;\">stabiln\u00ed a konzistentn\u00ed slo\u017een\u00ed,<\/span><\/span><\/strong><span dir=\"auto\" style=\"vertical-align: inherit;\"><span dir=\"auto\" style=\"vertical-align: inherit;\"> Tyto sav\u00e9 pap\u00edry poskytuj\u00ed spolehliv\u00fd v\u00fdkon <\/span><\/span><strong data-start=\"4519\" data-end=\"4589\"><span dir=\"auto\" style=\"vertical-align: inherit;\"><span dir=\"auto\" style=\"vertical-align: inherit;\">chemick\u00e9 anal\u00fdzy, kalibra\u010dn\u00ed v\u00fdzkum a vzd\u011bl\u00e1vac\u00ed aplikace<\/span><\/span><\/strong><span dir=\"auto\" style=\"vertical-align: inherit;\"><span dir=\"auto\" style=\"vertical-align: inherit;\"> .<\/span><\/span><\/p>\n<blockquote data-start=\"4593\" data-end=\"4703\">\n<p data-start=\"4595\" data-end=\"4703\">\u26a0\ufe0f <strong data-start=\"4598\" data-end=\"4703\"><span dir=\"auto\" style=\"vertical-align: inherit;\"><span dir=\"auto\" style=\"vertical-align: inherit;\">Pouze pro v\u00fdzkumn\u00e9 \u00fa\u010dely. Nen\u00ed vhodn\u00e9 pro lidskou ani zv\u00ed\u0159ec\u00ed spot\u0159ebu.<\/span><\/span><\/strong><\/p>\n<\/blockquote>\n<hr data-start=\"4705\" data-end=\"4708\" \/>\n<h3 data-start=\"4710\" data-end=\"4741\"><strong data-start=\"4714\" data-end=\"4741\"><span dir=\"auto\" style=\"vertical-align: inherit;\"><span dir=\"auto\" style=\"vertical-align: inherit;\">Kl\u00ed\u010dov\u00e9 vlastnosti<\/span><\/span><\/strong><\/h3>\n<ul data-start=\"4742\" data-end=\"5225\">\n<li data-start=\"4742\" data-end=\"4827\">\n<p data-start=\"4744\" data-end=\"4827\"><strong data-start=\"4744\" data-end=\"4770\"><span dir=\"auto\" style=\"vertical-align: inherit;\"><span dir=\"auto\" style=\"vertical-align: inherit;\">Vysok\u00e1 \u010distota (\u226599%)<\/span><\/span><\/strong><span dir=\"auto\" style=\"vertical-align: inherit;\"><span dir=\"auto\" style=\"vertical-align: inherit;\"> \u2013 Nez\u00e1visle testov\u00e1no v akreditovan\u00fdch laborato\u0159\u00edch.<\/span><\/span><\/p>\n<\/li>\n<li data-start=\"4828\" data-end=\"4921\">\n<p data-start=\"4830\" data-end=\"4921\"><strong data-start=\"4830\" data-end=\"4872\"><span dir=\"auto\" style=\"vertical-align: inherit;\"><span dir=\"auto\" style=\"vertical-align: inherit;\">P\u0159esn\u00e9 d\u00e1vkov\u00e1n\u00ed nebo 1 mg na savo<\/span><\/span><\/strong><span dir=\"auto\" style=\"vertical-align: inherit;\"><span dir=\"auto\" style=\"vertical-align: inherit;\"> \u2013 Pro p\u0159esn\u00e9 a kontrolovan\u00e9 anal\u00fdzy.<\/span><\/span><\/p>\n<\/li>\n<li data-start=\"4922\" data-end=\"4998\">\n<p data-start=\"4924\" data-end=\"4998\"><strong data-start=\"4924\" data-end=\"4950\"><span dir=\"auto\" style=\"vertical-align: inherit;\"><span dir=\"auto\" style=\"vertical-align: inherit;\">Stabiln\u00ed slo\u017een\u00ed<\/span><\/span><\/strong><span dir=\"auto\" style=\"vertical-align: inherit;\"><span dir=\"auto\" style=\"vertical-align: inherit;\"> \u2013 P\u0159i spr\u00e1vn\u00e9m skladov\u00e1n\u00ed si zachov\u00e1v\u00e1 svou celistvost.<\/span><\/span><\/p>\n<\/li>\n<li data-start=\"4999\" data-end=\"5066\">\n<p data-start=\"5001\" data-end=\"5066\"><strong data-start=\"5001\" data-end=\"5029\"><span dir=\"auto\" style=\"vertical-align: inherit;\"><span dir=\"auto\" style=\"vertical-align: inherit;\">\u0158\u00edzen\u00e1 v\u00fdroba<\/span><\/span><\/strong><span dir=\"auto\" style=\"vertical-align: inherit;\"><span dir=\"auto\" style=\"vertical-align: inherit;\"> \u2013 Vyrobeno dle norem ISO.<\/span><\/span><\/p>\n<\/li>\n<li data-start=\"5067\" data-end=\"5146\">\n<p data-start=\"5069\" data-end=\"5146\"><strong data-start=\"5069\" data-end=\"5095\"><span dir=\"auto\" style=\"vertical-align: inherit;\"><span dir=\"auto\" style=\"vertical-align: inherit;\">Sv\u011btlot\u011bsn\u00e9 balen\u00ed<\/span><\/span><\/strong><span dir=\"auto\" style=\"vertical-align: inherit;\"><span dir=\"auto\" style=\"vertical-align: inherit;\"> \u2013 Chr\u00e1n\u00ed p\u0159ed degradac\u00ed a kontaminac\u00ed.<\/span><\/span><\/p>\n<\/li>\n<li data-start=\"5147\" data-end=\"5225\">\n<p data-start=\"5149\" data-end=\"5225\"><strong data-start=\"5149\" data-end=\"5174\"><span dir=\"auto\" style=\"vertical-align: inherit;\"><span dir=\"auto\" style=\"vertical-align: inherit;\">Pouze pro v\u00fdzkum<\/span><\/span><\/strong><span dir=\"auto\" style=\"vertical-align: inherit;\"><span dir=\"auto\" style=\"vertical-align: inherit;\"> \u2013 Ur\u010deno pro profesion\u00e1ln\u00ed analytick\u00e9 pou\u017eit\u00ed.<\/span><\/span><\/p>\n<\/li>\n<\/ul>\n<hr data-start=\"5227\" data-end=\"5230\" \/>\n<h3 data-start=\"5232\" data-end=\"5249\"><strong data-start=\"5236\" data-end=\"5249\"><span dir=\"auto\" style=\"vertical-align: inherit;\"><span dir=\"auto\" style=\"vertical-align: inherit;\">V\u00fdhody<\/span><\/span><\/strong><\/h3>\n<ul data-start=\"5250\" data-end=\"5707\">\n<li data-start=\"5250\" data-end=\"5340\">\n<p data-start=\"5252\" data-end=\"5340\"><strong data-start=\"5252\" data-end=\"5288\"><span dir=\"auto\" style=\"vertical-align: inherit;\"><span dir=\"auto\" style=\"vertical-align: inherit;\">Spolehliv\u00e9 v\u00fdsledky v\u00fdzkumu<\/span><\/span><\/strong><span dir=\"auto\" style=\"vertical-align: inherit;\"><span dir=\"auto\" style=\"vertical-align: inherit;\"> \u2013 Zaji\u0161\u0165uje konzistentn\u00ed a reprodukovateln\u00e1 data.<\/span><\/span><\/p>\n<\/li>\n<li data-start=\"5341\" data-end=\"5442\">\n<p data-start=\"5343\" data-end=\"5442\"><strong data-start=\"5343\" data-end=\"5390\"><span dir=\"auto\" style=\"vertical-align: inherit;\"><span dir=\"auto\" style=\"vertical-align: inherit;\">Optimalizov\u00e1no pro analytick\u00e9 aplikace<\/span><\/span><\/strong><span dir=\"auto\" style=\"vertical-align: inherit;\"><span dir=\"auto\" style=\"vertical-align: inherit;\"> \u2013 Ide\u00e1ln\u00ed pro kalibraci a forenzn\u00ed vy\u0161et\u0159ov\u00e1n\u00ed.<\/span><\/span><\/p>\n<\/li>\n<li data-start=\"5443\" data-end=\"5518\">\n<p data-start=\"5445\" data-end=\"5518\"><strong data-start=\"5445\" data-end=\"5468\"><span dir=\"auto\" style=\"vertical-align: inherit;\"><span dir=\"auto\" style=\"vertical-align: inherit;\">Stabiln\u00ed a odoln\u00fd<\/span><\/span><\/strong><span dir=\"auto\" style=\"vertical-align: inherit;\"><span dir=\"auto\" style=\"vertical-align: inherit;\"> \u2013 Zachov\u00e1v\u00e1 chemickou stabilitu b\u011bhem skladov\u00e1n\u00ed.<\/span><\/span><\/p>\n<\/li>\n<li data-start=\"5519\" data-end=\"5613\">\n<p data-start=\"5521\" data-end=\"5613\"><strong data-start=\"5521\" data-end=\"5558\"><span dir=\"auto\" style=\"vertical-align: inherit;\"><span dir=\"auto\" style=\"vertical-align: inherit;\">Eticky a leg\u00e1ln\u011b vyrobeno<\/span><\/span><\/strong><span dir=\"auto\" style=\"vertical-align: inherit;\"><span dir=\"auto\" style=\"vertical-align: inherit;\"> \u2013 V souladu s mezin\u00e1rodn\u00edmi sm\u011brnicemi. Fluklotizolam<\/span><\/span><\/p>\n<\/li>\n<li data-start=\"5614\" data-end=\"5707\">\n<p data-start=\"5616\" data-end=\"5707\"><strong data-start=\"5616\" data-end=\"5655\"><span dir=\"auto\" style=\"vertical-align: inherit;\"><span dir=\"auto\" style=\"vertical-align: inherit;\">V\u011bdecky testovan\u00e1 \u010distota<\/span><\/span><\/strong><span dir=\"auto\" style=\"vertical-align: inherit;\"><span dir=\"auto\" style=\"vertical-align: inherit;\"> \u2013 Testov\u00e1no na identitu, \u00fa\u010dinnost a kontaminaci.<\/span><\/span><\/p>\n<\/li>\n<\/ul>\n<hr data-start=\"5709\" data-end=\"5712\" \/>\n<h3 data-start=\"5714\" data-end=\"5729\"><strong data-start=\"5718\" data-end=\"5729\"><span dir=\"auto\" style=\"vertical-align: inherit;\"><span dir=\"auto\" style=\"vertical-align: inherit;\">Pou\u017e\u00edv\u00e1n\u00ed<\/span><\/span><\/strong><\/h3>\n<ol data-start=\"5730\" data-end=\"6137\">\n<li data-start=\"5730\" data-end=\"5814\">\n<p data-start=\"5733\" data-end=\"5814\"><strong data-start=\"5733\" data-end=\"5766\"><span dir=\"auto\" style=\"vertical-align: inherit;\"><span dir=\"auto\" style=\"vertical-align: inherit;\">Pouze pro v\u00fdzkumn\u00e9 \u00fa\u010dely<\/span><\/span><\/strong><span dir=\"auto\" style=\"vertical-align: inherit;\"><span dir=\"auto\" style=\"vertical-align: inherit;\"> \u2013 Pou\u017e\u00edvejte pouze v akreditovan\u00fdch laborato\u0159\u00edch.<\/span><\/span><\/p>\n<\/li>\n<li data-start=\"5815\" data-end=\"5882\">\n<p data-start=\"5818\" data-end=\"5882\"><strong data-start=\"5818\" data-end=\"5828\"><span dir=\"auto\" style=\"vertical-align: inherit;\"><span dir=\"auto\" style=\"vertical-align: inherit;\">Skladov\u00e1n\u00ed<\/span><\/span><\/strong><span dir=\"auto\" style=\"vertical-align: inherit;\"><span dir=\"auto\" style=\"vertical-align: inherit;\"> \u2013 Skladujte v <\/span><\/span><strong data-start=\"5845\" data-end=\"5879\"><span dir=\"auto\" style=\"vertical-align: inherit;\"><span dir=\"auto\" style=\"vertical-align: inherit;\">chladn\u00e9m, such\u00e9m a tmav\u00e9m m\u00edst\u011b<\/span><\/span><\/strong><span dir=\"auto\" style=\"vertical-align: inherit;\"><span dir=\"auto\" style=\"vertical-align: inherit;\"> .<\/span><\/span><\/p>\n<\/li>\n<li data-start=\"5883\" data-end=\"5966\">\n<p data-start=\"5886\" data-end=\"5966\"><strong data-start=\"5886\" data-end=\"5903\"><span dir=\"auto\" style=\"vertical-align: inherit;\"><span dir=\"auto\" style=\"vertical-align: inherit;\">Pracujte bezpe\u010dn\u011b<\/span><\/span><\/strong><span dir=\"auto\" style=\"vertical-align: inherit;\"><span dir=\"auto\" style=\"vertical-align: inherit;\"> \u2013 Pou\u017e\u00edvejte rukavice a ochrann\u00e9 laboratorn\u00ed vybaven\u00ed.<\/span><\/span><\/p>\n<\/li>\n<li data-start=\"5967\" data-end=\"6048\">\n<p data-start=\"5970\" data-end=\"6048\"><strong data-start=\"5970\" data-end=\"5982\"><span dir=\"auto\" style=\"vertical-align: inherit;\"><span dir=\"auto\" style=\"vertical-align: inherit;\">M\u011b\u0159en\u00ed<\/span><\/span><\/strong><span dir=\"auto\" style=\"vertical-align: inherit;\"><span dir=\"auto\" style=\"vertical-align: inherit;\"> \u2013 Pro p\u0159esn\u00e9 v\u00fdsledky pou\u017e\u00edvejte kalibrovan\u00e9 vybaven\u00ed.<\/span><\/span><\/p>\n<\/li>\n<li data-start=\"6049\" data-end=\"6137\">\n<p data-start=\"6052\" data-end=\"6137\"><strong data-start=\"6052\" data-end=\"6079\"><span dir=\"auto\" style=\"vertical-align: inherit;\"><span dir=\"auto\" style=\"vertical-align: inherit;\">Bezpe\u010dnostn\u00ed varov\u00e1n\u00ed<\/span><\/span><\/strong><span dir=\"auto\" style=\"vertical-align: inherit;\"><span dir=\"auto\" style=\"vertical-align: inherit;\"> \u2013 Nen\u00ed ur\u010deno k lidsk\u00e9 ani zv\u00ed\u0159ec\u00ed spot\u0159eb\u011b.<\/span><\/span><\/p>\n<\/li>\n<\/ol>\n<hr data-start=\"6139\" data-end=\"6142\" \/>\n<h3 data-start=\"6144\" data-end=\"6171\"><strong data-start=\"6148\" data-end=\"6171\"><span dir=\"auto\" style=\"vertical-align: inherit;\"><span dir=\"auto\" style=\"vertical-align: inherit;\">\u010casto kladen\u00e9 ot\u00e1zky<\/span><\/span><\/strong><\/h3>\n<p data-start=\"6173\" data-end=\"6340\"><strong data-start=\"6173\" data-end=\"6229\"><span dir=\"auto\" style=\"vertical-align: inherit;\"><span dir=\"auto\" style=\"vertical-align: inherit;\">1. K \u010demu se pou\u017e\u00edvaj\u00ed v\u00fdzkumn\u00e9 blottery o hmotnosti 1 mg?<\/span><\/span><\/strong><br data-start=\"6229\" data-end=\"6232\" \/><span dir=\"auto\" style=\"vertical-align: inherit;\"><span dir=\"auto\" style=\"vertical-align: inherit;\"> Jsou ur\u010deny pro <\/span><\/span><strong data-start=\"6253\" data-end=\"6297\"><span dir=\"auto\" style=\"vertical-align: inherit;\"><span dir=\"auto\" style=\"vertical-align: inherit;\">v\u011bdeck\u00fd a analytick\u00fd v\u00fdzkum<\/span><\/span><\/strong><span dir=\"auto\" style=\"vertical-align: inherit;\"><span dir=\"auto\" style=\"vertical-align: inherit;\"> , jako jsou chemick\u00e9 anal\u00fdzy a kalibrace.<\/span><\/span><\/p>\n<p data-start=\"6342\" data-end=\"6505\"><strong data-start=\"6342\" data-end=\"6410\"><span dir=\"auto\" style=\"vertical-align: inherit;\"><span dir=\"auto\" style=\"vertical-align: inherit;\">2. Lze tyto sav\u00e9 pap\u00edry pou\u017e\u00edt mimo laborato\u0159?<\/span><\/span><\/strong><br data-start=\"6410\" data-end=\"6413\" \/><span dir=\"auto\" style=\"vertical-align: inherit;\"><span dir=\"auto\" style=\"vertical-align: inherit;\"> Ne. Tyto produkty jsou <\/span><\/span><strong data-start=\"6438\" data-end=\"6502\"><span dir=\"auto\" style=\"vertical-align: inherit;\"><span dir=\"auto\" style=\"vertical-align: inherit;\">ur\u010deno pouze pro profesion\u00e1ln\u00ed laboratorn\u00ed v\u00fdzkum<\/span><\/span><\/strong><span dir=\"auto\" style=\"vertical-align: inherit;\"><span dir=\"auto\" style=\"vertical-align: inherit;\"> .<\/span><\/span><\/p>\n<p data-start=\"6507\" data-end=\"6645\"><strong data-start=\"6507\" data-end=\"6552\"><span dir=\"auto\" style=\"vertical-align: inherit;\"><span dir=\"auto\" style=\"vertical-align: inherit;\">3. Jak by se m\u011bly skladovat sav\u00e9 pap\u00edry?<\/span><\/span><\/strong><br data-start=\"6552\" data-end=\"6555\" \/><span dir=\"auto\" style=\"vertical-align: inherit;\"><span dir=\"auto\" style=\"vertical-align: inherit;\"> Ulo\u017ete je do <\/span><\/span><strong data-start=\"6572\" data-end=\"6608\"><span dir=\"auto\" style=\"vertical-align: inherit;\"><span dir=\"auto\" style=\"vertical-align: inherit;\">chladn\u00e9m, such\u00e9m a tmav\u00e9m m\u00edst\u011b<\/span><\/span><\/strong><span dir=\"auto\" style=\"vertical-align: inherit;\"><span dir=\"auto\" style=\"vertical-align: inherit;\"> v <\/span><\/span><strong data-start=\"6616\" data-end=\"6642\"><span dir=\"auto\" style=\"vertical-align: inherit;\"><span dir=\"auto\" style=\"vertical-align: inherit;\">sv\u011btlot\u011bsn\u00e1 n\u00e1doba<\/span><\/span><\/strong><span dir=\"auto\" style=\"vertical-align: inherit;\"><span dir=\"auto\" style=\"vertical-align: inherit;\"> .<\/span><\/span><\/p>\n<hr data-start=\"6647\" data-end=\"6650\" \/>\n<h3 data-start=\"6652\" data-end=\"6670\"><strong data-start=\"6656\" data-end=\"6670\"><span dir=\"auto\" style=\"vertical-align: inherit;\"><span dir=\"auto\" style=\"vertical-align: inherit;\">Z\u0159eknut\u00ed se odpov\u011bdnosti<\/span><\/span><\/strong><\/h3>\n<p data-start=\"6671\" data-end=\"6899\"><span dir=\"auto\" style=\"vertical-align: inherit;\"><span dir=\"auto\" style=\"vertical-align: inherit;\">Tento produkt je <\/span><\/span><strong data-start=\"6686\" data-end=\"6735\"><span dir=\"auto\" style=\"vertical-align: inherit;\"><span dir=\"auto\" style=\"vertical-align: inherit;\">pouze pro v\u00fdzkumn\u00e9 \u00fa\u010dely<\/span><\/span><\/strong><span dir=\"auto\" style=\"vertical-align: inherit;\"><span dir=\"auto\" style=\"vertical-align: inherit;\"> . <\/span><\/span><strong data-start=\"6737\" data-end=\"6795\"><span dir=\"auto\" style=\"vertical-align: inherit;\"><span dir=\"auto\" style=\"vertical-align: inherit;\">Nen\u00ed vhodn\u00e9 pro lidskou ani zv\u00ed\u0159ec\u00ed spot\u0159ebu.<\/span><\/span><\/strong><br data-start=\"6795\" data-end=\"6798\" \/><span dir=\"auto\" style=\"vertical-align: inherit;\"><span dir=\"auto\" style=\"vertical-align: inherit;\"> Zakoupen\u00edm tohoto produktu potvrzujete, \u017ee spl\u0148ujete v\u0161echny platn\u00e9 bezpe\u010dnostn\u00ed a z\u00e1konn\u00e9 po\u017eadavky.<\/span><\/span><\/p>\n<p class=\"ds-markdown-paragraph\"><a href=\"https:\/\/researchchemicalhub.com\/cs\/nakupovat\/iboga-ibogain\/kura-korene-ibogy\/\"><span dir=\"auto\" style=\"vertical-align: inherit;\"><span dir=\"auto\" style=\"vertical-align: inherit;\"><span dir=\"auto\" style=\"vertical-align: inherit;\"><span dir=\"auto\" style=\"vertical-align: inherit;\">k\u016fra ko\u0159ene ibogy<\/span><\/span><\/span><\/span><\/a><a href=\"https:\/\/researchchemicalhub.com\/cs\/nakupovat\/iboga-ibogain\/koupit-ibogain-hydrochlorid-online\/\"><span dir=\"auto\" style=\"vertical-align: inherit;\"><span dir=\"auto\" style=\"vertical-align: inherit;\"><span dir=\"auto\" style=\"vertical-align: inherit;\"><span dir=\"auto\" style=\"vertical-align: inherit;\">koupit ibogain hydrochlorid online<\/span><\/span><\/span><\/span><\/a><a href=\"https:\/\/researchchemicalhub.com\/cs\/nakupovat\/pelety\/o-dsmt-50mg-pelety\/\"><span dir=\"auto\" style=\"vertical-align: inherit;\"><span dir=\"auto\" style=\"vertical-align: inherit;\"><span dir=\"auto\" style=\"vertical-align: inherit;\"><span dir=\"auto\" style=\"vertical-align: inherit;\">o-dsmt <\/span><\/span><\/span><\/span><\/a><a href=\"https:\/\/researchchemicalhub.com\/cs\/nakupovat\/lysergamidy\/1v-lsd-150-mcg-pijavice\/\"><span dir=\"auto\" style=\"vertical-align: inherit;\"><span dir=\"auto\" style=\"vertical-align: inherit;\"><span dir=\"auto\" style=\"vertical-align: inherit;\"><span dir=\"auto\" style=\"vertical-align: inherit;\">1vlsd<\/span><\/span><\/span><\/span><\/a><a href=\"https:\/\/researchchemicalhub.com\/cs\/nakupovat\/lysergamidy\/1cp-lsd-150-mcg-2\/\"><span dir=\"auto\" style=\"vertical-align: inherit;\"><span dir=\"auto\" style=\"vertical-align: inherit;\"><span dir=\"auto\" style=\"vertical-align: inherit;\"><span dir=\"auto\" style=\"vertical-align: inherit;\">1cp LSD<\/span><\/span><\/span><\/span><\/a><\/p>","protected":false},"excerpt":{"rendered":"<p>\u00davod Na\u0161e v\u00fdzkumn\u00e9 blottery s obsahem 1 mg jsou pe\u010dliv\u011b vyvinuty pro v\u011bdeck\u00fd a analytick\u00fd v\u00fdzkum. Ka\u017ed\u00fd blotter je vyroben za<\/p>","protected":false},"featured_media":28530,"comment_status":"closed","ping_status":"closed","template":"","meta":[],"product_brand":[82],"product_cat":[76,355],"product_tag":[148,145,147,146,149,326],"class_list":{"0":"post-24894","1":"product","2":"type-product","3":"status-publish","4":"has-post-thumbnail","6":"product_brand-research-chemical","7":"product_cat-benzodiazepinen","8":"product_cat-fluclotizolam","9":"product_tag-buy-fluclotizolam","10":"product_tag-fluclotizolam","11":"product_tag-fluclotizolam-buy","12":"product_tag-fluclotizolam-half-life","13":"product_tag-fluclotizolam-solution","14":"product_tag-nl","16":"first","17":"instock","18":"taxable","19":"shipping-taxable","20":"purchasable","21":"product-type-variable"},"_links":{"self":[{"href":"https:\/\/researchchemicalhub.com\/cs\/wp-json\/wp\/v2\/product\/24894","targetHints":{"allow":["GET"]}}],"collection":[{"href":"https:\/\/researchchemicalhub.com\/cs\/wp-json\/wp\/v2\/product"}],"about":[{"href":"https:\/\/researchchemicalhub.com\/cs\/wp-json\/wp\/v2\/types\/product"}],"replies":[{"embeddable":true,"href":"https:\/\/researchchemicalhub.com\/cs\/wp-json\/wp\/v2\/comments?post=24894"}],"version-history":[{"count":7,"href":"https:\/\/researchchemicalhub.com\/cs\/wp-json\/wp\/v2\/product\/24894\/revisions"}],"predecessor-version":[{"id":28636,"href":"https:\/\/researchchemicalhub.com\/cs\/wp-json\/wp\/v2\/product\/24894\/revisions\/28636"}],"wp:featuredmedia":[{"embeddable":true,"href":"https:\/\/researchchemicalhub.com\/cs\/wp-json\/wp\/v2\/media\/28530"}],"wp:attachment":[{"href":"https:\/\/researchchemicalhub.com\/cs\/wp-json\/wp\/v2\/media?parent=24894"}],"wp:term":[{"taxonomy":"product_brand","embeddable":true,"href":"https:\/\/researchchemicalhub.com\/cs\/wp-json\/wp\/v2\/product_brand?post=24894"},{"taxonomy":"product_cat","embeddable":true,"href":"https:\/\/researchchemicalhub.com\/cs\/wp-json\/wp\/v2\/product_cat?post=24894"},{"taxonomy":"product_tag","embeddable":true,"href":"https:\/\/researchchemicalhub.com\/cs\/wp-json\/wp\/v2\/product_tag?post=24894"}],"curies":[{"name":"wp","href":"https:\/\/api.w.org\/{rel}","templated":true}]}}