{"id":24654,"date":"2025-10-20T17:42:28","date_gmt":"2025-10-20T17:42:28","guid":{"rendered":"https:\/\/researchchemicalhub.com\/?post_type=product&#038;p=24654"},"modified":"2025-10-21T15:56:08","modified_gmt":"2025-10-21T15:56:08","slug":"digitalni-cs-vaha-100g-x-0-01g","status":"publish","type":"product","link":"https:\/\/researchchemicalhub.com\/cs\/nakupovat\/vahy\/digitalni-cs-vaha-100g-x-0-01g\/","title":{"rendered":"Digit\u00e1ln\u00ed CS v\u00e1ha \u2013 100 g x 0,01 g"},"content":{"rendered":"<h3 data-start=\"4818\" data-end=\"4837\"><strong data-start=\"4822\" data-end=\"4837\">Zaveden\u00ed<\/strong><\/h3>\n<p data-start=\"4838\" data-end=\"5146\">The <strong data-start=\"4841\" data-end=\"4882\">Digit\u00e1ln\u00ed CS v\u00e1ha \u2013 100 g x 0,01 g<\/strong> je a <strong data-start=\"4890\" data-end=\"4925\">vysoce kvalitn\u00ed p\u0159esn\u00e1 v\u00e1ha<\/strong> ur\u010deno pro u\u017eivatele, kte\u0159\u00ed si cen\u00ed p\u0159esnosti a spolehlivosti.<br data-start=\"5000\" data-end=\"5003\" \/>A\u0165 u\u017e v <strong data-start=\"5020\" data-end=\"5061\">laborato\u0159, kuchy\u0148 nebo klenotnictv\u00ed<\/strong> tato kompaktn\u00ed v\u00e1ha nab\u00edz\u00ed <strong data-start=\"5098\" data-end=\"5143\">p\u0159esn\u00e9 m\u011b\u0159en\u00ed s p\u0159esnost\u00ed na 0,01 g<\/strong>.<\/p>\n<p data-start=\"5148\" data-end=\"5394\">D\u00edky <strong data-start=\"5160\" data-end=\"5188\">platforma z nerezov\u00e9 oceli<\/strong> a <strong data-start=\"5196\" data-end=\"5221\">jasn\u00fd LCD displej<\/strong> kombinuje digit\u00e1ln\u00ed v\u00e1hu CS <strong data-start=\"5259\" data-end=\"5285\">profesion\u00e1ln\u00ed p\u0159esnost<\/strong> z <strong data-start=\"5290\" data-end=\"5307\">snadn\u00e9 pou\u017eit\u00ed<\/strong>Ide\u00e1ln\u00ed pro v\u00e1\u017een\u00ed pr\u00e1\u0161k\u016f, bylin, \u0161perk\u016f nebo mal\u00fdch v\u00fdzkumn\u00fdch vzork\u016f.<\/p>\n<hr data-start=\"5396\" data-end=\"5399\" \/>\n<h3 data-start=\"5401\" data-end=\"5432\"><strong data-start=\"5405\" data-end=\"5432\">Kl\u00ed\u010dov\u00e9 vlastnosti<\/strong><\/h3>\n<ul data-start=\"5433\" data-end=\"6068\">\n<li data-start=\"5433\" data-end=\"5523\">\n<p data-start=\"5435\" data-end=\"5523\"><strong data-start=\"5435\" data-end=\"5466\">Vysok\u00e1 p\u0159esnost (0,01 g)<\/strong> \u2013 Ide\u00e1ln\u00ed pro analytick\u00e9 a laboratorn\u00ed aplikace.<\/p>\n<\/li>\n<li data-start=\"5524\" data-end=\"5603\">\n<p data-start=\"5526\" data-end=\"5603\"><strong data-start=\"5526\" data-end=\"5549\">Kapacita 100 g<\/strong> \u2013 Vhodn\u00e9 pro ka\u017edodenn\u00ed i profesion\u00e1ln\u00ed pou\u017eit\u00ed.<\/p>\n<\/li>\n<li data-start=\"5604\" data-end=\"5674\">\n<p data-start=\"5606\" data-end=\"5674\"><strong data-start=\"5606\" data-end=\"5630\">Kompaktn\u00ed a p\u0159enosn\u00fd<\/strong> \u2013 Lehk\u00fd a snadno p\u0159enosn\u00fd.<\/p>\n<\/li>\n<li data-start=\"5675\" data-end=\"5754\">\n<p data-start=\"5677\" data-end=\"5754\"><strong data-start=\"5677\" data-end=\"5718\">LCD obrazovka s podsv\u00edcen\u00edm<\/strong> \u2013 Snadno \u010diteln\u00fd v jak\u00e9mkoli prost\u0159ed\u00ed.<\/p>\n<\/li>\n<li data-start=\"5755\" data-end=\"5839\">\n<p data-start=\"5757\" data-end=\"5839\"><strong data-start=\"5757\" data-end=\"5773\">Funkce t\u00e1rov\u00e1n\u00ed<\/strong> \u2013 P\u0159ed m\u011b\u0159en\u00edm v n\u00e1dob\u011b vynulujte v\u00e1hu.<\/p>\n<\/li>\n<li data-start=\"5840\" data-end=\"5926\">\n<p data-start=\"5842\" data-end=\"5926\"><strong data-start=\"5842\" data-end=\"5866\">P\u0159evod v\u00edce jednotek<\/strong> \u2013 Snadno p\u0159ep\u00ednejte mezi gramy, uncemi, kar\u00e1ty a grainy.<\/p>\n<\/li>\n<li data-start=\"5927\" data-end=\"5994\">\n<p data-start=\"5929\" data-end=\"5994\"><strong data-start=\"5929\" data-end=\"5946\">Energeticky \u00fasporn\u00e9<\/strong> \u2013 Automatick\u00e9 vypnut\u00ed po ne\u010dinnosti.<\/p>\n<\/li>\n<li data-start=\"5995\" data-end=\"6068\">\n<p data-start=\"5997\" data-end=\"6068\"><strong data-start=\"5997\" data-end=\"6025\">Platforma z nerezov\u00e9 oceli<\/strong> \u2013 Odoln\u00e9 a snadno se \u010dist\u00ed.<\/p>\n<\/li>\n<\/ul>\n<hr data-start=\"6070\" data-end=\"6073\" \/>\n<h3 data-start=\"6075\" data-end=\"6092\"><strong data-start=\"6079\" data-end=\"6092\">V\u00fdhody<\/strong><\/h3>\n<ul data-start=\"6093\" data-end=\"6471\">\n<li data-start=\"6093\" data-end=\"6169\">\n<p data-start=\"6095\" data-end=\"6169\"><strong data-start=\"6095\" data-end=\"6113\">V\u017edy p\u0159esn\u00e9<\/strong> \u2013 Zaji\u0161\u0165uje konzistentn\u00ed a spolehliv\u00e9 v\u00fdsledky m\u011b\u0159en\u00ed.<\/p>\n<\/li>\n<li data-start=\"6170\" data-end=\"6260\">\n<p data-start=\"6172\" data-end=\"6260\"><strong data-start=\"6172\" data-end=\"6194\">V\u0161estrann\u00e9 pou\u017eit\u00ed<\/strong> \u2013 Ide\u00e1ln\u00ed pro <strong data-start=\"6210\" data-end=\"6257\">laborato\u0159, \u0161perky, kuchy\u0148 nebo vzd\u011bl\u00e1v\u00e1n\u00ed<\/strong>.<\/p>\n<\/li>\n<li data-start=\"6261\" data-end=\"6321\">\n<p data-start=\"6263\" data-end=\"6321\"><strong data-start=\"6263\" data-end=\"6282\">Kompaktn\u00ed design<\/strong> \u2013 Snadno se vejde do kapsy nebo ta\u0161ky.<\/p>\n<\/li>\n<li data-start=\"6322\" data-end=\"6392\">\n<p data-start=\"6324\" data-end=\"6392\"><strong data-start=\"6324\" data-end=\"6349\">Jednoduch\u00e1 kalibrace<\/strong> \u2013 P\u0159ipraveno k pou\u017eit\u00ed b\u011bhem n\u011bkolika sekund.<\/p>\n<\/li>\n<li data-start=\"6393\" data-end=\"6471\">\n<p data-start=\"6395\" data-end=\"6471\"><strong data-start=\"6395\" data-end=\"6418\">Cenov\u011b dostupn\u00e1 p\u0159esnost<\/strong> \u2013 Profesion\u00e1ln\u00ed kvalita za konkurenceschopnou cenu.<\/p>\n<\/li>\n<\/ul>\n<hr data-start=\"6473\" data-end=\"6476\" \/>\n<h3 data-start=\"6478\" data-end=\"6493\"><strong data-start=\"6482\" data-end=\"6493\">Pou\u017e\u00edv\u00e1n\u00ed<\/strong><\/h3>\n<ol data-start=\"6494\" data-end=\"6757\">\n<li data-start=\"6494\" data-end=\"6546\">\n<p data-start=\"6497\" data-end=\"6546\"><strong data-start=\"6497\" data-end=\"6521\">Um\u00edst\u011bte v\u00e1hu<\/strong> na rovn\u00e9m povrchu.<\/p>\n<\/li>\n<li data-start=\"6547\" data-end=\"6599\">\n<p data-start=\"6550\" data-end=\"6599\"><strong data-start=\"6550\" data-end=\"6564\">Zapnout<\/strong> a po\u010dkejte, dokud se neobjev\u00ed \u201e0,00 g\u201c.<\/p>\n<\/li>\n<li data-start=\"6600\" data-end=\"6663\">\n<p data-start=\"6603\" data-end=\"6663\"><strong data-start=\"6603\" data-end=\"6630\">Pou\u017eijte funkci t\u00e1rov\u00e1n\u00ed<\/strong> p\u0159i pou\u017eit\u00ed n\u00e1doby.<\/p>\n<\/li>\n<li data-start=\"6664\" data-end=\"6707\">\n<p data-start=\"6667\" data-end=\"6707\"><strong data-start=\"6667\" data-end=\"6688\">Um\u00edst\u011bte objekt<\/strong> na n\u00e1stupi\u0161ti.<\/p>\n<\/li>\n<li data-start=\"6708\" data-end=\"6757\">\n<p data-start=\"6711\" data-end=\"6757\"><strong data-start=\"6711\" data-end=\"6733\">P\u0159e\u010dt\u011bte si v\u00fdsledek<\/strong> na LCD obrazovce nesv\u00edt\u00ed.<\/p>\n<\/li>\n<\/ol>\n<hr data-start=\"6759\" data-end=\"6762\" \/>\n<h3 data-start=\"6764\" data-end=\"6785\"><strong data-start=\"6768\" data-end=\"6785\">Specifikace<\/strong><\/h3>\n<div class=\"_tableContainer_1rjym_1\">\n<div class=\"group _tableWrapper_1rjym_13 flex w-fit flex-col-reverse\" tabindex=\"-1\">\n<table class=\"w-fit min-w-(--thread-content-width)\" data-start=\"6787\" data-end=\"7132\">\n<thead data-start=\"6787\" data-end=\"6818\">\n<tr data-start=\"6787\" data-end=\"6818\">\n<th data-start=\"6787\" data-end=\"6804\" data-col-size=\"sm\"><strong data-start=\"6789\" data-end=\"6803\">Charakteristick\u00fd<\/strong><\/th>\n<th data-start=\"6804\" data-end=\"6818\" data-col-size=\"sm\"><strong data-start=\"6806\" data-end=\"6816\">Detail<\/strong><\/th>\n<\/tr>\n<\/thead>\n<tbody data-start=\"6853\" data-end=\"7132\">\n<tr data-start=\"6853\" data-end=\"6874\">\n<td data-start=\"6853\" data-end=\"6866\" data-col-size=\"sm\">Kapacita<\/td>\n<td data-start=\"6866\" data-end=\"6874\" data-col-size=\"sm\">100 g<\/td>\n<\/tr>\n<tr data-start=\"6875\" data-end=\"6901\">\n<td data-start=\"6875\" data-end=\"6892\" data-col-size=\"sm\">P\u0159esnost<\/td>\n<td data-start=\"6892\" data-end=\"6901\" data-col-size=\"sm\">0,01 g<\/td>\n<\/tr>\n<tr data-start=\"6902\" data-end=\"6946\">\n<td data-start=\"6902\" data-end=\"6912\" data-col-size=\"sm\">Zobrazit<\/td>\n<td data-start=\"6912\" data-end=\"6946\" data-col-size=\"sm\">LCD s podsv\u00edcen\u00edm<\/td>\n<\/tr>\n<tr data-start=\"6947\" data-end=\"6977\">\n<td data-start=\"6947\" data-end=\"6958\" data-col-size=\"sm\">Platforma<\/td>\n<td data-start=\"6958\" data-end=\"6977\" data-col-size=\"sm\">Nerez<\/td>\n<\/tr>\n<tr data-start=\"6978\" data-end=\"7009\">\n<td data-start=\"6978\" data-end=\"6989\" data-col-size=\"sm\">Jednotky<\/td>\n<td data-start=\"6989\" data-end=\"7009\" data-col-size=\"sm\">g \/ oz \/ ct \/ gn<\/td>\n<\/tr>\n<tr data-start=\"7010\" data-end=\"7042\">\n<td data-start=\"7010\" data-end=\"7020\" data-col-size=\"sm\">Nap\u00e1jen\u00ed<\/td>\n<td data-start=\"7020\" data-end=\"7042\" data-col-size=\"sm\">2 \u00d7 baterie AAA<\/td>\n<\/tr>\n<tr data-start=\"7043\" data-end=\"7095\">\n<td data-start=\"7043\" data-end=\"7072\" data-col-size=\"sm\">Automatick\u00e9 vypnut\u00ed<\/td>\n<td data-start=\"7072\" data-end=\"7095\" data-col-size=\"sm\">Ano (po 60 sekund\u00e1ch)<\/td>\n<\/tr>\n<tr data-start=\"7096\" data-end=\"7132\">\n<td data-start=\"7096\" data-end=\"7109\" data-col-size=\"sm\">Rozm\u011bry<\/td>\n<td data-start=\"7109\" data-end=\"7132\" data-col-size=\"sm\">120 mm \u00d7 65 mm \u00d7 20 mm<\/td>\n<\/tr>\n<\/tbody>\n<\/table>\n<\/div>\n<\/div>\n<hr data-start=\"7134\" data-end=\"7137\" \/>\n<h3 data-start=\"7139\" data-end=\"7166\"><strong data-start=\"7143\" data-end=\"7166\">\u010casto kladen\u00e9 ot\u00e1zky<\/strong><\/h3>\n<p data-start=\"7168\" data-end=\"7323\"><strong data-start=\"7168\" data-end=\"7225\">1. K \u010demu se pou\u017e\u00edv\u00e1 digit\u00e1ln\u00ed v\u00e1ha CS?<\/strong><br data-start=\"7225\" data-end=\"7228\" \/>V\u00e1ha je ide\u00e1ln\u00ed pro <strong data-start=\"7257\" data-end=\"7277\">p\u0159esn\u00e1 m\u011b\u0159en\u00ed<\/strong> v laborato\u0159\u00edch, kuchyn\u00edch a klenotnictv\u00edch.<\/p>\n<p data-start=\"7325\" data-end=\"7479\"><strong data-start=\"7325\" data-end=\"7364\">2. Jak p\u0159esn\u00e1 je v\u00e1ha?<\/strong><br data-start=\"7364\" data-end=\"7367\" \/>The <strong data-start=\"7370\" data-end=\"7396\">Digit\u00e1ln\u00ed CS v\u00e1ha<\/strong> m\u00e1 <strong data-start=\"7407\" data-end=\"7435\">p\u0159esnost 0,01 g<\/strong>, ide\u00e1ln\u00ed pro mal\u00e9 p\u0159edm\u011bty nebo l\u00e1tky.<\/p>\n<p data-start=\"7481\" data-end=\"7644\"><strong data-start=\"7481\" data-end=\"7531\">3. Jak si mohu zakoupit digit\u00e1ln\u00ed v\u00e1hu CS?<\/strong><br data-start=\"7531\" data-end=\"7534\" \/>M\u016f\u017eete snadno <strong data-start=\"7554\" data-end=\"7586\">Kupte si digit\u00e1ln\u00ed v\u00e1hu CS<\/strong> prost\u0159ednictv\u00edm autorizovan\u00fdch internetov\u00fdch obchod\u016f nebo dodavatel\u016f z laborato\u0159\u00ed.<\/p>\n<h1><strong>Digit\u00e1ln\u00ed CS v\u00e1ha \u2013 100 g x 0,01 g<\/strong><\/h1>\n<h3><strong>Popis produktu<\/strong><\/h3>\n<p class=\"ds-markdown-paragraph\">The\u00a0<strong>Digit\u00e1ln\u00ed v\u00e1ha CS (100 g x 0,01 g)<\/strong>\u00a0je a\u00a0<strong>vysoce p\u0159esn\u00e1 m\u011b\u0159ic\u00ed stupnice<\/strong>\u00a0ur\u010den\u00e9 pro laboratorn\u00ed, v\u011bdeck\u00e9 a pr\u016fmyslov\u00e9 pou\u017eit\u00ed. S\u00a0<strong>rozsah m\u011b\u0159en\u00ed od 0,01 g do 100 g<\/strong>\u00a0a a\u00a0<strong>p\u0159esnost \u00b10,01 g<\/strong>Tato stupnice poskytuje spolehliv\u00e9 v\u00fdsledky pro citliv\u00e9 aplikace.<\/p>\n<p class=\"ds-markdown-paragraph\"><strong>Kl\u00ed\u010dov\u00e9 vlastnosti:<\/strong><br \/>\n\u2714\u00a0<strong>Vysoce kvalitn\u00ed senzor<\/strong>\u00a0\u2013 P\u0159esn\u00e9 na\u00a0<strong>0,01 g<\/strong><br \/>\n\u2714\u00a0<strong>Kompaktn\u00ed a p\u0159enosn\u00e9<\/strong>\u00a0\u2013 Ide\u00e1ln\u00ed pro laboratorn\u00ed i ter\u00e9nn\u00ed pr\u00e1ci<br \/>\n\u2714\u00a0<strong>V\u00edce jednotek m\u011b\u0159en\u00ed<\/strong>\u00a0\u2013 Gram (g), miligram (mg), unce (oz), trojsk\u00e9 unce (ozt)<br \/>\n\u2714\u00a0<strong>Funkce automatick\u00e9 kalibrace a t\u00e1rov\u00e1n\u00ed<\/strong>\u00a0\u2013 Snadn\u00e9 pou\u017eit\u00ed<br \/>\n\u2714\u00a0<strong>Robustn\u00ed konstrukce<\/strong>\u00a0\u2013 V\u010detn\u011b ochrann\u00e9ho krytu a kalibra\u010dn\u00edho z\u00e1va\u017e\u00ed<\/p>\n<hr \/>\n<h2><strong>Aplikace<\/strong><\/h2>\n<p class=\"ds-markdown-paragraph\">\u2705\u00a0<strong>Laboratorn\u00ed v\u00fdzkum<\/strong>\u00a0\u2013 P\u0159esn\u00e9 v\u00e1\u017een\u00ed chemik\u00e1li\u00ed a pr\u00e1\u0161k\u016f<br \/>\n\u2705\u00a0<strong>\u0160perka\u0159sk\u00e9 pr\u00e1ce<\/strong>\u00a0\u2013 M\u011b\u0159en\u00ed drah\u00fdch kov\u016f a drahokam\u016f<br \/>\n\u2705\u00a0<strong>Potravin\u00e1\u0159sk\u00fd pr\u016fmysl<\/strong>\u00a0\u2013 \u0158\u00edzen\u00ed porc\u00ed a v\u00e1\u017een\u00ed ingredienc\u00ed<br \/>\n\u2705\u00a0<strong>Vzd\u011bl\u00e1v\u00e1n\u00ed a v\u011bda<\/strong>\u00a0\u2013 Experimenty a v\u00fdzkumn\u00e9 projekty<br \/>\n\u2705\u00a0<strong>CBD\/Dopl\u0148ky stravy<\/strong>\u00a0\u2013 P\u0159esn\u00e9 d\u00e1vkov\u00e1n\u00ed \u00fa\u010dinn\u00fdch l\u00e1tek<\/p>\n<hr \/>\n<h2><strong>Nev\u00fdhody a omezen\u00ed<\/strong><\/h2>\n<p class=\"ds-markdown-paragraph\">\u26a0\u00a0<strong>Citliv\u00fd na vibrace<\/strong>\u00a0\u2013 Vy\u017eaduje stabiln\u00ed povrch<br \/>\n\u26a0\u00a0<strong>Nevhodn\u00e9 pro kapaliny<\/strong>\u00a0\u2013 Pouze pro such\u00e9 l\u00e1tky<br \/>\n\u26a0\u00a0<strong>Max. kapacita 100 g<\/strong>\u00a0\u2013 Nen\u00ed vhodn\u00e9 pro t\u011b\u017e\u0161\u00ed p\u0159edm\u011bty<br \/>\n\u26a0\u00a0<strong>Z\u00e1visl\u00e9 na baterii<\/strong>\u00a0\u2013 Baterie jsou sou\u010d\u00e1st\u00ed balen\u00ed, ale nen\u00ed k dispozici mo\u017enost dob\u00edjen\u00ed<\/p>\n<hr \/>\n<h2><strong>N\u00e1vod k pou\u017eit\u00ed<\/strong><\/h2>\n<ol start=\"1\">\n<li>\n<p class=\"ds-markdown-paragraph\"><strong>Um\u00edst\u011bte v\u00e1hu na rovn\u00fd povrch bez vibrac\u00ed.<\/strong><\/p>\n<\/li>\n<li>\n<p class=\"ds-markdown-paragraph\"><strong>Stiskn\u011bte tla\u010d\u00edtko nap\u00e1jen\u00ed<\/strong>\u00a0a po\u010dkejte, dokud se neobjev\u00ed \u201e0,00\u201c.<\/p>\n<\/li>\n<li>\n<p class=\"ds-markdown-paragraph\"><strong>Um\u00edst\u011bte v\u00e1\u017een\u00fd materi\u00e1l<\/strong>\u00a0uprost\u0159ed n\u00e1stupi\u0161t\u011b.<\/p>\n<\/li>\n<li>\n<p class=\"ds-markdown-paragraph\"><strong>Pou\u017eijte funkci t\u00e1rov\u00e1n\u00ed<\/strong>\u00a0k neutralizaci hmotnosti pr\u00e1zdn\u00e9 n\u00e1doby.<\/p>\n<\/li>\n<li>\n<p class=\"ds-markdown-paragraph\"><strong>Poznamenejte si m\u011b\u0159en\u00ed<\/strong>\u00a0a po pou\u017eit\u00ed vypn\u011bte.<\/p>\n<\/li>\n<\/ol>\n<hr \/>\n<h2><strong>\u010casto kladen\u00e9 ot\u00e1zky (FAQ)<\/strong><\/h2>\n<h3><strong>Ot\u00e1zka: Jak kalibruji v\u00e1hu?<\/strong><\/h3>\n<p class=\"ds-markdown-paragraph\">A: Pou\u017eijte dodan\u00fd\u00a0<strong>Kalibra\u010dn\u00ed z\u00e1va\u017e\u00ed 100 g<\/strong>\u00a0a stiskn\u011bte tla\u010d\u00edtko kalibrace.<\/p>\n<h3><strong>Ot\u00e1zka: Mohu v\u00e1hu pou\u017e\u00edt na tekutiny?<\/strong><\/h3>\n<p class=\"ds-markdown-paragraph\">A:\u00a0<strong>\u017d\u00e1dn\u00fd<\/strong>, pouze pro such\u00e9 l\u00e1tky. Kapaliny mohou po\u0161kodit senzor.<\/p>\n<h3><strong>Ot\u00e1zka: Jak\u00e1 je p\u0159esnost p\u0159i n\u00edzk\u00fdch hmotnostech?<\/strong><\/h3>\n<p class=\"ds-markdown-paragraph\">A:\u00a0<strong>\u00b10,01 g<\/strong>\u00a0pro hmotnosti mezi 0,01 g a 10 g,\u00a0<strong>\u00b10,02 g<\/strong>\u00a0nad 10 g.<\/p>\n<h3><strong>Ot\u00e1zka: Jak dlouho vydr\u017e\u00ed baterie?<\/strong><\/h3>\n<p class=\"ds-markdown-paragraph\">A:\u00a0<strong>\u00b150 hodin<\/strong>\u00a0p\u0159i b\u011b\u017en\u00e9m pou\u017e\u00edv\u00e1n\u00ed. Automaticky se vypne po 2 minut\u00e1ch ne\u010dinnosti.<\/p>\n<h3><strong>Ot\u00e1zka: Je v\u00e1ha vhodn\u00e1 pro zlato a st\u0159\u00edbro?<\/strong><\/h3>\n<p class=\"ds-markdown-paragraph\">A:\u00a0<strong>Ano<\/strong>, ide\u00e1ln\u00ed pro klenotn\u00edky kv\u016fli\u00a0<strong>funkce trojsk\u00e9 unce (ozt)<\/strong>.<\/p>\n<hr \/>\n<h2><strong>Doporu\u010den\u00e9 sc\u00e9n\u00e1\u0159e pou\u017eit\u00ed<\/strong><\/h2>\n<p class=\"ds-markdown-paragraph\">\ud83d\udd2c\u00a0<strong>Chemick\u00e1 laborato\u0159<\/strong>\u00a0\u2013 P\u0159esn\u00e9 v\u00e1\u017een\u00ed \u010dinidel<br \/>\n\ud83d\udc8a\u00a0<strong>Farmaceutick\u00fd v\u00fdzkum<\/strong>\u00a0\u2013 D\u00e1vkov\u00e1n\u00ed \u00fa\u010dinn\u00fdch l\u00e1tek<br \/>\n\u2696\u00a0<strong>Obchodov\u00e1n\u00ed s drah\u00fdmi kovy<\/strong>\u00a0\u2013 Cesty ze zlata, st\u0159\u00edbra a platiny<br \/>\n\ud83e\uddea\u00a0<strong>Kon\u00ed\u010dky a kutily<\/strong>\u00a0\u2013 P\u0159esn\u00e1 m\u011b\u0159en\u00ed pro projekty<\/p>\n<hr \/>\n<h2><strong>Technick\u00e9 specifikace<\/strong><\/h2>\n<ul>\n<li>\n<p class=\"ds-markdown-paragraph\"><strong>Materi\u00e1l:<\/strong>\u00a0Platforma z nerezov\u00e9 oceli + ABS kryt<\/p>\n<\/li>\n<li>\n<p class=\"ds-markdown-paragraph\"><strong>Rozm\u011bry:<\/strong>\u00a0120 mm x 70 mm x 20 mm<\/p>\n<\/li>\n<li>\n<p class=\"ds-markdown-paragraph\"><strong>Nap\u00e1jen\u00ed:<\/strong>\u00a02x AAA baterie (sou\u010d\u00e1st\u00ed balen\u00ed)<\/p>\n<\/li>\n<li>\n<p class=\"ds-markdown-paragraph\"><strong>Hmotnost:<\/strong>\u00a0150 g<\/p>\n<\/li>\n<\/ul>\n<hr \/>\n<h3><strong>Varov\u00e1n\u00ed<\/strong><\/h3>\n<ul>\n<li>\n<p class=\"ds-markdown-paragraph\"><strong>Nen\u00ed vodot\u011bsn\u00fd<\/strong>\u00a0\u2013 Chra\u0148te p\u0159ed vlhkost\u00ed a prachem<\/p>\n<\/li>\n<li>\n<p class=\"ds-markdown-paragraph\"><strong>Nen\u00ed vhodn\u00e9 pro pr\u016fmyslov\u00e9 v\u00e1\u017een\u00ed sypk\u00fdch materi\u00e1l\u016f.<\/strong><\/p>\n<\/li>\n<li>\n<p class=\"ds-markdown-paragraph\"><strong>Uchov\u00e1vejte mimo dosah d\u011bt\u00ed. <a href=\"https:\/\/researchchemicalhub.com\/cs\/nakupovat\/top-10-research-chemicals\/semena-ibogy\/\">semena ibogy<\/a><a href=\"https:\/\/researchchemicalhub.com\/cs\/nakupovat\/top-10-research-chemicals\/oxidace-caluanie-muelear\/\">oxidace caluanie muelear<\/a><a href=\"https:\/\/researchchemicalhub.com\/cs\/nakupovat\/vahy\/digitalni-mini-vaha-na-nadrz-20g-x-0-001g\/\">Digit\u00e1ln\u00ed Tank Mini v\u00e1ha<\/a><a href=\"https:\/\/researchchemicalhub.com\/cs\/nakupovat\/vahy\/digitalni-bio-mini-vaha-20g-x-0-001g\/\">Digit\u00e1ln\u00ed bio mini v\u00e1ha<\/a><a href=\"https:\/\/researchchemicalhub.com\/cs\/nakupovat\/top-10-research-chemicals\/3-cmc-hcl-sacek-1gr\/\">3 cmc<\/a><\/strong><\/p>\n<\/li>\n<\/ul>","protected":false},"excerpt":{"rendered":"<p><strong>Specifikace:<\/strong><\/p>\n<ul>\n<li>Digit\u00e1ln\u00ed<\/li>\n<li>V\u00e1\u017e\u00ed od 0,01g<\/li>\n<li>V\u00e1\u017e\u00ed max. 100 g<\/li>\n<li>Funguje na: 2x AAA baterie<\/li>\n<li>LCD displej<\/li>\n<li>Barva: \u010dern\u00e1<\/li>\n<\/ul>","protected":false},"featured_media":24678,"comment_status":"closed","ping_status":"closed","template":"","meta":[],"product_brand":[],"product_cat":[451],"product_tag":[452,764,767,765,766,768],"class_list":{"0":"post-24654","1":"product","2":"type-product","3":"status-publish","4":"has-post-thumbnail","6":"product_cat-weegschalen","7":"product_tag-de","8":"product_tag-digitale-cs-weegschaal","9":"product_tag-digitale-microweegschaal","10":"product_tag-milligramweegschaal","11":"product_tag-precise-weegschaal-0-001g","12":"product_tag-weegschaal-voor-research-chemicals","14":"first","15":"instock","16":"taxable","17":"shipping-taxable","18":"purchasable","19":"product-type-simple"},"_links":{"self":[{"href":"https:\/\/researchchemicalhub.com\/cs\/wp-json\/wp\/v2\/product\/24654","targetHints":{"allow":["GET"]}}],"collection":[{"href":"https:\/\/researchchemicalhub.com\/cs\/wp-json\/wp\/v2\/product"}],"about":[{"href":"https:\/\/researchchemicalhub.com\/cs\/wp-json\/wp\/v2\/types\/product"}],"replies":[{"embeddable":true,"href":"https:\/\/researchchemicalhub.com\/cs\/wp-json\/wp\/v2\/comments?post=24654"}],"version-history":[{"count":7,"href":"https:\/\/researchchemicalhub.com\/cs\/wp-json\/wp\/v2\/product\/24654\/revisions"}],"predecessor-version":[{"id":27752,"href":"https:\/\/researchchemicalhub.com\/cs\/wp-json\/wp\/v2\/product\/24654\/revisions\/27752"}],"wp:featuredmedia":[{"embeddable":true,"href":"https:\/\/researchchemicalhub.com\/cs\/wp-json\/wp\/v2\/media\/24678"}],"wp:attachment":[{"href":"https:\/\/researchchemicalhub.com\/cs\/wp-json\/wp\/v2\/media?parent=24654"}],"wp:term":[{"taxonomy":"product_brand","embeddable":true,"href":"https:\/\/researchchemicalhub.com\/cs\/wp-json\/wp\/v2\/product_brand?post=24654"},{"taxonomy":"product_cat","embeddable":true,"href":"https:\/\/researchchemicalhub.com\/cs\/wp-json\/wp\/v2\/product_cat?post=24654"},{"taxonomy":"product_tag","embeddable":true,"href":"https:\/\/researchchemicalhub.com\/cs\/wp-json\/wp\/v2\/product_tag?post=24654"}],"curies":[{"name":"wp","href":"https:\/\/api.w.org\/{rel}","templated":true}]}}