{"id":24573,"date":"2025-10-20T17:42:03","date_gmt":"2025-10-20T17:42:03","guid":{"rendered":"https:\/\/researchchemicalhub.com\/?post_type=product&#038;p=24573"},"modified":"2025-10-29T08:07:08","modified_gmt":"2025-10-29T08:07:08","slug":"hhc-gummy-bear-50mg-red","status":"publish","type":"product","link":"https:\/\/researchchemicalhub.com\/cs\/shop\/b2b\/hhc-gummy-bear-50mg-red\/","title":{"rendered":"Gummybears 50 mg HHC (\u010derven\u00e1)"},"content":{"rendered":"<h3 data-start=\"3889\" data-end=\"3910\"><strong data-start=\"3893\" data-end=\"3908\">Zaveden\u00ed<\/strong><\/h3>\n<p data-start=\"3911\" data-end=\"4184\">Objevit <strong data-start=\"3918\" data-end=\"3948\">Gumov\u00e9 bonb\u00f3ny 50 mg HHC (\u010derven\u00e9)<\/strong> \u2014 vysok\u00e1 kvalita <strong data-start=\"3964\" data-end=\"3979\">HHC gumov\u00e9 bonb\u00f3ny<\/strong> s lahodnou chut\u00ed a p\u0159esn\u00fdm d\u00e1vkov\u00e1n\u00edm. Ka\u017ed\u00fd \u010derven\u00fd gumov\u00fd bonbon obsahuje <strong data-start=\"4051\" data-end=\"4086\">50 mg HHC (hexahydrokanabinolu)<\/strong>, kter\u00fd poskytuje siln\u011bj\u0161\u00ed a d\u00e9letrvaj\u00edc\u00ed \u00fa\u010dinek ne\u017e leh\u010d\u00ed varianty 10 mg nebo 25 mg. gumov\u00fd medv\u00eddek hhc<\/p>\n<p data-start=\"4186\" data-end=\"4346\">A\u0165 u\u017e prov\u00e1d\u00edte v\u00fdzkum <strong data-start=\"4214\" data-end=\"4229\">Jedl\u00e9 v\u00fdrobky HHC<\/strong> nebo zva\u017euje <strong data-start=\"4243\" data-end=\"4279\">Kupte si gumov\u00e9 bonb\u00f3ny Gummybears 50 mg HHC (\u010derven\u00e9).<\/strong>, tento produkt je synonymem pro \u010distotu, p\u0159esnost a spolehlivost.<\/p>\n<hr data-start=\"4348\" data-end=\"4351\" \/>\n<h3 data-start=\"4353\" data-end=\"4384\"><strong data-start=\"4357\" data-end=\"4384\">Kl\u00ed\u010dov\u00e9 vlastnosti<\/strong><\/h3>\n<div class=\"_tableContainer_1rjym_1\">\n<div class=\"group _tableWrapper_1rjym_13 flex w-fit flex-col-reverse\" tabindex=\"-1\">\n<table class=\"w-fit min-w-(--thread-content-width)\" data-start=\"4386\" data-end=\"4853\">\n<thead data-start=\"4386\" data-end=\"4412\">\n<tr data-start=\"4386\" data-end=\"4412\">\n<th data-start=\"4386\" data-end=\"4396\" data-col-size=\"sm\">Funkce<\/th>\n<th data-start=\"4396\" data-end=\"4412\" data-col-size=\"md\">Popis<\/th>\n<\/tr>\n<\/thead>\n<tbody data-start=\"4423\" data-end=\"4853\">\n<tr data-start=\"4423\" data-end=\"4512\">\n<td data-start=\"4423\" data-end=\"4442\" data-col-size=\"sm\"><strong data-start=\"4425\" data-end=\"4441\">Vysok\u00e1 pevnost<\/strong><\/td>\n<td data-start=\"4442\" data-end=\"4512\" data-col-size=\"md\">Ka\u017ed\u00e1 gumov\u00e1 bonb\u00f3n obsahuje <strong data-start=\"4461\" data-end=\"4474\">50 mg HHC<\/strong> pro siln\u00fd a nep\u0159etr\u017eit\u00fd \u00fa\u010dinek.<\/td>\n<\/tr>\n<tr data-start=\"4513\" data-end=\"4585\">\n<td data-start=\"4513\" data-end=\"4532\" data-col-size=\"sm\"><strong data-start=\"4515\" data-end=\"4531\">Ovocn\u00e1 p\u0159\u00edchu\u0165<\/strong><\/td>\n<td data-start=\"4532\" data-end=\"4585\" data-col-size=\"md\">\u010cerven\u00e1 odr\u016fda m\u00e1 sladkou, p\u0159\u00edjemnou chu\u0165.<\/td>\n<\/tr>\n<tr data-start=\"4586\" data-end=\"4674\">\n<td data-start=\"4586\" data-end=\"4612\" data-col-size=\"sm\"><strong data-start=\"4588\" data-end=\"4611\">Laboratorn\u011b testov\u00e1no<\/strong><\/td>\n<td data-start=\"4612\" data-end=\"4674\" data-col-size=\"md\">Nez\u00e1visle testov\u00e1no na \u010distotu, \u00fa\u010dinnost a bezpe\u010dnost.<\/td>\n<\/tr>\n<tr data-start=\"4675\" data-end=\"4762\">\n<td data-start=\"4675\" data-end=\"4703\" data-col-size=\"sm\"><strong data-start=\"4677\" data-end=\"4702\">Snadn\u00e9 d\u00e1vkov\u00e1n\u00ed<\/strong><\/td>\n<td data-start=\"4703\" data-end=\"4762\" data-col-size=\"md\">P\u0159esn\u00fd obsah v ka\u017ed\u00e9 gumov\u00e9 bonb\u00f3n\u011b pro p\u0159edv\u00eddateln\u00e9 v\u00fdsledky.<\/td>\n<\/tr>\n<tr data-start=\"4763\" data-end=\"4853\">\n<td data-start=\"4763\" data-end=\"4791\" data-col-size=\"sm\"><strong data-start=\"4765\" data-end=\"4790\">Uzav\u0159en\u00e9 balen\u00ed<\/strong><\/td>\n<td data-start=\"4791\" data-end=\"4853\" data-col-size=\"md\">Udr\u017euje produkt \u010derstv\u00fd, \u00fa\u010dinn\u00fd a chr\u00e1n\u011bn\u00fd p\u0159ed vlhkost\u00ed.<\/td>\n<\/tr>\n<\/tbody>\n<\/table>\n<\/div>\n<\/div>\n<hr data-start=\"4855\" data-end=\"4858\" \/>\n<h3 data-start=\"4860\" data-end=\"4877\"><strong data-start=\"4864\" data-end=\"4877\">V\u00fdhody<\/strong><\/h3>\n<ul data-start=\"4879\" data-end=\"5402\">\n<li data-start=\"4879\" data-end=\"5014\">\n<p data-start=\"4881\" data-end=\"5014\"><strong data-start=\"4881\" data-end=\"4916\">Siln\u00fd a dlouhotrvaj\u00edc\u00ed z\u00e1\u017eitek<\/strong> \u2013 D\u00e1vka 50 mg poskytuje dlouhodob\u00e9 \u00fa\u010dinky, vhodn\u00e9 pro zku\u0161en\u00e9 u\u017eivatele nebo v\u00fdzkumn\u00edky.<\/p>\n<\/li>\n<li data-start=\"5015\" data-end=\"5117\">\n<p data-start=\"5017\" data-end=\"5117\"><strong data-start=\"5017\" data-end=\"5042\">Spolehliv\u00e1 kvalita<\/strong> \u2013 Ka\u017ed\u00e1 v\u00e1rka <strong data-start=\"5056\" data-end=\"5071\">Jedl\u00e9 v\u00fdrobky HHC<\/strong> je testov\u00e1n na konzistenci a bezpe\u010dnost.<\/p>\n<\/li>\n<li data-start=\"5118\" data-end=\"5209\">\n<p data-start=\"5120\" data-end=\"5209\"><strong data-start=\"5120\" data-end=\"5141\">Diskr\u00e9tn\u00ed a pohodln\u00e9<\/strong> \u2013 Snadn\u00e9 skladov\u00e1n\u00ed a pou\u017eit\u00ed, bez z\u00e1pachu a nutnosti pou\u017eit\u00ed speci\u00e1ln\u00edho vybaven\u00ed.<\/p>\n<\/li>\n<li data-start=\"5210\" data-end=\"5303\">\n<p data-start=\"5212\" data-end=\"5303\"><strong data-start=\"5212\" data-end=\"5234\">Chutn\u00e1 s\u00edla<\/strong> \u2013 \u010cerven\u00e1 varianta kombinuje ovocnou chu\u0165 se siln\u00fdm \u00fa\u010dinkem.<\/p>\n<\/li>\n<li data-start=\"5304\" data-end=\"5402\">\n<p data-start=\"5306\" data-end=\"5402\"><strong data-start=\"5306\" data-end=\"5326\">V\u00fdzkumn\u00e1 hodnota<\/strong> \u2013 Vhodn\u00e9 pro studium <strong data-start=\"5356\" data-end=\"5402\">Metabolismus, stabilita a absorpce HHC. gumov\u00fd medv\u00eddek HHC<\/strong><\/p>\n<\/li>\n<\/ul>\n<hr data-start=\"5404\" data-end=\"5407\" \/>\n<h3 data-start=\"5409\" data-end=\"5445\"><strong data-start=\"5413\" data-end=\"5445\">Pou\u017eit\u00ed \/ N\u00e1vod k pou\u017eit\u00ed<\/strong><\/h3>\n<blockquote data-start=\"5447\" data-end=\"5572\">\n<p data-start=\"5449\" data-end=\"5572\">\u26a0\ufe0f <strong data-start=\"5452\" data-end=\"5467\">D\u016fle\u017eit\u00e9:<\/strong> Pou\u017e\u00edvejte pouze v zem\u00edch, kde je HHC leg\u00e1ln\u00ed. Nevhodn\u00e9 pro d\u011bti, zv\u00ed\u0159ata ani pro neopr\u00e1vn\u011bn\u00e9 pou\u017eit\u00ed.<\/p>\n<\/blockquote>\n<ol data-start=\"5574\" data-end=\"5972\">\n<li data-start=\"5574\" data-end=\"5644\">\n<p data-start=\"5577\" data-end=\"5644\"><strong data-start=\"5577\" data-end=\"5592\">Za\u010dn\u011bte v mal\u00e9m<\/strong> \u2013 Za\u010dn\u011bte s polovinou gumov\u00e9 bonb\u00f3ny (asi 25 mg HHC).<\/p>\n<\/li>\n<li data-start=\"5645\" data-end=\"5726\">\n<p data-start=\"5648\" data-end=\"5726\"><strong data-start=\"5648\" data-end=\"5668\">Po\u010dkejte a vyhodno\u0165te<\/strong> - Str\u00e1\u017e <strong data-start=\"5677\" data-end=\"5695\">90\u2013120 minut<\/strong> pro jak\u00fdkoli dal\u0161\u00ed p\u0159\u00edjem.<\/p>\n<\/li>\n<li data-start=\"5727\" data-end=\"5829\">\n<p data-start=\"5730\" data-end=\"5829\"><strong data-start=\"5730\" data-end=\"5753\">Vyhn\u011bte se kombinac\u00edm<\/strong> \u2013 Nepou\u017e\u00edvejte v kombinaci s alkoholem nebo jin\u00fdmi psychoaktivn\u00edmi l\u00e1tkami.<\/p>\n<\/li>\n<li data-start=\"5830\" data-end=\"5887\">\n<p data-start=\"5833\" data-end=\"5887\"><strong data-start=\"5833\" data-end=\"5843\">Skladov\u00e1n\u00ed<\/strong> \u2013 Skladujte na chladn\u00e9m, such\u00e9m a tmav\u00e9m m\u00edst\u011b (\u2264 20 \u00b0C).<\/p>\n<\/li>\n<li data-start=\"5888\" data-end=\"5972\">\n<p data-start=\"5891\" data-end=\"5972\"><strong data-start=\"5891\" data-end=\"5912\">Vyu\u017eit\u00ed ve v\u00fdzkumu<\/strong> \u2013 Zaznamenejte \u010d\u00edslo \u0161ar\u017ee a v\u00fdsledky test\u016f pro \u00fa\u010dely dokumentace.<\/p>\n<\/li>\n<\/ol>\n<hr data-start=\"5974\" data-end=\"5977\" \/>\n<h3 data-start=\"5979\" data-end=\"6014\"><strong data-start=\"5983\" data-end=\"6012\">\u010casto kladen\u00e9 ot\u00e1zky (FAQ)<\/strong><\/h3>\n<p data-start=\"6016\" data-end=\"6181\"><strong data-start=\"6016\" data-end=\"6044\">1. Co jsou gumov\u00e9 bonb\u00f3ny HHC?<\/strong><br data-start=\"6044\" data-end=\"6047\" \/><strong data-start=\"6047\" data-end=\"6062\">HHC gumov\u00e9 bonb\u00f3ny<\/strong> jsou jedl\u00e9 bonb\u00f3ny s <strong data-start=\"6089\" data-end=\"6112\">Hexahydrokanabinol<\/strong>, hydrogenovan\u00fd kanabinoid s m\u00edrn\u011bj\u0161\u00edm \u00fa\u010dinkem ne\u017e THC.<\/p>\n<p data-start=\"6183\" data-end=\"6361\"><strong data-start=\"6183\" data-end=\"6232\">2. Jak siln\u00e9 jsou gumov\u00e9 medv\u00eddky 50 mg HHC (\u010derven\u00e9)?<\/strong><br data-start=\"6232\" data-end=\"6235\" \/>Ka\u017ed\u00e1 gumov\u00e1 bonb\u00f3n obsahuje 50 mg HHC \u2013 vysokou d\u00e1vku s \u00fa\u010dinky, kter\u00e9 <strong data-start=\"6296\" data-end=\"6307\">4\u20136 hodin<\/strong> m\u016f\u017ee p\u0159etrv\u00e1vat v z\u00e1vislosti na metabolismu.<\/p>\n<p data-start=\"6363\" data-end=\"6579\"><strong data-start=\"6363\" data-end=\"6422\">3. Je leg\u00e1ln\u00ed koupit \u201eGummybears 50 mg HHC (\u010derven\u00e9)\u201c?<\/strong><br data-start=\"6422\" data-end=\"6425\" \/>Legalita se li\u0161\u00ed v jednotliv\u00fdch zem\u00edch. V n\u011bkter\u00fdch zem\u00edch EU <strong data-start=\"6485\" data-end=\"6500\">Jedl\u00e9 v\u00fdrobky HHC<\/strong> Regulov\u00e1no nebo zak\u00e1z\u00e1no. P\u0159ed n\u00e1kupem si v\u017edy ov\u011b\u0159te m\u00edstn\u00ed z\u00e1kony.<\/p>","protected":false},"excerpt":{"rendered":"<h2><span dir=\"auto\" style=\"vertical-align: inherit;\"><span dir=\"auto\" style=\"vertical-align: inherit;\">Gummybears 50 mg HHC (\u010derven\u00e1)<\/span><\/span><\/h2>\n<ul>\n<li><strong><span dir=\"auto\" style=\"vertical-align: inherit;\"><span dir=\"auto\" style=\"vertical-align: inherit;\">Maloobchodn\u00ed balen\u00ed<\/span><\/span><br \/>\n<\/strong><\/li>\n<li><strong><span dir=\"auto\" style=\"vertical-align: inherit;\"><span dir=\"auto\" style=\"vertical-align: inherit;\">Po\u010det gumov\u00fdch medv\u00eddk\u016f v s\u00e1\u010dku: 10<\/span><\/span><\/strong><\/li>\n<li><strong><span dir=\"auto\" style=\"vertical-align: inherit;\"><span dir=\"auto\" style=\"vertical-align: inherit;\">Ceny jsou bez DPH 21%<\/span><\/span><\/strong><\/li>\n<li><strong><span dir=\"auto\" style=\"vertical-align: inherit;\"><span dir=\"auto\" style=\"vertical-align: inherit;\">Doporu\u010den\u00e1 maloobchodn\u00ed cena za ta\u0161ku: 24,95 \u20ac v\u010detn\u011b DPH<\/span><\/span><\/strong><\/li>\n<li><strong><span dir=\"auto\" style=\"vertical-align: inherit;\"><span dir=\"auto\" style=\"vertical-align: inherit;\">Minim\u00e1ln\u00ed objedn\u00e1vka: 100 s\u00e1\u010dk\u016f<\/span><\/span><\/strong><\/li>\n<\/ul>","protected":false},"featured_media":28541,"comment_status":"closed","ping_status":"closed","template":"","meta":[],"product_brand":[82],"product_cat":[555],"product_tag":[709,710,707,708,711,713,712],"class_list":{"0":"post-24573","1":"product","2":"type-product","3":"status-publish","4":"has-post-thumbnail","6":"product_brand-research-chemical","7":"product_cat-b2b","8":"product_tag-hhc-50mg","9":"product_tag-hhc-effecten","10":"product_tag-hhc-gummy-bear","11":"product_tag-hhc-gummy-bears","12":"product_tag-hhc-kopen","13":"product_tag-hhc-nederland-belgie","14":"product_tag-legale-cannabis","16":"first","17":"instock","18":"taxable","19":"shipping-taxable","20":"purchasable","21":"product-type-variable"},"_links":{"self":[{"href":"https:\/\/researchchemicalhub.com\/cs\/wp-json\/wp\/v2\/product\/24573","targetHints":{"allow":["GET"]}}],"collection":[{"href":"https:\/\/researchchemicalhub.com\/cs\/wp-json\/wp\/v2\/product"}],"about":[{"href":"https:\/\/researchchemicalhub.com\/cs\/wp-json\/wp\/v2\/types\/product"}],"replies":[{"embeddable":true,"href":"https:\/\/researchchemicalhub.com\/cs\/wp-json\/wp\/v2\/comments?post=24573"}],"version-history":[{"count":8,"href":"https:\/\/researchchemicalhub.com\/cs\/wp-json\/wp\/v2\/product\/24573\/revisions"}],"predecessor-version":[{"id":27768,"href":"https:\/\/researchchemicalhub.com\/cs\/wp-json\/wp\/v2\/product\/24573\/revisions\/27768"}],"wp:featuredmedia":[{"embeddable":true,"href":"https:\/\/researchchemicalhub.com\/cs\/wp-json\/wp\/v2\/media\/28541"}],"wp:attachment":[{"href":"https:\/\/researchchemicalhub.com\/cs\/wp-json\/wp\/v2\/media?parent=24573"}],"wp:term":[{"taxonomy":"product_brand","embeddable":true,"href":"https:\/\/researchchemicalhub.com\/cs\/wp-json\/wp\/v2\/product_brand?post=24573"},{"taxonomy":"product_cat","embeddable":true,"href":"https:\/\/researchchemicalhub.com\/cs\/wp-json\/wp\/v2\/product_cat?post=24573"},{"taxonomy":"product_tag","embeddable":true,"href":"https:\/\/researchchemicalhub.com\/cs\/wp-json\/wp\/v2\/product_tag?post=24573"}],"curies":[{"name":"wp","href":"https:\/\/api.w.org\/{rel}","templated":true}]}}