{"id":24569,"date":"2025-10-20T17:42:02","date_gmt":"2025-10-20T17:42:02","guid":{"rendered":"https:\/\/researchchemicalhub.com\/?post_type=product&#038;p=24569"},"modified":"2025-10-29T08:10:15","modified_gmt":"2025-10-29T08:10:15","slug":"dipropyltryptamine","status":"publish","type":"product","link":"https:\/\/researchchemicalhub.com\/cs\/shop\/dpt\/dipropyltryptamine\/","title":{"rendered":"DPT HCl (dipropyltryptamin)"},"content":{"rendered":"<h3 data-start=\"4130\" data-end=\"4151\"><strong data-start=\"4134\" data-end=\"4149\">Zaveden\u00ed<\/strong><\/h3>\n<p data-start=\"4152\" data-end=\"4535\"><strong data-start=\"4152\" data-end=\"4198\">DPT HCl (dipropyltryptamin hydrochlorid)<\/strong> je a <strong data-start=\"4206\" data-end=\"4243\">syntetick\u00e1 tryptaminov\u00e1 slou\u010denina<\/strong> ze stejn\u00e9 chemick\u00e9 skupiny jako DMT, DET a DiPT. Pokud <strong data-start=\"4301\" data-end=\"4322\">indol-alkylamin<\/strong> DPT se pou\u017e\u00edv\u00e1 v <strong data-start=\"4345\" data-end=\"4402\">neurochemick\u00fd, farmakologick\u00fd a analytick\u00fd v\u00fdzkum<\/strong>, zejm\u00e9na pro studium vazby na serotoninov\u00e9 receptory, vztah\u016f mezi strukturou a aktivitou (SAR) a spektr\u00e1ln\u00ed charakterizace. Dipropyltryptamin<\/p>\n<p data-start=\"4537\" data-end=\"4789\">Ve v\u00fdzkumn\u00e9m prost\u0159ed\u00ed je DPT HCl cen\u011bn pro sv\u00e9 <strong data-start=\"4599\" data-end=\"4619\">vysok\u00e1 stabilita<\/strong>, <strong data-start=\"4621\" data-end=\"4654\">spolehliv\u00e1 \u010distota (\u226598%)<\/strong> a <strong data-start=\"4658\" data-end=\"4694\">ve vod\u011b rozpustn\u00e1 krystalick\u00e1 forma<\/strong>, co\u017e ho \u010din\u00ed vhodn\u00fdm pro <strong data-start=\"4724\" data-end=\"4742\">chromatografie<\/strong>, <strong data-start=\"4744\" data-end=\"4761\">spektroskopie<\/strong> a <strong data-start=\"4765\" data-end=\"4786\">v\u00fdzkum receptor\u016f<\/strong>.<\/p>\n<blockquote data-start=\"4791\" data-end=\"4937\">\n<p data-start=\"4793\" data-end=\"4937\">\u26a0\ufe0f <strong data-start=\"4796\" data-end=\"4807\">Pozn.:<\/strong> DPT HCl je ur\u010den pouze pro <strong data-start=\"4844\" data-end=\"4885\">laboratorn\u00ed a analytick\u00fd v\u00fdzkum<\/strong> \u2014 <strong data-start=\"4888\" data-end=\"4936\">nen\u00ed ur\u010deno k lidsk\u00e9 ani zv\u00ed\u0159ec\u00ed spot\u0159eb\u011b<\/strong>.<\/p>\n<\/blockquote>\n<hr data-start=\"4939\" data-end=\"4942\" \/>\n<h3 data-start=\"4944\" data-end=\"4975\"><strong data-start=\"4948\" data-end=\"4975\">Kl\u00ed\u010dov\u00e9 vlastnosti<\/strong><\/h3>\n<div class=\"_tableContainer_1rjym_1\">\n<div class=\"group _tableWrapper_1rjym_13 flex w-fit flex-col-reverse\" tabindex=\"-1\">\n<table class=\"w-fit min-w-(--thread-content-width)\" data-start=\"4977\" data-end=\"5501\">\n<thead data-start=\"4977\" data-end=\"5003\">\n<tr data-start=\"4977\" data-end=\"5003\">\n<th data-start=\"4977\" data-end=\"4987\" data-col-size=\"sm\">Funkce<\/th>\n<th data-start=\"4987\" data-end=\"5003\" data-col-size=\"md\">Popis<\/th>\n<\/tr>\n<\/thead>\n<tbody data-start=\"5032\" data-end=\"5501\">\n<tr data-start=\"5032\" data-end=\"5089\">\n<td data-start=\"5032\" data-end=\"5053\" data-col-size=\"sm\"><strong data-start=\"5034\" data-end=\"5052\">Chemick\u00fd n\u00e1zev<\/strong><\/td>\n<td data-start=\"5053\" data-end=\"5089\" data-col-size=\"md\">Dipropyltryptamin hydrochlorid<\/td>\n<\/tr>\n<tr data-start=\"5090\" data-end=\"5126\">\n<td data-start=\"5090\" data-end=\"5115\" data-col-size=\"sm\"><strong data-start=\"5092\" data-end=\"5114\">B\u011b\u017en\u00fd n\u00e1zev<\/strong><\/td>\n<td data-start=\"5115\" data-end=\"5126\" data-col-size=\"md\">DPT HCl<\/td>\n<\/tr>\n<tr data-start=\"5127\" data-end=\"5165\">\n<td data-start=\"5127\" data-end=\"5149\" data-col-size=\"sm\"><strong data-start=\"5129\" data-end=\"5148\">Molekul\u00e1rn\u00ed vzorec<\/strong><\/td>\n<td data-start=\"5149\" data-end=\"5165\" data-col-size=\"md\">C\u2081\u2086H\u2082\u2085N\u2082\u00b7HCl<\/td>\n<\/tr>\n<tr data-start=\"5166\" data-end=\"5204\">\n<td data-start=\"5166\" data-end=\"5188\" data-col-size=\"sm\"><strong data-start=\"5168\" data-end=\"5187\">Molekulov\u00e1 hmotnost<\/strong><\/td>\n<td data-start=\"5188\" data-end=\"5204\" data-col-size=\"md\">296,85 g\/mol<\/td>\n<\/tr>\n<tr data-start=\"5205\" data-end=\"5275\">\n<td data-start=\"5205\" data-end=\"5228\" data-col-size=\"sm\"><strong data-start=\"5207\" data-end=\"5227\">Chemick\u00e1 t\u0159\u00edda<\/strong><\/td>\n<td data-start=\"5228\" data-end=\"5275\" data-col-size=\"md\">Syntetick\u00fd tryptamin \/ indol-alkylamin<\/td>\n<\/tr>\n<tr data-start=\"5276\" data-end=\"5320\">\n<td data-start=\"5276\" data-end=\"5287\" data-col-size=\"sm\"><strong data-start=\"5278\" data-end=\"5286\">Formul\u00e1\u0159<\/strong><\/td>\n<td data-start=\"5287\" data-end=\"5320\" data-col-size=\"md\">Krystalick\u00e1 hydrochloridov\u00e1 s\u016fl<\/td>\n<\/tr>\n<tr data-start=\"5321\" data-end=\"5372\">\n<td data-start=\"5321\" data-end=\"5338\" data-col-size=\"sm\"><strong data-start=\"5323\" data-end=\"5337\">\u010cistota<\/strong><\/td>\n<td data-start=\"5338\" data-end=\"5372\" data-col-size=\"md\">\u2265 98% (testov\u00e1no pomoc\u00ed HPLC a NMR)<\/td>\n<\/tr>\n<tr data-start=\"5373\" data-end=\"5447\">\n<td data-start=\"5373\" data-end=\"5387\" data-col-size=\"sm\"><strong data-start=\"5375\" data-end=\"5386\">Pou\u017e\u00edv\u00e1n\u00ed<\/strong><\/td>\n<td data-col-size=\"md\" data-start=\"5387\" data-end=\"5447\">Pouze pro analytick\u00fd, forenzn\u00ed a chemick\u00fd v\u00fdzkum<\/td>\n<\/tr>\n<tr data-start=\"5448\" data-end=\"5501\">\n<td data-start=\"5448\" data-end=\"5461\" data-col-size=\"sm\"><strong data-start=\"5450\" data-end=\"5460\">Skladov\u00e1n\u00ed<\/strong><\/td>\n<td data-start=\"5461\" data-end=\"5501\" data-col-size=\"md\">Skladujte v chladu (2\u20138 \u00b0C), suchu a tm\u011b<\/td>\n<\/tr>\n<\/tbody>\n<\/table>\n<\/div>\n<\/div>\n<hr data-start=\"5503\" data-end=\"5506\" \/>\n<h3 data-start=\"5508\" data-end=\"5525\"><strong data-start=\"5512\" data-end=\"5525\">V\u00fdhody<\/strong><\/h3>\n<ul data-start=\"5527\" data-end=\"6004\">\n<li data-start=\"5527\" data-end=\"5626\">\n<p data-start=\"5529\" data-end=\"5626\"><strong data-start=\"5529\" data-end=\"5548\">Vysok\u00e1 \u010distota<\/strong> \u2013 Laboratorn\u00ed kvalita \u226598%, ide\u00e1ln\u00ed pro spolehliv\u00e9 v\u00fdsledky v\u00fdzkumu.<\/p>\n<\/li>\n<li data-start=\"5627\" data-end=\"5713\">\n<p data-start=\"5629\" data-end=\"5713\"><strong data-start=\"5629\" data-end=\"5646\">Stabiln\u00ed tvar<\/strong> \u2013 Hydrochloridov\u00e1 forma zvy\u0161uje stabilitu a rozpustnost.<\/p>\n<\/li>\n<li data-start=\"5714\" data-end=\"5793\">\n<p data-start=\"5716\" data-end=\"5793\"><strong data-start=\"5716\" data-end=\"5741\">Analytick\u00fd v\u0161estrann\u00fd<\/strong> \u2013 Vhodn\u00e9 pro GC\/MS, HPLC, FTIR a NMR anal\u00fdzu.<\/p>\n<\/li>\n<li data-start=\"5794\" data-end=\"5904\">\n<p data-start=\"5796\" data-end=\"5904\"><strong data-start=\"5796\" data-end=\"5825\">Neurochemick\u00e1 relevance<\/strong> \u2013 Pou\u017e\u00edv\u00e1 se pro v\u00fdzkum serotoninov\u00fdch receptor\u016f (5-HT1A, 5-HT2A atd.).<\/p>\n<\/li>\n<li data-start=\"5905\" data-end=\"6004\">\n<p data-start=\"5907\" data-end=\"6004\"><strong data-start=\"5907\" data-end=\"5932\">Dohledateln\u00e1 kvalita<\/strong> \u2013 Ka\u017ed\u00e1 \u0161ar\u017ee je na vy\u017e\u00e1d\u00e1n\u00ed dod\u00e1v\u00e1na s certifik\u00e1tem anal\u00fdzy (COA).<\/p>\n<\/li>\n<\/ul>\n<hr data-start=\"6006\" data-end=\"6009\" \/>\n<h3 data-start=\"6011\" data-end=\"6063\"><strong data-start=\"6015\" data-end=\"6061\">Pou\u017eit\u00ed (pouze pro v\u00fdzkumn\u00e9 \u00fa\u010dely)<\/strong><\/h3>\n<ol data-start=\"6065\" data-end=\"6460\">\n<li data-start=\"6065\" data-end=\"6134\">\n<p data-start=\"6068\" data-end=\"6134\"><strong data-start=\"6068\" data-end=\"6083\">Zach\u00e1zen\u00ed:<\/strong> Pou\u017e\u00edvejte rukavice, laboratorn\u00ed pl\u00e1\u0161\u0165 a ochrann\u00e9 br\u00fdle.<\/p>\n<\/li>\n<li data-start=\"6135\" data-end=\"6209\">\n<p data-start=\"6138\" data-end=\"6209\"><strong data-start=\"6138\" data-end=\"6151\">Rozm\u011bry:<\/strong> Pro p\u0159esn\u00e9 d\u00e1vkov\u00e1n\u00ed pou\u017e\u00edvejte kalibrovan\u00e9 p\u0159\u00edstroje.<\/p>\n<\/li>\n<li data-start=\"6210\" data-end=\"6276\">\n<p data-start=\"6213\" data-end=\"6276\"><strong data-start=\"6213\" data-end=\"6224\">Skladov\u00e1n\u00ed:<\/strong> Skladujte uzav\u0159en\u00e9 na chladn\u00e9m (2\u20138 \u00b0C), such\u00e9m a tmav\u00e9m m\u00edst\u011b.<\/p>\n<\/li>\n<li data-start=\"6277\" data-end=\"6377\">\n<p data-start=\"6280\" data-end=\"6377\"><strong data-start=\"6280\" data-end=\"6292\">Anal\u00fdza:<\/strong> Vhodn\u00e9 pro chromatografick\u00e9, spektroskopick\u00e9 a farmakologick\u00e9 aplikace.<\/p>\n<\/li>\n<li data-start=\"6378\" data-end=\"6460\">\n<p data-start=\"6381\" data-end=\"6460\"><strong data-start=\"6381\" data-end=\"6398\">Dokumentace:<\/strong> Zaznamenejte \u010d\u00edsla \u0161ar\u017e\u00ed, v\u00fdsledky test\u016f a skladovac\u00ed podm\u00ednky.<\/p>\n<\/li>\n<\/ol>\n<hr data-start=\"6462\" data-end=\"6465\" \/>\n<h3 data-start=\"6467\" data-end=\"6502\"><strong data-start=\"6471\" data-end=\"6500\">\u010casto kladen\u00e9 ot\u00e1zky (FAQ)<\/strong><\/h3>\n<p data-start=\"6504\" data-end=\"6702\"><strong data-start=\"6504\" data-end=\"6526\">1. Co je DPT-HCl?<\/strong><br data-start=\"6526\" data-end=\"6529\" \/><strong data-start=\"6529\" data-end=\"6575\">DPT HCl (dipropyltryptamin hydrochlorid)<\/strong> je a <strong data-start=\"6583\" data-end=\"6610\">syntetick\u00fd tryptamin<\/strong> kter\u00fd se pou\u017e\u00edv\u00e1 pro analytick\u00fd a neurochemick\u00fd v\u00fdzkum serotoninov\u00fdch receptor\u016f.<\/p>\n<p data-start=\"6704\" data-end=\"6886\"><strong data-start=\"6704\" data-end=\"6743\">2. K \u010demu se pou\u017e\u00edv\u00e1 DPT HCl?<\/strong><br data-start=\"6743\" data-end=\"6746\" \/>Pro <strong data-start=\"6751\" data-end=\"6783\">v\u00fdzkum serotoninov\u00fdch receptor\u016f<\/strong>, <strong data-start=\"6785\" data-end=\"6815\">studie struktury a aktivity<\/strong>a <strong data-start=\"6820\" data-end=\"6852\">chromatografick\u00e1 kalibrace<\/strong> v analytick\u00fdch laborato\u0159\u00edch.<\/p>\n<p data-start=\"6888\" data-end=\"7139\"><strong data-start=\"6888\" data-end=\"6929\">3. Je leg\u00e1ln\u00ed koupit DPT HCl?<\/strong><br data-start=\"6929\" data-end=\"6932\" \/>The <strong data-start=\"6935\" data-end=\"6961\">z\u00e1konnost DPT HCl<\/strong> li\u0161\u00ed se v jednotliv\u00fdch zem\u00edch. V n\u011bkter\u00fdch zem\u00edch je pova\u017eov\u00e1na za v\u00fdzkumnou chemik\u00e1lii; jinde m\u016f\u017ee b\u00fdt regulov\u00e1na. P\u0159ed pou\u017eit\u00edm si v\u017edy ov\u011b\u0159te m\u00edstn\u00ed p\u0159edpisy. <strong data-start=\"7119\" data-end=\"7136\">Koupit DPT HCl<\/strong>.<\/p>","protected":false},"excerpt":{"rendered":"<h3><span data-sheets-value=\"{\" data-sheets-userformat=\"{\">Vlastnosti DPT fumar\u00e1tu<\/span><\/h3>\n<p><strong>Synonymum:<\/strong> N,N-dipropyltryptamin<br \/>\n<strong>\u010c\u00edslo CAS:<\/strong> 61-52-9<br \/>\n<strong>Vzorec:<\/strong> <span title=\"Uhl\u00edk\">C<\/span><sub>16<\/sub><span title=\"Vod\u00edk\">H<\/span><sub>24<\/sub><span title=\"Dus\u00edk\">N<\/span><sub>2<\/sub><br \/>\n<strong>Mol\u00e1rn\u00ed hmotnost:<\/strong> 244,382 g\/mol<br \/>\n<strong>\u010cistota:<\/strong> &gt;97%<\/p>","protected":false},"featured_media":28511,"comment_status":"closed","ping_status":"closed","template":"","meta":[],"product_brand":[82],"product_cat":[457,381],"product_tag":[805,804,806,807,808,809,326],"class_list":{"0":"post-24569","1":"product","2":"type-product","3":"status-publish","4":"has-post-thumbnail","6":"product_brand-research-chemical","7":"product_cat-dpt","8":"product_cat-tryptamines","9":"product_tag-buy-dipropyltryptamine","10":"product_tag-dipropyltryptamine","11":"product_tag-dipropyltryptamine-buy","12":"product_tag-dipropyltryptamine-buy-direct","13":"product_tag-dipropyltryptamine-kopen","14":"product_tag-dipropyltryptamine-netherland","15":"product_tag-nl","17":"first","18":"instock","19":"taxable","20":"shipping-taxable","21":"purchasable","22":"product-type-variable"},"_links":{"self":[{"href":"https:\/\/researchchemicalhub.com\/cs\/wp-json\/wp\/v2\/product\/24569","targetHints":{"allow":["GET"]}}],"collection":[{"href":"https:\/\/researchchemicalhub.com\/cs\/wp-json\/wp\/v2\/product"}],"about":[{"href":"https:\/\/researchchemicalhub.com\/cs\/wp-json\/wp\/v2\/types\/product"}],"replies":[{"embeddable":true,"href":"https:\/\/researchchemicalhub.com\/cs\/wp-json\/wp\/v2\/comments?post=24569"}],"version-history":[{"count":6,"href":"https:\/\/researchchemicalhub.com\/cs\/wp-json\/wp\/v2\/product\/24569\/revisions"}],"predecessor-version":[{"id":27771,"href":"https:\/\/researchchemicalhub.com\/cs\/wp-json\/wp\/v2\/product\/24569\/revisions\/27771"}],"wp:featuredmedia":[{"embeddable":true,"href":"https:\/\/researchchemicalhub.com\/cs\/wp-json\/wp\/v2\/media\/28511"}],"wp:attachment":[{"href":"https:\/\/researchchemicalhub.com\/cs\/wp-json\/wp\/v2\/media?parent=24569"}],"wp:term":[{"taxonomy":"product_brand","embeddable":true,"href":"https:\/\/researchchemicalhub.com\/cs\/wp-json\/wp\/v2\/product_brand?post=24569"},{"taxonomy":"product_cat","embeddable":true,"href":"https:\/\/researchchemicalhub.com\/cs\/wp-json\/wp\/v2\/product_cat?post=24569"},{"taxonomy":"product_tag","embeddable":true,"href":"https:\/\/researchchemicalhub.com\/cs\/wp-json\/wp\/v2\/product_tag?post=24569"}],"curies":[{"name":"wp","href":"https:\/\/api.w.org\/{rel}","templated":true}]}}