{"id":24475,"date":"2025-10-20T17:41:48","date_gmt":"2025-10-20T17:41:48","guid":{"rendered":"https:\/\/researchchemicalhub.com\/?post_type=product&#038;p=24475"},"modified":"2025-10-21T16:12:54","modified_gmt":"2025-10-21T16:12:54","slug":"4-fma-kopen","status":"publish","type":"product","link":"https:\/\/researchchemicalhub.com\/cs\/shop\/4fma-kopen\/4-fma-kopen\/","title":{"rendered":"4-Fluor 4-FMA 120 MG pelety"},"content":{"rendered":"<h3 data-start=\"4238\" data-end=\"4259\"><strong data-start=\"4242\" data-end=\"4257\">Zaveden\u00ed<\/strong><\/h3>\n<p data-start=\"4260\" data-end=\"4618\"><strong data-start=\"4260\" data-end=\"4291\">4-Fluor 4-FMA 120mg pelety<\/strong> obsahovat <strong data-start=\"4301\" data-end=\"4343\">p\u0159esn\u011b odv\u00e1\u017een\u00e9 pelety o hmotnosti 120 mg<\/strong> <strong data-start=\"4344\" data-end=\"4383\">4-FMA (4-fluor-N-methylamfetamin)<\/strong> - An <strong data-start=\"4390\" data-end=\"4425\">fluorovan\u00fd analog amfetaminu<\/strong> z <strong data-start=\"4433\" data-end=\"4472\">rodina fenethylaminu a amfetaminu<\/strong>. 4 n\u00e1kupy FMA<br data-start=\"4473\" data-end=\"4476\" \/>4-FMA je struktur\u00e1ln\u011b p\u0159\u00edbuzn\u00fd <strong data-start=\"4509\" data-end=\"4517\">4-FA<\/strong> a <strong data-start=\"4521\" data-end=\"4535\">amfetamin<\/strong> a je \u0161iroce pou\u017e\u00edv\u00e1n v <strong data-start=\"4562\" data-end=\"4615\">neurochemick\u00fd, analytick\u00fd a forenzn\u00ed v\u00fdzkum<\/strong>.<\/p>\n<p data-start=\"4620\" data-end=\"4918\">Pelety se vyr\u00e1b\u011bj\u00ed dle <strong data-start=\"4659\" data-end=\"4705\">laboratorn\u00ed standardy (\u010distota \u2265 98%)<\/strong> a jsou ide\u00e1ln\u00ed pro <strong data-start=\"4726\" data-end=\"4784\">chromatografick\u00e9, spektroskopick\u00e9 a strukturn\u00ed (SAR)<\/strong> v\u00fdzkum.<br data-start=\"4795\" data-end=\"4798\" \/>Ka\u017ed\u00e1 peleta je <strong data-start=\"4813\" data-end=\"4872\">jednotliv\u011b lisovan\u00e9 a balen\u00e9 v blistru<\/strong> aby byla zaji\u0161t\u011bna stabilita a bezpe\u010dnost.<\/p>\n<blockquote data-start=\"4920\" data-end=\"5066\">\n<p data-start=\"4922\" data-end=\"5066\">\u26a0\ufe0f <strong data-start=\"4925\" data-end=\"4936\">Pozn.:<\/strong> Tento produkt je ur\u010den pouze k pou\u017eit\u00ed <strong data-start=\"4977\" data-end=\"5012\">v\u00fdzkumn\u00e9 a analytick\u00e9 vyu\u017eit\u00ed<\/strong> \u2014 <strong data-start=\"5015\" data-end=\"5063\">nen\u00ed ur\u010deno k lidsk\u00e9 ani zv\u00ed\u0159ec\u00ed spot\u0159eb\u011b<\/strong>.<\/p>\n<\/blockquote>\n<hr data-start=\"5068\" data-end=\"5071\" \/>\n<h3 data-start=\"5073\" data-end=\"5104\"><strong data-start=\"5077\" data-end=\"5104\">Kl\u00ed\u010dov\u00e9 vlastnosti<\/strong><\/h3>\n<div class=\"_tableContainer_1rjym_1\">\n<div class=\"group _tableWrapper_1rjym_13 flex w-fit flex-col-reverse\" tabindex=\"-1\">\n<table class=\"w-fit min-w-(--thread-content-width)\" data-start=\"5106\" data-end=\"5685\">\n<thead data-start=\"5106\" data-end=\"5132\">\n<tr data-start=\"5106\" data-end=\"5132\">\n<th data-start=\"5106\" data-end=\"5116\" data-col-size=\"sm\">Funkce<\/th>\n<th data-start=\"5116\" data-end=\"5132\" data-col-size=\"md\">Popis<\/th>\n<\/tr>\n<\/thead>\n<tbody data-start=\"5161\" data-end=\"5685\">\n<tr data-start=\"5161\" data-end=\"5213\">\n<td data-start=\"5161\" data-end=\"5182\" data-col-size=\"sm\"><strong data-start=\"5163\" data-end=\"5181\">Chemick\u00fd n\u00e1zev<\/strong><\/td>\n<td data-start=\"5182\" data-end=\"5213\" data-col-size=\"md\">4-Fluoro-N-methylamfetamin<\/td>\n<\/tr>\n<tr data-start=\"5214\" data-end=\"5268\">\n<td data-start=\"5214\" data-end=\"5239\" data-col-size=\"sm\"><strong data-start=\"5216\" data-end=\"5238\">B\u011b\u017en\u00fd n\u00e1zev<\/strong><\/td>\n<td data-start=\"5239\" data-end=\"5268\" data-col-size=\"md\">4-FMA \/ 4-Fluoramphamfetamin<\/td>\n<\/tr>\n<tr data-start=\"5269\" data-end=\"5305\">\n<td data-start=\"5269\" data-end=\"5293\" data-col-size=\"sm\"><strong data-start=\"5271\" data-end=\"5292\">Chemick\u00fd vzorec<\/strong><\/td>\n<td data-start=\"5293\" data-end=\"5305\" data-col-size=\"md\">C\u2081\u2080H\u2081\u2084FN<\/td>\n<\/tr>\n<tr data-start=\"5306\" data-end=\"5344\">\n<td data-start=\"5306\" data-end=\"5328\" data-col-size=\"sm\"><strong data-start=\"5308\" data-end=\"5327\">Molekulov\u00e1 hmotnost<\/strong><\/td>\n<td data-start=\"5328\" data-end=\"5344\" data-col-size=\"md\">167,22 g\/mol<\/td>\n<\/tr>\n<tr data-start=\"5345\" data-end=\"5380\">\n<td data-start=\"5345\" data-end=\"5360\" data-col-size=\"sm\"><strong data-start=\"5347\" data-end=\"5359\">D\u00e1vkov\u00e1n\u00ed<\/strong><\/td>\n<td data-start=\"5360\" data-end=\"5380\" data-col-size=\"md\">120 mg na peletu<\/td>\n<\/tr>\n<tr data-start=\"5381\" data-end=\"5428\">\n<td data-start=\"5381\" data-end=\"5392\" data-col-size=\"sm\"><strong data-start=\"5383\" data-end=\"5391\">Formul\u00e1\u0159<\/strong><\/td>\n<td data-start=\"5392\" data-end=\"5428\" data-col-size=\"md\">Pevn\u00e9 pelety (blistr)<\/td>\n<\/tr>\n<tr data-start=\"5429\" data-end=\"5480\">\n<td data-start=\"5429\" data-end=\"5446\" data-col-size=\"sm\"><strong data-start=\"5431\" data-end=\"5445\">\u010cistota<\/strong><\/td>\n<td data-start=\"5446\" data-end=\"5480\" data-col-size=\"md\">\u2265 98% (testov\u00e1no pomoc\u00ed HPLC a NMR)<\/td>\n<\/tr>\n<tr data-start=\"5481\" data-end=\"5550\">\n<td data-start=\"5481\" data-end=\"5504\" data-col-size=\"sm\"><strong data-start=\"5483\" data-end=\"5503\">Chemick\u00e1 t\u0159\u00edda<\/strong><\/td>\n<td data-start=\"5504\" data-end=\"5550\" data-col-size=\"md\">Substituovan\u00fd amfetamin \/ fenethylamin<\/td>\n<\/tr>\n<tr data-start=\"5551\" data-end=\"5625\">\n<td data-start=\"5551\" data-end=\"5565\" data-col-size=\"sm\"><strong data-start=\"5553\" data-end=\"5564\">Pou\u017e\u00edv\u00e1n\u00ed<\/strong><\/td>\n<td data-start=\"5565\" data-end=\"5625\" data-col-size=\"md\">Pouze pro analytick\u00fd, forenzn\u00ed a chemick\u00fd v\u00fdzkum<\/td>\n<\/tr>\n<tr data-start=\"5626\" data-end=\"5685\">\n<td data-start=\"5626\" data-end=\"5643\" data-col-size=\"sm\"><strong data-start=\"5628\" data-end=\"5642\">Obal<\/strong><\/td>\n<td data-start=\"5643\" data-end=\"5685\" data-col-size=\"md\">Blistr s uzav\u0159en\u00fdm obalem<\/td>\n<\/tr>\n<\/tbody>\n<\/table>\n<\/div>\n<\/div>\n<hr data-start=\"5687\" data-end=\"5690\" \/>\n<h3 data-start=\"5692\" data-end=\"5709\"><strong data-start=\"5696\" data-end=\"5709\">V\u00fdhody<\/strong><\/h3>\n<ul data-start=\"5711\" data-end=\"6136\">\n<li data-start=\"5711\" data-end=\"5793\">\n<p data-start=\"5713\" data-end=\"5793\"><strong data-start=\"5713\" data-end=\"5732\">Vysok\u00e1 \u010distota<\/strong> \u2013 \u2265 98% laboratorn\u00ed kvalita pro spolehliv\u00e9 v\u00fdsledky.<\/p>\n<\/li>\n<li data-start=\"5794\" data-end=\"5880\">\n<p data-start=\"5796\" data-end=\"5880\"><strong data-start=\"5796\" data-end=\"5820\">P\u0159esn\u00e9 d\u00e1vkov\u00e1n\u00ed<\/strong> \u2013 120 mg na peletu pro konzistentn\u00ed v\u00fdsledky v\u00fdzkumu.<\/p>\n<\/li>\n<li data-start=\"5881\" data-end=\"5964\">\n<p data-start=\"5883\" data-end=\"5964\"><strong data-start=\"5883\" data-end=\"5905\">Bezpe\u010dn\u00e9 balen\u00ed<\/strong> \u2013 Blistrov\u00e9 balen\u00ed chr\u00e1n\u00ed p\u0159ed vlhkost\u00ed a degradac\u00ed.<\/p>\n<\/li>\n<li data-start=\"5965\" data-end=\"6048\">\n<p data-start=\"5967\" data-end=\"6048\"><strong data-start=\"5967\" data-end=\"5987\">\u0160iroce pou\u017eiteln\u00e9<\/strong> \u2013 Vhodn\u00e9 pro GC\/MS, LC-MS, FTIR, HPLC a spektroskopii.<\/p>\n<\/li>\n<li data-start=\"6049\" data-end=\"6136\">\n<p data-start=\"6051\" data-end=\"6136\"><strong data-start=\"6051\" data-end=\"6075\">Pln\u011b sledovateln\u00e9<\/strong> \u2013 Ka\u017ed\u00e1 \u0161ar\u017ee m\u00e1 dokumentaci o kvalit\u011b a \u010distot\u011b. Kupte 4 fma<\/p>\n<\/li>\n<\/ul>\n<hr data-start=\"6138\" data-end=\"6141\" \/>\n<h3 data-start=\"6143\" data-end=\"6195\"><strong data-start=\"6147\" data-end=\"6193\">Pou\u017eit\u00ed (pouze pro v\u00fdzkumn\u00e9 \u00fa\u010dely)<\/strong><\/h3>\n<ol data-start=\"6197\" data-end=\"6641\">\n<li data-start=\"6197\" data-end=\"6308\">\n<p data-start=\"6200\" data-end=\"6308\"><strong data-start=\"6200\" data-end=\"6215\">Zach\u00e1zen\u00ed:<\/strong> Pou\u017e\u00edvejte rukavice, ochrann\u00e9 br\u00fdle a laboratorn\u00ed pl\u00e1\u0161\u0165; pracujte za kontrolovan\u00fdch podm\u00ednek.<\/p>\n<\/li>\n<li data-start=\"6309\" data-end=\"6391\">\n<p data-start=\"6312\" data-end=\"6391\"><strong data-start=\"6312\" data-end=\"6325\">Rozm\u011bry:<\/strong> Ka\u017ed\u00e1 peleta obsahuje 120 mg; neupravujte mimo laborato\u0159.<\/p>\n<\/li>\n<li data-start=\"6392\" data-end=\"6477\">\n<p data-start=\"6395\" data-end=\"6477\"><strong data-start=\"6395\" data-end=\"6406\">Skladov\u00e1n\u00ed:<\/strong> Skladujte v chladu (2\u20138 \u00b0C), suchu a tm\u011b v p\u016fvodn\u00edm blistru.<\/p>\n<\/li>\n<li data-start=\"6478\" data-end=\"6565\">\n<p data-start=\"6481\" data-end=\"6565\"><strong data-start=\"6481\" data-end=\"6493\">Anal\u00fdza:<\/strong> Vhodn\u00e9 pro chromatografii, spektroskopii a strukturn\u00ed v\u00fdzkum.<\/p>\n<\/li>\n<li data-start=\"6566\" data-end=\"6641\">\n<p data-start=\"6569\" data-end=\"6641\"><strong data-start=\"6569\" data-end=\"6586\">Dokumentace:<\/strong> Zaznamenejte \u010d\u00edsla \u0161ar\u017e\u00ed a v\u00fdsledky test\u016f pro shodu.<\/p>\n<\/li>\n<\/ol>\n<hr data-start=\"6643\" data-end=\"6646\" \/>\n<h3 data-start=\"6648\" data-end=\"6683\"><strong data-start=\"6652\" data-end=\"6681\">\u010casto kladen\u00e9 ot\u00e1zky (FAQ)<\/strong><\/h3>\n<p data-start=\"6685\" data-end=\"6856\"><strong data-start=\"6685\" data-end=\"6705\">1. Co je 4-FMA?<\/strong><br data-start=\"6705\" data-end=\"6708\" \/><strong data-start=\"6708\" data-end=\"6747\">4-FMA (4-fluor-N-methylamfetamin)<\/strong> je a <strong data-start=\"6755\" data-end=\"6792\">fluorovan\u00e1 amfetaminov\u00e1 slou\u010denina<\/strong> kter\u00fd se pou\u017e\u00edv\u00e1 pro chemick\u00fd a farmakologick\u00fd v\u00fdzkum.<\/p>\n<p data-start=\"6858\" data-end=\"7036\"><strong data-start=\"6858\" data-end=\"6910\">2. K \u010demu se pou\u017e\u00edvaj\u00ed pelety 4-FMA 120 mg?<\/strong><br data-start=\"6910\" data-end=\"6913\" \/>Pou\u017e\u00edvaj\u00ed se pro <strong data-start=\"6937\" data-end=\"6990\">analytick\u00fd, forenzn\u00ed a neurochemick\u00fd v\u00fdzkum<\/strong>, v\u010detn\u011b chromatografie a spektroskopie.<\/p>\n<p data-start=\"7038\" data-end=\"7249\"><strong data-start=\"7038\" data-end=\"7077\">3. Je leg\u00e1ln\u00ed koupit 4-FMA?<\/strong><br data-start=\"7077\" data-end=\"7080\" \/>The <strong data-start=\"7083\" data-end=\"7107\">z\u00e1konnost 4-FMA<\/strong> li\u0161\u00ed se v jednotliv\u00fdch zem\u00edch. V n\u011bkter\u00fdch zem\u00edch je pova\u017eov\u00e1na za kontrolovanou l\u00e1tku. P\u0159ed pou\u017eit\u00edm si v\u017edy ov\u011b\u0159te m\u00edstn\u00ed p\u0159edpisy. <strong data-start=\"7231\" data-end=\"7246\">4-FMA n\u00e1kupy<\/strong>.<\/p>","protected":false},"excerpt":{"rendered":"<p>\u00davod Pelety 4-Fluor 4-FMA 120 mg obsahuj\u00ed p\u0159esn\u011b odv\u00e1\u017een\u00e9 pelety 120 mg 4-FMA (4-Fluoro-N-methylamphetaminu) \u2013 fluorovan\u00e9ho analogu amfetaminu z rodiny fenethylaminu.<\/p>","protected":false},"featured_media":21429,"comment_status":"closed","ping_status":"closed","template":"","meta":[],"product_brand":[],"product_cat":[459,460,322,333,324],"product_tag":[629,326],"class_list":{"0":"post-24475","1":"product","2":"type-product","3":"status-publish","4":"has-post-thumbnail","6":"product_cat-4fma-kopen","7":"product_cat-4-fma-pellets","8":"product_cat-bijna-verboden","9":"product_cat-gefluoreerden","10":"product_cat-pellets-for-pellet","11":"product_tag-4-fma-kopen","12":"product_tag-nl","14":"first","15":"instock","16":"taxable","17":"shipping-taxable","18":"purchasable","19":"product-type-variable"},"_links":{"self":[{"href":"https:\/\/researchchemicalhub.com\/cs\/wp-json\/wp\/v2\/product\/24475","targetHints":{"allow":["GET"]}}],"collection":[{"href":"https:\/\/researchchemicalhub.com\/cs\/wp-json\/wp\/v2\/product"}],"about":[{"href":"https:\/\/researchchemicalhub.com\/cs\/wp-json\/wp\/v2\/types\/product"}],"replies":[{"embeddable":true,"href":"https:\/\/researchchemicalhub.com\/cs\/wp-json\/wp\/v2\/comments?post=24475"}],"version-history":[{"count":5,"href":"https:\/\/researchchemicalhub.com\/cs\/wp-json\/wp\/v2\/product\/24475\/revisions"}],"predecessor-version":[{"id":27785,"href":"https:\/\/researchchemicalhub.com\/cs\/wp-json\/wp\/v2\/product\/24475\/revisions\/27785"}],"wp:featuredmedia":[{"embeddable":true,"href":"https:\/\/researchchemicalhub.com\/cs\/wp-json\/wp\/v2\/media\/21429"}],"wp:attachment":[{"href":"https:\/\/researchchemicalhub.com\/cs\/wp-json\/wp\/v2\/media?parent=24475"}],"wp:term":[{"taxonomy":"product_brand","embeddable":true,"href":"https:\/\/researchchemicalhub.com\/cs\/wp-json\/wp\/v2\/product_brand?post=24475"},{"taxonomy":"product_cat","embeddable":true,"href":"https:\/\/researchchemicalhub.com\/cs\/wp-json\/wp\/v2\/product_cat?post=24475"},{"taxonomy":"product_tag","embeddable":true,"href":"https:\/\/researchchemicalhub.com\/cs\/wp-json\/wp\/v2\/product_tag?post=24475"}],"curies":[{"name":"wp","href":"https:\/\/api.w.org\/{rel}","templated":true}]}}