{"id":24469,"date":"2025-10-20T17:41:48","date_gmt":"2025-10-20T17:41:48","guid":{"rendered":"https:\/\/researchchemicalhub.com\/?post_type=product&#038;p=24469"},"modified":"2025-10-21T16:12:40","modified_gmt":"2025-10-21T16:12:40","slug":"5-meo-mipt-2","status":"publish","type":"product","link":"https:\/\/researchchemicalhub.com\/cs\/shop\/5-meo-mipt\/5-meo-mipt-2\/","title":{"rendered":"Moxy 5-MeO-MiPT 10mg pelety"},"content":{"rendered":"<h3 data-start=\"4181\" data-end=\"4202\"><strong data-start=\"4185\" data-end=\"4200\">Zaveden\u00ed<\/strong><\/h3>\n<p data-start=\"4203\" data-end=\"4601\"><strong data-start=\"4203\" data-end=\"4235\">Moxy 5-MeO-MiPT 10mg pelety<\/strong> obsahovat <strong data-start=\"4245\" data-end=\"4286\">p\u0159esn\u011b odv\u00e1\u017een\u00e9 pelety o hmotnosti 10 mg<\/strong> <strong data-start=\"4287\" data-end=\"4344\">5-MeO-MiPT (5-methoxy-N-methyl-N-isopropyltryptamin)<\/strong> - An <strong data-start=\"4351\" data-end=\"4388\">syntetick\u00e1 tryptaminov\u00e1 slou\u010denina<\/strong> z <strong data-start=\"4396\" data-end=\"4422\">rodina indolov\u00fdch alkaloid\u016f<\/strong>5 milion\u016f liber (mipt)<br data-start=\"4423\" data-end=\"4426\" \/>5-MeO-MiPT, tak\u00e9 zn\u00e1m\u00fd jako <strong data-start=\"4453\" data-end=\"4461\">Moxy<\/strong>, je <strong data-start=\"4470\" data-end=\"4493\">konstruk\u010dn\u011b analogick\u00e9<\/strong> podle <strong data-start=\"4498\" data-end=\"4511\">5-MeO-DMT<\/strong> a <strong data-start=\"4515\" data-end=\"4523\">MiPT<\/strong> a pou\u017e\u00edv\u00e1 se v <strong data-start=\"4545\" data-end=\"4598\">neurochemick\u00fd, analytick\u00fd a forenzn\u00ed v\u00fdzkum<\/strong>.<\/p>\n<p data-start=\"4603\" data-end=\"4777\">Ka\u017ed\u00e1 peleta je vyrobena s <strong data-start=\"4642\" data-end=\"4678\">laboratorn\u00ed \u010distota \u2265 98%<\/strong> a zabalen\u00e9 v <strong data-start=\"4697\" data-end=\"4731\">ochrann\u00e9 blistrov\u00e9 balen\u00ed<\/strong> pro maxim\u00e1ln\u00ed stabilitu a snadn\u00e9 pou\u017eit\u00ed.<\/p>\n<blockquote data-start=\"4779\" data-end=\"4931\">\n<p data-start=\"4781\" data-end=\"4931\">\u26a0\ufe0f <strong data-start=\"4784\" data-end=\"4795\">Pozn.:<\/strong> Tento produkt je ur\u010den pouze k pou\u017eit\u00ed <strong data-start=\"4836\" data-end=\"4877\">laboratorn\u00ed a analytick\u00fd v\u00fdzkum<\/strong> \u2014 <strong data-start=\"4880\" data-end=\"4928\">nen\u00ed ur\u010deno k lidsk\u00e9 ani zv\u00ed\u0159ec\u00ed spot\u0159eb\u011b<\/strong>.<\/p>\n<\/blockquote>\n<hr data-start=\"4933\" data-end=\"4936\" \/>\n<h3 data-start=\"4938\" data-end=\"4969\"><strong data-start=\"4942\" data-end=\"4969\">Kl\u00ed\u010dov\u00e9 vlastnosti<\/strong><\/h3>\n<div class=\"_tableContainer_1rjym_1\">\n<div class=\"group _tableWrapper_1rjym_13 flex w-fit flex-col-reverse\" tabindex=\"-1\">\n<table class=\"w-fit min-w-(--thread-content-width)\" data-start=\"4971\" data-end=\"5556\">\n<thead data-start=\"4971\" data-end=\"4997\">\n<tr data-start=\"4971\" data-end=\"4997\">\n<th data-start=\"4971\" data-end=\"4981\" data-col-size=\"sm\">Funkce<\/th>\n<th data-start=\"4981\" data-end=\"4997\" data-col-size=\"md\">Popis<\/th>\n<\/tr>\n<\/thead>\n<tbody data-start=\"5026\" data-end=\"5556\">\n<tr data-start=\"5026\" data-end=\"5091\">\n<td data-start=\"5026\" data-end=\"5047\" data-col-size=\"sm\"><strong data-start=\"5028\" data-end=\"5046\">Chemick\u00fd n\u00e1zev<\/strong><\/td>\n<td data-start=\"5047\" data-end=\"5091\" data-col-size=\"md\">5-Methoxy-N-methyl-N-isopropyltryptamin<\/td>\n<\/tr>\n<tr data-start=\"5092\" data-end=\"5138\">\n<td data-start=\"5092\" data-end=\"5117\" data-col-size=\"sm\"><strong data-start=\"5094\" data-end=\"5116\">B\u011b\u017en\u00fd n\u00e1zev<\/strong><\/td>\n<td data-start=\"5117\" data-end=\"5138\" data-col-size=\"md\">5-MeO-MiPT \/ Moxy<\/td>\n<\/tr>\n<tr data-start=\"5139\" data-end=\"5176\">\n<td data-start=\"5139\" data-end=\"5163\" data-col-size=\"sm\"><strong data-start=\"5141\" data-end=\"5162\">Chemick\u00fd vzorec<\/strong><\/td>\n<td data-start=\"5163\" data-end=\"5176\" data-col-size=\"md\">C\u2081\u2085H\u2082\u2082N\u2082O<\/td>\n<\/tr>\n<tr data-start=\"5177\" data-end=\"5215\">\n<td data-start=\"5177\" data-end=\"5199\" data-col-size=\"sm\"><strong data-start=\"5179\" data-end=\"5198\">Molekulov\u00e1 hmotnost<\/strong><\/td>\n<td data-start=\"5199\" data-end=\"5215\" data-col-size=\"md\">246,35 g\/mol<\/td>\n<\/tr>\n<tr data-start=\"5216\" data-end=\"5250\">\n<td data-start=\"5216\" data-end=\"5231\" data-col-size=\"sm\"><strong data-start=\"5218\" data-end=\"5230\">D\u00e1vkov\u00e1n\u00ed<\/strong><\/td>\n<td data-start=\"5231\" data-end=\"5250\" data-col-size=\"md\">10 mg na peletu<\/td>\n<\/tr>\n<tr data-start=\"5251\" data-end=\"5298\">\n<td data-start=\"5251\" data-end=\"5262\" data-col-size=\"sm\"><strong data-start=\"5253\" data-end=\"5261\">Formul\u00e1\u0159<\/strong><\/td>\n<td data-start=\"5262\" data-end=\"5298\" data-col-size=\"md\">Pevn\u00e9 pelety (blistr)<\/td>\n<\/tr>\n<tr data-start=\"5299\" data-end=\"5350\">\n<td data-start=\"5299\" data-end=\"5316\" data-col-size=\"sm\"><strong data-start=\"5301\" data-end=\"5315\">\u010cistota<\/strong><\/td>\n<td data-start=\"5316\" data-end=\"5350\" data-col-size=\"md\">\u2265 98% (testov\u00e1no pomoc\u00ed HPLC a NMR)<\/td>\n<\/tr>\n<tr data-start=\"5351\" data-end=\"5419\">\n<td data-start=\"5351\" data-end=\"5374\" data-col-size=\"sm\"><strong data-start=\"5353\" data-end=\"5373\">Chemick\u00e1 t\u0159\u00edda<\/strong><\/td>\n<td data-start=\"5374\" data-end=\"5419\" data-col-size=\"md\">Syntetick\u00fd tryptamin\/indolov\u00fd alkaloid<\/td>\n<\/tr>\n<tr data-start=\"5420\" data-end=\"5494\">\n<td data-start=\"5420\" data-end=\"5434\" data-col-size=\"sm\"><strong data-start=\"5422\" data-end=\"5433\">Pou\u017e\u00edv\u00e1n\u00ed<\/strong><\/td>\n<td data-start=\"5434\" data-end=\"5494\" data-col-size=\"md\">Pouze pro analytick\u00fd, forenzn\u00ed a chemick\u00fd v\u00fdzkum<\/td>\n<\/tr>\n<tr data-start=\"5495\" data-end=\"5556\">\n<td data-start=\"5495\" data-end=\"5512\" data-col-size=\"sm\"><strong data-start=\"5497\" data-end=\"5511\">Obal<\/strong><\/td>\n<td data-start=\"5512\" data-end=\"5556\" data-col-size=\"md\">Blistr s laboratorn\u00edm uz\u00e1v\u011brem<\/td>\n<\/tr>\n<\/tbody>\n<\/table>\n<\/div>\n<\/div>\n<hr data-start=\"5558\" data-end=\"5561\" \/>\n<h3 data-start=\"5563\" data-end=\"5580\"><strong data-start=\"5567\" data-end=\"5580\">V\u00fdhody<\/strong><\/h3>\n<ul data-start=\"5582\" data-end=\"6001\">\n<li data-start=\"5582\" data-end=\"5674\">\n<p data-start=\"5584\" data-end=\"5674\"><strong data-start=\"5584\" data-end=\"5603\">Vysok\u00e1 \u010distota<\/strong> \u2013 \u2265 98% laboratorn\u00ed kvalita pro spolehliv\u00e9 v\u00fdsledky v\u00fdzkumu.<\/p>\n<\/li>\n<li data-start=\"5675\" data-end=\"5748\">\n<p data-start=\"5677\" data-end=\"5748\"><strong data-start=\"5677\" data-end=\"5701\">P\u0159esn\u00e9 d\u00e1vkov\u00e1n\u00ed<\/strong> \u2013 10 mg na peletu pro konzistentn\u00ed anal\u00fdzu.<\/p>\n<\/li>\n<li data-start=\"5749\" data-end=\"5834\">\n<p data-start=\"5751\" data-end=\"5834\"><strong data-start=\"5751\" data-end=\"5776\">Ochrann\u00e9 balen\u00ed<\/strong> \u2013 Blistrov\u00e9 balen\u00ed zabra\u0148uje degradaci vlivem sv\u011btla a vlhkosti. 5 meo mipt<\/p>\n<\/li>\n<li data-start=\"5835\" data-end=\"5918\">\n<p data-start=\"5837\" data-end=\"5918\"><strong data-start=\"5837\" data-end=\"5867\">\u0160iroce pou\u017eiteln\u00e9 pro v\u00fdzkum<\/strong> \u2013 Vhodn\u00e9 pro GC\/MS, LC-MS, HPLC, FTIR a NMR.<\/p>\n<\/li>\n<li data-start=\"5919\" data-end=\"6001\">\n<p data-start=\"5921\" data-end=\"6001\"><strong data-start=\"5921\" data-end=\"5945\">Pln\u011b sledovateln\u00e9<\/strong> \u2013 Ka\u017ed\u00e1 v\u00e1rka je dod\u00e1v\u00e1na s informacemi o kvalit\u011b.<\/p>\n<\/li>\n<\/ul>\n<hr data-start=\"6003\" data-end=\"6006\" \/>\n<h3 data-start=\"6008\" data-end=\"6060\"><strong data-start=\"6012\" data-end=\"6058\">Pou\u017eit\u00ed (pouze pro v\u00fdzkumn\u00e9 \u00fa\u010dely)<\/strong><\/h3>\n<ol data-start=\"6062\" data-end=\"6459\">\n<li data-start=\"6062\" data-end=\"6131\">\n<p data-start=\"6065\" data-end=\"6131\"><strong data-start=\"6065\" data-end=\"6080\">Zach\u00e1zen\u00ed:<\/strong> Pou\u017e\u00edvejte rukavice, ochrann\u00e9 br\u00fdle a laboratorn\u00ed pl\u00e1\u0161\u0165.<\/p>\n<\/li>\n<li data-start=\"6132\" data-end=\"6219\">\n<p data-start=\"6135\" data-end=\"6219\"><strong data-start=\"6135\" data-end=\"6148\">Rozm\u011bry:<\/strong> Ka\u017ed\u00e1 peleta obsahuje 10 mg; neupravujte mimo laboratorn\u00ed podm\u00ednky.<\/p>\n<\/li>\n<li data-start=\"6220\" data-end=\"6305\">\n<p data-start=\"6223\" data-end=\"6305\"><strong data-start=\"6223\" data-end=\"6234\">Skladov\u00e1n\u00ed:<\/strong> Skladujte v chladu (2\u20138 \u00b0C), suchu a tm\u011b v p\u016fvodn\u00edm blistru.<\/p>\n<\/li>\n<li data-start=\"6306\" data-end=\"6397\">\n<p data-start=\"6309\" data-end=\"6397\"><strong data-start=\"6309\" data-end=\"6321\">Anal\u00fdza:<\/strong> Vhodn\u00e9 pro chromatografii, spektroskopii a forenzn\u00ed identifikaci.<\/p>\n<\/li>\n<li data-start=\"6398\" data-end=\"6459\">\n<p data-start=\"6401\" data-end=\"6459\"><strong data-start=\"6401\" data-end=\"6418\">Dokumentace:<\/strong> Zaznamenejte \u010d\u00edsla \u0161ar\u017e\u00ed a v\u00fdsledky test\u016f.<\/p>\n<\/li>\n<\/ol>\n<hr data-start=\"6461\" data-end=\"6464\" \/>\n<h3 data-start=\"6466\" data-end=\"6501\"><strong data-start=\"6470\" data-end=\"6499\">\u010casto kladen\u00e9 ot\u00e1zky (FAQ)<\/strong><\/h3>\n<p data-start=\"6503\" data-end=\"6694\"><strong data-start=\"6503\" data-end=\"6535\">1. Co je 5-MeO-MiPT (Moxy)?<\/strong><br data-start=\"6535\" data-end=\"6538\" \/><strong data-start=\"6538\" data-end=\"6559\">5-MeO-MiPT (Moxy)<\/strong> je a <strong data-start=\"6567\" data-end=\"6604\">syntetick\u00e1 tryptaminov\u00e1 slou\u010denina<\/strong> kter\u00fd se pou\u017e\u00edv\u00e1 pro v\u00fdzkum serotoninov\u00fdch receptor\u016f a jejich struktur\u00e1ln\u00ed aktivity.<\/p>\n<p data-start=\"6696\" data-end=\"6869\"><strong data-start=\"6696\" data-end=\"6757\">2. K \u010demu se pou\u017e\u00edvaj\u00ed pelety Moxy 5-MeO-MiPT 10 mg?<\/strong><br data-start=\"6757\" data-end=\"6760\" \/>Pelety jsou ur\u010deny pro <strong data-start=\"6789\" data-end=\"6827\">analytick\u00fd a forenzn\u00ed v\u00fdzkum<\/strong>, jako je chromatografie a spektroskopie.<\/p>\n<p data-start=\"6871\" data-end=\"7042\"><strong data-start=\"6871\" data-end=\"6915\">3. Je leg\u00e1ln\u00ed koupit 5-MeO-MiPT?<\/strong><br data-start=\"6915\" data-end=\"6918\" \/>The <strong data-start=\"6921\" data-end=\"6950\">z\u00e1konnost 5-MeO-MiPT<\/strong> li\u0161\u00ed se v z\u00e1vislosti na zemi. P\u0159ed pou\u017eit\u00edm si v\u017edy ov\u011b\u0159te m\u00edstn\u00ed p\u0159edpisy. <strong data-start=\"7019\" data-end=\"7039\">N\u00e1kupy 5-MeO-MiPT<\/strong>.<\/p>","protected":false},"excerpt":{"rendered":"<p>\u00davod Pelety Moxy 5-MeO-MiPT 10 mg obsahuj\u00ed p\u0159esn\u011b odv\u00e1\u017een\u00e9 pelety 10 mg 5-MeO-MiPT (5-Methoxy-N-methyl-N-isopropyltryptaminu) \u2013 syntetick\u00e9 tryptaminov\u00e9 slou\u010deniny z rodiny indolov\u00fdch alkaloid\u016f.<\/p>","protected":false},"featured_media":21432,"comment_status":"closed","ping_status":"closed","template":"","meta":[],"product_brand":[82],"product_cat":[436,434,324,381],"product_tag":[824,650,826,825,326,827],"class_list":{"0":"post-24469","1":"product","2":"type-product","3":"status-publish","4":"has-post-thumbnail","6":"product_brand-research-chemical","7":"product_cat-5-meo-mipt","8":"product_cat-5-meo-mipt-pellets","9":"product_cat-pellets-for-pellet","10":"product_cat-tryptamines","11":"product_tag-5-meo-mipt-moxy","12":"product_tag-5-meo-mipt","13":"product_tag-5-meo-mipt-moxy-purifie","14":"product_tag-moxy-5-meo-mipt","15":"product_tag-nl","16":"product_tag-purifie-moxy-5-meo-mipt","18":"first","19":"instock","20":"taxable","21":"shipping-taxable","22":"purchasable","23":"product-type-variable"},"_links":{"self":[{"href":"https:\/\/researchchemicalhub.com\/cs\/wp-json\/wp\/v2\/product\/24469","targetHints":{"allow":["GET"]}}],"collection":[{"href":"https:\/\/researchchemicalhub.com\/cs\/wp-json\/wp\/v2\/product"}],"about":[{"href":"https:\/\/researchchemicalhub.com\/cs\/wp-json\/wp\/v2\/types\/product"}],"replies":[{"embeddable":true,"href":"https:\/\/researchchemicalhub.com\/cs\/wp-json\/wp\/v2\/comments?post=24469"}],"version-history":[{"count":5,"href":"https:\/\/researchchemicalhub.com\/cs\/wp-json\/wp\/v2\/product\/24469\/revisions"}],"predecessor-version":[{"id":27784,"href":"https:\/\/researchchemicalhub.com\/cs\/wp-json\/wp\/v2\/product\/24469\/revisions\/27784"}],"wp:featuredmedia":[{"embeddable":true,"href":"https:\/\/researchchemicalhub.com\/cs\/wp-json\/wp\/v2\/media\/21432"}],"wp:attachment":[{"href":"https:\/\/researchchemicalhub.com\/cs\/wp-json\/wp\/v2\/media?parent=24469"}],"wp:term":[{"taxonomy":"product_brand","embeddable":true,"href":"https:\/\/researchchemicalhub.com\/cs\/wp-json\/wp\/v2\/product_brand?post=24469"},{"taxonomy":"product_cat","embeddable":true,"href":"https:\/\/researchchemicalhub.com\/cs\/wp-json\/wp\/v2\/product_cat?post=24469"},{"taxonomy":"product_tag","embeddable":true,"href":"https:\/\/researchchemicalhub.com\/cs\/wp-json\/wp\/v2\/product_tag?post=24469"}],"curies":[{"name":"wp","href":"https:\/\/api.w.org\/{rel}","templated":true}]}}