{"id":24443,"date":"2025-10-20T17:41:44","date_gmt":"2025-10-20T17:41:44","guid":{"rendered":"https:\/\/researchchemicalhub.com\/?post_type=product&#038;p=24443"},"modified":"2025-10-29T08:23:18","modified_gmt":"2025-10-29T08:23:18","slug":"ipph-25-mg-pelety","status":"publish","type":"product","link":"https:\/\/researchchemicalhub.com\/cs\/nakupovat\/ipph-isopropylfenidat\/ipph-25-mg-pelety\/","title":{"rendered":"Isopropylfenid\u00e1t (IPPH) 25 MG pelety"},"content":{"rendered":"<h3 data-start=\"4132\" data-end=\"4153\"><strong data-start=\"4136\" data-end=\"4151\">Zaveden\u00ed<\/strong><\/h3>\n<p data-start=\"4154\" data-end=\"4608\"><strong data-start=\"4154\" data-end=\"4195\">Isopropylfenid\u00e1t (IPPH) 25mg pelety<\/strong> obsahovat <strong data-start=\"4205\" data-end=\"4242\">25 mg isopropylfenid\u00e1tu s vysokou \u010distotou<\/strong>, An <strong data-start=\"4248\" data-end=\"4272\">piperidinov\u00e1 slou\u010denina<\/strong> kter\u00fd struktur\u00e1ln\u011b souvis\u00ed s <strong data-start=\"4304\" data-end=\"4322\">methylfenid\u00e1t<\/strong> a <strong data-start=\"4326\" data-end=\"4343\">ethylfenid\u00e1t<\/strong>.ipph\u00a0<br data-start=\"4344\" data-end=\"4347\" \/>Uvnit\u0159 <strong data-start=\"4354\" data-end=\"4395\">neurochemick\u00fd a analytick\u00fd v\u00fdzkum<\/strong> IPPH se pou\u017e\u00edv\u00e1 jako <strong data-start=\"4420\" data-end=\"4473\">analog inhibitoru zp\u011btn\u00e9ho vychyt\u00e1v\u00e1n\u00ed dopaminu a noradrenalinu<\/strong>Pou\u017e\u00edv\u00e1 se ve studi\u00edch <strong data-start=\"4512\" data-end=\"4538\">transport\u00e9ry monoamin\u016f<\/strong>, <strong data-start=\"4540\" data-end=\"4582\">vztahy mezi strukturou a aktivitou (SAR)<\/strong> a <strong data-start=\"4586\" data-end=\"4605\">vazba na receptor<\/strong>.<\/p>\n<p data-start=\"4610\" data-end=\"4786\">Ka\u017ed\u00e1 peleta je vyrobena s <strong data-start=\"4646\" data-end=\"4670\">\u010distota \u2265 98%<\/strong>, jednotliv\u011b zabalen\u00e9 v <strong data-start=\"4699\" data-end=\"4715\">blistr<\/strong> a navr\u017eeno pro <strong data-start=\"4734\" data-end=\"4783\">p\u0159esn\u00e9 d\u00e1vkov\u00e1n\u00ed a chemick\u00e1 stabilita<\/strong>.<\/p>\n<blockquote data-start=\"4788\" data-end=\"4934\">\n<p data-start=\"4790\" data-end=\"4934\">\u26a0\ufe0f <strong data-start=\"4793\" data-end=\"4804\">Pozn.:<\/strong> Tento produkt je ur\u010den pouze k pou\u017eit\u00ed <strong data-start=\"4845\" data-end=\"4880\">v\u00fdzkumn\u00e9 a analytick\u00e9 vyu\u017eit\u00ed<\/strong> \u2014 <strong data-start=\"4883\" data-end=\"4931\">nen\u00ed ur\u010deno k lidsk\u00e9 ani zv\u00ed\u0159ec\u00ed spot\u0159eb\u011b<\/strong>.<\/p>\n<\/blockquote>\n<hr data-start=\"4936\" data-end=\"4939\" \/>\n<h3 data-start=\"4941\" data-end=\"4972\"><strong data-start=\"4945\" data-end=\"4972\">Kl\u00ed\u010dov\u00e9 vlastnosti<\/strong><\/h3>\n<div class=\"_tableContainer_1rjym_1\">\n<div class=\"group _tableWrapper_1rjym_13 flex w-fit flex-col-reverse\" tabindex=\"-1\">\n<table class=\"w-fit min-w-(--thread-content-width)\" data-start=\"4974\" data-end=\"5527\">\n<thead data-start=\"4974\" data-end=\"5000\">\n<tr data-start=\"4974\" data-end=\"5000\">\n<th data-start=\"4974\" data-end=\"4984\" data-col-size=\"sm\">Funkce<\/th>\n<th data-start=\"4984\" data-end=\"5000\" data-col-size=\"md\">Popis<\/th>\n<\/tr>\n<\/thead>\n<tbody data-start=\"5029\" data-end=\"5527\">\n<tr data-start=\"5029\" data-end=\"5085\">\n<td data-start=\"5029\" data-end=\"5050\" data-col-size=\"sm\"><strong data-start=\"5031\" data-end=\"5049\">Chemick\u00fd n\u00e1zev<\/strong><\/td>\n<td data-start=\"5050\" data-end=\"5085\" data-col-size=\"md\">Isopropylfenid\u00e1t hydrochlorid<\/td>\n<\/tr>\n<tr data-start=\"5086\" data-end=\"5119\">\n<td data-start=\"5086\" data-end=\"5111\" data-col-size=\"sm\"><strong data-start=\"5088\" data-end=\"5110\">B\u011b\u017en\u00fd n\u00e1zev<\/strong><\/td>\n<td data-start=\"5111\" data-end=\"5119\" data-col-size=\"md\">IPPH<\/td>\n<\/tr>\n<tr data-start=\"5120\" data-end=\"5157\">\n<td data-start=\"5120\" data-end=\"5144\" data-col-size=\"sm\"><strong data-start=\"5122\" data-end=\"5143\">Chemick\u00fd vzorec<\/strong><\/td>\n<td data-start=\"5144\" data-end=\"5157\" data-col-size=\"md\">C\u2081\u2085H\u2082\u2081NO\u2082<\/td>\n<\/tr>\n<tr data-start=\"5158\" data-end=\"5196\">\n<td data-start=\"5158\" data-end=\"5180\" data-col-size=\"sm\"><strong data-start=\"5160\" data-end=\"5179\">Molekulov\u00e1 hmotnost<\/strong><\/td>\n<td data-start=\"5180\" data-end=\"5196\" data-col-size=\"md\">247,33 g\/mol<\/td>\n<\/tr>\n<tr data-start=\"5197\" data-end=\"5231\">\n<td data-start=\"5197\" data-end=\"5212\" data-col-size=\"sm\"><strong data-start=\"5199\" data-end=\"5211\">D\u00e1vkov\u00e1n\u00ed<\/strong><\/td>\n<td data-start=\"5212\" data-end=\"5231\" data-col-size=\"md\">25 mg na peletu<\/td>\n<\/tr>\n<tr data-start=\"5232\" data-end=\"5279\">\n<td data-start=\"5232\" data-end=\"5243\" data-col-size=\"sm\"><strong data-start=\"5234\" data-end=\"5242\">Formul\u00e1\u0159<\/strong><\/td>\n<td data-start=\"5243\" data-end=\"5279\" data-col-size=\"md\">Pevn\u00e9 pelety (blistr)<\/td>\n<\/tr>\n<tr data-start=\"5280\" data-end=\"5331\">\n<td data-start=\"5280\" data-end=\"5297\" data-col-size=\"sm\"><strong data-start=\"5282\" data-end=\"5296\">\u010cistota<\/strong><\/td>\n<td data-start=\"5297\" data-end=\"5331\" data-col-size=\"md\">\u2265 98% (testov\u00e1no pomoc\u00ed HPLC a NMR)<\/td>\n<\/tr>\n<tr data-start=\"5332\" data-end=\"5397\">\n<td data-start=\"5332\" data-end=\"5355\" data-col-size=\"sm\"><strong data-start=\"5334\" data-end=\"5354\">Chemick\u00e1 t\u0159\u00edda<\/strong><\/td>\n<td data-start=\"5355\" data-end=\"5397\" data-col-size=\"md\">Deriv\u00e1t piperidinu \/ analog fenid\u00e1tu<\/td>\n<\/tr>\n<tr data-start=\"5398\" data-end=\"5477\">\n<td data-start=\"5398\" data-end=\"5412\" data-col-size=\"sm\"><strong data-start=\"5400\" data-end=\"5411\">Pou\u017e\u00edv\u00e1n\u00ed<\/strong><\/td>\n<td data-start=\"5412\" data-end=\"5477\" data-col-size=\"md\">Pouze pro analytick\u00fd, forenzn\u00ed a neurochemick\u00fd v\u00fdzkum<\/td>\n<\/tr>\n<tr data-start=\"5478\" data-end=\"5527\">\n<td data-start=\"5478\" data-end=\"5495\" data-col-size=\"sm\"><strong data-start=\"5480\" data-end=\"5494\">Obal<\/strong><\/td>\n<td data-start=\"5495\" data-end=\"5527\" data-col-size=\"md\">Blistr s uz\u00e1v\u011brem<\/td>\n<\/tr>\n<\/tbody>\n<\/table>\n<\/div>\n<\/div>\n<hr data-start=\"5529\" data-end=\"5532\" \/>\n<h3 data-start=\"5534\" data-end=\"5551\"><strong data-start=\"5538\" data-end=\"5551\">V\u00fdhody<\/strong><\/h3>\n<ul data-start=\"5553\" data-end=\"5952\">\n<li data-start=\"5553\" data-end=\"5645\">\n<p data-start=\"5555\" data-end=\"5645\"><strong data-start=\"5555\" data-end=\"5574\">Vysok\u00e1 \u010distota<\/strong> \u2013 \u2265 98% laboratorn\u00ed kvalita pro spolehliv\u00e9 v\u00fdsledky v\u00fdzkumu.<\/p>\n<\/li>\n<li data-start=\"5646\" data-end=\"5719\">\n<p data-start=\"5648\" data-end=\"5719\"><strong data-start=\"5648\" data-end=\"5672\">P\u0159esn\u00e9 d\u00e1vkov\u00e1n\u00ed<\/strong> \u2013 25 mg na peletu pro konzistentn\u00ed anal\u00fdzu.<\/p>\n<\/li>\n<li data-start=\"5720\" data-end=\"5794\">\n<p data-start=\"5722\" data-end=\"5794\"><strong data-start=\"5722\" data-end=\"5744\">Bezpe\u010dn\u00e9 balen\u00ed<\/strong> \u2013 Chr\u00e1n\u011bno p\u0159ed vlhkost\u00ed, sv\u011btlem a zne\u010di\u0161t\u011bn\u00edm.<\/p>\n<\/li>\n<li data-start=\"5795\" data-end=\"5863\">\n<p data-start=\"5797\" data-end=\"5863\"><strong data-start=\"5797\" data-end=\"5817\">\u0160iroce pou\u017eiteln\u00e9<\/strong> \u2013 Vhodn\u00e9 pro GC\/MS, LC-MS, FTIR a HPLC.<\/p>\n<\/li>\n<li data-start=\"5864\" data-end=\"5952\">\n<p data-start=\"5866\" data-end=\"5952\"><strong data-start=\"5866\" data-end=\"5893\">Ov\u011b\u0159en\u00e1 kvalita<\/strong> \u2013 Ka\u017ed\u00e1 \u0161ar\u017ee je testov\u00e1na a opat\u0159ena certifik\u00e1ty o anal\u00fdze.<\/p>\n<\/li>\n<\/ul>\n<hr data-start=\"5954\" data-end=\"5957\" \/>\n<h3 data-start=\"5959\" data-end=\"6011\"><strong data-start=\"5963\" data-end=\"6009\">Pou\u017eit\u00ed (pouze pro v\u00fdzkumn\u00e9 \u00fa\u010dely)<\/strong><\/h3>\n<ol data-start=\"6013\" data-end=\"6382\">\n<li data-start=\"6013\" data-end=\"6082\">\n<p data-start=\"6016\" data-end=\"6082\"><strong data-start=\"6016\" data-end=\"6031\">Zach\u00e1zen\u00ed:<\/strong> Pou\u017e\u00edvejte rukavice, ochrann\u00e9 br\u00fdle a laboratorn\u00ed pl\u00e1\u0161\u0165. ipph<\/p>\n<\/li>\n<li data-start=\"6083\" data-end=\"6180\">\n<p data-start=\"6086\" data-end=\"6180\"><strong data-start=\"6086\" data-end=\"6099\">Rozm\u011bry:<\/strong> Ka\u017ed\u00e1 peleta obsahuje p\u0159esn\u011b 25 mg; nem\u011b\u0148te mimolaboratorn\u00ed podm\u00ednky.<\/p>\n<\/li>\n<li data-start=\"6181\" data-end=\"6235\">\n<p data-start=\"6184\" data-end=\"6235\"><strong data-start=\"6184\" data-end=\"6195\">Skladov\u00e1n\u00ed:<\/strong> Skladujte v chladu (2\u20138 \u00b0C), suchu a tm\u011b.<\/p>\n<\/li>\n<li data-start=\"6236\" data-end=\"6319\">\n<p data-start=\"6239\" data-end=\"6319\"><strong data-start=\"6239\" data-end=\"6251\">Anal\u00fdza:<\/strong> Vhodn\u00e9 pro chromatografii, spektroskopii a v\u00fdzkum receptor\u016f.<\/p>\n<\/li>\n<li data-start=\"6320\" data-end=\"6382\">\n<p data-start=\"6323\" data-end=\"6382\"><strong data-start=\"6323\" data-end=\"6340\">Dokumentace:<\/strong> Zaznamenejte \u010d\u00edsla \u0161ar\u017e\u00ed a analytick\u00e9 metody.<\/p>\n<\/li>\n<\/ol>\n<hr data-start=\"6384\" data-end=\"6387\" \/>\n<h3 data-start=\"6389\" data-end=\"6424\"><strong data-start=\"6393\" data-end=\"6422\">\u010casto kladen\u00e9 ot\u00e1zky (FAQ)<\/strong><\/h3>\n<p data-start=\"6426\" data-end=\"6627\"><strong data-start=\"6426\" data-end=\"6465\">1. Co je isopropylfenid\u00e1t (IPPH)?<\/strong><br data-start=\"6465\" data-end=\"6468\" \/><strong data-start=\"6468\" data-end=\"6489\">Isopropylfenid\u00e1t<\/strong> je a <strong data-start=\"6497\" data-end=\"6521\">piperidinov\u00e1 slou\u010denina<\/strong> souvisej\u00edc\u00ed s methylfenid\u00e1tem a pou\u017e\u00edv\u00e1 se ve v\u00fdzkumu transport\u00e9r\u016f dopaminu a noradrenalinu.<\/p>\n<p data-start=\"6629\" data-end=\"6794\"><strong data-start=\"6629\" data-end=\"6679\">2. K \u010demu se pou\u017e\u00edvaj\u00ed pelety IPPH 25 mg?<\/strong><br data-start=\"6679\" data-end=\"6682\" \/>Pelety se pou\u017e\u00edvaj\u00ed k <strong data-start=\"6714\" data-end=\"6752\">analytick\u00fd a forenzn\u00ed v\u00fdzkum<\/strong>, jako je chromatografie a spektroskopie.<\/p>\n<p data-start=\"6796\" data-end=\"6987\"><strong data-start=\"6796\" data-end=\"6834\">3. Je leg\u00e1ln\u00ed koupit IPPH?<\/strong><br data-start=\"6834\" data-end=\"6837\" \/>The <strong data-start=\"6840\" data-end=\"6863\">z\u00e1konnost IPPH<\/strong> li\u0161\u00ed se v jednotliv\u00fdch zem\u00edch. V n\u011bkter\u00fdch zem\u00edch je regulov\u00e1no. P\u0159ed pou\u017eit\u00edm si v\u017edy ov\u011b\u0159te m\u00edstn\u00ed z\u00e1kony. <strong data-start=\"6970\" data-end=\"6984\">IPPH nakupuje<\/strong>.<\/p>","protected":false},"excerpt":{"rendered":"<p>\u00davod Pelety isopropylfenid\u00e1tu (IPPH) 25 mg obsahuj\u00ed 25 mg vysoce \u010dist\u00e9ho isopropylfenid\u00e1tu, piperidinov\u00e9 slou\u010deniny strukturn\u011b podobn\u00e9 methylfenid\u00e1tu a ethylfenid\u00e1tu. ipph Vnit\u0159n\u00ed<\/p>","protected":false},"featured_media":28547,"comment_status":"closed","ping_status":"closed","template":"","meta":[],"product_brand":[82],"product_cat":[461,462,336,324],"product_tag":[596,928,595,326],"class_list":{"0":"post-24443","1":"product","2":"type-product","3":"status-publish","4":"has-post-thumbnail","6":"product_brand-research-chemical","7":"product_cat-ipph","8":"product_cat-ipph-pellets","9":"product_cat-overig","10":"product_cat-pellets-for-pellet","11":"product_tag-ipph","12":"product_tag-ipph-kopen","13":"product_tag-isopropylphenidate","14":"product_tag-nl","16":"first","17":"instock","18":"taxable","19":"shipping-taxable","20":"purchasable","21":"product-type-variable"},"_links":{"self":[{"href":"https:\/\/researchchemicalhub.com\/cs\/wp-json\/wp\/v2\/product\/24443","targetHints":{"allow":["GET"]}}],"collection":[{"href":"https:\/\/researchchemicalhub.com\/cs\/wp-json\/wp\/v2\/product"}],"about":[{"href":"https:\/\/researchchemicalhub.com\/cs\/wp-json\/wp\/v2\/types\/product"}],"replies":[{"embeddable":true,"href":"https:\/\/researchchemicalhub.com\/cs\/wp-json\/wp\/v2\/comments?post=24443"}],"version-history":[{"count":5,"href":"https:\/\/researchchemicalhub.com\/cs\/wp-json\/wp\/v2\/product\/24443\/revisions"}],"predecessor-version":[{"id":27791,"href":"https:\/\/researchchemicalhub.com\/cs\/wp-json\/wp\/v2\/product\/24443\/revisions\/27791"}],"wp:featuredmedia":[{"embeddable":true,"href":"https:\/\/researchchemicalhub.com\/cs\/wp-json\/wp\/v2\/media\/28547"}],"wp:attachment":[{"href":"https:\/\/researchchemicalhub.com\/cs\/wp-json\/wp\/v2\/media?parent=24443"}],"wp:term":[{"taxonomy":"product_brand","embeddable":true,"href":"https:\/\/researchchemicalhub.com\/cs\/wp-json\/wp\/v2\/product_brand?post=24443"},{"taxonomy":"product_cat","embeddable":true,"href":"https:\/\/researchchemicalhub.com\/cs\/wp-json\/wp\/v2\/product_cat?post=24443"},{"taxonomy":"product_tag","embeddable":true,"href":"https:\/\/researchchemicalhub.com\/cs\/wp-json\/wp\/v2\/product_tag?post=24443"}],"curies":[{"name":"wp","href":"https:\/\/api.w.org\/{rel}","templated":true}]}}