{"id":24377,"date":"2025-04-13T17:41:36","date_gmt":"2025-04-13T17:41:36","guid":{"rendered":"https:\/\/researchchemicalhub.com\/?post_type=product&#038;p=24377"},"modified":"2025-10-12T09:20:48","modified_gmt":"2025-10-12T09:20:48","slug":"maxtc-5-mapb-4-fma-5-meo-mipt","status":"publish","type":"product","link":"https:\/\/researchchemicalhub.com\/cs\/shop\/4fma-kopen\/maxtc-5-mapb-4-fma-5-meo-mipt\/","title":{"rendered":"MaXTC 5-MAPB\/4-FMA\/5-MeO-MiPT"},"content":{"rendered":"<h3 data-start=\"4388\" data-end=\"4409\"><strong data-start=\"4392\" data-end=\"4407\">Zaveden\u00ed<\/strong><\/h3>\n<p data-start=\"4410\" data-end=\"4641\"><strong data-start=\"4410\" data-end=\"4449\">MaXTC (5-MAPB \/ 4-FMA \/ 5-MeO-MiPT)<\/strong> je a <strong data-start=\"4457\" data-end=\"4488\">analytick\u00e1 v\u00fdzkumn\u00e1 sm\u011bs<\/strong> kter\u00fd kombinuje t\u0159i zn\u00e1m\u00e9 slou\u010deniny \u2013 <strong data-start=\"4532\" data-end=\"4542\">5-MAPB<\/strong>, <strong data-start=\"4544\" data-end=\"4553\">4-FMA<\/strong> a <strong data-start=\"4557\" data-end=\"4571\">5-MeO-MiPT<\/strong> - pro <strong data-start=\"4579\" data-end=\"4638\">chromatografick\u00e9, forenzn\u00ed a neurochemick\u00e9 vy\u0161et\u0159en\u00ed<\/strong>maxtc<\/p>\n<p data-start=\"4643\" data-end=\"4898\">Tato unik\u00e1tn\u00ed kombinace umo\u017e\u0148uje <strong data-start=\"4688\" data-end=\"4769\">chemick\u00e9 interakce mezi analogy benzofuranu, amfetaminu a tryptaminu<\/strong> studovat, co\u017e poskytuje cenn\u00e9 poznatky o <strong data-start=\"4820\" data-end=\"4862\">vztahy mezi strukturou a aktivitou (SAR)<\/strong> a <strong data-start=\"4866\" data-end=\"4895\">spektroskopick\u00e9 anal\u00fdzy<\/strong>.<\/p>\n<p data-start=\"4900\" data-end=\"5167\">Ka\u017ed\u00e1 \u0161ar\u017ee MaXTC se vyr\u00e1b\u00ed za podm\u00ednek <strong data-start=\"4946\" data-end=\"4979\">p\u0159\u00edsn\u00e9 laboratorn\u00ed podm\u00ednky<\/strong> a testov\u00e1no na <strong data-start=\"4997\" data-end=\"5021\">\u010distota \u2265 98%<\/strong> p\u0159es <strong data-start=\"5026\" data-end=\"5043\">HPLC a GC\/MS<\/strong>Produkt je dod\u00e1v\u00e1n jako <strong data-start=\"5080\" data-end=\"5107\">jemn\u00fd krystalick\u00fd pr\u00e1\u0161ek<\/strong> v <strong data-start=\"5115\" data-end=\"5164\">laboratorn\u00ed s\u00e1\u010dek odoln\u00fd proti vlhkosti, znovuuzav\u00edrateln\u00fd<\/strong>.<\/p>\n<blockquote data-start=\"5169\" data-end=\"5309\">\n<p data-start=\"5171\" data-end=\"5309\">\u26a0\ufe0f <strong data-start=\"5174\" data-end=\"5185\">Pozn.:<\/strong> MaXTC je ur\u010den v\u00fdhradn\u011b pro <strong data-start=\"5220\" data-end=\"5255\">v\u00fdzkumn\u00e9 a analytick\u00e9 vyu\u017eit\u00ed<\/strong> \u2014 <strong data-start=\"5258\" data-end=\"5306\">nen\u00ed ur\u010deno k lidsk\u00e9 ani zv\u00ed\u0159ec\u00ed spot\u0159eb\u011b<\/strong>.<\/p>\n<\/blockquote>\n<hr data-start=\"5311\" data-end=\"5314\" \/>\n<h3 data-start=\"5316\" data-end=\"5347\"><strong data-start=\"5320\" data-end=\"5347\">Kl\u00ed\u010dov\u00e9 vlastnosti<\/strong><\/h3>\n<div class=\"_tableContainer_1rjym_1\">\n<div class=\"group _tableWrapper_1rjym_13 flex w-fit flex-col-reverse\" tabindex=\"-1\">\n<table class=\"w-fit min-w-(--thread-content-width)\" data-start=\"5349\" data-end=\"5865\">\n<thead data-start=\"5349\" data-end=\"5375\">\n<tr data-start=\"5349\" data-end=\"5375\">\n<th data-start=\"5349\" data-end=\"5359\" data-col-size=\"sm\">Funkce<\/th>\n<th data-start=\"5359\" data-end=\"5375\" data-col-size=\"md\">Popis<\/th>\n<\/tr>\n<\/thead>\n<tbody data-start=\"5404\" data-end=\"5865\">\n<tr data-start=\"5404\" data-end=\"5461\">\n<td data-start=\"5404\" data-end=\"5422\" data-col-size=\"sm\"><strong data-start=\"5406\" data-end=\"5421\">N\u00e1zev produktu<\/strong><\/td>\n<td data-start=\"5422\" data-end=\"5461\" data-col-size=\"md\">MaXTC (5-MAPB \/ 4-FMA \/ 5-MeO-MiPT)<\/td>\n<\/tr>\n<tr data-start=\"5462\" data-end=\"5511\">\n<td data-start=\"5462\" data-end=\"5482\" data-col-size=\"sm\"><strong data-start=\"5464\" data-end=\"5481\">Slou\u010denina<\/strong><\/td>\n<td data-start=\"5482\" data-end=\"5511\" data-col-size=\"md\">5-MAPB, 4-FMA, 5-MeO-MiPT<\/td>\n<\/tr>\n<tr data-start=\"5512\" data-end=\"5585\">\n<td data-start=\"5512\" data-end=\"5535\" data-col-size=\"sm\"><strong data-start=\"5514\" data-end=\"5534\">Chemick\u00e1 t\u0159\u00edda<\/strong><\/td>\n<td data-start=\"5535\" data-end=\"5585\" data-col-size=\"md\">Analogy benzofuranu \/ amfetaminu \/ tryptaminu<\/td>\n<\/tr>\n<tr data-start=\"5586\" data-end=\"5624\">\n<td data-start=\"5586\" data-end=\"5597\" data-col-size=\"sm\"><strong data-start=\"5588\" data-end=\"5596\">Formul\u00e1\u0159<\/strong><\/td>\n<td data-start=\"5597\" data-end=\"5624\" data-col-size=\"md\">Jemn\u00fd krystalick\u00fd pr\u00e1\u0161ek<\/td>\n<\/tr>\n<tr data-start=\"5625\" data-end=\"5678\">\n<td data-start=\"5625\" data-end=\"5642\" data-col-size=\"sm\"><strong data-start=\"5627\" data-end=\"5641\">\u010cistota<\/strong><\/td>\n<td data-start=\"5642\" data-end=\"5678\" data-col-size=\"md\">\u2265 98% (testov\u00e1no pomoc\u00ed HPLC a GC\/MS)<\/td>\n<\/tr>\n<tr data-start=\"5679\" data-end=\"5717\">\n<td data-start=\"5679\" data-end=\"5697\" data-col-size=\"sm\"><strong data-start=\"5681\" data-end=\"5696\">Mno\u017estv\u00ed<\/strong><\/td>\n<td data-start=\"5697\" data-end=\"5717\" data-col-size=\"md\">1 gram na s\u00e1\u010dek<\/td>\n<\/tr>\n<tr data-start=\"5718\" data-end=\"5797\">\n<td data-start=\"5718\" data-end=\"5732\" data-col-size=\"sm\"><strong data-start=\"5720\" data-end=\"5731\">Pou\u017e\u00edv\u00e1n\u00ed<\/strong><\/td>\n<td data-start=\"5732\" data-end=\"5797\" data-col-size=\"md\">Pouze pro analytick\u00fd, forenzn\u00ed a neurochemick\u00fd v\u00fdzkum<\/td>\n<\/tr>\n<tr data-start=\"5798\" data-end=\"5865\">\n<td data-start=\"5798\" data-end=\"5815\" data-col-size=\"sm\"><strong data-start=\"5800\" data-end=\"5814\">Obal<\/strong><\/td>\n<td data-start=\"5815\" data-end=\"5865\" data-col-size=\"md\">Znovuuzav\u00edrateln\u00fd laboratorn\u00ed s\u00e1\u010dek odoln\u00fd proti vlhkosti<\/td>\n<\/tr>\n<\/tbody>\n<\/table>\n<\/div>\n<\/div>\n<hr data-start=\"5867\" data-end=\"5870\" \/>\n<h3 data-start=\"5872\" data-end=\"5889\"><strong data-start=\"5876\" data-end=\"5889\">V\u00fdhody<\/strong><\/h3>\n<ul data-start=\"5891\" data-end=\"6333\">\n<li data-start=\"5891\" data-end=\"5993\">\n<p data-start=\"5893\" data-end=\"5993\"><strong data-start=\"5893\" data-end=\"5926\">Trojit\u00fd v\u00fdzkumn\u00fd vzorec<\/strong> \u2013 Kombinuje t\u0159i chemick\u00e9 t\u0159\u00eddy pro srovn\u00e1vac\u00ed studium.<\/p>\n<\/li>\n<li data-start=\"5994\" data-end=\"6063\">\n<p data-start=\"5996\" data-end=\"6063\"><strong data-start=\"5996\" data-end=\"6015\">Vysok\u00e1 \u010distota<\/strong> \u2013 Ka\u017ed\u00e1 slo\u017eka \u2265 98% laboratorn\u00ed jakosti.<\/p>\n<\/li>\n<li data-start=\"6064\" data-end=\"6147\">\n<p data-start=\"6066\" data-end=\"6147\"><strong data-start=\"6066\" data-end=\"6096\">\u0160iroce pou\u017eiteln\u00e9 pro v\u00fdzkum<\/strong> \u2013 Vhodn\u00e9 pro GC\/MS, LC-MS, FTIR, NMR a HPLC.<\/p>\n<\/li>\n<li data-start=\"6148\" data-end=\"6246\">\n<p data-start=\"6150\" data-end=\"6246\"><strong data-start=\"6150\" data-end=\"6176\">Stabiln\u00ed a spolehliv\u00fd<\/strong> \u2013 Baleno v materi\u00e1lu odoln\u00e9m proti vlhkosti pro dlouhou trvanlivost.<\/p>\n<\/li>\n<li data-start=\"6247\" data-end=\"6333\">\n<p data-start=\"6249\" data-end=\"6333\"><strong data-start=\"6249\" data-end=\"6274\">Sledovateln\u00e1 v\u00fdroba<\/strong> \u2013 Ka\u017ed\u00e1 \u0161ar\u017ee je testov\u00e1na a opat\u0159ena certifik\u00e1ty o anal\u00fdze.<\/p>\n<\/li>\n<\/ul>\n<hr data-start=\"6335\" data-end=\"6338\" \/>\n<h3 data-start=\"6340\" data-end=\"6392\"><strong data-start=\"6344\" data-end=\"6390\">Pou\u017eit\u00ed (pouze pro v\u00fdzkumn\u00e9 \u00fa\u010dely)<\/strong><\/h3>\n<ol data-start=\"6394\" data-end=\"6747\">\n<li data-start=\"6394\" data-end=\"6463\">\n<p data-start=\"6397\" data-end=\"6463\"><strong data-start=\"6397\" data-end=\"6412\">Zach\u00e1zen\u00ed:<\/strong> Pou\u017e\u00edvejte rukavice, ochrann\u00e9 br\u00fdle a laboratorn\u00ed pl\u00e1\u0161\u0165.<\/p>\n<\/li>\n<li data-start=\"6464\" data-end=\"6527\">\n<p data-start=\"6467\" data-end=\"6527\"><strong data-start=\"6467\" data-end=\"6480\">Rozm\u011bry:<\/strong> Pou\u017e\u00edvejte p\u0159esn\u00e9 laboratorn\u00ed v\u00e1hy.<\/p>\n<\/li>\n<li data-start=\"6528\" data-end=\"6582\">\n<p data-start=\"6531\" data-end=\"6582\"><strong data-start=\"6531\" data-end=\"6542\">Skladov\u00e1n\u00ed:<\/strong> Skladujte v chladu (2\u20138 \u00b0C), suchu a tm\u011b.<\/p>\n<\/li>\n<li data-start=\"6583\" data-end=\"6671\">\n<p data-start=\"6586\" data-end=\"6671\"><strong data-start=\"6586\" data-end=\"6598\">Anal\u00fdza:<\/strong> Vhodn\u00e9 pro chromatografii, spektroskopii a srovn\u00e1vac\u00ed v\u00fdzkum.<\/p>\n<\/li>\n<li data-start=\"6672\" data-end=\"6747\">\n<p data-start=\"6675\" data-end=\"6747\"><strong data-start=\"6675\" data-end=\"6692\">Dokumentace:<\/strong> Zaznamenejte \u010d\u00edsla \u0161ar\u017e\u00ed a v\u00fdsledky test\u016f pro shodu.<\/p>\n<\/li>\n<\/ol>\n<hr data-start=\"6749\" data-end=\"6752\" \/>\n<h3 data-start=\"6754\" data-end=\"6789\"><strong data-start=\"6758\" data-end=\"6787\">\u010casto kladen\u00e9 ot\u00e1zky (FAQ)<\/strong><\/h3>\n<p data-start=\"6791\" data-end=\"6964\"><strong data-start=\"6791\" data-end=\"6841\">1. Co je MaXTC (5-MAPB \/ 4-FMA \/ 5-MeO-MiPT)?<\/strong><br data-start=\"6841\" data-end=\"6844\" \/><strong data-start=\"6844\" data-end=\"6853\">MaXTC<\/strong> je a <strong data-start=\"6861\" data-end=\"6880\">v\u00fdzkumn\u00e1 sm\u011bs<\/strong> kter\u00fd kombinuje t\u0159i chemick\u00e9 t\u0159\u00eddy pro pokro\u010dil\u00e9 analytick\u00e9 aplikace.<\/p>\n<p data-start=\"6966\" data-end=\"7070\"><strong data-start=\"6966\" data-end=\"6993\">2. Jak \u010dist\u00fd je MaXTC?<\/strong><br data-start=\"6993\" data-end=\"6996\" \/>Ka\u017ed\u00e1 \u0161ar\u017ee je testov\u00e1na a obsahuje <strong data-start=\"7026\" data-end=\"7046\">\u010cistota \u2265 98%<\/strong> v\u0161ech komponent.<\/p>\n<p data-start=\"7072\" data-end=\"7284\"><strong data-start=\"7072\" data-end=\"7111\">3. Je leg\u00e1ln\u00ed koupit MaXTC?<\/strong><br data-start=\"7111\" data-end=\"7114\" \/>The <strong data-start=\"7117\" data-end=\"7141\">legalita MaXTC<\/strong> li\u0161\u00ed se v jednotliv\u00fdch zem\u00edch v z\u00e1vislosti na statusu jednotliv\u00fdch l\u00e1tek. P\u0159ed pou\u017eit\u00edm si v\u017edy ov\u011b\u0159te m\u00edstn\u00ed p\u0159edpisy. <strong data-start=\"7266\" data-end=\"7281\">MaXTC nakupuje<\/strong>.<\/p>","protected":false},"excerpt":{"rendered":"<p>\u00davod MaXTC (5-MAPB \/ 4-FMA \/ 5-MeO-MiPT) je analytick\u00e1 v\u00fdzkumn\u00e1 sm\u011bs, kter\u00e1 kombinuje t\u0159i zn\u00e1m\u00e9 slou\u010deniny \u2013 5-MAPB, 4-FMA a<\/p>","protected":false},"featured_media":21157,"comment_status":"closed","ping_status":"closed","template":"","meta":[],"product_brand":[],"product_cat":[459,460,383,433,436,434,339,322,333,467,468,324,381],"product_tag":[664,326],"class_list":{"0":"post-24377","1":"product","2":"type-product","3":"status-publish","4":"has-post-thumbnail","6":"product_cat-4fma-kopen","7":"product_cat-4-fma-pellets","8":"product_cat-5-mapb","9":"product_cat-5-mapb-pellets","10":"product_cat-5-meo-mipt","11":"product_cat-5-meo-mipt-pellets","12":"product_cat-benzofuran","13":"product_cat-bijna-verboden","14":"product_cat-gefluoreerden","15":"product_cat-maxtc","16":"product_cat-maxtc-pellets","17":"product_cat-pellets-for-pellet","18":"product_cat-tryptamines","19":"product_tag-maxtc","20":"product_tag-nl","22":"first","23":"instock","24":"taxable","25":"shipping-taxable","26":"purchasable","27":"product-type-variable"},"_links":{"self":[{"href":"https:\/\/researchchemicalhub.com\/cs\/wp-json\/wp\/v2\/product\/24377","targetHints":{"allow":["GET"]}}],"collection":[{"href":"https:\/\/researchchemicalhub.com\/cs\/wp-json\/wp\/v2\/product"}],"about":[{"href":"https:\/\/researchchemicalhub.com\/cs\/wp-json\/wp\/v2\/types\/product"}],"replies":[{"embeddable":true,"href":"https:\/\/researchchemicalhub.com\/cs\/wp-json\/wp\/v2\/comments?post=24377"}],"version-history":[{"count":5,"href":"https:\/\/researchchemicalhub.com\/cs\/wp-json\/wp\/v2\/product\/24377\/revisions"}],"predecessor-version":[{"id":27797,"href":"https:\/\/researchchemicalhub.com\/cs\/wp-json\/wp\/v2\/product\/24377\/revisions\/27797"}],"wp:featuredmedia":[{"embeddable":true,"href":"https:\/\/researchchemicalhub.com\/cs\/wp-json\/wp\/v2\/media\/21157"}],"wp:attachment":[{"href":"https:\/\/researchchemicalhub.com\/cs\/wp-json\/wp\/v2\/media?parent=24377"}],"wp:term":[{"taxonomy":"product_brand","embeddable":true,"href":"https:\/\/researchchemicalhub.com\/cs\/wp-json\/wp\/v2\/product_brand?post=24377"},{"taxonomy":"product_cat","embeddable":true,"href":"https:\/\/researchchemicalhub.com\/cs\/wp-json\/wp\/v2\/product_cat?post=24377"},{"taxonomy":"product_tag","embeddable":true,"href":"https:\/\/researchchemicalhub.com\/cs\/wp-json\/wp\/v2\/product_tag?post=24377"}],"curies":[{"name":"wp","href":"https:\/\/api.w.org\/{rel}","templated":true}]}}