{"id":24344,"date":"2025-04-13T17:41:31","date_gmt":"2025-04-13T17:41:31","guid":{"rendered":"https:\/\/researchchemicalhub.com\/?post_type=product&#038;p=24344"},"modified":"2025-10-29T08:42:33","modified_gmt":"2025-10-29T08:42:33","slug":"2-fa-2-fluoroamfetamine","status":"publish","type":"product","link":"https:\/\/researchchemicalhub.com\/cs\/shop\/2-fa\/2-fa-2-fluoroamfetamine\/","title":{"rendered":"2-FA (2-Fluoramfetamin)"},"content":{"rendered":"<h3 data-start=\"4212\" data-end=\"4233\"><strong data-start=\"4216\" data-end=\"4231\"><span dir=\"auto\" style=\"vertical-align: inherit;\"><span dir=\"auto\" style=\"vertical-align: inherit;\">Zaveden\u00ed<\/span><\/span><\/strong><\/h3>\n<p data-start=\"4234\" data-end=\"4470\"><strong data-start=\"4234\" data-end=\"4262\"><span dir=\"auto\" style=\"vertical-align: inherit;\"><span dir=\"auto\" style=\"vertical-align: inherit;\">2-FA (2-Fluoramphetamine)<\/span><\/span><\/strong><span dir=\"auto\" style=\"vertical-align: inherit;\"><span dir=\"auto\" style=\"vertical-align: inherit;\"> je <\/span><\/span><strong data-start=\"4270\" data-end=\"4307\"><span dir=\"auto\" style=\"vertical-align: inherit;\"><span dir=\"auto\" style=\"vertical-align: inherit;\">fluorinated amphetamine compound<\/span><\/span><\/strong><span dir=\"auto\" style=\"vertical-align: inherit;\"><span dir=\"auto\" style=\"vertical-align: inherit;\"> z <\/span><\/span><strong data-start=\"4315\" data-end=\"4338\"><span dir=\"auto\" style=\"vertical-align: inherit;\"><span dir=\"auto\" style=\"vertical-align: inherit;\">t\u0159\u00edda fenethylaminu<\/span><\/span><\/strong><span dir=\"auto\" style=\"vertical-align: inherit;\"><span dir=\"auto\" style=\"vertical-align: inherit;\"> . Structurally, it is the <\/span><\/span><strong data-start=\"4369\" data-end=\"4406\"><span dir=\"auto\" style=\"vertical-align: inherit;\"><span dir=\"auto\" style=\"vertical-align: inherit;\">ortho-fluoro analog of amphetamine<\/span><\/span><\/strong><span dir=\"auto\" style=\"vertical-align: inherit;\"><span dir=\"auto\" style=\"vertical-align: inherit;\"> , with a hydrogen atom replaced by a fluorine atom. 2-FA<\/span><\/span><\/p>\n<p data-start=\"4472\" data-end=\"4745\"><span dir=\"auto\" style=\"vertical-align: inherit;\"><span dir=\"auto\" style=\"vertical-align: inherit;\">V <\/span><\/span><strong data-start=\"4479\" data-end=\"4520\"><span dir=\"auto\" style=\"vertical-align: inherit;\"><span dir=\"auto\" style=\"vertical-align: inherit;\">analytick\u00fd a neurochemick\u00fd v\u00fdzkum,<\/span><\/span><\/strong><span dir=\"auto\" style=\"vertical-align: inherit;\"><span dir=\"auto\" style=\"vertical-align: inherit;\"> 2-FA is used to <\/span><span dir=\"auto\" style=\"vertical-align: inherit;\">studie <\/span><\/span><strong data-start=\"4544\" data-end=\"4578\"><span dir=\"auto\" style=\"vertical-align: inherit;\"><span dir=\"auto\" style=\"vertical-align: inherit;\">monoamine release and reuptake . It is valuable for research on <\/span><\/span><\/strong><strong data-start=\"4631\" data-end=\"4674\"><span dir=\"auto\" style=\"vertical-align: inherit;\"><span dir=\"auto\" style=\"vertical-align: inherit;\">dopamine and norepinephrine transporters<\/span><\/span><\/strong><span dir=\"auto\" style=\"vertical-align: inherit;\"><span dir=\"auto\" style=\"vertical-align: inherit;\"> , <\/span><\/span><strong data-start=\"4676\" data-end=\"4695\"><span dir=\"auto\" style=\"vertical-align: inherit;\"><span dir=\"auto\" style=\"vertical-align: inherit;\">vazba na receptor<\/span><\/span><\/strong><span dir=\"auto\" style=\"vertical-align: inherit;\"><span dir=\"auto\" style=\"vertical-align: inherit;\"> a <\/span><\/span><strong data-start=\"4700\" data-end=\"4742\"><span dir=\"auto\" style=\"vertical-align: inherit;\"><span dir=\"auto\" style=\"vertical-align: inherit;\">vztahy mezi strukturou a aktivitou (SAR)<\/span><\/span><\/strong><span dir=\"auto\" style=\"vertical-align: inherit;\"><span dir=\"auto\" style=\"vertical-align: inherit;\"> .<\/span><\/span><\/p>\n<p data-start=\"4747\" data-end=\"4979\"><span dir=\"auto\" style=\"vertical-align: inherit;\"><span dir=\"auto\" style=\"vertical-align: inherit;\">Each batch is produced under <\/span><\/span><strong data-start=\"4783\" data-end=\"4823\"><span dir=\"auto\" style=\"vertical-align: inherit;\"><span dir=\"auto\" style=\"vertical-align: inherit;\">kontrolovan\u00e9 laboratorn\u00ed podm\u00ednky<\/span><\/span><\/strong><span dir=\"auto\" style=\"vertical-align: inherit;\"><span dir=\"auto\" style=\"vertical-align: inherit;\"> and tested to <\/span><\/span><strong data-start=\"4841\" data-end=\"4865\"><span dir=\"auto\" style=\"vertical-align: inherit;\"><span dir=\"auto\" style=\"vertical-align: inherit;\">\u010cistota \u2265 98%<\/span><\/span><\/strong><span dir=\"auto\" style=\"vertical-align: inherit;\"><span dir=\"auto\" style=\"vertical-align: inherit;\"> by <\/span><\/span><strong data-start=\"4870\" data-end=\"4885\"><span dir=\"auto\" style=\"vertical-align: inherit;\"><span dir=\"auto\" style=\"vertical-align: inherit;\">HPLC a NMR<\/span><\/span><\/strong><span dir=\"auto\" style=\"vertical-align: inherit;\"><span dir=\"auto\" style=\"vertical-align: inherit;\"> . 2-FA is supplied in <\/span><\/span><strong data-start=\"4910\" data-end=\"4950\"><span dir=\"auto\" style=\"vertical-align: inherit;\"><span dir=\"auto\" style=\"vertical-align: inherit;\">crystalline hydrochloride (HCl) form<\/span><\/span><\/strong><span dir=\"auto\" style=\"vertical-align: inherit;\"><span dir=\"auto\" style=\"vertical-align: inherit;\"> pro maxim\u00e1ln\u00ed stabilitu.<\/span><\/span><\/p>\n<blockquote data-start=\"4981\" data-end=\"5127\">\n<p data-start=\"4983\" data-end=\"5127\">\u26a0\ufe0f <strong data-start=\"4986\" data-end=\"4997\"><span dir=\"auto\" style=\"vertical-align: inherit;\"><span dir=\"auto\" style=\"vertical-align: inherit;\">Upozorn\u011bn\u00ed:<\/span><\/span><\/strong><span dir=\"auto\" style=\"vertical-align: inherit;\"><span dir=\"auto\" style=\"vertical-align: inherit;\"> This product is intended for <\/span><\/span><strong data-start=\"5038\" data-end=\"5073\"><span dir=\"auto\" style=\"vertical-align: inherit;\"><span dir=\"auto\" style=\"vertical-align: inherit;\">v\u00fdzkumn\u00e9 a analytick\u00e9 vyu\u017eit\u00ed<\/span><\/span><\/strong><span dir=\"auto\" style=\"vertical-align: inherit;\"><span dir=\"auto\" style=\"vertical-align: inherit;\"> pouze \u2014 <\/span><\/span><strong data-start=\"5076\" data-end=\"5124\"><span dir=\"auto\" style=\"vertical-align: inherit;\"><span dir=\"auto\" style=\"vertical-align: inherit;\">nen\u00ed ur\u010deno k lidsk\u00e9 ani zv\u00ed\u0159ec\u00ed spot\u0159eb\u011b<\/span><\/span><\/strong><span dir=\"auto\" style=\"vertical-align: inherit;\"><span dir=\"auto\" style=\"vertical-align: inherit;\"> .<\/span><\/span><\/p>\n<\/blockquote>\n<hr data-start=\"5129\" data-end=\"5132\" \/>\n<h3 data-start=\"5134\" data-end=\"5165\"><strong data-start=\"5138\" data-end=\"5165\"><span dir=\"auto\" style=\"vertical-align: inherit;\"><span dir=\"auto\" style=\"vertical-align: inherit;\">Kl\u00ed\u010dov\u00e9 vlastnosti<\/span><\/span><\/strong><\/h3>\n<div class=\"_tableContainer_1rjym_1\">\n<div class=\"group _tableWrapper_1rjym_13 flex w-fit flex-col-reverse\" tabindex=\"-1\">\n<table class=\"w-fit min-w-(--thread-content-width)\" data-start=\"5167\" data-end=\"5761\">\n<thead data-start=\"5167\" data-end=\"5193\">\n<tr data-start=\"5167\" data-end=\"5193\">\n<th data-start=\"5167\" data-end=\"5177\" data-col-size=\"sm\"><span dir=\"auto\" style=\"vertical-align: inherit;\"><span dir=\"auto\" style=\"vertical-align: inherit;\">Funkce<\/span><\/span><\/th>\n<th data-start=\"5177\" data-end=\"5193\" data-col-size=\"md\"><span dir=\"auto\" style=\"vertical-align: inherit;\"><span dir=\"auto\" style=\"vertical-align: inherit;\">Popis<\/span><\/span><\/th>\n<\/tr>\n<\/thead>\n<tbody data-start=\"5222\" data-end=\"5761\">\n<tr data-start=\"5222\" data-end=\"5278\">\n<td data-start=\"5222\" data-end=\"5243\" data-col-size=\"sm\"><strong data-start=\"5224\" data-end=\"5242\"><span dir=\"auto\" style=\"vertical-align: inherit;\"><span dir=\"auto\" style=\"vertical-align: inherit;\">Chemick\u00fd n\u00e1zev<\/span><\/span><\/strong><\/td>\n<td data-start=\"5243\" data-end=\"5278\" data-col-size=\"md\"><span dir=\"auto\" style=\"vertical-align: inherit;\"><span dir=\"auto\" style=\"vertical-align: inherit;\">2-Fluoroamphetamine Hydrochloride<\/span><\/span><\/td>\n<\/tr>\n<tr data-start=\"5279\" data-end=\"5312\">\n<td data-start=\"5279\" data-end=\"5304\" data-col-size=\"sm\"><strong data-start=\"5281\" data-end=\"5303\"><span dir=\"auto\" style=\"vertical-align: inherit;\"><span dir=\"auto\" style=\"vertical-align: inherit;\">B\u011b\u017en\u00fd n\u00e1zev<\/span><\/span><\/strong><\/td>\n<td data-start=\"5304\" data-end=\"5312\" data-col-size=\"md\"><span dir=\"auto\" style=\"vertical-align: inherit;\"><span dir=\"auto\" style=\"vertical-align: inherit;\">2-FA<\/span><\/span><\/td>\n<\/tr>\n<tr data-start=\"5313\" data-end=\"5352\">\n<td data-start=\"5313\" data-end=\"5337\" data-col-size=\"sm\"><strong data-start=\"5315\" data-end=\"5336\"><span dir=\"auto\" style=\"vertical-align: inherit;\"><span dir=\"auto\" style=\"vertical-align: inherit;\">Chemick\u00fd vzorec<\/span><\/span><\/strong><\/td>\n<td data-start=\"5337\" data-end=\"5352\" data-col-size=\"md\"><span dir=\"auto\" style=\"vertical-align: inherit;\"><span dir=\"auto\" style=\"vertical-align: inherit;\">C\u2089H\u2081\u2082FN\u00b7HCl<\/span><\/span><\/td>\n<\/tr>\n<tr data-start=\"5353\" data-end=\"5391\">\n<td data-start=\"5353\" data-end=\"5375\" data-col-size=\"sm\"><strong data-start=\"5355\" data-end=\"5374\"><span dir=\"auto\" style=\"vertical-align: inherit;\"><span dir=\"auto\" style=\"vertical-align: inherit;\">Molekulov\u00e1 hmotnost<\/span><\/span><\/strong><\/td>\n<td data-start=\"5375\" data-end=\"5391\" data-col-size=\"md\"><span dir=\"auto\" style=\"vertical-align: inherit;\"><span dir=\"auto\" style=\"vertical-align: inherit;\">189.65 g\/mol<\/span><\/span><\/td>\n<\/tr>\n<tr data-start=\"5392\" data-end=\"5436\">\n<td data-start=\"5392\" data-end=\"5403\" data-col-size=\"sm\"><strong data-start=\"5394\" data-end=\"5402\"><span dir=\"auto\" style=\"vertical-align: inherit;\"><span dir=\"auto\" style=\"vertical-align: inherit;\">Formul\u00e1\u0159<\/span><\/span><\/strong><\/td>\n<td data-start=\"5403\" data-end=\"5436\" data-col-size=\"md\"><span dir=\"auto\" style=\"vertical-align: inherit;\"><span dir=\"auto\" style=\"vertical-align: inherit;\">Crystalline hydrochloride salt<\/span><\/span><\/td>\n<\/tr>\n<tr data-start=\"5437\" data-end=\"5488\">\n<td data-start=\"5437\" data-end=\"5454\" data-col-size=\"sm\"><strong data-start=\"5439\" data-end=\"5453\"><span dir=\"auto\" style=\"vertical-align: inherit;\"><span dir=\"auto\" style=\"vertical-align: inherit;\">\u010cistota<\/span><\/span><\/strong><\/td>\n<td data-start=\"5454\" data-end=\"5488\" data-col-size=\"md\"><span dir=\"auto\" style=\"vertical-align: inherit;\"><span dir=\"auto\" style=\"vertical-align: inherit;\">\u2265 98% (testov\u00e1no pomoc\u00ed HPLC a NMR)<\/span><\/span><\/td>\n<\/tr>\n<tr data-start=\"5489\" data-end=\"5555\">\n<td data-start=\"5489\" data-end=\"5512\" data-col-size=\"sm\"><strong data-start=\"5491\" data-end=\"5511\"><span dir=\"auto\" style=\"vertical-align: inherit;\"><span dir=\"auto\" style=\"vertical-align: inherit;\">Chemick\u00e1 t\u0159\u00edda<\/span><\/span><\/strong><\/td>\n<td data-start=\"5512\" data-end=\"5555\" data-col-size=\"md\"><span dir=\"auto\" style=\"vertical-align: inherit;\"><span dir=\"auto\" style=\"vertical-align: inherit;\">Fluoramphetamine \/ Phenethylamine analogue<\/span><\/span><\/td>\n<\/tr>\n<tr data-start=\"5556\" data-end=\"5635\">\n<td data-start=\"5556\" data-end=\"5570\" data-col-size=\"sm\"><strong data-start=\"5558\" data-end=\"5569\"><span dir=\"auto\" style=\"vertical-align: inherit;\"><span dir=\"auto\" style=\"vertical-align: inherit;\">Pou\u017e\u00edv\u00e1n\u00ed<\/span><\/span><\/strong><\/td>\n<td data-start=\"5570\" data-end=\"5635\" data-col-size=\"md\"><span dir=\"auto\" style=\"vertical-align: inherit;\"><span dir=\"auto\" style=\"vertical-align: inherit;\">Pouze pro analytick\u00fd, forenzn\u00ed a neurochemick\u00fd v\u00fdzkum<\/span><\/span><\/td>\n<\/tr>\n<tr data-start=\"5636\" data-end=\"5703\">\n<td data-start=\"5636\" data-end=\"5653\" data-col-size=\"sm\"><strong data-start=\"5638\" data-end=\"5652\"><span dir=\"auto\" style=\"vertical-align: inherit;\"><span dir=\"auto\" style=\"vertical-align: inherit;\">Obal<\/span><\/span><\/strong><\/td>\n<td data-start=\"5653\" data-end=\"5703\" data-col-size=\"md\"><span dir=\"auto\" style=\"vertical-align: inherit;\"><span dir=\"auto\" style=\"vertical-align: inherit;\">Znovuuzav\u00edrateln\u00fd laboratorn\u00ed s\u00e1\u010dek odoln\u00fd proti vlhkosti<\/span><\/span><\/td>\n<\/tr>\n<tr data-start=\"5704\" data-end=\"5761\">\n<td data-start=\"5704\" data-end=\"5722\" data-col-size=\"sm\"><strong data-start=\"5706\" data-end=\"5721\"><span dir=\"auto\" style=\"vertical-align: inherit;\"><span dir=\"auto\" style=\"vertical-align: inherit;\">Mno\u017estv\u00ed<\/span><\/span><\/strong><\/td>\n<td data-start=\"5722\" data-end=\"5761\" data-col-size=\"md\"><span dir=\"auto\" style=\"vertical-align: inherit;\"><span dir=\"auto\" style=\"vertical-align: inherit;\">1 gram na s\u00e1\u010dek (z\u00e1vis\u00ed na \u0161ar\u017ei)<\/span><\/span><\/td>\n<\/tr>\n<\/tbody>\n<\/table>\n<\/div>\n<\/div>\n<hr data-start=\"5763\" data-end=\"5766\" \/>\n<h3 data-start=\"5768\" data-end=\"5785\"><strong data-start=\"5772\" data-end=\"5785\"><span dir=\"auto\" style=\"vertical-align: inherit;\"><span dir=\"auto\" style=\"vertical-align: inherit;\">V\u00fdhody<\/span><\/span><\/strong><\/h3>\n<ul data-start=\"5787\" data-end=\"6194\">\n<li data-start=\"5787\" data-end=\"5879\">\n<p data-start=\"5789\" data-end=\"5879\"><strong data-start=\"5789\" data-end=\"5808\"><span dir=\"auto\" style=\"vertical-align: inherit;\"><span dir=\"auto\" style=\"vertical-align: inherit;\">Vysok\u00e1 \u010distota<\/span><\/span><\/strong><span dir=\"auto\" style=\"vertical-align: inherit;\"><span dir=\"auto\" style=\"vertical-align: inherit;\"> \u2013 \u2265 98% laboratorn\u00ed kvalita pro spolehliv\u00e9 v\u00fdsledky v\u00fdzkumu.<\/span><\/span><\/p>\n<\/li>\n<li data-start=\"5880\" data-end=\"5958\">\n<p data-start=\"5882\" data-end=\"5958\"><strong data-start=\"5882\" data-end=\"5903\"><span dir=\"auto\" style=\"vertical-align: inherit;\"><span dir=\"auto\" style=\"vertical-align: inherit;\">Stabiln\u00ed forma soli<\/span><\/span><\/strong><span dir=\"auto\" style=\"vertical-align: inherit;\"><span dir=\"auto\" style=\"vertical-align: inherit;\"> \u2013 The HCl form increases solubility and stability.<\/span><\/span><\/p>\n<\/li>\n<li data-start=\"5959\" data-end=\"6037\">\n<p data-start=\"5961\" data-end=\"6037\"><strong data-start=\"5961\" data-end=\"5991\"><span dir=\"auto\" style=\"vertical-align: inherit;\"><span dir=\"auto\" style=\"vertical-align: inherit;\">\u0160irok\u00e1 v\u00fdzkumn\u00e1 pou\u017eitelnost<\/span><\/span><\/strong><span dir=\"auto\" style=\"vertical-align: inherit;\"><span dir=\"auto\" style=\"vertical-align: inherit;\"> \u2013 Suitable for GC\/MS, LC-MS, FTIR, and HPLC.<\/span><\/span><\/p>\n<\/li>\n<li data-start=\"6038\" data-end=\"6104\">\n<p data-start=\"6040\" data-end=\"6104\"><strong data-start=\"6040\" data-end=\"6065\"><span dir=\"auto\" style=\"vertical-align: inherit;\"><span dir=\"auto\" style=\"vertical-align: inherit;\">Traceable Production<\/span><\/span><\/strong><span dir=\"auto\" style=\"vertical-align: inherit;\"><span dir=\"auto\" style=\"vertical-align: inherit;\"> \u2013 Every batch tested and verified.<\/span><\/span><\/p>\n<\/li>\n<li data-start=\"6105\" data-end=\"6194\">\n<p data-start=\"6107\" data-end=\"6194\"><strong data-start=\"6107\" data-end=\"6146\"><span dir=\"auto\" style=\"vertical-align: inherit;\"><span dir=\"auto\" style=\"vertical-align: inherit;\">Ideal for Neurochemical Research<\/span><\/span><\/strong><span dir=\"auto\" style=\"vertical-align: inherit;\"><span dir=\"auto\" style=\"vertical-align: inherit;\"> \u2013 Valuable for SAR and transporter analyses.<\/span><\/span><\/p>\n<\/li>\n<\/ul>\n<hr data-start=\"6196\" data-end=\"6199\" \/>\n<h3 data-start=\"6201\" data-end=\"6253\"><strong data-start=\"6205\" data-end=\"6251\"><span dir=\"auto\" style=\"vertical-align: inherit;\"><span dir=\"auto\" style=\"vertical-align: inherit;\">Pou\u017eit\u00ed (pouze pro v\u00fdzkumn\u00e9 \u00fa\u010dely)<\/span><\/span><\/strong><\/h3>\n<ol data-start=\"6255\" data-end=\"6573\">\n<li data-start=\"6255\" data-end=\"6324\">\n<p data-start=\"6258\" data-end=\"6324\"><strong data-start=\"6258\" data-end=\"6273\"><span dir=\"auto\" style=\"vertical-align: inherit;\"><span dir=\"auto\" style=\"vertical-align: inherit;\">Zach\u00e1zen\u00ed:<\/span><\/span><\/strong><span dir=\"auto\" style=\"vertical-align: inherit;\"><span dir=\"auto\" style=\"vertical-align: inherit;\"> Pou\u017e\u00edvejte rukavice, ochrann\u00e9 br\u00fdle a laboratorn\u00ed pl\u00e1\u0161\u0165.<\/span><\/span><\/p>\n<\/li>\n<li data-start=\"6325\" data-end=\"6384\">\n<p data-start=\"6328\" data-end=\"6384\"><strong data-start=\"6328\" data-end=\"6341\"><span dir=\"auto\" style=\"vertical-align: inherit;\"><span dir=\"auto\" style=\"vertical-align: inherit;\">Rozm\u011bry:<\/span><\/span><\/strong><span dir=\"auto\" style=\"vertical-align: inherit;\"><span dir=\"auto\" style=\"vertical-align: inherit;\"> Pou\u017e\u00edvejte kalibrovan\u00e9 laboratorn\u00ed v\u00e1hy.<\/span><\/span><\/p>\n<\/li>\n<li data-start=\"6385\" data-end=\"6439\">\n<p data-start=\"6388\" data-end=\"6439\"><strong data-start=\"6388\" data-end=\"6399\"><span dir=\"auto\" style=\"vertical-align: inherit;\"><span dir=\"auto\" style=\"vertical-align: inherit;\">Skladov\u00e1n\u00ed:<\/span><\/span><\/strong><span dir=\"auto\" style=\"vertical-align: inherit;\"><span dir=\"auto\" style=\"vertical-align: inherit;\"> Skladujte v chladu (2\u20138 \u00b0C), suchu a tm\u011b.<\/span><\/span><\/p>\n<\/li>\n<li data-start=\"6440\" data-end=\"6514\">\n<p data-start=\"6443\" data-end=\"6514\"><strong data-start=\"6443\" data-end=\"6455\"><span dir=\"auto\" style=\"vertical-align: inherit;\"><span dir=\"auto\" style=\"vertical-align: inherit;\">Anal\u00fdza:<\/span><\/span><\/strong><span dir=\"auto\" style=\"vertical-align: inherit;\"><span dir=\"auto\" style=\"vertical-align: inherit;\"> Suitable for chromatography and neurochemical research.<\/span><\/span><\/p>\n<\/li>\n<li data-start=\"6515\" data-end=\"6573\">\n<p data-start=\"6518\" data-end=\"6573\"><strong data-start=\"6518\" data-end=\"6535\"><span dir=\"auto\" style=\"vertical-align: inherit;\"><span dir=\"auto\" style=\"vertical-align: inherit;\">Dokumentace:<\/span><\/span><\/strong><span dir=\"auto\" style=\"vertical-align: inherit;\"><span dir=\"auto\" style=\"vertical-align: inherit;\"> Record batch number and test data.<\/span><\/span><\/p>\n<\/li>\n<\/ol>\n<hr data-start=\"6575\" data-end=\"6578\" \/>\n<h3 data-start=\"6580\" data-end=\"6615\"><strong data-start=\"6584\" data-end=\"6613\"><span dir=\"auto\" style=\"vertical-align: inherit;\"><span dir=\"auto\" style=\"vertical-align: inherit;\">\u010casto kladen\u00e9 ot\u00e1zky (FAQ)<\/span><\/span><\/strong><\/h3>\n<p data-start=\"6617\" data-end=\"6775\"><strong data-start=\"6617\" data-end=\"6656\"><span dir=\"auto\" style=\"vertical-align: inherit;\"><span dir=\"auto\" style=\"vertical-align: inherit;\">1. What is 2-FA (2-Fluoramphetamine)? <\/span><\/span><\/strong><br data-start=\"6656\" data-end=\"6659\" \/><strong data-start=\"6659\" data-end=\"6667\"><span dir=\"auto\" style=\"vertical-align: inherit;\"><span dir=\"auto\" style=\"vertical-align: inherit;\">2-FA<\/span><\/span><\/strong><span dir=\"auto\" style=\"vertical-align: inherit;\"><span dir=\"auto\" style=\"vertical-align: inherit;\"> je <\/span><\/span><strong data-start=\"6675\" data-end=\"6710\"><span dir=\"auto\" style=\"vertical-align: inherit;\"><span dir=\"auto\" style=\"vertical-align: inherit;\">fluorinated amphetamine analog<\/span><\/span><\/strong><span dir=\"auto\" style=\"vertical-align: inherit;\"><span dir=\"auto\" style=\"vertical-align: inherit;\"> used in analytical and neurochemical research.<\/span><\/span><\/p>\n<p data-start=\"6777\" data-end=\"6901\"><strong data-start=\"6777\" data-end=\"6814\"><span dir=\"auto\" style=\"vertical-align: inherit;\"><span dir=\"auto\" style=\"vertical-align: inherit;\">2. What is the purity of 2-FA?<\/span><\/span><\/strong><br data-start=\"6814\" data-end=\"6817\" \/><span dir=\"auto\" style=\"vertical-align: inherit;\"><span dir=\"auto\" style=\"vertical-align: inherit;\"> Ka\u017ed\u00e1 v\u00e1rka m\u00e1 <\/span><\/span><strong data-start=\"6838\" data-end=\"6862\"><span dir=\"auto\" style=\"vertical-align: inherit;\"><span dir=\"auto\" style=\"vertical-align: inherit;\">\u010distota \u2265 98%<\/span><\/span><\/strong><span dir=\"auto\" style=\"vertical-align: inherit;\"><span dir=\"auto\" style=\"vertical-align: inherit;\"> , confirmed by HPLC and NMR analysis.<\/span><\/span><\/p>\n<p data-start=\"6903\" data-end=\"7056\"><strong data-start=\"6903\" data-end=\"6941\"><span dir=\"auto\" style=\"vertical-align: inherit;\"><span dir=\"auto\" style=\"vertical-align: inherit;\">3. Is it legal to buy 2-FA?<\/span><\/span><\/strong><br data-start=\"6941\" data-end=\"6944\" \/><span dir=\"auto\" style=\"vertical-align: inherit;\"><span dir=\"auto\" style=\"vertical-align: inherit;\"> Ten\/Ta\/To <\/span><\/span><strong data-start=\"6947\" data-end=\"6970\"><span dir=\"auto\" style=\"vertical-align: inherit;\"><span dir=\"auto\" style=\"vertical-align: inherit;\">legality of 2-FA<\/span><\/span><\/strong><span dir=\"auto\" style=\"vertical-align: inherit;\"><span dir=\"auto\" style=\"vertical-align: inherit;\"> li\u0161\u00ed se v jednotliv\u00fdch zem\u00edch. P\u0159ed pou\u017eit\u00edm si v\u017edy ov\u011b\u0159te m\u00edstn\u00ed p\u0159edpisy. <\/span><\/span><strong data-start=\"7039\" data-end=\"7053\"><span dir=\"auto\" style=\"vertical-align: inherit;\"><span dir=\"auto\" style=\"vertical-align: inherit;\">purchasing 2-FA<\/span><\/span><\/strong><span dir=\"auto\" style=\"vertical-align: inherit;\"><span dir=\"auto\" style=\"vertical-align: inherit;\"> .<\/span><\/span><\/p>","protected":false},"excerpt":{"rendered":"<h2><span dir=\"auto\" style=\"vertical-align: inherit;\"><span dir=\"auto\" style=\"vertical-align: inherit;\"><span dir=\"auto\" style=\"vertical-align: inherit;\"><span dir=\"auto\" style=\"vertical-align: inherit;\">Vlastnosti 2-FA<\/span><\/span><\/span><\/span><\/h2>\n<p><strong><span dir=\"auto\" style=\"vertical-align: inherit;\"><span dir=\"auto\" style=\"vertical-align: inherit;\"><span dir=\"auto\" style=\"vertical-align: inherit;\"><span dir=\"auto\" style=\"vertical-align: inherit;\">Synonymum<\/span><\/span><\/span><\/span><\/strong><span dir=\"auto\" style=\"vertical-align: inherit;\"><span dir=\"auto\" style=\"vertical-align: inherit;\"><span dir=\"auto\" style=\"vertical-align: inherit;\"><span dir=\"auto\" style=\"vertical-align: inherit;\"> 2-Fluoramfetamin <\/span><\/span><\/span><\/span><br \/>\n<strong><span dir=\"auto\" style=\"vertical-align: inherit;\"><span dir=\"auto\" style=\"vertical-align: inherit;\"><span dir=\"auto\" style=\"vertical-align: inherit;\"><span dir=\"auto\" style=\"vertical-align: inherit;\">\u010c\u00edslo CAS<\/span><\/span><\/span><\/span><\/strong><span dir=\"auto\" style=\"vertical-align: inherit;\"><span dir=\"auto\" style=\"vertical-align: inherit;\"><span dir=\"auto\" style=\"vertical-align: inherit;\"><span dir=\"auto\" style=\"vertical-align: inherit;\"> : 1626-69-3 <\/span><\/span><\/span><\/span><br \/>\n<strong><span dir=\"auto\" style=\"vertical-align: inherit;\"><span dir=\"auto\" style=\"vertical-align: inherit;\"><span dir=\"auto\" style=\"vertical-align: inherit;\"><span dir=\"auto\" style=\"vertical-align: inherit;\">Vzorec<\/span><\/span><\/span><\/span><\/strong><span dir=\"auto\" style=\"vertical-align: inherit;\"><span dir=\"auto\" style=\"vertical-align: inherit;\"><span dir=\"auto\" style=\"vertical-align: inherit;\"><span dir=\"auto\" style=\"vertical-align: inherit;\"> : C9H12FN \u2022 HCL <\/span><\/span><\/span><\/span><br \/>\n<strong><span dir=\"auto\" style=\"vertical-align: inherit;\"><span dir=\"auto\" style=\"vertical-align: inherit;\"><span dir=\"auto\" style=\"vertical-align: inherit;\"><span dir=\"auto\" style=\"vertical-align: inherit;\">Mol\u00e1rn\u00ed hmotnost<\/span><\/span><\/span><\/span><\/strong><span dir=\"auto\" style=\"vertical-align: inherit;\"><span dir=\"auto\" style=\"vertical-align: inherit;\"><span dir=\"auto\" style=\"vertical-align: inherit;\"><span dir=\"auto\" style=\"vertical-align: inherit;\"> : 189,7 g\/mol <\/span><\/span><\/span><\/span><br \/>\n<strong><span dir=\"auto\" style=\"vertical-align: inherit;\"><span dir=\"auto\" style=\"vertical-align: inherit;\"><span dir=\"auto\" style=\"vertical-align: inherit;\"><span dir=\"auto\" style=\"vertical-align: inherit;\">\u010cistota<\/span><\/span><\/span><\/span><\/strong><span dir=\"auto\" style=\"vertical-align: inherit;\"><span dir=\"auto\" style=\"vertical-align: inherit;\"><span dir=\"auto\" style=\"vertical-align: inherit;\"><span dir=\"auto\" style=\"vertical-align: inherit;\"> : \u226598%<\/span><\/span><\/span><\/span><\/p>","protected":false},"featured_media":28379,"comment_status":"closed","ping_status":"closed","template":"","meta":[],"product_brand":[82],"product_cat":[470,322,333],"product_tag":[931,932,821,326],"class_list":{"0":"post-24344","1":"product","2":"type-product","3":"status-publish","4":"has-post-thumbnail","6":"product_brand-research-chemical","7":"product_cat-2-fa","8":"product_cat-bijna-verboden","9":"product_cat-gefluoreerden","10":"product_tag-2-fa-kopen","11":"product_tag-2-fa-research-chemical","12":"product_tag-2-fa","13":"product_tag-nl","15":"first","16":"instock","17":"taxable","18":"shipping-taxable","19":"purchasable","20":"product-type-variable"},"_links":{"self":[{"href":"https:\/\/researchchemicalhub.com\/cs\/wp-json\/wp\/v2\/product\/24344","targetHints":{"allow":["GET"]}}],"collection":[{"href":"https:\/\/researchchemicalhub.com\/cs\/wp-json\/wp\/v2\/product"}],"about":[{"href":"https:\/\/researchchemicalhub.com\/cs\/wp-json\/wp\/v2\/types\/product"}],"replies":[{"embeddable":true,"href":"https:\/\/researchchemicalhub.com\/cs\/wp-json\/wp\/v2\/comments?post=24344"}],"version-history":[{"count":7,"href":"https:\/\/researchchemicalhub.com\/cs\/wp-json\/wp\/v2\/product\/24344\/revisions"}],"predecessor-version":[{"id":28686,"href":"https:\/\/researchchemicalhub.com\/cs\/wp-json\/wp\/v2\/product\/24344\/revisions\/28686"}],"wp:featuredmedia":[{"embeddable":true,"href":"https:\/\/researchchemicalhub.com\/cs\/wp-json\/wp\/v2\/media\/28379"}],"wp:attachment":[{"href":"https:\/\/researchchemicalhub.com\/cs\/wp-json\/wp\/v2\/media?parent=24344"}],"wp:term":[{"taxonomy":"product_brand","embeddable":true,"href":"https:\/\/researchchemicalhub.com\/cs\/wp-json\/wp\/v2\/product_brand?post=24344"},{"taxonomy":"product_cat","embeddable":true,"href":"https:\/\/researchchemicalhub.com\/cs\/wp-json\/wp\/v2\/product_cat?post=24344"},{"taxonomy":"product_tag","embeddable":true,"href":"https:\/\/researchchemicalhub.com\/cs\/wp-json\/wp\/v2\/product_tag?post=24344"}],"curies":[{"name":"wp","href":"https:\/\/api.w.org\/{rel}","templated":true}]}}