{"id":24343,"date":"2025-04-13T17:41:31","date_gmt":"2025-04-13T17:41:31","guid":{"rendered":"https:\/\/researchchemicalhub.com\/?post_type=product&#038;p=24343"},"modified":"2025-10-12T12:50:39","modified_gmt":"2025-10-12T12:50:39","slug":"digitale-bio-mini-weegschaal","status":"publish","type":"product","link":"https:\/\/researchchemicalhub.com\/cs\/shop\/weegschalen\/digitale-bio-mini-weegschaal\/","title":{"rendered":"Digit\u00e1ln\u00ed bio mini v\u00e1ha \u2013 20g x 0,001g"},"content":{"rendered":"<h3 data-start=\"4064\" data-end=\"4085\"><strong data-start=\"4068\" data-end=\"4083\">Zaveden\u00ed<\/strong><\/h3>\n<p data-start=\"4086\" data-end=\"4354\">The <strong data-start=\"4089\" data-end=\"4136\">Digit\u00e1ln\u00ed bio mini v\u00e1ha \u2013 20g x 0,001g<\/strong> je a <strong data-start=\"4144\" data-end=\"4180\">profesion\u00e1ln\u00ed p\u0159esn\u00e1 v\u00e1ha<\/strong> ur\u010den\u00e9 pro aplikace, kde je vy\u017eadov\u00e1na extr\u00e9mn\u00ed p\u0159esnost, jako nap\u0159. <strong data-start=\"4256\" data-end=\"4281\">laboratorn\u00ed v\u00fdzkum<\/strong>, <strong data-start=\"4283\" data-end=\"4304\">chemick\u00e1 anal\u00fdza<\/strong>, <strong data-start=\"4306\" data-end=\"4330\">biologick\u00fd v\u00fdzkum<\/strong> a <strong data-start=\"4334\" data-end=\"4351\">\u0161perky<\/strong>.<\/p>\n<p data-start=\"4356\" data-end=\"4670\">Ihned <strong data-start=\"4364\" data-end=\"4394\">v\u00e1\u017eivost 20 gram\u016f<\/strong> a a <strong data-start=\"4402\" data-end=\"4445\">p\u0159esnost 0,001 g (1 miligram)<\/strong> nab\u00edz\u00ed tuto miniaturn\u00ed v\u00e1hu <strong data-start=\"4473\" data-end=\"4504\">p\u0159esnost na laboratorn\u00ed \u00farovni<\/strong> v <strong data-start=\"4512\" data-end=\"4544\">kompaktn\u00ed a p\u0159enosn\u00fd design<\/strong>Ten\/Ta\/To <strong data-start=\"4549\" data-end=\"4578\">v\u00e1\u017e\u00edc\u00ed deska z nerezov\u00e9 oceli<\/strong> a <strong data-start=\"4586\" data-end=\"4608\">jasn\u00fd LCD displej<\/strong> zaji\u0161\u0165uj\u00ed jasn\u00e9 a stabiln\u00ed m\u011b\u0159en\u00ed v jak\u00e9mkoli prost\u0159ed\u00ed.<\/p>\n<blockquote data-start=\"4672\" data-end=\"4784\">\n<p data-start=\"4674\" data-end=\"4784\">\u2699\ufe0f <strong data-start=\"4677\" data-end=\"4784\">Ide\u00e1ln\u00ed pro laborato\u0159e, biochemick\u00fd v\u00fdzkum nebo materi\u00e1lov\u00e9 v\u011bdy s miligramovou p\u0159esnost\u00ed.<\/strong><\/p>\n<\/blockquote>\n<hr data-start=\"4786\" data-end=\"4789\" \/>\n<h3 data-start=\"4791\" data-end=\"4822\"><strong data-start=\"4795\" data-end=\"4822\">Kl\u00ed\u010dov\u00e9 vlastnosti<\/strong><\/h3>\n<div class=\"_tableContainer_1rjym_1\">\n<div class=\"group _tableWrapper_1rjym_13 flex w-fit flex-col-reverse\" tabindex=\"-1\">\n<table class=\"w-fit min-w-(--thread-content-width)\" data-start=\"4824\" data-end=\"5359\">\n<thead data-start=\"4824\" data-end=\"4850\">\n<tr data-start=\"4824\" data-end=\"4850\">\n<th data-start=\"4824\" data-end=\"4834\" data-col-size=\"sm\">Funkce<\/th>\n<th data-start=\"4834\" data-end=\"4850\" data-col-size=\"md\">Popis<\/th>\n<\/tr>\n<\/thead>\n<tbody data-start=\"4879\" data-end=\"5359\">\n<tr data-start=\"4879\" data-end=\"4923\">\n<td data-start=\"4879\" data-end=\"4891\" data-col-size=\"sm\"><strong data-start=\"4881\" data-end=\"4890\">Model<\/strong><\/td>\n<td data-start=\"4891\" data-end=\"4923\" data-col-size=\"md\">Digit\u00e1ln\u00ed bio mini v\u00e1ha<\/td>\n<\/tr>\n<tr data-start=\"4924\" data-end=\"4957\">\n<td data-start=\"4924\" data-end=\"4941\" data-col-size=\"sm\"><strong data-start=\"4926\" data-end=\"4940\">Rozsah v\u00e1\u017een\u00ed<\/strong><\/td>\n<td data-start=\"4941\" data-end=\"4957\" data-col-size=\"md\">0,001 g \u2013 20 g<\/td>\n<\/tr>\n<tr data-start=\"4958\" data-end=\"5004\">\n<td data-start=\"4958\" data-end=\"4979\" data-col-size=\"sm\"><strong data-start=\"4960\" data-end=\"4978\">P\u0159esnost<\/strong><\/td>\n<td data-start=\"4979\" data-end=\"5004\" data-col-size=\"md\">\u00b10,001 g (1 miligram)<\/td>\n<\/tr>\n<tr data-start=\"5005\" data-end=\"5067\">\n<td data-start=\"5005\" data-end=\"5019\" data-col-size=\"sm\"><strong data-start=\"5007\" data-end=\"5018\">Zobrazit<\/strong><\/td>\n<td data-start=\"5019\" data-end=\"5067\" data-col-size=\"md\">Jasn\u00fd LCD displej s podsv\u00edcen\u00edm<\/td>\n<\/tr>\n<tr data-start=\"5068\" data-end=\"5106\">\n<td data-start=\"5068\" data-end=\"5084\" data-col-size=\"sm\"><strong data-start=\"5070\" data-end=\"5083\">M\u011b\u0159ic\u00ed jednotky<\/strong><\/td>\n<td data-start=\"5084\" data-end=\"5106\" data-col-size=\"md\">g, oz, ct, gn, dwt<\/td>\n<\/tr>\n<tr data-start=\"5107\" data-end=\"5151\">\n<td data-start=\"5107\" data-end=\"5126\" data-col-size=\"sm\"><strong data-start=\"5109\" data-end=\"5125\">V\u00e1\u017e\u00edc\u00ed plo\u0161ina<\/strong><\/td>\n<td data-start=\"5126\" data-end=\"5151\" data-col-size=\"md\">Nerezov\u00fd plech<\/td>\n<\/tr>\n<tr data-start=\"5152\" data-end=\"5201\">\n<td data-start=\"5152\" data-end=\"5166\" data-col-size=\"sm\"><strong data-start=\"5154\" data-end=\"5165\">Nap\u00e1jen\u00ed<\/strong><\/td>\n<td data-start=\"5166\" data-end=\"5201\" data-col-size=\"md\">2 \u00d7 AAA baterie (sou\u010d\u00e1st\u00ed balen\u00ed)<\/td>\n<\/tr>\n<tr data-start=\"5202\" data-end=\"5243\">\n<td data-start=\"5202\" data-end=\"5216\" data-col-size=\"sm\"><strong data-start=\"5204\" data-end=\"5215\">Design<\/strong><\/td>\n<td data-start=\"5216\" data-end=\"5243\" data-col-size=\"md\">Kompaktn\u00ed a lehk\u00fd<\/td>\n<\/tr>\n<tr data-start=\"5244\" data-end=\"5306\">\n<td data-start=\"5244\" data-end=\"5277\" data-col-size=\"sm\"><strong data-start=\"5246\" data-end=\"5276\">Automatick\u00e9 vypnut\u00ed<\/strong><\/td>\n<td data-start=\"5277\" data-end=\"5306\" data-col-size=\"md\">Funkce \u00faspory energie<\/td>\n<\/tr>\n<tr data-start=\"5307\" data-end=\"5359\">\n<td data-start=\"5307\" data-end=\"5325\" data-col-size=\"sm\"><strong data-start=\"5309\" data-end=\"5324\">Ochrann\u00fd kryt<\/strong><\/td>\n<td data-start=\"5325\" data-end=\"5359\" data-col-size=\"md\">Chr\u00e1n\u00ed p\u0159ed prachem a po\u0161kozen\u00edm<\/td>\n<\/tr>\n<\/tbody>\n<\/table>\n<\/div>\n<\/div>\n<hr data-start=\"5361\" data-end=\"5364\" \/>\n<h3 data-start=\"5366\" data-end=\"5383\"><strong data-start=\"5370\" data-end=\"5383\">V\u00fdhody<\/strong><\/h3>\n<ul data-start=\"5385\" data-end=\"5857\">\n<li data-start=\"5385\" data-end=\"5477\">\n<p data-start=\"5387\" data-end=\"5477\"><strong data-start=\"5387\" data-end=\"5409\">Extr\u00e9mn\u011b p\u0159esn\u00e9<\/strong> \u2013 V\u00e1\u017e\u00ed s p\u0159esnost\u00ed na 0,001 g pro laboratorn\u00ed a biologick\u00fd v\u00fdzkum.<\/p>\n<\/li>\n<li data-start=\"5478\" data-end=\"5551\">\n<p data-start=\"5480\" data-end=\"5551\"><strong data-start=\"5480\" data-end=\"5503\">P\u0159enosn\u00fd a kompaktn\u00ed<\/strong> \u2013 Ide\u00e1ln\u00ed pro pou\u017eit\u00ed v laborato\u0159i nebo na cest\u00e1ch.<\/p>\n<\/li>\n<li data-start=\"5552\" data-end=\"5616\">\n<p data-start=\"5554\" data-end=\"5616\"><strong data-start=\"5554\" data-end=\"5574\">Udr\u017eiteln\u00fd design<\/strong> \u2013 V\u00e1\u017e\u00edc\u00ed deska z nerezov\u00e9 oceli pro dlouhodob\u00e9 pou\u017e\u00edv\u00e1n\u00ed.<\/p>\n<\/li>\n<li data-start=\"5617\" data-end=\"5711\">\n<p data-start=\"5619\" data-end=\"5711\"><strong data-start=\"5619\" data-end=\"5649\">R\u016fzn\u00e9 jednotky m\u011b\u0159en\u00ed<\/strong> \u2013 Snadno p\u0159ep\u00ednejte mezi gramy, uncemi, kar\u00e1ty a dal\u0161\u00edmi jednotkami.<\/p>\n<\/li>\n<li data-start=\"5712\" data-end=\"5785\">\n<p data-start=\"5714\" data-end=\"5785\"><strong data-start=\"5714\" data-end=\"5737\">U\u017eivatelsky p\u0159\u00edv\u011btiv\u00fd<\/strong> \u2013 Snadn\u00e9 ovl\u00e1d\u00e1n\u00ed s p\u0159ehledn\u00fdm LCD displejem.<\/p>\n<\/li>\n<li data-start=\"5786\" data-end=\"5857\">\n<p data-start=\"5788\" data-end=\"5857\"><strong data-start=\"5788\" data-end=\"5808\">\u00daspora energie<\/strong> \u2013 Automatick\u00e9 vypnut\u00ed p\u0159i ne\u010dinnosti.<\/p>\n<\/li>\n<\/ul>\n<hr data-start=\"5859\" data-end=\"5862\" \/>\n<h3 data-start=\"5864\" data-end=\"5879\"><strong data-start=\"5868\" data-end=\"5879\">Pou\u017e\u00edv\u00e1n\u00ed<\/strong><\/h3>\n<ol data-start=\"5881\" data-end=\"6311\">\n<li data-start=\"5881\" data-end=\"5966\">\n<p data-start=\"5884\" data-end=\"5966\"><strong data-start=\"5884\" data-end=\"5916\">Um\u00edst\u011bte na rovn\u00fd povrch<\/strong> \u2013 Pou\u017e\u00edvejte na stabiln\u00edm stole bez vibrac\u00ed.<\/p>\n<\/li>\n<li data-start=\"5967\" data-end=\"6058\">\n<p data-start=\"5970\" data-end=\"6058\"><strong data-start=\"5970\" data-end=\"5996\">P\u0159ed pou\u017eit\u00edm kalibrujte<\/strong> \u2013 Kalibrujte s dodanou hmotnost\u00ed (pokud je k dispozici).<\/p>\n<\/li>\n<li data-start=\"6059\" data-end=\"6129\">\n<p data-start=\"6062\" data-end=\"6129\"><strong data-start=\"6062\" data-end=\"6083\">Vyberte jednotku<\/strong> \u2013 Vyberte si mezi gramem, unci, kar\u00e1tem nebo grainem.<\/p>\n<\/li>\n<li data-start=\"6130\" data-end=\"6225\">\n<p data-start=\"6133\" data-end=\"6225\"><strong data-start=\"6133\" data-end=\"6160\">Pou\u017eit\u00ed funkce TARE<\/strong> \u2013 Pro p\u0159esn\u00e9 m\u011b\u0159en\u00ed ode\u010dt\u011bte hmotnost kontejner\u016f na nulu.<\/p>\n<\/li>\n<li data-start=\"6226\" data-end=\"6311\">\n<p data-start=\"6229\" data-end=\"6311\"><strong data-start=\"6229\" data-end=\"6249\">Pe\u010dliv\u011b zva\u017ete<\/strong> \u2013 Pomalu p\u0159id\u00e1vejte materi\u00e1l do po\u017eadovan\u00e9 hmotnosti.<\/p>\n<\/li>\n<\/ol>\n<hr data-start=\"6313\" data-end=\"6316\" \/>\n<h3 data-start=\"6318\" data-end=\"6353\"><strong data-start=\"6322\" data-end=\"6351\">\u010casto kladen\u00e9 ot\u00e1zky (FAQ)<\/strong><\/h3>\n<p data-start=\"6355\" data-end=\"6543\"><strong data-start=\"6355\" data-end=\"6414\">1. Co d\u011bl\u00e1 digit\u00e1ln\u00ed bio mini v\u00e1hu v\u00fdjime\u010dnou?<\/strong><br data-start=\"6414\" data-end=\"6417\" \/>Tato stupnice nab\u00edz\u00ed <strong data-start=\"6443\" data-end=\"6466\">p\u0159esnost 0,001 g<\/strong>, co <strong data-start=\"6472\" data-end=\"6498\">desetkr\u00e1t p\u0159esn\u011bj\u0161\u00ed<\/strong> je pak standardn\u00ed mini v\u00e1ha (0,01 g).<\/p>\n<p data-start=\"6545\" data-end=\"6685\"><strong data-start=\"6545\" data-end=\"6594\">2. Je to vhodn\u00e9 pro laboratorn\u00ed pou\u017eit\u00ed?<\/strong><br data-start=\"6594\" data-end=\"6597\" \/>Ano \u2013 v\u00e1ha je ur\u010dena pro <strong data-start=\"6634\" data-end=\"6682\">biologick\u00fd, chemick\u00fd a analytick\u00fd v\u00fdzkum<\/strong>.<\/p>\n<p data-start=\"6687\" data-end=\"6849\"><strong data-start=\"6687\" data-end=\"6745\">3. Jsou baterie a kalibra\u010dn\u00ed z\u00e1va\u017e\u00ed sou\u010d\u00e1st\u00ed balen\u00ed?<\/strong><br data-start=\"6745\" data-end=\"6748\" \/>Ano, v\u00e1ha je sou\u010d\u00e1st\u00ed balen\u00ed <strong data-start=\"6785\" data-end=\"6807\">2 \u00d7 baterie AAA<\/strong> a mo\u017en\u00e1 i <strong data-start=\"6825\" data-end=\"6846\">kalibra\u010dn\u00ed z\u00e1va\u017e\u00ed<\/strong>.<\/p>","protected":false},"excerpt":{"rendered":"<p><strong><span dir=\"auto\" style=\"vertical-align: inherit;\"><span dir=\"auto\" style=\"vertical-align: inherit;\">Specifikace:<\/span><\/span><\/strong><\/p>\n<ul>\n<li><span dir=\"auto\" style=\"vertical-align: inherit;\"><span dir=\"auto\" style=\"vertical-align: inherit;\">Digit\u00e1ln\u00ed<\/span><\/span><\/li>\n<li><span dir=\"auto\" style=\"vertical-align: inherit;\"><span dir=\"auto\" style=\"vertical-align: inherit;\">V\u00e1\u017e\u00ed od 0,001 g<\/span><\/span><\/li>\n<li><span dir=\"auto\" style=\"vertical-align: inherit;\"><span dir=\"auto\" style=\"vertical-align: inherit;\">V\u00e1\u017e\u00ed max. 20 g<\/span><\/span><\/li>\n<li><span dir=\"auto\" style=\"vertical-align: inherit;\"><span dir=\"auto\" style=\"vertical-align: inherit;\">Funguje na: 2x AAA baterie<\/span><\/span><\/li>\n<li><span dir=\"auto\" style=\"vertical-align: inherit;\"><span dir=\"auto\" style=\"vertical-align: inherit;\">LCD displej<\/span><\/span><\/li>\n<li><span dir=\"auto\" style=\"vertical-align: inherit;\"><span dir=\"auto\" style=\"vertical-align: inherit;\">Barva: \u010dern\u00e1<\/span><\/span><\/li>\n<\/ul>","protected":false},"featured_media":24680,"comment_status":"closed","ping_status":"closed","template":"","meta":[],"product_brand":[],"product_cat":[451],"product_tag":[452,848,764,767,765,766,768],"class_list":{"0":"post-24343","1":"product","2":"type-product","3":"status-publish","4":"has-post-thumbnail","6":"product_cat-weegschalen","7":"product_tag-de","8":"product_tag-digitale-bio-mini-weegschaal","9":"product_tag-digitale-cs-weegschaal","10":"product_tag-digitale-microweegschaal","11":"product_tag-milligramweegschaal","12":"product_tag-precise-weegschaal-0-001g","13":"product_tag-weegschaal-voor-research-chemicals","15":"first","16":"instock","17":"taxable","18":"shipping-taxable","19":"purchasable","20":"product-type-simple"},"_links":{"self":[{"href":"https:\/\/researchchemicalhub.com\/cs\/wp-json\/wp\/v2\/product\/24343","targetHints":{"allow":["GET"]}}],"collection":[{"href":"https:\/\/researchchemicalhub.com\/cs\/wp-json\/wp\/v2\/product"}],"about":[{"href":"https:\/\/researchchemicalhub.com\/cs\/wp-json\/wp\/v2\/types\/product"}],"replies":[{"embeddable":true,"href":"https:\/\/researchchemicalhub.com\/cs\/wp-json\/wp\/v2\/comments?post=24343"}],"version-history":[{"count":6,"href":"https:\/\/researchchemicalhub.com\/cs\/wp-json\/wp\/v2\/product\/24343\/revisions"}],"predecessor-version":[{"id":27802,"href":"https:\/\/researchchemicalhub.com\/cs\/wp-json\/wp\/v2\/product\/24343\/revisions\/27802"}],"wp:featuredmedia":[{"embeddable":true,"href":"https:\/\/researchchemicalhub.com\/cs\/wp-json\/wp\/v2\/media\/24680"}],"wp:attachment":[{"href":"https:\/\/researchchemicalhub.com\/cs\/wp-json\/wp\/v2\/media?parent=24343"}],"wp:term":[{"taxonomy":"product_brand","embeddable":true,"href":"https:\/\/researchchemicalhub.com\/cs\/wp-json\/wp\/v2\/product_brand?post=24343"},{"taxonomy":"product_cat","embeddable":true,"href":"https:\/\/researchchemicalhub.com\/cs\/wp-json\/wp\/v2\/product_cat?post=24343"},{"taxonomy":"product_tag","embeddable":true,"href":"https:\/\/researchchemicalhub.com\/cs\/wp-json\/wp\/v2\/product_tag?post=24343"}],"curies":[{"name":"wp","href":"https:\/\/api.w.org\/{rel}","templated":true}]}}