{"id":24297,"date":"2025-04-13T17:41:26","date_gmt":"2025-04-13T17:41:26","guid":{"rendered":"https:\/\/researchchemicalhub.com\/?post_type=product&#038;p=24297"},"modified":"2025-10-29T08:47:54","modified_gmt":"2025-10-29T08:47:54","slug":"2f-dck-koupit-2","status":"publish","type":"product","link":"https:\/\/researchchemicalhub.com\/cs\/nakupovat\/koupit-2f-dck\/2f-dck-koupit-2\/","title":{"rendered":"2F-DCK 50 MG pelety"},"content":{"rendered":"<h3 data-start=\"4272\" data-end=\"4293\"><strong data-start=\"4276\" data-end=\"4291\">Zaveden\u00ed<\/strong><\/h3>\n<p data-start=\"4294\" data-end=\"4732\"><strong data-start=\"4294\" data-end=\"4317\">2F-DCK 50mg pelety<\/strong> obsahovat <strong data-start=\"4327\" data-end=\"4383\">50 miligram\u016f 2-fluorodeschlorketamin hydrochloridu<\/strong>, An <strong data-start=\"4389\" data-end=\"4426\">disociativn\u00ed arylcyklohexylamin<\/strong> a <strong data-start=\"4430\" data-end=\"4475\">fluorov\u00fd analog deschlorketaminu (DCK)<\/strong>. 2f dck koupit<br data-start=\"4476\" data-end=\"4479\" \/>Pat\u0159\u00ed k <strong data-start=\"4498\" data-end=\"4525\">rodina analog\u016f ketaminu<\/strong> a pou\u017e\u00edv\u00e1 se v <strong data-start=\"4547\" data-end=\"4585\">forenzn\u00ed a analytick\u00fd v\u00fdzkum<\/strong> Nep\u0159\u00edjemn\u00fd <strong data-start=\"4591\" data-end=\"4615\">Vazba na NMDA receptor<\/strong>, <strong data-start=\"4617\" data-end=\"4659\">vztahy mezi strukturou a aktivitou (SAR)<\/strong> a <strong data-start=\"4663\" data-end=\"4698\">chromatografick\u00e9 vlastnosti<\/strong> disocia\u010dn\u00edch slou\u010denin.<\/p>\n<p data-start=\"4734\" data-end=\"4991\">Ka\u017ed\u00e1 peleta je <strong data-start=\"4752\" data-end=\"4803\">za kontrolovan\u00fdch laboratorn\u00edch podm\u00ednek<\/strong> vyrobeno a testov\u00e1no na <strong data-start=\"4834\" data-end=\"4858\">\u010distota \u2265 98%<\/strong> p\u0159es <strong data-start=\"4863\" data-end=\"4878\">HPLC a NMR<\/strong>.<br data-start=\"4879\" data-end=\"4882\" \/>The <strong data-start=\"4885\" data-end=\"4925\">standardizovan\u00e1 d\u00e1vka 50 mg<\/strong> zaji\u0161\u0165uje spolehliv\u00e9 a reprodukovateln\u00e9 v\u00fdsledky v\u00fdzkumu.<\/p>\n<blockquote data-start=\"4993\" data-end=\"5134\">\n<p data-start=\"4995\" data-end=\"5134\">\u26a0\ufe0f <strong data-start=\"4998\" data-end=\"5009\">Pozn.:<\/strong> 2F-DCK je ur\u010den v\u00fdhradn\u011b pro <strong data-start=\"5045\" data-end=\"5080\">v\u00fdzkumn\u00e9 a analytick\u00e9 vyu\u017eit\u00ed<\/strong> \u2014 <strong data-start=\"5083\" data-end=\"5132\">ne pro lidskou ani zv\u00ed\u0159ec\u00ed spot\u0159ebu.<\/strong><\/p>\n<\/blockquote>\n<hr data-start=\"5136\" data-end=\"5139\" \/>\n<h3 data-start=\"5141\" data-end=\"5172\"><strong data-start=\"5145\" data-end=\"5172\">Kl\u00ed\u010dov\u00e9 vlastnosti<\/strong><\/h3>\n<div class=\"_tableContainer_1rjym_1\">\n<div class=\"group _tableWrapper_1rjym_13 flex w-fit flex-col-reverse\" tabindex=\"-1\">\n<table class=\"w-fit min-w-(--thread-content-width)\" data-start=\"5174\" data-end=\"5798\">\n<thead data-start=\"5174\" data-end=\"5200\">\n<tr data-start=\"5174\" data-end=\"5200\">\n<th data-start=\"5174\" data-end=\"5184\" data-col-size=\"sm\">Funkce<\/th>\n<th data-start=\"5184\" data-end=\"5200\" data-col-size=\"md\">Popis<\/th>\n<\/tr>\n<\/thead>\n<tbody data-start=\"5229\" data-end=\"5798\">\n<tr data-start=\"5229\" data-end=\"5293\">\n<td data-start=\"5229\" data-end=\"5250\" data-col-size=\"sm\"><strong data-start=\"5231\" data-end=\"5249\">Chemick\u00fd n\u00e1zev<\/strong><\/td>\n<td data-start=\"5250\" data-end=\"5293\" data-col-size=\"md\">2-Fluorodechlorketamin hydrochlorid<\/td>\n<\/tr>\n<tr data-start=\"5294\" data-end=\"5329\">\n<td data-start=\"5294\" data-end=\"5319\" data-col-size=\"sm\"><strong data-start=\"5296\" data-end=\"5318\">B\u011b\u017en\u00fd n\u00e1zev<\/strong><\/td>\n<td data-start=\"5319\" data-end=\"5329\" data-col-size=\"md\">2F-DCK<\/td>\n<\/tr>\n<tr data-start=\"5330\" data-end=\"5371\">\n<td data-start=\"5330\" data-end=\"5354\" data-col-size=\"sm\"><strong data-start=\"5332\" data-end=\"5353\">Chemick\u00fd vzorec<\/strong><\/td>\n<td data-start=\"5354\" data-end=\"5371\" data-col-size=\"md\">C\u2081\u2083H\u2081\u2086FNO\u00b7HCl<\/td>\n<\/tr>\n<tr data-start=\"5372\" data-end=\"5410\">\n<td data-start=\"5372\" data-end=\"5394\" data-col-size=\"sm\"><strong data-start=\"5374\" data-end=\"5393\">Molekulov\u00e1 hmotnost<\/strong><\/td>\n<td data-start=\"5394\" data-end=\"5410\" data-col-size=\"md\">257,73 g\/mol<\/td>\n<\/tr>\n<tr data-start=\"5411\" data-end=\"5445\">\n<td data-start=\"5411\" data-end=\"5426\" data-col-size=\"sm\"><strong data-start=\"5413\" data-end=\"5425\">D\u00e1vkov\u00e1n\u00ed<\/strong><\/td>\n<td data-start=\"5426\" data-end=\"5445\" data-col-size=\"md\">50 mg na peletu<\/td>\n<\/tr>\n<tr data-start=\"5446\" data-end=\"5493\">\n<td data-start=\"5446\" data-end=\"5457\" data-col-size=\"sm\"><strong data-start=\"5448\" data-end=\"5456\">Formul\u00e1\u0159<\/strong><\/td>\n<td data-start=\"5457\" data-end=\"5493\" data-col-size=\"md\">Pevn\u00e9 pelety (blistr)<\/td>\n<\/tr>\n<tr data-start=\"5494\" data-end=\"5545\">\n<td data-start=\"5494\" data-end=\"5511\" data-col-size=\"sm\"><strong data-start=\"5496\" data-end=\"5510\">\u010cistota<\/strong><\/td>\n<td data-start=\"5511\" data-end=\"5545\" data-col-size=\"md\">\u2265 98% (testov\u00e1no pomoc\u00ed HPLC a NMR)<\/td>\n<\/tr>\n<tr data-start=\"5546\" data-end=\"5619\">\n<td data-start=\"5546\" data-end=\"5569\" data-col-size=\"sm\"><strong data-start=\"5548\" data-end=\"5568\">Chemick\u00e1 t\u0159\u00edda<\/strong><\/td>\n<td data-start=\"5569\" data-end=\"5619\" data-col-size=\"md\">Arylcyklohexylamin \/ Disociativn\u00ed slou\u010denina<\/td>\n<\/tr>\n<tr data-start=\"5620\" data-end=\"5699\">\n<td data-start=\"5620\" data-end=\"5634\" data-col-size=\"sm\"><strong data-start=\"5622\" data-end=\"5633\">Pou\u017e\u00edv\u00e1n\u00ed<\/strong><\/td>\n<td data-start=\"5634\" data-end=\"5699\" data-col-size=\"md\">Pouze pro analytick\u00fd, forenzn\u00ed a neurochemick\u00fd v\u00fdzkum<\/td>\n<\/tr>\n<tr data-start=\"5700\" data-end=\"5749\">\n<td data-start=\"5700\" data-end=\"5717\" data-col-size=\"sm\"><strong data-start=\"5702\" data-end=\"5716\">Obal<\/strong><\/td>\n<td data-start=\"5717\" data-end=\"5749\" data-col-size=\"md\">Blistr s uz\u00e1v\u011brem<\/td>\n<\/tr>\n<tr data-start=\"5750\" data-end=\"5798\">\n<td data-start=\"5750\" data-end=\"5768\" data-col-size=\"sm\"><strong data-start=\"5752\" data-end=\"5767\">Mno\u017estv\u00ed<\/strong><\/td>\n<td data-start=\"5768\" data-end=\"5798\" data-col-size=\"md\">1 blistr s 50mg peletami<\/td>\n<\/tr>\n<\/tbody>\n<\/table>\n<\/div>\n<\/div>\n<hr data-start=\"5800\" data-end=\"5803\" \/>\n<h3 data-start=\"5805\" data-end=\"5822\"><strong data-start=\"5809\" data-end=\"5822\">V\u00fdhody<\/strong><\/h3>\n<ul data-start=\"5824\" data-end=\"6223\">\n<li data-start=\"5824\" data-end=\"5917\">\n<p data-start=\"5826\" data-end=\"5917\"><strong data-start=\"5826\" data-end=\"5853\">Vysok\u00e1 \u010distota (\u2265 98%)<\/strong> \u2013 Konzistentn\u00ed v\u00fdsledky v\u00fdzkumu v laboratorn\u00ed kvalit\u011b.<\/p>\n<\/li>\n<li data-start=\"5918\" data-end=\"5997\">\n<p data-start=\"5920\" data-end=\"5997\"><strong data-start=\"5920\" data-end=\"5951\">Standardizovan\u00e9 d\u00e1vkov\u00e1n\u00ed<\/strong> \u2013 50 mg na peletu pro p\u0159esnou anal\u00fdzu.<\/p>\n<\/li>\n<li data-start=\"5998\" data-end=\"6067\">\n<p data-start=\"6000\" data-end=\"6067\"><strong data-start=\"6000\" data-end=\"6021\">Stabiln\u00ed forma HCl<\/strong> \u2013 Zlep\u0161en\u00e1 rozpustnost a trvanlivost.<\/p>\n<\/li>\n<li data-start=\"6068\" data-end=\"6146\">\n<p data-start=\"6070\" data-end=\"6146\"><strong data-start=\"6070\" data-end=\"6100\">\u0160iroce pou\u017eiteln\u00e9 pro v\u00fdzkum<\/strong> Vhodn\u00e9 pro GC\/MS, LC-MS, FTIR a HPLC. Koupit 2f dck<\/p>\n<\/li>\n<li data-start=\"6147\" data-end=\"6223\">\n<p data-start=\"6149\" data-end=\"6223\"><strong data-start=\"6149\" data-end=\"6174\">Sledovateln\u00e1 v\u00fdroba<\/strong> \u2013 Ka\u017ed\u00e1 \u0161ar\u017ee testov\u00e1na a pln\u011b registrov\u00e1na.<\/p>\n<\/li>\n<\/ul>\n<hr data-start=\"6225\" data-end=\"6228\" \/>\n<h3 data-start=\"6230\" data-end=\"6282\"><strong data-start=\"6234\" data-end=\"6280\">Pou\u017eit\u00ed (pouze pro v\u00fdzkumn\u00e9 \u00fa\u010dely)<\/strong><\/h3>\n<ol data-start=\"6284\" data-end=\"6629\">\n<li data-start=\"6284\" data-end=\"6353\">\n<p data-start=\"6287\" data-end=\"6353\"><strong data-start=\"6287\" data-end=\"6302\">Zach\u00e1zen\u00ed:<\/strong> Pou\u017e\u00edvejte rukavice, ochrann\u00e9 br\u00fdle a laboratorn\u00ed pl\u00e1\u0161\u0165.<\/p>\n<\/li>\n<li data-start=\"6354\" data-end=\"6425\">\n<p data-start=\"6357\" data-end=\"6425\"><strong data-start=\"6357\" data-end=\"6370\">Rozm\u011bry:<\/strong> Ka\u017ed\u00e1 peleta obsahuje 50 mg \u00b1 2 mg; \u0159i\u010fte se informacemi o \u0161ar\u017ei.<\/p>\n<\/li>\n<li data-start=\"6426\" data-end=\"6480\">\n<p data-start=\"6429\" data-end=\"6480\"><strong data-start=\"6429\" data-end=\"6440\">Skladov\u00e1n\u00ed:<\/strong> Skladujte v chladu (2\u20138 \u00b0C), suchu a tm\u011b.<\/p>\n<\/li>\n<li data-start=\"6481\" data-end=\"6564\">\n<p data-start=\"6484\" data-end=\"6564\"><strong data-start=\"6484\" data-end=\"6496\">Anal\u00fdza:<\/strong> Vhodn\u00e9 pro chromatografick\u00e9 a spektroskopick\u00e9 aplikace.<\/p>\n<\/li>\n<li data-start=\"6565\" data-end=\"6629\">\n<p data-start=\"6568\" data-end=\"6629\"><strong data-start=\"6568\" data-end=\"6585\">Dokumentace:<\/strong> Zaznamenejte v\u00fdsledky a metody anal\u00fdzy.<\/p>\n<\/li>\n<\/ol>\n<hr data-start=\"6631\" data-end=\"6634\" \/>\n<h3 data-start=\"6636\" data-end=\"6671\"><strong data-start=\"6640\" data-end=\"6669\">\u010casto kladen\u00e9 ot\u00e1zky (FAQ)<\/strong><\/h3>\n<p data-start=\"6673\" data-end=\"6824\"><strong data-start=\"6673\" data-end=\"6722\">1. Co je 2F-DCK (2-fluordeschlorketamin)?<\/strong><br data-start=\"6722\" data-end=\"6725\" \/>A <strong data-start=\"6729\" data-end=\"6768\">fluorov\u00fd analog deschlorketaminu<\/strong>, pou\u017e\u00edvan\u00fd pro analytick\u00fd a neurochemick\u00fd v\u00fdzkum.<\/p>\n<p data-start=\"6826\" data-end=\"6951\"><strong data-start=\"6826\" data-end=\"6866\">2. Jak\u00e1 je \u010distota a d\u00e1vkov\u00e1n\u00ed?<\/strong><br data-start=\"6866\" data-end=\"6869\" \/>Ka\u017ed\u00e1 peleta obsahuje <strong data-start=\"6887\" data-end=\"6921\">50 mg 2F-DCK (\u010distota \u2265 98%)<\/strong>, potvrzeno HPLC a NMR.<\/p>\n<p data-start=\"6953\" data-end=\"7112\"><strong data-start=\"6953\" data-end=\"6993\">3. Je leg\u00e1ln\u00ed koupit 2F-DCK?<\/strong><br data-start=\"6993\" data-end=\"6996\" \/>The <strong data-start=\"6999\" data-end=\"7024\">z\u00e1konnost 2F-DCK<\/strong> li\u0161\u00ed se v z\u00e1vislosti na zemi. P\u0159ed pou\u017eit\u00edm si v\u017edy ov\u011b\u0159te m\u00edstn\u00ed p\u0159edpisy. <strong data-start=\"7093\" data-end=\"7109\">N\u00e1kupy 2F-DCK<\/strong>.<\/p>\n<p class=\"ds-markdown-paragraph\">","protected":false},"excerpt":{"rendered":"<p>\u00davod Pelety 2F-DCK 50 mg obsahuj\u00ed 50 miligram\u016f 2-fluorodeschlorketamin hydrochloridu, disociativn\u00edho arylcyklohexylaminu a fluorov\u00e9ho analogu deschlorketaminu (DCK). Kupte si 2F DCK.<\/p>","protected":false},"featured_media":28381,"comment_status":"closed","ping_status":"closed","template":"","meta":[],"product_brand":[82],"product_cat":[474,475,71,324],"product_tag":[271,272,863,273,862,326],"class_list":{"0":"post-24297","1":"product","2":"type-product","3":"status-publish","4":"has-post-thumbnail","6":"product_brand-research-chemical","7":"product_cat-2f-dck-kopen","8":"product_cat-2f-dck-pellets","9":"product_cat-arylcyclohexylamine","10":"product_cat-pellets-for-pellet","11":"product_tag-2f-dck","12":"product_tag-2f-dck-kopen","13":"product_tag-2f-ketamine","14":"product_tag-2f-dck-hcl","15":"product_tag-ketamine-kopen","16":"product_tag-nl","18":"first","19":"instock","20":"taxable","21":"shipping-taxable","22":"purchasable","23":"product-type-variable"},"_links":{"self":[{"href":"https:\/\/researchchemicalhub.com\/cs\/wp-json\/wp\/v2\/product\/24297","targetHints":{"allow":["GET"]}}],"collection":[{"href":"https:\/\/researchchemicalhub.com\/cs\/wp-json\/wp\/v2\/product"}],"about":[{"href":"https:\/\/researchchemicalhub.com\/cs\/wp-json\/wp\/v2\/types\/product"}],"replies":[{"embeddable":true,"href":"https:\/\/researchchemicalhub.com\/cs\/wp-json\/wp\/v2\/comments?post=24297"}],"version-history":[{"count":6,"href":"https:\/\/researchchemicalhub.com\/cs\/wp-json\/wp\/v2\/product\/24297\/revisions"}],"predecessor-version":[{"id":27813,"href":"https:\/\/researchchemicalhub.com\/cs\/wp-json\/wp\/v2\/product\/24297\/revisions\/27813"}],"wp:featuredmedia":[{"embeddable":true,"href":"https:\/\/researchchemicalhub.com\/cs\/wp-json\/wp\/v2\/media\/28381"}],"wp:attachment":[{"href":"https:\/\/researchchemicalhub.com\/cs\/wp-json\/wp\/v2\/media?parent=24297"}],"wp:term":[{"taxonomy":"product_brand","embeddable":true,"href":"https:\/\/researchchemicalhub.com\/cs\/wp-json\/wp\/v2\/product_brand?post=24297"},{"taxonomy":"product_cat","embeddable":true,"href":"https:\/\/researchchemicalhub.com\/cs\/wp-json\/wp\/v2\/product_cat?post=24297"},{"taxonomy":"product_tag","embeddable":true,"href":"https:\/\/researchchemicalhub.com\/cs\/wp-json\/wp\/v2\/product_tag?post=24297"}],"curies":[{"name":"wp","href":"https:\/\/api.w.org\/{rel}","templated":true}]}}