{"id":24277,"date":"2025-04-13T17:41:22","date_gmt":"2025-04-13T17:41:22","guid":{"rendered":"https:\/\/researchchemicalhub.com\/?post_type=product&#038;p=24277"},"modified":"2025-10-29T08:52:48","modified_gmt":"2025-10-29T08:52:48","slug":"flubrotizolam-05-mg-pelety","status":"publish","type":"product","link":"https:\/\/researchchemicalhub.com\/cs\/nakupovat\/benzodiazepiny\/flubrotizolam-05-mg-pelety\/","title":{"rendered":"Flubrotizolam 0,5 MG pelety"},"content":{"rendered":"<p data-start=\"5386\" data-end=\"5642\"><strong data-start=\"5386\" data-end=\"5418\">Flubrotizolam 0,5 MG pelety<\/strong> jsou <strong data-start=\"5424\" data-end=\"5469\">vysoce \u010dist\u00e9 v\u00fdzkumn\u00e9 chemik\u00e1lie<\/strong>, ur\u010den\u00e9 pro toxikologick\u00fd a farmakologick\u00fd v\u00fdzkum. Ka\u017ed\u00e1 peleta obsahuje <strong data-start=\"5545\" data-end=\"5576\">0,5 miligramu flubrotizolamu<\/strong> a je pe\u010dliv\u011b zva\u017eov\u00e1n pro spolehliv\u00e9 v\u00fdsledky v\u00fdzkumu. flubrotizolam<\/p>\n<p data-start=\"5644\" data-end=\"5761\">\u26a0\ufe0f <strong data-start=\"5647\" data-end=\"5658\">Pozn.:<\/strong> Tento produkt je ur\u010den pouze k pou\u017eit\u00ed <em data-start=\"5699\" data-end=\"5721\">v\u00fdzkumn\u00e9 \u00fa\u010dely<\/em> a <strong data-start=\"5725\" data-end=\"5760\">ne pro lidskou spot\u0159ebu<\/strong>.<\/p>\n<hr data-start=\"5763\" data-end=\"5766\" \/>\n<h2 data-start=\"5768\" data-end=\"5798\"><strong data-start=\"5771\" data-end=\"5798\">Kl\u00ed\u010dov\u00e9 vlastnosti<\/strong><\/h2>\n<ul data-start=\"5800\" data-end=\"6145\">\n<li data-start=\"5800\" data-end=\"5864\">\n<p data-start=\"5802\" data-end=\"5864\"><strong data-start=\"5802\" data-end=\"5821\">Vysok\u00e1 \u010distota<\/strong> pro konzistentn\u00ed laboratorn\u00ed v\u00fdkon.<\/p>\n<\/li>\n<li data-start=\"5865\" data-end=\"5946\">\n<p data-start=\"5867\" data-end=\"5946\"><strong data-start=\"5867\" data-end=\"5891\">P\u0159esn\u00e9 d\u00e1vkov\u00e1n\u00ed<\/strong>0,5 mg na peletu pro kontrolovan\u00e9 experimenty.<\/p>\n<\/li>\n<li data-start=\"5947\" data-end=\"6015\">\n<p data-start=\"5949\" data-end=\"6015\"><strong data-start=\"5949\" data-end=\"5974\">Analytick\u00e1 kvalita<\/strong>, vhodn\u00e9 pro LC-MS a GC-MS studie.<\/p>\n<\/li>\n<li data-start=\"6016\" data-end=\"6086\">\n<p data-start=\"6018\" data-end=\"6086\"><strong data-start=\"6018\" data-end=\"6040\">Bezpe\u010dn\u00e9 balen\u00ed<\/strong>: ut\u011bsn\u011bn\u00e9 a chr\u00e1n\u011bn\u00e9 p\u0159ed kontaminac\u00ed.<\/p>\n<\/li>\n<li data-start=\"6087\" data-end=\"6145\">\n<p data-start=\"6089\" data-end=\"6145\"><strong data-start=\"6089\" data-end=\"6115\">V souladu s p\u0159edpisy EU<\/strong> pro v\u00fdzkumn\u00e9 chemik\u00e1lie.<\/p>\n<\/li>\n<\/ul>\n<hr data-start=\"6147\" data-end=\"6150\" \/>\n<h2 data-start=\"6152\" data-end=\"6186\"><strong data-start=\"6155\" data-end=\"6186\">V\u00fdhody pro v\u00fdzkumn\u00edky<\/strong><\/h2>\n<ul data-start=\"6188\" data-end=\"6478\">\n<li data-start=\"6188\" data-end=\"6246\">\n<p data-start=\"6190\" data-end=\"6246\">Podporuje <strong data-start=\"6202\" data-end=\"6243\">toxikologick\u00fd a analytick\u00fd v\u00fdzkum<\/strong>.<\/p>\n<\/li>\n<li data-start=\"6247\" data-end=\"6325\">\n<p data-start=\"6249\" data-end=\"6325\">Vhodn\u00e9 pro <strong data-start=\"6263\" data-end=\"6286\">referen\u010dn\u00ed v\u00fdzkum<\/strong> sm\u011brem k nov\u00fdm analog\u016fm benzodiazepin\u016f.<\/p>\n<\/li>\n<li data-start=\"6326\" data-end=\"6413\">\n<p data-start=\"6328\" data-end=\"6413\">Propaguje <strong data-start=\"6338\" data-end=\"6369\">v\u011bdeck\u00e9 ov\u011b\u0159en\u00ed<\/strong> v kontrolovan\u00e9m laboratorn\u00edm prost\u0159ed\u00ed.<\/p>\n<\/li>\n<li data-start=\"6414\" data-end=\"6478\">\n<p data-start=\"6416\" data-end=\"6478\">Pom\u00e1h\u00e1 s <strong data-start=\"6426\" data-end=\"6450\">v\u00fdvoj metod<\/strong> pro forenzn\u00ed anal\u00fdzu. flubrotizolam<\/p>\n<\/li>\n<\/ul>\n<hr data-start=\"6480\" data-end=\"6483\" \/>\n<h2 data-start=\"6485\" data-end=\"6519\"><strong data-start=\"6488\" data-end=\"6519\">Pou\u017eit\u00ed (kontext v\u00fdzkumu)<\/strong><\/h2>\n<ol data-start=\"6521\" data-end=\"6700\">\n<li data-start=\"6521\" data-end=\"6550\">\n<p data-start=\"6524\" data-end=\"6550\">Pou\u017e\u00edvejte standardn\u00ed laboratorn\u00ed OOPP.<\/p>\n<\/li>\n<li data-start=\"6551\" data-end=\"6601\">\n<p data-start=\"6554\" data-end=\"6601\">M\u011b\u0159te pe\u010dliv\u011b kalibrovan\u00fdm za\u0159\u00edzen\u00edm.<\/p>\n<\/li>\n<li data-start=\"6602\" data-end=\"6649\">\n<p data-start=\"6605\" data-end=\"6649\">Skladujte na chladn\u00e9m a such\u00e9m m\u00edst\u011b mimo dosah p\u0159\u00edm\u00e9ho slune\u010dn\u00edho z\u00e1\u0159en\u00ed.<\/p>\n<\/li>\n<li data-start=\"6650\" data-end=\"6700\">\n<p data-start=\"6653\" data-end=\"6700\">Zlikvidujte v souladu s m\u00edstn\u00edmi p\u0159edpisy pro likvidaci odpadu.<\/p>\n<\/li>\n<\/ol>\n<blockquote data-start=\"6702\" data-end=\"6796\">\n<p data-start=\"6704\" data-end=\"6796\"><strong data-start=\"6704\" data-end=\"6719\">D\u016fle\u017eit\u00e9:<\/strong> <em data-start=\"6720\" data-end=\"6750\">Flubrotizolam 0,5 MG pelety<\/em> jsou <strong data-start=\"6756\" data-end=\"6795\">nen\u00ed ur\u010deno pro lidsk\u00e9 pou\u017eit\u00ed<\/strong>.<\/p>\n<\/blockquote>\n<hr data-start=\"6798\" data-end=\"6801\" \/>\n<h2 data-start=\"6803\" data-end=\"6874\"><strong data-start=\"6806\" data-end=\"6874\">Koupit pelety Flubrotizolamu 0,5 mg (pro v\u00fdzkumn\u00e9 instituce)<\/strong><\/h2>\n<p data-start=\"6876\" data-end=\"7031\">Pouze <strong data-start=\"6883\" data-end=\"6925\">certifikovan\u00e9 v\u00fdzkumn\u00e9 instituce<\/strong> s\u00a0p\u0159\u00edslu\u0161n\u00fdmi povolen\u00edmi m\u016f\u017ee <strong data-start=\"6959\" data-end=\"6997\">Koupit pelety Flubrotizolamu 0,5 mg<\/strong>Soukrom\u00e9 pou\u017eit\u00ed je zak\u00e1z\u00e1no.<\/p>\n<hr data-start=\"7033\" data-end=\"7036\" \/>\n<h2 data-start=\"7038\" data-end=\"7072\"><strong data-start=\"7041\" data-end=\"7072\">\u010casto kladen\u00e9 ot\u00e1zky (FAQ)<\/strong><\/h2>\n<h3 data-start=\"7074\" data-end=\"7139\"><strong data-start=\"7078\" data-end=\"7139\">1. K \u010demu se pou\u017e\u00edvaj\u00ed pelety Flubrotizolam 0,5 mg?<\/strong><\/h3>\n<p data-start=\"7140\" data-end=\"7243\">Tyto pelety se pou\u017e\u00edvaj\u00ed k <strong data-start=\"7174\" data-end=\"7212\">forenzn\u00ed a analytick\u00fd v\u00fdzkum<\/strong> na thienotriazolodiazepiny.<\/p>\n<hr data-start=\"7245\" data-end=\"7248\" \/>\n<h3 data-start=\"7250\" data-end=\"7313\"><strong data-start=\"7254\" data-end=\"7313\">2. Jsou tyto pelety bezpe\u010dn\u00e9 pro lidskou spot\u0159ebu?<\/strong><\/h3>\n<p data-start=\"7314\" data-end=\"7416\">Ne. Tyto pelety jsou <strong data-start=\"7337\" data-end=\"7375\">ur\u010deno pouze pro v\u00fdzkumn\u00e9 \u00fa\u010dely<\/strong> a nen\u00ed vhodn\u00fd pro lidsk\u00e9 pou\u017eit\u00ed.<\/p>\n<hr data-start=\"7418\" data-end=\"7421\" \/>\n<h3 data-start=\"7423\" data-end=\"7489\"><strong data-start=\"7427\" data-end=\"7489\">3. Mohu si koupit Flubrotizolam 0,5 MG Pelety v Nizozemsku?<\/strong><\/h3>\n<p data-start=\"7490\" data-end=\"7611\">Pouze <strong data-start=\"7497\" data-end=\"7531\">uzn\u00e1van\u00e9 v\u00fdzkumn\u00e9 instituce<\/strong> s povolen\u00edm si mohou tento produkt zakoupit pro v\u011bdeck\u00e9 \u00fa\u010dely.<\/p>","protected":false},"excerpt":{"rendered":"<p>Pelety flubrotizolamu 0,5 mg jsou vysoce \u010dist\u00e9 v\u00fdzkumn\u00e9 chemik\u00e1lie ur\u010den\u00e9 pro toxikologick\u00fd a farmakologick\u00fd v\u00fdzkum. Ka\u017ed\u00e1 peleta obsahuje 0,5 miligramu.<\/p>","protected":false},"featured_media":28528,"comment_status":"closed","ping_status":"closed","template":"","meta":[],"product_brand":[82],"product_cat":[76,476,477,324],"product_tag":[150,153,154,151,152,155,326],"class_list":{"0":"post-24277","1":"product","2":"type-product","3":"status-publish","4":"has-post-thumbnail","6":"product_brand-research-chemical","7":"product_cat-benzodiazepinen","8":"product_cat-flubrotizolam","9":"product_cat-flubrotizolam-pellets","10":"product_cat-pellets-for-pellet","11":"product_tag-flubrotizolam","12":"product_tag-flubrotizolam-dosage","13":"product_tag-flubrotizolam-ervaring","14":"product_tag-flubrotizolam-half-life","15":"product_tag-flubrotizolam-werking","16":"product_tag-flunitrazolam-bijwerkingen","17":"product_tag-nl","19":"first","20":"instock","21":"taxable","22":"shipping-taxable","23":"purchasable","24":"product-type-variable"},"_links":{"self":[{"href":"https:\/\/researchchemicalhub.com\/cs\/wp-json\/wp\/v2\/product\/24277","targetHints":{"allow":["GET"]}}],"collection":[{"href":"https:\/\/researchchemicalhub.com\/cs\/wp-json\/wp\/v2\/product"}],"about":[{"href":"https:\/\/researchchemicalhub.com\/cs\/wp-json\/wp\/v2\/types\/product"}],"replies":[{"embeddable":true,"href":"https:\/\/researchchemicalhub.com\/cs\/wp-json\/wp\/v2\/comments?post=24277"}],"version-history":[{"count":4,"href":"https:\/\/researchchemicalhub.com\/cs\/wp-json\/wp\/v2\/product\/24277\/revisions"}],"predecessor-version":[{"id":27817,"href":"https:\/\/researchchemicalhub.com\/cs\/wp-json\/wp\/v2\/product\/24277\/revisions\/27817"}],"wp:featuredmedia":[{"embeddable":true,"href":"https:\/\/researchchemicalhub.com\/cs\/wp-json\/wp\/v2\/media\/28528"}],"wp:attachment":[{"href":"https:\/\/researchchemicalhub.com\/cs\/wp-json\/wp\/v2\/media?parent=24277"}],"wp:term":[{"taxonomy":"product_brand","embeddable":true,"href":"https:\/\/researchchemicalhub.com\/cs\/wp-json\/wp\/v2\/product_brand?post=24277"},{"taxonomy":"product_cat","embeddable":true,"href":"https:\/\/researchchemicalhub.com\/cs\/wp-json\/wp\/v2\/product_cat?post=24277"},{"taxonomy":"product_tag","embeddable":true,"href":"https:\/\/researchchemicalhub.com\/cs\/wp-json\/wp\/v2\/product_tag?post=24277"}],"curies":[{"name":"wp","href":"https:\/\/api.w.org\/{rel}","templated":true}]}}