{"id":24268,"date":"2025-04-13T17:41:22","date_gmt":"2025-04-13T17:41:22","guid":{"rendered":"https:\/\/researchchemicalhub.com\/?post_type=product&#038;p=24268"},"modified":"2025-10-12T19:05:22","modified_gmt":"2025-10-12T19:05:22","slug":"promal-metallyleskalin","status":"publish","type":"product","link":"https:\/\/researchchemicalhub.com\/cs\/nakupovat\/b2b\/promal-metallyleskalin\/","title":{"rendered":"RC+ Promal s\u00e1\u010dek 3 pelety"},"content":{"rendered":"<h3 data-start=\"3993\" data-end=\"4014\"><strong data-start=\"3997\" data-end=\"4012\">Zaveden\u00ed<\/strong><\/h3>\n<p data-start=\"4015\" data-end=\"4406\"><strong data-start=\"4015\" data-end=\"4041\">RC+ Promal (3 pelety)<\/strong> je a <strong data-start=\"4049\" data-end=\"4090\">v\u00fdzkumn\u00e1 sm\u011bs laboratorn\u00ed kvality<\/strong>, dod\u00e1v\u00e1no v znovuuzav\u00edrateln\u00e9m s\u00e1\u010dku s <strong data-start=\"4131\" data-end=\"4169\">t\u0159i p\u0159esn\u011b d\u00e1vkovan\u00e9 pelety<\/strong>Promal metallyleskalin<br data-start=\"4170\" data-end=\"4173\" \/>Vyvinuto pro <strong data-start=\"4189\" data-end=\"4242\">analytick\u00fd, forenzn\u00ed a neurochemick\u00fd v\u00fdzkum<\/strong>, pat\u0159\u00ed toto spojen\u00ed k <strong data-start=\"4275\" data-end=\"4294\">Pr\u00e9miov\u00e1 \u0159ada RC+<\/strong>, ur\u010den\u00fd pro <strong data-start=\"4311\" data-end=\"4330\">vazba na receptor<\/strong>, <strong data-start=\"4332\" data-end=\"4350\">chromatografie<\/strong> a <strong data-start=\"4354\" data-end=\"4395\">vztah mezi strukturou a aktivitou (SAR)<\/strong>-studie.<\/p>\n<p data-start=\"4408\" data-end=\"4665\">Ka\u017ed\u00e1 peleta je <strong data-start=\"4426\" data-end=\"4490\">vyrobeno za kontrolovan\u00fdch laboratorn\u00edch podm\u00ednek<\/strong> a testov\u00e1no na <strong data-start=\"4508\" data-end=\"4532\">\u010distota \u2265 98%<\/strong> p\u0159es <strong data-start=\"4537\" data-end=\"4552\">HPLC a NMR<\/strong>.<br data-start=\"4553\" data-end=\"4556\" \/>The <strong data-start=\"4559\" data-end=\"4585\">RC+ Promal formulace<\/strong> z\u00e1ruky <strong data-start=\"4597\" data-end=\"4662\">konzistentn\u00ed slo\u017een\u00ed a spolehliv\u00e9 mo\u017enosti anal\u00fdzy<\/strong>.<\/p>\n<blockquote data-start=\"4667\" data-end=\"4812\">\n<p data-start=\"4669\" data-end=\"4812\">\u26a0\ufe0f <strong data-start=\"4672\" data-end=\"4683\">Pozn.:<\/strong> RC+ Promal je ur\u010den v\u00fdhradn\u011b pro <strong data-start=\"4723\" data-end=\"4758\">v\u00fdzkumn\u00e9 a analytick\u00e9 vyu\u017eit\u00ed<\/strong> \u2014 <strong data-start=\"4761\" data-end=\"4810\">ne pro lidskou ani zv\u00ed\u0159ec\u00ed spot\u0159ebu.<\/strong><\/p>\n<\/blockquote>\n<hr data-start=\"4814\" data-end=\"4817\" \/>\n<h3 data-start=\"4819\" data-end=\"4850\"><strong data-start=\"4823\" data-end=\"4850\">Kl\u00ed\u010dov\u00e9 vlastnosti<\/strong><\/h3>\n<div class=\"_tableContainer_1rjym_1\">\n<div class=\"group _tableWrapper_1rjym_13 flex w-fit flex-col-reverse\" tabindex=\"-1\">\n<table class=\"w-fit min-w-(--thread-content-width)\" data-start=\"4852\" data-end=\"5472\">\n<thead data-start=\"4852\" data-end=\"4878\">\n<tr data-start=\"4852\" data-end=\"4878\">\n<th data-start=\"4852\" data-end=\"4862\" data-col-size=\"sm\">Funkce<\/th>\n<th data-start=\"4862\" data-end=\"4878\" data-col-size=\"md\">Popis<\/th>\n<\/tr>\n<\/thead>\n<tbody data-start=\"4907\" data-end=\"5472\">\n<tr data-start=\"4907\" data-end=\"4951\">\n<td data-start=\"4907\" data-end=\"4925\" data-col-size=\"sm\"><strong data-start=\"4909\" data-end=\"4924\">N\u00e1zev produktu<\/strong><\/td>\n<td data-start=\"4925\" data-end=\"4951\" data-col-size=\"md\">RC+ Promal (3 pelety)<\/td>\n<\/tr>\n<tr data-start=\"4952\" data-end=\"4989\">\n<td data-start=\"4952\" data-end=\"4973\" data-col-size=\"sm\"><strong data-start=\"4954\" data-end=\"4972\">Chemick\u00e1 forma<\/strong><\/td>\n<td data-start=\"4973\" data-end=\"4989\" data-col-size=\"md\">Pevn\u00e9 pelety<\/td>\n<\/tr>\n<tr data-start=\"4990\" data-end=\"5041\">\n<td data-start=\"4990\" data-end=\"5007\" data-col-size=\"sm\"><strong data-start=\"4992\" data-end=\"5006\">\u010cistota<\/strong><\/td>\n<td data-start=\"5007\" data-end=\"5041\" data-col-size=\"md\">\u2265 98% (testov\u00e1no pomoc\u00ed HPLC a NMR)<\/td>\n<\/tr>\n<tr data-start=\"5042\" data-end=\"5099\">\n<td data-start=\"5042\" data-end=\"5065\" data-col-size=\"sm\"><strong data-start=\"5044\" data-end=\"5064\">Chemick\u00e1 t\u0159\u00edda<\/strong><\/td>\n<td data-start=\"5065\" data-end=\"5099\" data-col-size=\"md\">V\u00fdzkumn\u00e1 sm\u011bs (sm\u011bs RC+)<\/td>\n<\/tr>\n<tr data-start=\"5100\" data-end=\"5162\">\n<td data-start=\"5100\" data-end=\"5118\" data-col-size=\"sm\"><strong data-start=\"5102\" data-end=\"5117\">Formulace<\/strong><\/td>\n<td data-start=\"5118\" data-end=\"5162\" data-col-size=\"md\">P\u0159esn\u00e1 laboratorn\u00ed standardn\u00ed sm\u011bs<\/td>\n<\/tr>\n<tr data-start=\"5163\" data-end=\"5227\">\n<td data-start=\"5163\" data-end=\"5178\" data-col-size=\"sm\"><strong data-start=\"5165\" data-end=\"5177\">D\u00e1vkov\u00e1n\u00ed<\/strong><\/td>\n<td data-start=\"5178\" data-end=\"5227\" data-col-size=\"md\">1 peleta = standardizovan\u00e1 v\u00fdzkumn\u00e1 d\u00e1vka<\/td>\n<\/tr>\n<tr data-start=\"5228\" data-end=\"5269\">\n<td data-start=\"5228\" data-end=\"5246\" data-col-size=\"sm\"><strong data-start=\"5230\" data-end=\"5245\">Mno\u017estv\u00ed<\/strong><\/td>\n<td data-start=\"5246\" data-end=\"5269\" data-col-size=\"md\">3 pelety na s\u00e1\u010dek<\/td>\n<\/tr>\n<tr data-start=\"5270\" data-end=\"5337\">\n<td data-start=\"5270\" data-end=\"5287\" data-col-size=\"sm\"><strong data-start=\"5272\" data-end=\"5286\">Obal<\/strong><\/td>\n<td data-start=\"5287\" data-end=\"5337\" data-col-size=\"md\">Znovuuzav\u00edrateln\u00fd laboratorn\u00ed s\u00e1\u010dek odoln\u00fd proti vlhkosti<\/td>\n<\/tr>\n<tr data-start=\"5338\" data-end=\"5417\">\n<td data-start=\"5338\" data-end=\"5352\" data-col-size=\"sm\"><strong data-start=\"5340\" data-end=\"5351\">Pou\u017e\u00edv\u00e1n\u00ed<\/strong><\/td>\n<td data-start=\"5352\" data-end=\"5417\" data-col-size=\"md\">Pouze pro analytick\u00fd, forenzn\u00ed a neurochemick\u00fd v\u00fdzkum<\/td>\n<\/tr>\n<tr data-start=\"5418\" data-end=\"5472\">\n<td data-start=\"5418\" data-end=\"5431\" data-col-size=\"sm\"><strong data-start=\"5420\" data-end=\"5430\">Skladov\u00e1n\u00ed<\/strong><\/td>\n<td data-start=\"5431\" data-end=\"5472\" data-col-size=\"md\">Skladujte na chladn\u00e9m, such\u00e9m a tmav\u00e9m m\u00edst\u011b (2\u20138 \u00b0C)<\/td>\n<\/tr>\n<\/tbody>\n<\/table>\n<\/div>\n<\/div>\n<hr data-start=\"5474\" data-end=\"5477\" \/>\n<h3 data-start=\"5479\" data-end=\"5496\"><strong data-start=\"5483\" data-end=\"5496\">V\u00fdhody<\/strong><\/h3>\n<ul data-start=\"5498\" data-end=\"5871\">\n<li data-start=\"5498\" data-end=\"5582\">\n<p data-start=\"5500\" data-end=\"5582\"><strong data-start=\"5500\" data-end=\"5527\">Vysok\u00e1 \u010distota (\u2265 98%)<\/strong> \u2013 Laboratorn\u00ed kvalita pro spolehliv\u00e9 v\u00fdsledky.<\/p>\n<\/li>\n<li data-start=\"5583\" data-end=\"5657\">\n<p data-start=\"5585\" data-end=\"5657\"><strong data-start=\"5585\" data-end=\"5616\">Standardizovan\u00e9 d\u00e1vkov\u00e1n\u00ed<\/strong> \u2013 Ka\u017ed\u00e1 peleta je p\u0159esn\u011b zv\u00e1\u017eena.<\/p>\n<\/li>\n<li data-start=\"5658\" data-end=\"5721\">\n<p data-start=\"5660\" data-end=\"5721\"><strong data-start=\"5660\" data-end=\"5682\">Bezpe\u010dn\u00e9 balen\u00ed<\/strong> \u2013 Znovuuzav\u00edrateln\u00fd s\u00e1\u010dek odoln\u00fd proti vlhkosti.<\/p>\n<\/li>\n<li data-start=\"5722\" data-end=\"5800\">\n<p data-start=\"5724\" data-end=\"5800\"><strong data-start=\"5724\" data-end=\"5754\">\u0160iroce pou\u017eiteln\u00e9 pro v\u00fdzkum<\/strong> \u2013 Vhodn\u00e9 pro GC\/MS, LC-MS, FTIR a HPLC.<\/p>\n<\/li>\n<li data-start=\"5801\" data-end=\"5871\">\n<p data-start=\"5803\" data-end=\"5871\"><strong data-start=\"5803\" data-end=\"5830\">Ov\u011b\u0159en\u00e1 kvalita<\/strong> \u2013 Ka\u017ed\u00e1 \u0161ar\u017ee je testov\u00e1na a dohledateln\u00e1.<\/p>\n<\/li>\n<\/ul>\n<hr data-start=\"5873\" data-end=\"5876\" \/>\n<h3 data-start=\"5878\" data-end=\"5930\"><strong data-start=\"5882\" data-end=\"5928\">Pou\u017eit\u00ed (pouze pro v\u00fdzkumn\u00e9 \u00fa\u010dely)<\/strong><\/h3>\n<ol data-start=\"5932\" data-end=\"6269\">\n<li data-start=\"5932\" data-end=\"6001\">\n<p data-start=\"5935\" data-end=\"6001\"><strong data-start=\"5935\" data-end=\"5950\">Zach\u00e1zen\u00ed:<\/strong> Pou\u017e\u00edvejte rukavice, ochrann\u00e9 br\u00fdle a laboratorn\u00ed pl\u00e1\u0161\u0165.<\/p>\n<\/li>\n<li data-start=\"6002\" data-end=\"6064\">\n<p data-start=\"6005\" data-end=\"6064\"><strong data-start=\"6005\" data-end=\"6018\">Rozm\u011bry:<\/strong> Poznamenejte si \u010d\u00edslo \u0161ar\u017ee, d\u00e1vkov\u00e1n\u00ed a \u010distotu.<\/p>\n<\/li>\n<li data-start=\"6065\" data-end=\"6119\">\n<p data-start=\"6068\" data-end=\"6119\"><strong data-start=\"6068\" data-end=\"6079\">Skladov\u00e1n\u00ed:<\/strong> Skladujte v chladu (2\u20138 \u00b0C), suchu a tm\u011b.<\/p>\n<\/li>\n<li data-start=\"6120\" data-end=\"6204\">\n<p data-start=\"6123\" data-end=\"6204\"><strong data-start=\"6123\" data-end=\"6135\">Anal\u00fdza:<\/strong> Vhodn\u00e9 pro chromatografii, spektroskopii a forenzn\u00ed testov\u00e1n\u00ed.<\/p>\n<\/li>\n<li data-start=\"6205\" data-end=\"6269\">\n<p data-start=\"6208\" data-end=\"6269\"><strong data-start=\"6208\" data-end=\"6225\">Dokumentace:<\/strong> Zaznamenejte v\u00fdsledky a metody anal\u00fdzy.<\/p>\n<\/li>\n<\/ol>\n<hr data-start=\"6271\" data-end=\"6274\" \/>\n<h3 data-start=\"6276\" data-end=\"6311\"><strong data-start=\"6280\" data-end=\"6309\">\u010casto kladen\u00e9 ot\u00e1zky (FAQ)<\/strong><\/h3>\n<p data-start=\"6313\" data-end=\"6438\"><strong data-start=\"6313\" data-end=\"6338\">1. Co je RC+ Promal?<\/strong><br data-start=\"6338\" data-end=\"6341\" \/>A <strong data-start=\"6345\" data-end=\"6367\">v\u00fdzkumn\u00e1 sm\u011bs<\/strong> z \u0159ady RC+, ur\u010den\u00e9 pro analytick\u00e1 a forenzn\u00ed vy\u0161et\u0159ov\u00e1n\u00ed.<\/p>\n<p data-start=\"6440\" data-end=\"6551\"><strong data-start=\"6440\" data-end=\"6473\">2. Jak \u010dist\u00fd je produkt?<\/strong><br data-start=\"6473\" data-end=\"6476\" \/>Ka\u017ed\u00e1 v\u00e1rka m\u00e1 <strong data-start=\"6497\" data-end=\"6521\">\u010distota \u2265 98%<\/strong>, potvrzeno HPLC a NMR.<\/p>\n<p data-start=\"6553\" data-end=\"6680\"><strong data-start=\"6553\" data-end=\"6590\">3. Jak se RC+ Promal dod\u00e1v\u00e1?<\/strong><br data-start=\"6590\" data-end=\"6593\" \/>V <strong data-start=\"6600\" data-end=\"6634\">znovuuzav\u00edrateln\u00fd laboratorn\u00ed s\u00e1\u010dek<\/strong> z <strong data-start=\"6639\" data-end=\"6677\">t\u0159i p\u0159esn\u011b d\u00e1vkovan\u00e9 pelety<\/strong>.<\/p>","protected":false},"excerpt":{"rendered":"<p>Introductie RC+ Promal (3 pellets) is een laboratoriumklasse onderzoekscompound, geleverd in een hersluitbaar zakje met drie nauwkeurig gedoseerde pellets. Promal<\/p>","protected":false},"featured_media":21350,"comment_status":"closed","ping_status":"closed","template":"","meta":[],"product_brand":[82],"product_cat":[555],"product_tag":[326,864,209],"class_list":{"0":"post-24268","1":"product","2":"type-product","3":"status-publish","4":"has-post-thumbnail","6":"product_brand-research-chemical","7":"product_cat-b2b","8":"product_tag-nl","9":"product_tag-promal","10":"product_tag-promal-methallylescaline","12":"first","13":"instock","14":"taxable","15":"shipping-taxable","16":"purchasable","17":"product-type-variable"},"_links":{"self":[{"href":"https:\/\/researchchemicalhub.com\/cs\/wp-json\/wp\/v2\/product\/24268","targetHints":{"allow":["GET"]}}],"collection":[{"href":"https:\/\/researchchemicalhub.com\/cs\/wp-json\/wp\/v2\/product"}],"about":[{"href":"https:\/\/researchchemicalhub.com\/cs\/wp-json\/wp\/v2\/types\/product"}],"replies":[{"embeddable":true,"href":"https:\/\/researchchemicalhub.com\/cs\/wp-json\/wp\/v2\/comments?post=24268"}],"version-history":[{"count":4,"href":"https:\/\/researchchemicalhub.com\/cs\/wp-json\/wp\/v2\/product\/24268\/revisions"}],"predecessor-version":[{"id":27815,"href":"https:\/\/researchchemicalhub.com\/cs\/wp-json\/wp\/v2\/product\/24268\/revisions\/27815"}],"wp:featuredmedia":[{"embeddable":true,"href":"https:\/\/researchchemicalhub.com\/cs\/wp-json\/wp\/v2\/media\/21350"}],"wp:attachment":[{"href":"https:\/\/researchchemicalhub.com\/cs\/wp-json\/wp\/v2\/media?parent=24268"}],"wp:term":[{"taxonomy":"product_brand","embeddable":true,"href":"https:\/\/researchchemicalhub.com\/cs\/wp-json\/wp\/v2\/product_brand?post=24268"},{"taxonomy":"product_cat","embeddable":true,"href":"https:\/\/researchchemicalhub.com\/cs\/wp-json\/wp\/v2\/product_cat?post=24268"},{"taxonomy":"product_tag","embeddable":true,"href":"https:\/\/researchchemicalhub.com\/cs\/wp-json\/wp\/v2\/product_tag?post=24268"}],"curies":[{"name":"wp","href":"https:\/\/api.w.org\/{rel}","templated":true}]}}