{"id":24265,"date":"2025-04-13T17:41:21","date_gmt":"2025-04-13T17:41:21","guid":{"rendered":"https:\/\/researchchemicalhub.com\/?post_type=product&#038;p=24265"},"modified":"2025-10-12T19:33:01","modified_gmt":"2025-10-12T19:33:01","slug":"rc-metocinovy-sacek-3-pelety","status":"publish","type":"product","link":"https:\/\/researchchemicalhub.com\/cs\/nakupovat\/b2b\/rc-metocinovy-sacek-3-pelety\/","title":{"rendered":"RC+ Metocin s\u00e1\u010dek 3 pelety"},"content":{"rendered":"<h2 data-start=\"3774\" data-end=\"3800\"><strong data-start=\"3777\" data-end=\"3800\">Popis produktu<\/strong><\/h2>\n<p data-start=\"3802\" data-end=\"4116\"><strong data-start=\"3802\" data-end=\"3833\">RC+ Metocin s\u00e1\u010dek 3 pelety<\/strong> je a <strong data-start=\"3841\" data-end=\"3878\">vysoce kvalitn\u00ed v\u00fdzkumn\u00fd materi\u00e1l<\/strong>, vyvinut\u00fd pro pou\u017eit\u00ed v analytick\u00fdch, toxikologick\u00fdch a forenzn\u00edch laborato\u0159\u00edch.<br data-start=\"3962\" data-end=\"3965\" \/>Ka\u017ed\u00e9 balen\u00ed obsahuje <strong data-start=\"3987\" data-end=\"4025\">t\u0159i pe\u010dliv\u011b d\u00e1vkovan\u00e9 pelety<\/strong>, vyrobeno pod p\u0159\u00edsnou kontrolou kvality pro maxim\u00e1ln\u00ed \u010distotu a konzistenci. metocin 4-ho-met<\/p>\n<p data-start=\"4118\" data-end=\"4290\"><strong data-start=\"4118\" data-end=\"4129\">Metocin<\/strong>, sou\u010d\u00e1st <strong data-start=\"4148\" data-end=\"4161\">\u0158ada RC+<\/strong>, podporuje v\u00fdzkum <strong data-start=\"4190\" data-end=\"4213\">analogy tryptaminu<\/strong> a slou\u017e\u00ed jako spolehliv\u00e1 referen\u010dn\u00ed l\u00e1tka pro v\u011bdeck\u00e9 aplikace.<\/p>\n<p data-start=\"4292\" data-end=\"4428\">\u26a0\ufe0f <strong data-start=\"4295\" data-end=\"4306\">Pozn.:<\/strong> Tento produkt je <strong data-start=\"4322\" data-end=\"4371\">ur\u010den\u00e9 pouze pro v\u00fdzkumn\u00e9 \u00fa\u010dely<\/strong> a <strong data-start=\"4375\" data-end=\"4427\">nen\u00ed vhodn\u00e9 pro pou\u017eit\u00ed lidmi ani zv\u00ed\u0159aty<\/strong>.<\/p>\n<hr data-start=\"4430\" data-end=\"4433\" \/>\n<h2 data-start=\"4435\" data-end=\"4465\"><strong data-start=\"4438\" data-end=\"4465\">Kl\u00ed\u010dov\u00e9 vlastnosti<\/strong><\/h2>\n<ul data-start=\"4467\" data-end=\"4883\">\n<li data-start=\"4467\" data-end=\"4533\">\n<p data-start=\"4469\" data-end=\"4533\"><strong data-start=\"4469\" data-end=\"4489\">Vysok\u00e1 \u010distota:<\/strong> Spl\u0148uje laboratorn\u00ed standardy kvality.<\/p>\n<\/li>\n<li data-start=\"4534\" data-end=\"4624\">\n<p data-start=\"4536\" data-end=\"4624\"><strong data-start=\"4536\" data-end=\"4568\">Standardizovan\u00e9 d\u00e1vkov\u00e1n\u00ed:<\/strong> T\u0159i pelety v s\u00e1\u010dku s konzistentn\u00edm slo\u017een\u00edm.<\/p>\n<\/li>\n<li data-start=\"4625\" data-end=\"4713\">\n<p data-start=\"4627\" data-end=\"4713\"><strong data-start=\"4627\" data-end=\"4654\">Stabiln\u00ed a spolehliv\u00fd:<\/strong> Navr\u017eeno pro dlouhodob\u00e9 skladov\u00e1n\u00ed a reprodukovatelnost.<\/p>\n<\/li>\n<li data-start=\"4714\" data-end=\"4797\">\n<p data-start=\"4716\" data-end=\"4797\"><strong data-start=\"4716\" data-end=\"4739\">Bezpe\u010dn\u00e9 balen\u00ed:<\/strong> Vzduchot\u011bsn\u00e9 a odoln\u00e9 v\u016f\u010di vlhkosti pro maxim\u00e1ln\u00ed integritu.<\/p>\n<\/li>\n<li data-start=\"4798\" data-end=\"4883\">\n<p data-start=\"4800\" data-end=\"4883\"><strong data-start=\"4800\" data-end=\"4827\">V souladu s p\u0159edpisy EU:<\/strong> Vyrobeno v souladu s evropsk\u00fdmi bezpe\u010dnostn\u00edmi sm\u011brnicemi. metocin 4-ho-met<\/p>\n<\/li>\n<\/ul>\n<hr data-start=\"4885\" data-end=\"4888\" \/>\n<h2 data-start=\"4890\" data-end=\"4924\"><strong data-start=\"4893\" data-end=\"4924\">V\u00fdhody pro v\u00fdzkumn\u00edky<\/strong><\/h2>\n<ul data-start=\"4926\" data-end=\"5206\">\n<li data-start=\"4926\" data-end=\"4998\">\n<p data-start=\"4928\" data-end=\"4998\">Vhodn\u00e9 pro <strong data-start=\"4942\" data-end=\"4995\">analytick\u00fd, forenzn\u00ed a toxikologick\u00fd v\u00fdzkum<\/strong>.<\/p>\n<\/li>\n<li data-start=\"4999\" data-end=\"5071\">\n<p data-start=\"5001\" data-end=\"5071\">Podporuje <strong data-start=\"5013\" data-end=\"5042\">spektroskopick\u00e9 anal\u00fdzy<\/strong> jako je LC-MS, GC-MS a NMR.<\/p>\n<\/li>\n<li data-start=\"5072\" data-end=\"5134\">\n<p data-start=\"5074\" data-end=\"5134\">Pom\u00e1h\u00e1 s <strong data-start=\"5084\" data-end=\"5114\">identifikace a validace<\/strong> spojen\u00ed.<\/p>\n<\/li>\n<li data-start=\"5135\" data-end=\"5206\">\n<p data-start=\"5137\" data-end=\"5206\">Nab\u00eddky <strong data-start=\"5143\" data-end=\"5177\">spolehliv\u00e9 referen\u010dn\u00ed vzorky<\/strong> pro v\u00fdzkumn\u00e9 \u00fa\u010dely.<\/p>\n<\/li>\n<\/ul>\n<hr data-start=\"5208\" data-end=\"5211\" \/>\n<h2 data-start=\"5213\" data-end=\"5247\"><strong data-start=\"5216\" data-end=\"5247\">Pou\u017eit\u00ed (kontext v\u00fdzkumu)<\/strong><\/h2>\n<ol data-start=\"5249\" data-end=\"5453\">\n<li data-start=\"5249\" data-end=\"5294\">\n<p data-start=\"5252\" data-end=\"5294\">Pou\u017e\u00edvejte pouze v akreditovan\u00fdch laborato\u0159\u00edch.<\/p>\n<\/li>\n<li data-start=\"5295\" data-end=\"5355\">\n<p data-start=\"5298\" data-end=\"5355\">Pou\u017e\u00edvejte rukavice, ochrann\u00e9 br\u00fdle a laboratorn\u00ed pl\u00e1\u0161\u0165.<\/p>\n<\/li>\n<li data-start=\"5356\" data-end=\"5403\">\n<p data-start=\"5359\" data-end=\"5403\">Skladujte v chladu, suchu a tm\u011b (do 25 \u00b0C).<\/p>\n<\/li>\n<li data-start=\"5404\" data-end=\"5453\">\n<p data-start=\"5407\" data-end=\"5453\">Zbytky zlikvidujte v souladu s m\u00edstn\u00edmi p\u0159edpisy.<\/p>\n<\/li>\n<\/ol>\n<blockquote data-start=\"5455\" data-end=\"5552\">\n<p data-start=\"5457\" data-end=\"5552\"><strong data-start=\"5457\" data-end=\"5468\">Pozn.:<\/strong> <em data-start=\"5469\" data-end=\"5498\">RC+ Metocin s\u00e1\u010dek 3 pelety<\/em> je <strong data-start=\"5502\" data-end=\"5551\">ur\u010den\u00e9 pouze pro v\u00fdzkumn\u00e9 \u00fa\u010dely<\/strong>.<\/p>\n<\/blockquote>\n<hr data-start=\"5554\" data-end=\"5557\" \/>\n<h2 data-start=\"5559\" data-end=\"5593\"><strong data-start=\"5562\" data-end=\"5593\">\u010casto kladen\u00e9 ot\u00e1zky (FAQ)<\/strong><\/h2>\n<p data-start=\"5595\" data-end=\"5743\"><strong data-start=\"5595\" data-end=\"5638\">1. K \u010demu se RC+ Metocin pou\u017e\u00edv\u00e1?<\/strong><br data-start=\"5638\" data-end=\"5641\" \/>RC+ Metocin se pou\u017e\u00edv\u00e1 k <strong data-start=\"5673\" data-end=\"5714\">analytick\u00fd a toxikologick\u00fd v\u00fdzkum<\/strong> na tryptaminov\u00e9 slou\u010deniny.<\/p>\n<p data-start=\"5745\" data-end=\"5859\"><strong data-start=\"5745\" data-end=\"5784\">2. Kolik pelet obsahuje jeden s\u00e1\u010dek?<\/strong><br data-start=\"5784\" data-end=\"5787\" \/>Ka\u017ed\u00fd s\u00e1\u010dek obsahuje <strong data-start=\"5803\" data-end=\"5835\">3 standardizovan\u00e9 pelety<\/strong> stejn\u00e9 \u010distoty.<\/p>\n<p data-start=\"5861\" data-end=\"6014\"><strong data-start=\"5861\" data-end=\"5909\">3. Mohu si RC+ Metocin koupit jako soukrom\u00e1 osoba?<\/strong><br data-start=\"5909\" data-end=\"5912\" \/>Ne, pouze <strong data-start=\"5924\" data-end=\"5958\">uzn\u00e1van\u00e9 v\u00fdzkumn\u00e9 instituce<\/strong> s p\u0159\u00edslu\u0161n\u00fdm povolen\u00edm si mohou tento produkt zakoupit.<\/p>","protected":false},"excerpt":{"rendered":"<p>\u010c\u00edslo CAS: 77872-41-4<br \/>\nVzorec: C13H18N2O<br \/>\nMol\u00e1rn\u00ed hmotnost: 218,3 g\/mol<br \/>\n\u010cistota: \u226598%<\/p>","protected":false},"featured_media":21348,"comment_status":"closed","ping_status":"closed","template":"","meta":[],"product_brand":[82],"product_cat":[555],"product_tag":[858,857,871,636,673,635,870,326],"class_list":{"0":"post-24265","1":"product","2":"type-product","3":"status-publish","4":"has-post-thumbnail","6":"product_brand-research-chemical","7":"product_cat-b2b","8":"product_tag-4-acetoxy-met","9":"product_tag-4-ho-met-psychonaut","10":"product_tag-methylcybin","11":"product_tag-metocin","12":"product_tag-metocin-4-ho-met","13":"product_tag-metocin-kopen","14":"product_tag-metocin-tablet","15":"product_tag-nl","17":"first","18":"instock","19":"taxable","20":"shipping-taxable","21":"purchasable","22":"product-type-variable"},"_links":{"self":[{"href":"https:\/\/researchchemicalhub.com\/cs\/wp-json\/wp\/v2\/product\/24265","targetHints":{"allow":["GET"]}}],"collection":[{"href":"https:\/\/researchchemicalhub.com\/cs\/wp-json\/wp\/v2\/product"}],"about":[{"href":"https:\/\/researchchemicalhub.com\/cs\/wp-json\/wp\/v2\/types\/product"}],"replies":[{"embeddable":true,"href":"https:\/\/researchchemicalhub.com\/cs\/wp-json\/wp\/v2\/comments?post=24265"}],"version-history":[{"count":4,"href":"https:\/\/researchchemicalhub.com\/cs\/wp-json\/wp\/v2\/product\/24265\/revisions"}],"predecessor-version":[{"id":27822,"href":"https:\/\/researchchemicalhub.com\/cs\/wp-json\/wp\/v2\/product\/24265\/revisions\/27822"}],"wp:featuredmedia":[{"embeddable":true,"href":"https:\/\/researchchemicalhub.com\/cs\/wp-json\/wp\/v2\/media\/21348"}],"wp:attachment":[{"href":"https:\/\/researchchemicalhub.com\/cs\/wp-json\/wp\/v2\/media?parent=24265"}],"wp:term":[{"taxonomy":"product_brand","embeddable":true,"href":"https:\/\/researchchemicalhub.com\/cs\/wp-json\/wp\/v2\/product_brand?post=24265"},{"taxonomy":"product_cat","embeddable":true,"href":"https:\/\/researchchemicalhub.com\/cs\/wp-json\/wp\/v2\/product_cat?post=24265"},{"taxonomy":"product_tag","embeddable":true,"href":"https:\/\/researchchemicalhub.com\/cs\/wp-json\/wp\/v2\/product_tag?post=24265"}],"curies":[{"name":"wp","href":"https:\/\/api.w.org\/{rel}","templated":true}]}}