{"id":24200,"date":"2025-04-13T17:41:14","date_gmt":"2025-04-13T17:41:14","guid":{"rendered":"https:\/\/researchchemicalhub.com\/?post_type=product&#038;p=24200"},"modified":"2025-10-12T20:05:31","modified_gmt":"2025-10-12T20:05:31","slug":"1p-lsd-sacek-3-pijavice","status":"publish","type":"product","link":"https:\/\/researchchemicalhub.com\/cs\/nakupovat\/b2b\/1p-lsd-sacek-3-pijavice\/","title":{"rendered":"1P-LSD s\u00e1\u010dek 3 pijavice"},"content":{"rendered":"<h2 data-start=\"3787\" data-end=\"3813\"><strong data-start=\"3790\" data-end=\"3813\">Popis produktu<\/strong><\/h2>\n<p data-start=\"3815\" data-end=\"4065\"><strong data-start=\"3815\" data-end=\"3866\">1P-LSD (diethylamid kyseliny 1-propionyl-lysergov\u00e9)<\/strong> je a <strong data-start=\"3874\" data-end=\"3917\">v\u00fdzkumn\u00e1 l\u00e1tka ze t\u0159\u00eddy lysergamidu<\/strong>, souvisej\u00edc\u00ed s LSD.<br data-start=\"3935\" data-end=\"3938\" \/>Pou\u017e\u00edv\u00e1 se pro <strong data-start=\"3962\" data-end=\"4015\">analytick\u00fd, forenzn\u00ed a neurochemick\u00fd v\u00fdzkum<\/strong> Nep\u0159\u00edjemn\u00fd <strong data-start=\"4021\" data-end=\"4062\">struktur\u00e1ln\u00ed a metabolick\u00e9 vlastnosti<\/strong>objednat LSD<\/p>\n<p data-start=\"4067\" data-end=\"4231\">Ka\u017ed\u00fd <strong data-start=\"4071\" data-end=\"4087\">1P-LSD s\u00e1\u010dek<\/strong> obsahuje <strong data-start=\"4094\" data-end=\"4132\">3 pe\u010dliv\u011b vyroben\u00e9 sav\u00e9 pap\u00edry<\/strong>, vyroben\u00e9 za kontrolovan\u00fdch podm\u00ednek <strong data-start=\"4186\" data-end=\"4216\">\u010distota a konzistence<\/strong> zaru\u010dit.<\/p>\n<p data-start=\"4233\" data-end=\"4369\">\u26a0\ufe0f <strong data-start=\"4236\" data-end=\"4247\">Pozn.:<\/strong> Tento produkt je <strong data-start=\"4263\" data-end=\"4312\">ur\u010den\u00e9 pouze pro v\u00fdzkumn\u00e9 \u00fa\u010dely<\/strong> a <strong data-start=\"4316\" data-end=\"4368\">nen\u00ed vhodn\u00e9 pro pou\u017eit\u00ed lidmi ani zv\u00ed\u0159aty<\/strong>.<\/p>\n<hr data-start=\"4371\" data-end=\"4374\" \/>\n<h2 data-start=\"4376\" data-end=\"4406\"><strong data-start=\"4379\" data-end=\"4406\">Kl\u00ed\u010dov\u00e9 vlastnosti<\/strong><\/h2>\n<ul data-start=\"4408\" data-end=\"4757\">\n<li data-start=\"4408\" data-end=\"4482\">\n<p data-start=\"4410\" data-end=\"4482\"><strong data-start=\"4410\" data-end=\"4430\">Vysok\u00e1 \u010distota:<\/strong> Vhodn\u00e9 pro analytick\u00fd a forenzn\u00ed v\u00fdzkum.<\/p>\n<\/li>\n<li data-start=\"4483\" data-end=\"4553\">\n<p data-start=\"4485\" data-end=\"4553\"><strong data-start=\"4485\" data-end=\"4517\">Standardizovan\u00e9 sav\u00e9 pap\u00edry:<\/strong> Konzistentn\u00ed d\u00e1vkov\u00e1n\u00ed na sav\u00fd pap\u00edr.<\/p>\n<\/li>\n<li data-start=\"4554\" data-end=\"4612\">\n<p data-start=\"4556\" data-end=\"4612\"><strong data-start=\"4556\" data-end=\"4577\">Chemicky stabiln\u00ed:<\/strong> Vhodn\u00e9 pro dlouhodob\u00e9 skladov\u00e1n\u00ed.<\/p>\n<\/li>\n<li data-start=\"4613\" data-end=\"4671\">\n<p data-start=\"4615\" data-end=\"4671\"><strong data-start=\"4615\" data-end=\"4638\">Bezpe\u010dn\u00e9 balen\u00ed:<\/strong> Vzduchot\u011bsn\u00fd a uzav\u0159en\u00fd s\u00e1\u010dek.<\/p>\n<\/li>\n<li data-start=\"4672\" data-end=\"4757\">\n<p data-start=\"4674\" data-end=\"4757\"><strong data-start=\"4674\" data-end=\"4701\">V souladu s p\u0159edpisy EU:<\/strong> Vyrobeno dle evropsk\u00fdch bezpe\u010dnostn\u00edch sm\u011brnic.<\/p>\n<\/li>\n<\/ul>\n<hr data-start=\"4759\" data-end=\"4762\" \/>\n<h2 data-start=\"4764\" data-end=\"4795\"><strong data-start=\"4767\" data-end=\"4795\">V\u00fdhody pro v\u00fdzkum<\/strong><\/h2>\n<ul data-start=\"4797\" data-end=\"5044\">\n<li data-start=\"4797\" data-end=\"4865\">\n<p data-start=\"4799\" data-end=\"4865\">Podporuje <strong data-start=\"4811\" data-end=\"4862\">v\u00fdvoj analytick\u00fdch a forenzn\u00edch metod<\/strong>.<\/p>\n<\/li>\n<li data-start=\"4866\" data-end=\"4923\">\n<p data-start=\"4868\" data-end=\"4923\">Vhodn\u00e9 pro <strong data-start=\"4882\" data-end=\"4920\">neurochemick\u00fd a receptorov\u00fd v\u00fdzkum<\/strong>.<\/p>\n<\/li>\n<li data-start=\"4924\" data-end=\"4992\">\n<p data-start=\"4926\" data-end=\"4992\">Pom\u00e1h\u00e1 s <strong data-start=\"4936\" data-end=\"4972\">struktur\u00e1ln\u00ed srovn\u00e1vac\u00ed studie<\/strong> lysergamid\u016f.<\/p>\n<\/li>\n<li data-start=\"4993\" data-end=\"5044\">\n<p data-start=\"4995\" data-end=\"5044\">Nab\u00eddky <strong data-start=\"5001\" data-end=\"5041\">reprodukovateln\u00e9 v\u00fdsledky v\u00fdzkumu<\/strong>objednat LSD<\/p>\n<\/li>\n<\/ul>\n<hr data-start=\"5046\" data-end=\"5049\" \/>\n<h2 data-start=\"5051\" data-end=\"5085\"><strong data-start=\"5054\" data-end=\"5085\">Pou\u017eit\u00ed (kontext v\u00fdzkumu)<\/strong><\/h2>\n<ol data-start=\"5087\" data-end=\"5304\">\n<li data-start=\"5087\" data-end=\"5132\">\n<p data-start=\"5090\" data-end=\"5132\">Pou\u017e\u00edvejte pouze v akreditovan\u00fdch laborato\u0159\u00edch.<\/p>\n<\/li>\n<li data-start=\"5133\" data-end=\"5193\">\n<p data-start=\"5136\" data-end=\"5193\">Pou\u017e\u00edvejte rukavice, ochrann\u00e9 br\u00fdle a laboratorn\u00ed pl\u00e1\u0161\u0165.<\/p>\n<\/li>\n<li data-start=\"5194\" data-end=\"5241\">\n<p data-start=\"5197\" data-end=\"5241\">Skladujte v chladu, suchu a tm\u011b (do 25 \u00b0C).<\/p>\n<\/li>\n<li data-start=\"5242\" data-end=\"5304\">\n<p data-start=\"5245\" data-end=\"5304\">Zbytky zlikvidujte v souladu s m\u00edstn\u00edmi bezpe\u010dnostn\u00edmi p\u0159edpisy.<\/p>\n<\/li>\n<\/ol>\n<blockquote data-start=\"5306\" data-end=\"5399\">\n<p data-start=\"5308\" data-end=\"5399\"><strong data-start=\"5308\" data-end=\"5319\">Pozn.:<\/strong> <em data-start=\"5320\" data-end=\"5345\">1P-LSD s\u00e1\u010dek 3 pijavice<\/em> je <strong data-start=\"5349\" data-end=\"5398\">ur\u010den\u00e9 pouze pro v\u00fdzkumn\u00e9 \u00fa\u010dely<\/strong>.<\/p>\n<\/blockquote>\n<hr data-start=\"5401\" data-end=\"5404\" \/>\n<h2 data-start=\"5406\" data-end=\"5440\"><strong data-start=\"5409\" data-end=\"5440\">\u010casto kladen\u00e9 ot\u00e1zky (FAQ)<\/strong><\/h2>\n<p data-start=\"5442\" data-end=\"5578\"><strong data-start=\"5442\" data-end=\"5480\">1. K \u010demu se pou\u017e\u00edv\u00e1 1P-LSD?<\/strong><br data-start=\"5480\" data-end=\"5483\" \/>1P-LSD se pou\u017e\u00edv\u00e1 k <strong data-start=\"5510\" data-end=\"5548\">analytick\u00fd a forenzn\u00ed v\u00fdzkum<\/strong> na lysergamidov\u00e9 slou\u010deniny.<\/p>\n<p data-start=\"5580\" data-end=\"5695\"><strong data-start=\"5580\" data-end=\"5620\">2. Kolik sav\u00fdch pap\u00edrk\u016f obsahuje jeden s\u00e1\u010dek?<\/strong><br data-start=\"5620\" data-end=\"5623\" \/>Ka\u017ed\u00fd s\u00e1\u010dek obsahuje <strong data-start=\"5639\" data-end=\"5653\">3 sav\u00e9 pap\u00edry<\/strong> se standardizovan\u00fdm slo\u017een\u00edm.<\/p>\n<p data-start=\"5697\" data-end=\"5822\"><strong data-start=\"5697\" data-end=\"5740\">3. Mohu si koupit 1P-LSD jako soukrom\u00e1 osoba?<\/strong><br data-start=\"5740\" data-end=\"5743\" \/>Ne, tento produkt je k dispozici pouze pro <strong data-start=\"5787\" data-end=\"5821\">uzn\u00e1van\u00e9 v\u00fdzkumn\u00e9 instituce<\/strong>.<\/p>","protected":false},"excerpt":{"rendered":"<p>Productbeschrijving 1P-LSD (1-Propionyl-Lysergic Acid Diethylamide) is een onderzoeksstof uit de lysergamideklasse, verwant aan LSD.Het wordt gebruikt voor analytisch, forensisch en<\/p>","protected":false},"featured_media":21263,"comment_status":"closed","ping_status":"closed","template":"","meta":[],"product_brand":[],"product_cat":[555],"product_tag":[774,326],"class_list":{"0":"post-24200","1":"product","2":"type-product","3":"status-publish","4":"has-post-thumbnail","6":"product_cat-b2b","7":"product_tag-lsd-bestellen","8":"product_tag-nl","10":"first","11":"instock","12":"taxable","13":"shipping-taxable","14":"purchasable","15":"product-type-variable"},"_links":{"self":[{"href":"https:\/\/researchchemicalhub.com\/cs\/wp-json\/wp\/v2\/product\/24200","targetHints":{"allow":["GET"]}}],"collection":[{"href":"https:\/\/researchchemicalhub.com\/cs\/wp-json\/wp\/v2\/product"}],"about":[{"href":"https:\/\/researchchemicalhub.com\/cs\/wp-json\/wp\/v2\/types\/product"}],"replies":[{"embeddable":true,"href":"https:\/\/researchchemicalhub.com\/cs\/wp-json\/wp\/v2\/comments?post=24200"}],"version-history":[{"count":4,"href":"https:\/\/researchchemicalhub.com\/cs\/wp-json\/wp\/v2\/product\/24200\/revisions"}],"predecessor-version":[{"id":27833,"href":"https:\/\/researchchemicalhub.com\/cs\/wp-json\/wp\/v2\/product\/24200\/revisions\/27833"}],"wp:featuredmedia":[{"embeddable":true,"href":"https:\/\/researchchemicalhub.com\/cs\/wp-json\/wp\/v2\/media\/21263"}],"wp:attachment":[{"href":"https:\/\/researchchemicalhub.com\/cs\/wp-json\/wp\/v2\/media?parent=24200"}],"wp:term":[{"taxonomy":"product_brand","embeddable":true,"href":"https:\/\/researchchemicalhub.com\/cs\/wp-json\/wp\/v2\/product_brand?post=24200"},{"taxonomy":"product_cat","embeddable":true,"href":"https:\/\/researchchemicalhub.com\/cs\/wp-json\/wp\/v2\/product_cat?post=24200"},{"taxonomy":"product_tag","embeddable":true,"href":"https:\/\/researchchemicalhub.com\/cs\/wp-json\/wp\/v2\/product_tag?post=24200"}],"curies":[{"name":"wp","href":"https:\/\/api.w.org\/{rel}","templated":true}]}}