{"id":24186,"date":"2025-04-13T17:41:13","date_gmt":"2025-04-13T17:41:13","guid":{"rendered":"https:\/\/researchchemicalhub.com\/?post_type=product&#038;p=24186"},"modified":"2025-10-12T20:34:11","modified_gmt":"2025-10-12T20:34:11","slug":"rc-bromonordiazepam-25mg-box","status":"publish","type":"product","link":"https:\/\/researchchemicalhub.com\/cs\/shop\/b2b\/rc-bromonordiazepam-25mg-box\/","title":{"rendered":"RC+ Bromonordiazepam 2,5 mg Box"},"content":{"rendered":"<h2 data-start=\"3763\" data-end=\"3789\"><strong data-start=\"3766\" data-end=\"3789\">Popis produktu<\/strong><\/h2>\n<p data-start=\"3791\" data-end=\"4114\"><strong data-start=\"3791\" data-end=\"3825\">RC+ Bromonordiazepam 2,5 mg Box<\/strong> obsahuje <strong data-start=\"3832\" data-end=\"3864\">vysoce \u010dist\u00fd bromonordiazepam<\/strong>, An <strong data-start=\"3870\" data-end=\"3897\">deriv\u00e1t benzodiazepinu<\/strong> kter\u00fd se pou\u017e\u00edv\u00e1 pro <strong data-start=\"3922\" data-end=\"3975\">forenzn\u00ed, analytick\u00fd a toxikologick\u00fd v\u00fdzkum<\/strong>.<br data-start=\"3976\" data-end=\"3979\" \/>Je to sou\u010d\u00e1st <strong data-start=\"4005\" data-end=\"4028\">V\u00fdzkumn\u00e1 s\u00e9rie RC+<\/strong>, zn\u00e1m\u00fd pro <strong data-start=\"4040\" data-end=\"4111\">vysoce kvalitn\u00ed, reprodukovateln\u00e9 v\u00fdsledky a v\u00fdroba v souladu s normami EU<\/strong>.<\/p>\n<p data-start=\"4116\" data-end=\"4277\">Ka\u017ed\u00e1 krabice obsahuje <strong data-start=\"4131\" data-end=\"4173\">2,5mg pelety v\u00fdzkumn\u00e9 \u010distoty<\/strong>, vyrobeno za kontrolovan\u00fdch laboratorn\u00edch podm\u00ednek v souladu s evropsk\u00fdmi bezpe\u010dnostn\u00edmi sm\u011brnicemi.<\/p>\n<p data-start=\"4279\" data-end=\"4415\">\u26a0\ufe0f <strong data-start=\"4282\" data-end=\"4293\">Pozn.:<\/strong> Tento produkt je <strong data-start=\"4309\" data-end=\"4358\">ur\u010den\u00e9 pouze pro v\u00fdzkumn\u00e9 \u00fa\u010dely<\/strong> a <strong data-start=\"4362\" data-end=\"4414\">nen\u00ed vhodn\u00e9 pro pou\u017eit\u00ed lidmi ani zv\u00ed\u0159aty<\/strong>.<\/p>\n<hr data-start=\"4417\" data-end=\"4420\" \/>\n<h2 data-start=\"4422\" data-end=\"4452\"><strong data-start=\"4425\" data-end=\"4452\">Kl\u00ed\u010dov\u00e9 vlastnosti<\/strong><\/h2>\n<ul data-start=\"4454\" data-end=\"4837\">\n<li data-start=\"4454\" data-end=\"4527\">\n<p data-start=\"4456\" data-end=\"4527\"><strong data-start=\"4456\" data-end=\"4476\">Vysok\u00e1 \u010distota:<\/strong> Vhodn\u00e9 pro pokro\u010dil\u00fd laboratorn\u00ed v\u00fdzkum.<\/p>\n<\/li>\n<li data-start=\"4528\" data-end=\"4610\">\n<p data-start=\"4530\" data-end=\"4610\"><strong data-start=\"4530\" data-end=\"4562\">Standardizovan\u00e9 d\u00e1vkov\u00e1n\u00ed:<\/strong> 2,5 mg na peletu pro konzistentn\u00ed v\u00fdsledky.<\/p>\n<\/li>\n<li data-start=\"4611\" data-end=\"4684\">\n<p data-start=\"4613\" data-end=\"4684\"><strong data-start=\"4613\" data-end=\"4638\">Stabiln\u00ed slo\u017een\u00ed:<\/strong> Odoln\u00fd v\u016f\u010di degradaci p\u0159i spr\u00e1vn\u00e9m skladov\u00e1n\u00ed.<\/p>\n<\/li>\n<li data-start=\"4685\" data-end=\"4756\">\n<p data-start=\"4687\" data-end=\"4756\"><strong data-start=\"4687\" data-end=\"4710\">Bezpe\u010dn\u00e9 balen\u00ed:<\/strong> Vzduchot\u011bsn\u00e9 a ut\u011bsn\u011bn\u00e9 proti kontaminaci.<\/p>\n<\/li>\n<li data-start=\"4757\" data-end=\"4837\">\n<p data-start=\"4759\" data-end=\"4837\"><strong data-start=\"4759\" data-end=\"4786\">V souladu s p\u0159edpisy EU:<\/strong> Vyrobeno dle evropsk\u00fdch bezpe\u010dnostn\u00edch norem.<\/p>\n<\/li>\n<\/ul>\n<hr data-start=\"4839\" data-end=\"4842\" \/>\n<h2 data-start=\"4844\" data-end=\"4878\"><strong data-start=\"4847\" data-end=\"4878\">V\u00fdhody pro v\u00fdzkumn\u00edky<\/strong><\/h2>\n<ul data-start=\"4880\" data-end=\"5096\">\n<li data-start=\"4880\" data-end=\"4937\">\n<p data-start=\"4882\" data-end=\"4937\">Vhodn\u00e9 pro <strong data-start=\"4896\" data-end=\"4934\">analytick\u00fd a forenzn\u00ed v\u00fdzkum<\/strong>.<\/p>\n<\/li>\n<li data-start=\"4938\" data-end=\"4986\">\n<p data-start=\"4940\" data-end=\"4986\">Podporuje <strong data-start=\"4952\" data-end=\"4983\">LC-MS, GC-MS a NMR anal\u00fdza<\/strong>.<\/p>\n<\/li>\n<li data-start=\"4987\" data-end=\"5039\">\n<p data-start=\"4989\" data-end=\"5039\">Nab\u00eddky <strong data-start=\"4995\" data-end=\"5036\">vysoce kvalitn\u00ed referen\u010dn\u00ed vzorky<\/strong>.<\/p>\n<\/li>\n<li data-start=\"5040\" data-end=\"5096\">\n<p data-start=\"5042\" data-end=\"5096\">Zaji\u0161\u0165uje <strong data-start=\"5053\" data-end=\"5093\">reprodukovateln\u00e9 v\u00fdsledky v\u00fdzkumu<\/strong>.<\/p>\n<\/li>\n<\/ul>\n<hr data-start=\"5098\" data-end=\"5101\" \/>\n<h2 data-start=\"5103\" data-end=\"5137\"><strong data-start=\"5106\" data-end=\"5137\">Pou\u017eit\u00ed (kontext v\u00fdzkumu)<\/strong><\/h2>\n<ol data-start=\"5139\" data-end=\"5356\">\n<li data-start=\"5139\" data-end=\"5184\">\n<p data-start=\"5142\" data-end=\"5184\">Pou\u017e\u00edvejte pouze v akreditovan\u00fdch laborato\u0159\u00edch.<\/p>\n<\/li>\n<li data-start=\"5185\" data-end=\"5245\">\n<p data-start=\"5188\" data-end=\"5245\">Pou\u017e\u00edvejte rukavice, ochrann\u00e9 br\u00fdle a laboratorn\u00ed pl\u00e1\u0161\u0165.<\/p>\n<\/li>\n<li data-start=\"5246\" data-end=\"5293\">\n<p data-start=\"5249\" data-end=\"5293\">Skladujte v chladu, suchu a tm\u011b (do 25 \u00b0C).<\/p>\n<\/li>\n<li data-start=\"5294\" data-end=\"5356\">\n<p data-start=\"5297\" data-end=\"5356\">Zbytky zlikvidujte v souladu s m\u00edstn\u00edmi bezpe\u010dnostn\u00edmi p\u0159edpisy.<\/p>\n<\/li>\n<\/ol>\n<blockquote data-start=\"5358\" data-end=\"5458\">\n<p data-start=\"5360\" data-end=\"5458\"><strong data-start=\"5360\" data-end=\"5371\">Pozn.:<\/strong> <em data-start=\"5372\" data-end=\"5404\">RC+ Bromonordiazepam 2,5 mg Box<\/em> je <strong data-start=\"5408\" data-end=\"5457\">ur\u010den\u00e9 pouze pro v\u00fdzkumn\u00e9 \u00fa\u010dely<\/strong>.<\/p>\n<\/blockquote>\n<hr data-start=\"5460\" data-end=\"5463\" \/>\n<h2 data-start=\"5465\" data-end=\"5499\"><strong data-start=\"5468\" data-end=\"5499\">\u010casto kladen\u00e9 ot\u00e1zky (FAQ)<\/strong><\/h2>\n<p data-start=\"5501\" data-end=\"5667\"><strong data-start=\"5501\" data-end=\"5553\">1. K \u010demu se pou\u017e\u00edv\u00e1 RC+ Bromonordiazepam?<\/strong><br data-start=\"5553\" data-end=\"5556\" \/>RC+ Bromonordiazepam se pou\u017e\u00edv\u00e1 k <strong data-start=\"5597\" data-end=\"5635\">analytick\u00fd a forenzn\u00ed v\u00fdzkum<\/strong> k analog\u016fm benzodiazepin\u016f.<\/p>\n<p data-start=\"5669\" data-end=\"5773\"><strong data-start=\"5669\" data-end=\"5698\">2. Kolik toho obsahuje jedna krabice?<\/strong><br data-start=\"5698\" data-end=\"5701\" \/>Ka\u017ed\u00e1 krabice obsahuje <strong data-start=\"5716\" data-end=\"5733\">2,5mg pelety<\/strong> se standardizovan\u00fdm slo\u017een\u00edm.<\/p>\n<p data-start=\"5775\" data-end=\"5916\"><strong data-start=\"5775\" data-end=\"5832\">3. Mohu si koupit RC+ Bromonordiazepam jako soukrom\u00e1 osoba?<\/strong><br data-start=\"5832\" data-end=\"5835\" \/>Ne, tento produkt je k dispozici pouze pro <strong data-start=\"5879\" data-end=\"5913\">uzn\u00e1van\u00e9 v\u00fdzkumn\u00e9 instituce<\/strong>.<\/p>\n<p><a href=\"https:\/\/researchchemicalhub.com\/cs\/shop\/lysergamides\/1cp-lsd-150-mcg\/\"><span dir=\"auto\" style=\"vertical-align: inherit;\"><span dir=\"auto\" style=\"vertical-align: inherit;\">Um\u011bleck\u00e9 blottery 1cP-LSD 150 MCG <\/span><\/span><\/a><a href=\"https:\/\/researchchemicalhub.com\/cs\/shop\/pellets\/o-dsmt-50mg-pellets\/\"><span dir=\"auto\" style=\"vertical-align: inherit;\"><span dir=\"auto\" style=\"vertical-align: inherit;\">O-DSMT 50 mg pelety <\/span><\/span><\/a><a href=\"https:\/\/researchchemicalhub.com\/cs\/shop\/lysergamides\/1v-lsd-150-mcg-blotters\/\"><span dir=\"auto\" style=\"vertical-align: inherit;\"><span dir=\"auto\" style=\"vertical-align: inherit;\">1V-LSD 150 MCG saje <\/span><\/span><\/a><a href=\"https:\/\/researchchemicalhub.com\/cs\/shop\/bijna-verboden\/6-cl-adba\/\"><span dir=\"auto\" style=\"vertical-align: inherit;\"><span dir=\"auto\" style=\"vertical-align: inherit;\">6-CL-ADBA <\/span><\/span><\/a><a href=\"https:\/\/researchchemicalhub.com\/cs\/shop\/cathinonen\/2-cmc-kopen\/\"><span dir=\"auto\" style=\"vertical-align: inherit;\"><span dir=\"auto\" style=\"vertical-align: inherit;\">2-CMC 250 mg pelety<\/span><\/span><\/a><\/p>","protected":false},"excerpt":{"rendered":"<p>Productbeschrijving RC+ Bromonordiazepam 2,5mg Box bevat hoogzuivere Bromonordiazepam, een benzodiazepine-derivaat dat wordt gebruikt voor forensisch, analytisch en toxicologisch onderzoek.Het maakt<\/p>","protected":false},"featured_media":21253,"comment_status":"closed","ping_status":"closed","template":"","meta":[],"product_brand":[],"product_cat":[555],"product_tag":[185,326],"class_list":{"0":"post-24186","1":"product","2":"type-product","3":"status-publish","4":"has-post-thumbnail","6":"product_cat-b2b","7":"product_tag-bromonordiazepam","8":"product_tag-nl","10":"first","11":"instock","12":"taxable","13":"shipping-taxable","14":"purchasable","15":"product-type-variable"},"_links":{"self":[{"href":"https:\/\/researchchemicalhub.com\/cs\/wp-json\/wp\/v2\/product\/24186","targetHints":{"allow":["GET"]}}],"collection":[{"href":"https:\/\/researchchemicalhub.com\/cs\/wp-json\/wp\/v2\/product"}],"about":[{"href":"https:\/\/researchchemicalhub.com\/cs\/wp-json\/wp\/v2\/types\/product"}],"replies":[{"embeddable":true,"href":"https:\/\/researchchemicalhub.com\/cs\/wp-json\/wp\/v2\/comments?post=24186"}],"version-history":[{"count":4,"href":"https:\/\/researchchemicalhub.com\/cs\/wp-json\/wp\/v2\/product\/24186\/revisions"}],"predecessor-version":[{"id":27840,"href":"https:\/\/researchchemicalhub.com\/cs\/wp-json\/wp\/v2\/product\/24186\/revisions\/27840"}],"wp:featuredmedia":[{"embeddable":true,"href":"https:\/\/researchchemicalhub.com\/cs\/wp-json\/wp\/v2\/media\/21253"}],"wp:attachment":[{"href":"https:\/\/researchchemicalhub.com\/cs\/wp-json\/wp\/v2\/media?parent=24186"}],"wp:term":[{"taxonomy":"product_brand","embeddable":true,"href":"https:\/\/researchchemicalhub.com\/cs\/wp-json\/wp\/v2\/product_brand?post=24186"},{"taxonomy":"product_cat","embeddable":true,"href":"https:\/\/researchchemicalhub.com\/cs\/wp-json\/wp\/v2\/product_cat?post=24186"},{"taxonomy":"product_tag","embeddable":true,"href":"https:\/\/researchchemicalhub.com\/cs\/wp-json\/wp\/v2\/product_tag?post=24186"}],"curies":[{"name":"wp","href":"https:\/\/api.w.org\/{rel}","templated":true}]}}