{"id":24183,"date":"2025-04-13T17:41:13","date_gmt":"2025-04-13T17:41:13","guid":{"rendered":"https:\/\/researchchemicalhub.com\/?post_type=product&#038;p=24183"},"modified":"2025-10-12T20:23:41","modified_gmt":"2025-10-12T20:23:41","slug":"pagoclone-werking","status":"publish","type":"product","link":"https:\/\/researchchemicalhub.com\/cs\/shop\/b2b\/pagoclone-werking\/","title":{"rendered":"Krabi\u010dka RC+ Pagoclone 10 mg"},"content":{"rendered":"<h2 data-start=\"3680\" data-end=\"3706\"><strong data-start=\"3683\" data-end=\"3706\">Popis produktu<\/strong><\/h2>\n<p data-start=\"3708\" data-end=\"4018\"><strong data-start=\"3708\" data-end=\"3734\">Krabi\u010dka RC+ Pagoclone 10 mg<\/strong> obsahuje <strong data-start=\"3741\" data-end=\"3766\">vysoce \u010dist\u00fd Pagoklon<\/strong>, An <strong data-start=\"3772\" data-end=\"3801\">cyklopyrrolonov\u00e1 slou\u010denina<\/strong> kter\u00fd se pou\u017e\u00edv\u00e1 pro <strong data-start=\"3826\" data-end=\"3880\">analytick\u00fd, farmakologick\u00fd a forenzn\u00ed v\u00fdzkum<\/strong>Operace Pagoklon<br data-start=\"3881\" data-end=\"3884\" \/>Pagoklon byl studov\u00e1n jako <strong data-start=\"3912\" data-end=\"3947\">Parci\u00e1ln\u00ed agonista receptoru GABA-A<\/strong>, co\u017e ho \u010din\u00ed relevantn\u00edm pro <strong data-start=\"3977\" data-end=\"4015\">neurochemick\u00fd a receptorov\u00fd v\u00fdzkum<\/strong>.<\/p>\n<p data-start=\"4020\" data-end=\"4165\">Ka\u017ed\u00e1 krabice obsahuje <strong data-start=\"4035\" data-end=\"4076\">10mg pelety v\u00fdzkumn\u00e9 \u010distoty<\/strong>, pe\u010dliv\u011b sestaven\u00fd pro <strong data-start=\"4107\" data-end=\"4164\">reprodukovateln\u00e9 a spolehliv\u00e9 laboratorn\u00ed v\u00fdsledky<\/strong>.<\/p>\n<p data-start=\"4167\" data-end=\"4303\">\u26a0\ufe0f <strong data-start=\"4170\" data-end=\"4181\">Pozn.:<\/strong> Tento produkt je <strong data-start=\"4197\" data-end=\"4246\">ur\u010den\u00e9 pouze pro v\u00fdzkumn\u00e9 \u00fa\u010dely<\/strong> a <strong data-start=\"4250\" data-end=\"4302\">nen\u00ed vhodn\u00e9 pro pou\u017eit\u00ed lidmi ani zv\u00ed\u0159aty<\/strong>.<\/p>\n<hr data-start=\"4305\" data-end=\"4308\" \/>\n<h2 data-start=\"4310\" data-end=\"4340\"><strong data-start=\"4313\" data-end=\"4340\">Kl\u00ed\u010dov\u00e9 vlastnosti<\/strong><\/h2>\n<ul data-start=\"4342\" data-end=\"4736\">\n<li data-start=\"4342\" data-end=\"4420\">\n<p data-start=\"4344\" data-end=\"4420\"><strong data-start=\"4344\" data-end=\"4364\">Vysok\u00e1 \u010distota:<\/strong> Vhodn\u00e9 pro analytick\u00fd a farmakologick\u00fd v\u00fdzkum.<\/p>\n<\/li>\n<li data-start=\"4421\" data-end=\"4502\">\n<p data-start=\"4423\" data-end=\"4502\"><strong data-start=\"4423\" data-end=\"4455\">Standardizovan\u00e9 d\u00e1vkov\u00e1n\u00ed:<\/strong> 10 mg na peletu pro konzistentn\u00ed v\u00fdsledky.<\/p>\n<\/li>\n<li data-start=\"4503\" data-end=\"4578\">\n<p data-start=\"4505\" data-end=\"4578\"><strong data-start=\"4505\" data-end=\"4530\">Stabiln\u00ed slo\u017een\u00ed:<\/strong> Odoln\u00fd v\u016f\u010di degradaci p\u0159i spr\u00e1vn\u00e9m skladov\u00e1n\u00ed.<\/p>\n<\/li>\n<li data-start=\"4579\" data-end=\"4650\">\n<p data-start=\"4581\" data-end=\"4650\"><strong data-start=\"4581\" data-end=\"4604\">Bezpe\u010dn\u00e9 balen\u00ed:<\/strong> Vzduchot\u011bsn\u00e9 a ut\u011bsn\u011bn\u00e9 proti kontaminaci.<\/p>\n<\/li>\n<li data-start=\"4651\" data-end=\"4736\">\n<p data-start=\"4653\" data-end=\"4736\"><strong data-start=\"4653\" data-end=\"4680\">V souladu s p\u0159edpisy EU:<\/strong> Vyrobeno v souladu s evropsk\u00fdmi bezpe\u010dnostn\u00edmi sm\u011brnicemi. Provoz Pagoclone<\/p>\n<\/li>\n<\/ul>\n<hr data-start=\"4738\" data-end=\"4741\" \/>\n<h2 data-start=\"4743\" data-end=\"4777\"><strong data-start=\"4746\" data-end=\"4777\">V\u00fdhody pro v\u00fdzkumn\u00edky<\/strong><\/h2>\n<ul data-start=\"4779\" data-end=\"4998\">\n<li data-start=\"4779\" data-end=\"4838\">\n<p data-start=\"4781\" data-end=\"4838\">Vhodn\u00e9 pro <strong data-start=\"4795\" data-end=\"4835\">receptorov\u00fd a neurochemick\u00fd v\u00fdzkum<\/strong>.<\/p>\n<\/li>\n<li data-start=\"4839\" data-end=\"4888\">\n<p data-start=\"4841\" data-end=\"4888\">Podporuje <strong data-start=\"4853\" data-end=\"4885\">Anal\u00fdzy LC-MS, GC-MS a NMR<\/strong>.<\/p>\n<\/li>\n<li data-start=\"4889\" data-end=\"4941\">\n<p data-start=\"4891\" data-end=\"4941\">Nab\u00eddky <strong data-start=\"4897\" data-end=\"4919\">referen\u010dn\u00ed vzorky<\/strong> vysok\u00e9 kvality.<\/p>\n<\/li>\n<li data-start=\"4942\" data-end=\"4998\">\n<p data-start=\"4944\" data-end=\"4998\">Zaji\u0161\u0165uje <strong data-start=\"4955\" data-end=\"4995\">reprodukovateln\u00e9 v\u00fdsledky v\u00fdzkumu<\/strong>.<\/p>\n<\/li>\n<\/ul>\n<hr data-start=\"5000\" data-end=\"5003\" \/>\n<h2 data-start=\"5005\" data-end=\"5039\"><strong data-start=\"5008\" data-end=\"5039\">Pou\u017eit\u00ed (kontext v\u00fdzkumu)<\/strong><\/h2>\n<ol data-start=\"5041\" data-end=\"5236\">\n<li data-start=\"5041\" data-end=\"5086\">\n<p data-start=\"5044\" data-end=\"5086\">Pou\u017e\u00edvejte pouze v akreditovan\u00fdch laborato\u0159\u00edch.<\/p>\n<\/li>\n<li data-start=\"5087\" data-end=\"5138\">\n<p data-start=\"5090\" data-end=\"5138\">Pou\u017e\u00edvejte rukavice, ochrann\u00e9 br\u00fdle a laboratorn\u00ed pl\u00e1\u0161\u0165.<\/p>\n<\/li>\n<li data-start=\"5139\" data-end=\"5186\">\n<p data-start=\"5142\" data-end=\"5186\">Skladujte v chladu, suchu a tm\u011b (do 25 \u00b0C).<\/p>\n<\/li>\n<li data-start=\"5187\" data-end=\"5236\">\n<p data-start=\"5190\" data-end=\"5236\">Zbytky zlikvidujte v souladu s m\u00edstn\u00edmi p\u0159edpisy.<\/p>\n<\/li>\n<\/ol>\n<blockquote data-start=\"5238\" data-end=\"5330\">\n<p data-start=\"5240\" data-end=\"5330\"><strong data-start=\"5240\" data-end=\"5251\">Pozn.:<\/strong> <em data-start=\"5252\" data-end=\"5276\">Krabi\u010dka RC+ Pagoclone 10 mg<\/em> je <strong data-start=\"5280\" data-end=\"5329\">ur\u010den\u00e9 pouze pro v\u00fdzkumn\u00e9 \u00fa\u010dely<\/strong>.<\/p>\n<\/blockquote>\n<hr data-start=\"5332\" data-end=\"5335\" \/>\n<h2 data-start=\"5337\" data-end=\"5371\"><strong data-start=\"5340\" data-end=\"5371\">\u010casto kladen\u00e9 ot\u00e1zky (FAQ)<\/strong><\/h2>\n<p data-start=\"5373\" data-end=\"5563\"><strong data-start=\"5373\" data-end=\"5418\">1. K \u010demu se pou\u017e\u00edv\u00e1 RC+ Pagoclone?<\/strong><br data-start=\"5418\" data-end=\"5421\" \/>RC+ Pagoclone se pou\u017e\u00edv\u00e1 pro <strong data-start=\"5455\" data-end=\"5509\">analytick\u00fd, farmakologick\u00fd a forenzn\u00ed v\u00fdzkum<\/strong> na GABA receptory a cyklopyrrolonov\u00e9 slou\u010deniny.<\/p>\n<p data-start=\"5565\" data-end=\"5659\"><strong data-start=\"5565\" data-end=\"5594\">2. Kolik toho obsahuje jedna krabice?<\/strong><br data-start=\"5594\" data-end=\"5597\" \/>Ka\u017ed\u00e1 krabice obsahuje <strong data-start=\"5612\" data-end=\"5630\">10 mg Pagoclone<\/strong> laboratorn\u00ed kvality.<\/p>\n<p data-start=\"5661\" data-end=\"5796\"><strong data-start=\"5661\" data-end=\"5711\">3. Mohu si RC+ Pagoclone koupit jako soukrom\u00e1 osoba?<\/strong><br data-start=\"5711\" data-end=\"5714\" \/>Ne, tento produkt je k dispozici pouze pro <strong data-start=\"5759\" data-end=\"5793\">uzn\u00e1van\u00e9 v\u00fdzkumn\u00e9 instituce<\/strong>.<\/p>","protected":false},"excerpt":{"rendered":"<p>Productbeschrijving RC+ Pagoclone 10mg Box bevat hoogzuivere Pagoclone, een cyclopyrrolone-verbinding die wordt gebruikt voor analytisch, farmacologisch en forensisch onderzoek. Pagoclone<\/p>","protected":false},"featured_media":21118,"comment_status":"closed","ping_status":"closed","template":"","meta":[],"product_brand":[82],"product_cat":[555],"product_tag":[326,665,748,749,747,750,751,752],"class_list":{"0":"post-24183","1":"product","2":"type-product","3":"status-publish","4":"has-post-thumbnail","6":"product_brand-research-chemical","7":"product_cat-b2b","8":"product_tag-nl","9":"product_tag-pagoclone","10":"product_tag-pagoclone-dosage","11":"product_tag-pagoclone-effects","12":"product_tag-pagoclone-ervaringen","13":"product_tag-pagoclone-experience","14":"product_tag-pagoclone-reddit","15":"product_tag-pagoclone-werking","17":"first","18":"instock","19":"taxable","20":"shipping-taxable","21":"purchasable","22":"product-type-variable"},"_links":{"self":[{"href":"https:\/\/researchchemicalhub.com\/cs\/wp-json\/wp\/v2\/product\/24183","targetHints":{"allow":["GET"]}}],"collection":[{"href":"https:\/\/researchchemicalhub.com\/cs\/wp-json\/wp\/v2\/product"}],"about":[{"href":"https:\/\/researchchemicalhub.com\/cs\/wp-json\/wp\/v2\/types\/product"}],"replies":[{"embeddable":true,"href":"https:\/\/researchchemicalhub.com\/cs\/wp-json\/wp\/v2\/comments?post=24183"}],"version-history":[{"count":4,"href":"https:\/\/researchchemicalhub.com\/cs\/wp-json\/wp\/v2\/product\/24183\/revisions"}],"predecessor-version":[{"id":27838,"href":"https:\/\/researchchemicalhub.com\/cs\/wp-json\/wp\/v2\/product\/24183\/revisions\/27838"}],"wp:featuredmedia":[{"embeddable":true,"href":"https:\/\/researchchemicalhub.com\/cs\/wp-json\/wp\/v2\/media\/21118"}],"wp:attachment":[{"href":"https:\/\/researchchemicalhub.com\/cs\/wp-json\/wp\/v2\/media?parent=24183"}],"wp:term":[{"taxonomy":"product_brand","embeddable":true,"href":"https:\/\/researchchemicalhub.com\/cs\/wp-json\/wp\/v2\/product_brand?post=24183"},{"taxonomy":"product_cat","embeddable":true,"href":"https:\/\/researchchemicalhub.com\/cs\/wp-json\/wp\/v2\/product_cat?post=24183"},{"taxonomy":"product_tag","embeddable":true,"href":"https:\/\/researchchemicalhub.com\/cs\/wp-json\/wp\/v2\/product_tag?post=24183"}],"curies":[{"name":"wp","href":"https:\/\/api.w.org\/{rel}","templated":true}]}}