{"id":24181,"date":"2025-04-13T17:41:13","date_gmt":"2025-04-13T17:41:13","guid":{"rendered":"https:\/\/researchchemicalhub.com\/?post_type=product&#038;p=24181"},"modified":"2025-10-12T20:21:20","modified_gmt":"2025-10-12T20:21:20","slug":"flubromazepam-halfwaardetijd","status":"publish","type":"product","link":"https:\/\/researchchemicalhub.com\/cs\/shop\/b2b\/flubromazepam-halfwaardetijd\/","title":{"rendered":"Flubromazepam 10 MG Box"},"content":{"rendered":"<h2 data-start=\"3803\" data-end=\"3829\"><strong data-start=\"3806\" data-end=\"3829\">Popis produktu<\/strong><\/h2>\n<p data-start=\"3831\" data-end=\"4136\"><strong data-start=\"3831\" data-end=\"3858\">Flubromazepam 10 MG Box<\/strong> je a <strong data-start=\"3866\" data-end=\"3920\">benzodiazepinov\u00e1 slou\u010denina v\u00fdzkumn\u00e9 \u010distoty<\/strong>, ur\u010den\u00fd pro <strong data-start=\"3937\" data-end=\"3991\">forenzn\u00ed, farmakologick\u00fd a analytick\u00fd v\u00fdzkum<\/strong>Polo\u010das rozpadu flubromazepamu\u00a0<br data-start=\"3992\" data-end=\"3995\" \/>\u010casto se pou\u017e\u00edv\u00e1 jako <strong data-start=\"4023\" data-end=\"4046\">referen\u010dn\u00ed standard<\/strong> pro identifikaci a anal\u00fdzu analog\u016f benzodiazepin\u016f v laboratorn\u00edch podm\u00ednk\u00e1ch.<\/p>\n<p data-start=\"4138\" data-end=\"4287\">Ka\u017ed\u00e1 krabice obsahuje <strong data-start=\"4153\" data-end=\"4175\">10 mg flubromazepamu<\/strong>, pe\u010dliv\u011b sestaven\u00fd pro <strong data-start=\"4206\" data-end=\"4257\">konzistence, \u010distota a reprodukovatelnost<\/strong> v analytick\u00fdch aplikac\u00edch.<\/p>\n<p data-start=\"4289\" data-end=\"4425\">\u26a0\ufe0f <strong data-start=\"4292\" data-end=\"4303\">Pozn.:<\/strong> Tento produkt je <strong data-start=\"4319\" data-end=\"4368\">ur\u010den\u00e9 pouze pro v\u00fdzkumn\u00e9 \u00fa\u010dely<\/strong> a <strong data-start=\"4372\" data-end=\"4424\">nen\u00ed vhodn\u00e9 pro pou\u017eit\u00ed lidmi ani zv\u00ed\u0159aty<\/strong>.<\/p>\n<hr data-start=\"4427\" data-end=\"4430\" \/>\n<h2 data-start=\"4432\" data-end=\"4462\"><strong data-start=\"4435\" data-end=\"4462\">Kl\u00ed\u010dov\u00e9 vlastnosti<\/strong><\/h2>\n<ul data-start=\"4464\" data-end=\"4832\">\n<li data-start=\"4464\" data-end=\"4529\">\n<p data-start=\"4466\" data-end=\"4529\"><strong data-start=\"4466\" data-end=\"4486\">Vysok\u00e1 \u010distota:<\/strong> Vyrobeno dle laboratorn\u00edch standard\u016f.<\/p>\n<\/li>\n<li data-start=\"4530\" data-end=\"4601\">\n<p data-start=\"4532\" data-end=\"4601\"><strong data-start=\"4532\" data-end=\"4557\">P\u0159esn\u00e9 d\u00e1vkov\u00e1n\u00ed:<\/strong> 10 mg na krabi\u010dku pro spolehliv\u00e9 v\u00fdsledky.<\/p>\n<\/li>\n<li data-start=\"4602\" data-end=\"4675\">\n<p data-start=\"4604\" data-end=\"4675\"><strong data-start=\"4604\" data-end=\"4629\">Stabiln\u00ed slo\u017een\u00ed:<\/strong> Odoln\u00fd v\u016f\u010di degradaci p\u0159i spr\u00e1vn\u00e9m skladov\u00e1n\u00ed.<\/p>\n<\/li>\n<li data-start=\"4676\" data-end=\"4746\">\n<p data-start=\"4678\" data-end=\"4746\"><strong data-start=\"4678\" data-end=\"4701\">Bezpe\u010dn\u00e9 balen\u00ed:<\/strong> Ut\u011bsn\u011bno a chr\u00e1n\u011bno p\u0159ed kontaminac\u00ed.<\/p>\n<\/li>\n<li data-start=\"4747\" data-end=\"4832\">\n<p data-start=\"4749\" data-end=\"4832\"><strong data-start=\"4749\" data-end=\"4776\">V souladu s p\u0159edpisy EU:<\/strong> Vyrobeno dle evropsk\u00fdch bezpe\u010dnostn\u00edch sm\u011brnic.<\/p>\n<\/li>\n<\/ul>\n<hr data-start=\"4834\" data-end=\"4837\" \/>\n<h2 data-start=\"4839\" data-end=\"4873\"><strong data-start=\"4842\" data-end=\"4873\">V\u00fdhody pro v\u00fdzkumn\u00edky<\/strong><\/h2>\n<ul data-start=\"4875\" data-end=\"5146\">\n<li data-start=\"4875\" data-end=\"4935\">\n<p data-start=\"4877\" data-end=\"4935\">Vhodn\u00e9 pro <strong data-start=\"4891\" data-end=\"4932\">forenzn\u00ed a toxikologick\u00fd v\u00fdzkum<\/strong>.<\/p>\n<\/li>\n<li data-start=\"4936\" data-end=\"5009\">\n<p data-start=\"4938\" data-end=\"5009\">Podporuje <strong data-start=\"4950\" data-end=\"4986\">v\u00fdvoj analytick\u00fdch metod<\/strong> (LC-MS, GC-MS, NMR). Polo\u010das rozpadu flubromazepamu<\/p>\n<\/li>\n<li data-start=\"5010\" data-end=\"5074\">\n<p data-start=\"5012\" data-end=\"5074\">Nab\u00eddky <strong data-start=\"5018\" data-end=\"5040\">referen\u010dn\u00ed vzorky<\/strong> pro srovn\u00e1n\u00ed a ov\u011b\u0159en\u00ed.<\/p>\n<\/li>\n<li data-start=\"5075\" data-end=\"5146\">\n<p data-start=\"5077\" data-end=\"5146\">Zaji\u0161\u0165uje <strong data-start=\"5088\" data-end=\"5143\">p\u0159esn\u00e9 a reprodukovateln\u00e9 v\u00fdsledky v\u00fdzkumu<\/strong>.<\/p>\n<\/li>\n<\/ul>\n<hr data-start=\"5148\" data-end=\"5151\" \/>\n<h2 data-start=\"5153\" data-end=\"5187\"><strong data-start=\"5156\" data-end=\"5187\">Pou\u017eit\u00ed (kontext v\u00fdzkumu)<\/strong><\/h2>\n<ol data-start=\"5189\" data-end=\"5406\">\n<li data-start=\"5189\" data-end=\"5234\">\n<p data-start=\"5192\" data-end=\"5234\">Pou\u017e\u00edvejte pouze v akreditovan\u00fdch laborato\u0159\u00edch.<\/p>\n<\/li>\n<li data-start=\"5235\" data-end=\"5295\">\n<p data-start=\"5238\" data-end=\"5295\">Pou\u017e\u00edvejte rukavice, ochrann\u00e9 br\u00fdle a laboratorn\u00ed pl\u00e1\u0161\u0165.<\/p>\n<\/li>\n<li data-start=\"5296\" data-end=\"5343\">\n<p data-start=\"5299\" data-end=\"5343\">Skladujte v chladu, suchu a tm\u011b (do 25 \u00b0C).<\/p>\n<\/li>\n<li data-start=\"5344\" data-end=\"5406\">\n<p data-start=\"5347\" data-end=\"5406\">Zbytky zlikvidujte v souladu s m\u00edstn\u00edmi bezpe\u010dnostn\u00edmi p\u0159edpisy.<\/p>\n<\/li>\n<\/ol>\n<blockquote data-start=\"5408\" data-end=\"5501\">\n<p data-start=\"5410\" data-end=\"5501\"><strong data-start=\"5410\" data-end=\"5421\">Pozn.:<\/strong> <em data-start=\"5422\" data-end=\"5447\">Flubromazepam 10 MG Box<\/em> je <strong data-start=\"5451\" data-end=\"5500\">ur\u010den\u00e9 pouze pro v\u00fdzkumn\u00e9 \u00fa\u010dely<\/strong>.<\/p>\n<\/blockquote>\n<hr data-start=\"5503\" data-end=\"5506\" \/>\n<h2 data-start=\"5508\" data-end=\"5542\"><strong data-start=\"5511\" data-end=\"5542\">\u010casto kladen\u00e9 ot\u00e1zky (FAQ)<\/strong><\/h2>\n<p data-start=\"5544\" data-end=\"5670\"><strong data-start=\"5544\" data-end=\"5589\">1. K \u010demu se flubromazepam pou\u017e\u00edv\u00e1?<\/strong><br data-start=\"5589\" data-end=\"5592\" \/>Pro <strong data-start=\"5597\" data-end=\"5635\">analytick\u00fd a forenzn\u00ed v\u00fdzkum<\/strong> na benzodiazepinov\u00e9 slou\u010deniny.<\/p>\n<p data-start=\"5672\" data-end=\"5770\"><strong data-start=\"5672\" data-end=\"5701\">2. Kolik toho obsahuje jedna krabice?<\/strong><br data-start=\"5701\" data-end=\"5704\" \/>Ka\u017ed\u00e1 krabice obsahuje <strong data-start=\"5719\" data-end=\"5741\">10 mg flubromazepamu<\/strong> laboratorn\u00ed kvality.<\/p>\n<p data-start=\"5772\" data-end=\"5906\"><strong data-start=\"5772\" data-end=\"5822\">3. Mohu si Flubromazepam koupit jako soukrom\u00e1 osoba?<\/strong><br data-start=\"5822\" data-end=\"5825\" \/>Ne, tento produkt je k dispozici pouze pro <strong data-start=\"5869\" data-end=\"5903\">uzn\u00e1van\u00e9 v\u00fdzkumn\u00e9 instituce<\/strong>.<\/p>","protected":false},"excerpt":{"rendered":"<p>Productbeschrijving Flubromazepam 10 MG Box is een benzodiazepine-verbinding van onderzoekszuiverheid, ontworpen voor forensisch, farmacologisch en analytisch onderzoek. Flubromazepam halfwaardetijd\u00a0Het wordt<\/p>","protected":false},"featured_media":21246,"comment_status":"closed","ping_status":"closed","template":"","meta":[],"product_brand":[82],"product_cat":[555],"product_tag":[139,140,142,141,143,326],"class_list":{"0":"post-24181","1":"product","2":"type-product","3":"status-publish","4":"has-post-thumbnail","6":"product_brand-research-chemical","7":"product_cat-b2b","8":"product_tag-flubromazepam-effects","9":"product_tag-flubromazepam-ervaring","10":"product_tag-flubromazepam-halfwaardetijd","11":"product_tag-flubromazepam-werking","12":"product_tag-how-to-test-flubromazepam-pellets","13":"product_tag-nl","15":"first","16":"instock","17":"taxable","18":"shipping-taxable","19":"purchasable","20":"product-type-variable"},"_links":{"self":[{"href":"https:\/\/researchchemicalhub.com\/cs\/wp-json\/wp\/v2\/product\/24181","targetHints":{"allow":["GET"]}}],"collection":[{"href":"https:\/\/researchchemicalhub.com\/cs\/wp-json\/wp\/v2\/product"}],"about":[{"href":"https:\/\/researchchemicalhub.com\/cs\/wp-json\/wp\/v2\/types\/product"}],"replies":[{"embeddable":true,"href":"https:\/\/researchchemicalhub.com\/cs\/wp-json\/wp\/v2\/comments?post=24181"}],"version-history":[{"count":4,"href":"https:\/\/researchchemicalhub.com\/cs\/wp-json\/wp\/v2\/product\/24181\/revisions"}],"predecessor-version":[{"id":27837,"href":"https:\/\/researchchemicalhub.com\/cs\/wp-json\/wp\/v2\/product\/24181\/revisions\/27837"}],"wp:featuredmedia":[{"embeddable":true,"href":"https:\/\/researchchemicalhub.com\/cs\/wp-json\/wp\/v2\/media\/21246"}],"wp:attachment":[{"href":"https:\/\/researchchemicalhub.com\/cs\/wp-json\/wp\/v2\/media?parent=24181"}],"wp:term":[{"taxonomy":"product_brand","embeddable":true,"href":"https:\/\/researchchemicalhub.com\/cs\/wp-json\/wp\/v2\/product_brand?post=24181"},{"taxonomy":"product_cat","embeddable":true,"href":"https:\/\/researchchemicalhub.com\/cs\/wp-json\/wp\/v2\/product_cat?post=24181"},{"taxonomy":"product_tag","embeddable":true,"href":"https:\/\/researchchemicalhub.com\/cs\/wp-json\/wp\/v2\/product_tag?post=24181"}],"curies":[{"name":"wp","href":"https:\/\/api.w.org\/{rel}","templated":true}]}}