{"id":24179,"date":"2025-04-13T17:41:13","date_gmt":"2025-04-13T17:41:13","guid":{"rendered":"https:\/\/researchchemicalhub.com\/?post_type=product&#038;p=24179"},"modified":"2025-10-12T20:18:57","modified_gmt":"2025-10-12T20:18:57","slug":"bromazolam-25mg-box","status":"publish","type":"product","link":"https:\/\/researchchemicalhub.com\/cs\/shop\/b2b\/bromazolam-25mg-box\/","title":{"rendered":"Krabi\u010dka RC+ Bromazolam 2,5 mg"},"content":{"rendered":"<h2 data-start=\"3728\" data-end=\"3754\"><strong data-start=\"3731\" data-end=\"3754\">Popis produktu<\/strong><\/h2>\n<p data-start=\"3756\" data-end=\"4077\"><strong data-start=\"3756\" data-end=\"3784\">Krabi\u010dka RC+ Bromazolam 2,5 mg<\/strong> obsahuje <strong data-start=\"3791\" data-end=\"3817\">vysoce \u010dist\u00fd bromazolam<\/strong>, deriv\u00e1t benzodiazepinu pou\u017e\u00edvan\u00fd k <strong data-start=\"3871\" data-end=\"3924\">toxikologick\u00fd, analytick\u00fd a forenzn\u00ed v\u00fdzkum<\/strong>.<br data-start=\"3925\" data-end=\"3928\" \/>Je to sou\u010d\u00e1st <strong data-start=\"3954\" data-end=\"3977\">V\u00fdzkumn\u00e1 s\u00e9rie RC+<\/strong>, zn\u00e1m\u00fd pro sv\u00e9 <strong data-start=\"3994\" data-end=\"4074\">laboratorn\u00ed kvalita, standardizovan\u00e9 d\u00e1vkov\u00e1n\u00ed a konzistentn\u00ed v\u00fdkon<\/strong>.<\/p>\n<p data-start=\"4079\" data-end=\"4241\">Ka\u017ed\u00e1 krabice obsahuje <strong data-start=\"4094\" data-end=\"4136\">2,5mg pelety v\u00fdzkumn\u00e9 \u010distoty<\/strong>, vyvinut\u00fd pro <strong data-start=\"4154\" data-end=\"4197\">spolehliv\u00e9 a reprodukovateln\u00e9 anal\u00fdzy<\/strong> v kontrolovan\u00e9m laboratorn\u00edm prost\u0159ed\u00ed.<\/p>\n<p data-start=\"4243\" data-end=\"4379\">\u26a0\ufe0f <strong data-start=\"4246\" data-end=\"4257\">Pozn.:<\/strong> Tento produkt je <strong data-start=\"4273\" data-end=\"4322\">ur\u010den\u00e9 pouze pro v\u00fdzkumn\u00e9 \u00fa\u010dely<\/strong> a <strong data-start=\"4326\" data-end=\"4378\">nen\u00ed vhodn\u00e9 pro pou\u017eit\u00ed lidmi ani zv\u00ed\u0159aty<\/strong>.<\/p>\n<hr data-start=\"4381\" data-end=\"4384\" \/>\n<h2 data-start=\"4386\" data-end=\"4416\"><strong data-start=\"4389\" data-end=\"4416\">Kl\u00ed\u010dov\u00e9 vlastnosti<\/strong><\/h2>\n<ul data-start=\"4418\" data-end=\"4783\">\n<li data-start=\"4418\" data-end=\"4483\">\n<p data-start=\"4420\" data-end=\"4483\"><strong data-start=\"4420\" data-end=\"4440\">Vysok\u00e1 \u010distota:<\/strong> Vyrobeno dle laboratorn\u00edch standard\u016f.<\/p>\n<\/li>\n<li data-start=\"4484\" data-end=\"4566\">\n<p data-start=\"4486\" data-end=\"4566\"><strong data-start=\"4486\" data-end=\"4518\">Standardizovan\u00e9 d\u00e1vkov\u00e1n\u00ed:<\/strong> 2,5 mg na peletu pro p\u0159esn\u00e9 v\u00fdsledky.<\/p>\n<\/li>\n<li data-start=\"4567\" data-end=\"4640\">\n<p data-start=\"4569\" data-end=\"4640\"><strong data-start=\"4569\" data-end=\"4594\">Stabiln\u00ed slo\u017een\u00ed:<\/strong> Odoln\u00fd v\u016f\u010di degradaci p\u0159i spr\u00e1vn\u00e9m skladov\u00e1n\u00ed.<\/p>\n<\/li>\n<li data-start=\"4641\" data-end=\"4697\">\n<p data-start=\"4643\" data-end=\"4697\"><strong data-start=\"4643\" data-end=\"4666\">Bezpe\u010dn\u00e9 balen\u00ed:<\/strong> Ut\u011bsn\u011bn\u00e9 a odoln\u00e9 v\u016f\u010di vlhkosti.<\/p>\n<\/li>\n<li data-start=\"4698\" data-end=\"4783\">\n<p data-start=\"4700\" data-end=\"4783\"><strong data-start=\"4700\" data-end=\"4727\">V souladu s p\u0159edpisy EU:<\/strong> Vyrobeno dle evropsk\u00fdch bezpe\u010dnostn\u00edch sm\u011brnic.<\/p>\n<\/li>\n<\/ul>\n<hr data-start=\"4785\" data-end=\"4788\" \/>\n<h2 data-start=\"4790\" data-end=\"4824\"><strong data-start=\"4793\" data-end=\"4824\">V\u00fdhody pro v\u00fdzkumn\u00edky<\/strong><\/h2>\n<ul data-start=\"4826\" data-end=\"5090\">\n<li data-start=\"4826\" data-end=\"4886\">\n<p data-start=\"4828\" data-end=\"4886\">Vhodn\u00e9 pro <strong data-start=\"4842\" data-end=\"4883\">forenzn\u00ed a toxikologick\u00fd v\u00fdzkum<\/strong>.<\/p>\n<\/li>\n<li data-start=\"4887\" data-end=\"4955\">\n<p data-start=\"4889\" data-end=\"4955\">Podporuje <strong data-start=\"4901\" data-end=\"4937\">v\u00fdvoj analytick\u00fdch metod<\/strong> (LC-MS, GC-MS).<\/p>\n<\/li>\n<li data-start=\"4956\" data-end=\"5023\">\n<p data-start=\"4958\" data-end=\"5023\">Slou\u017e\u00ed jako <strong data-start=\"4968\" data-end=\"4991\">referen\u010dn\u00ed standard<\/strong> pro analogy benzodiazepin\u016f.<\/p>\n<\/li>\n<li data-start=\"5024\" data-end=\"5090\">\n<p data-start=\"5026\" data-end=\"5090\">Nab\u00eddky <strong data-start=\"5032\" data-end=\"5087\">reprodukovateln\u00e9 a spolehliv\u00e9 v\u00fdsledky v\u00fdzkumu<\/strong>.<\/p>\n<\/li>\n<\/ul>\n<hr data-start=\"5092\" data-end=\"5095\" \/>\n<h2 data-start=\"5097\" data-end=\"5131\"><strong data-start=\"5100\" data-end=\"5131\">Pou\u017eit\u00ed (kontext v\u00fdzkumu)<\/strong><\/h2>\n<ol data-start=\"5133\" data-end=\"5350\">\n<li data-start=\"5133\" data-end=\"5178\">\n<p data-start=\"5136\" data-end=\"5178\">Pou\u017e\u00edvejte pouze v akreditovan\u00fdch laborato\u0159\u00edch.<\/p>\n<\/li>\n<li data-start=\"5179\" data-end=\"5239\">\n<p data-start=\"5182\" data-end=\"5239\">Pou\u017e\u00edvejte rukavice, ochrann\u00e9 br\u00fdle a laboratorn\u00ed pl\u00e1\u0161\u0165.<\/p>\n<\/li>\n<li data-start=\"5240\" data-end=\"5287\">\n<p data-start=\"5243\" data-end=\"5287\">Skladujte v chladu, suchu a tm\u011b (do 25 \u00b0C).<\/p>\n<\/li>\n<li data-start=\"5288\" data-end=\"5350\">\n<p data-start=\"5291\" data-end=\"5350\">Zbytky zlikvidujte v souladu s m\u00edstn\u00edmi bezpe\u010dnostn\u00edmi p\u0159edpisy.<\/p>\n<\/li>\n<\/ol>\n<blockquote data-start=\"5352\" data-end=\"5446\">\n<p data-start=\"5354\" data-end=\"5446\"><strong data-start=\"5354\" data-end=\"5365\">Pozn.:<\/strong> <em data-start=\"5366\" data-end=\"5392\">Krabi\u010dka RC+ Bromazolam 2,5 mg<\/em> je <strong data-start=\"5396\" data-end=\"5445\">ur\u010den\u00e9 pouze pro v\u00fdzkumn\u00e9 \u00fa\u010dely<\/strong>.<\/p>\n<\/blockquote>\n<hr data-start=\"5448\" data-end=\"5451\" \/>\n<h2 data-start=\"5453\" data-end=\"5487\"><strong data-start=\"5456\" data-end=\"5487\">\u010casto kladen\u00e9 ot\u00e1zky (FAQ)<\/strong><\/h2>\n<p data-start=\"5489\" data-end=\"5635\"><strong data-start=\"5489\" data-end=\"5535\">1. K \u010demu se RC+ Bromazolam pou\u017e\u00edv\u00e1?<\/strong><br data-start=\"5535\" data-end=\"5538\" \/>Pou\u017e\u00edv\u00e1 se pro <strong data-start=\"5562\" data-end=\"5600\">analytick\u00fd a forenzn\u00ed v\u00fdzkum<\/strong> na benzodiazepinov\u00e9 slou\u010deniny.<\/p>\n<p data-start=\"5637\" data-end=\"5745\"><strong data-start=\"5637\" data-end=\"5666\">2. Kolik toho obsahuje jedna krabice?<\/strong><br data-start=\"5666\" data-end=\"5669\" \/>Ka\u017ed\u00e1 krabice obsahuje <strong data-start=\"5684\" data-end=\"5701\">2,5mg pelety<\/strong> se standardizovan\u00fdm slo\u017een\u00edm.<\/p>\n<p data-start=\"5747\" data-end=\"5882\"><strong data-start=\"5747\" data-end=\"5798\">3. Mohu si koupit RC+ Bromazolam jako soukrom\u00e1 osoba?<\/strong><br data-start=\"5798\" data-end=\"5801\" \/>Ne, tento produkt je k dispozici pouze pro <strong data-start=\"5845\" data-end=\"5879\">uzn\u00e1van\u00e9 v\u00fdzkumn\u00e9 instituce<\/strong>.<\/p>","protected":false},"excerpt":{"rendered":"<p>Productbeschrijving RC+ Bromazolam 2,5mg Box bevat hoogzuivere Bromazolam, een benzodiazepine-derivaat dat wordt gebruikt voor toxicologisch, analytisch en forensisch onderzoek.Het maakt<\/p>","protected":false},"featured_media":21031,"comment_status":"closed","ping_status":"closed","template":"","meta":[],"product_brand":[82],"product_cat":[555],"product_tag":[174,183,184,176,175,178,177,180,326,179],"class_list":{"0":"post-24179","1":"product","2":"type-product","3":"status-publish","4":"has-post-thumbnail","6":"product_brand-research-chemical","7":"product_cat-b2b","8":"product_tag-bromazolam","9":"product_tag-bromazolam-bijwerkingen","10":"product_tag-bromazolam-dosing","11":"product_tag-bromazolam-ervaringen","12":"product_tag-bromazolam-kopen","13":"product_tag-bromazolam-na-drugs","14":"product_tag-bromazolam-psychonaut","15":"product_tag-hoe-lang-werkt-bromazolam","16":"product_tag-nl","17":"product_tag-wat-is-bromazolam","19":"first","20":"instock","21":"taxable","22":"shipping-taxable","23":"purchasable","24":"product-type-variable"},"_links":{"self":[{"href":"https:\/\/researchchemicalhub.com\/cs\/wp-json\/wp\/v2\/product\/24179","targetHints":{"allow":["GET"]}}],"collection":[{"href":"https:\/\/researchchemicalhub.com\/cs\/wp-json\/wp\/v2\/product"}],"about":[{"href":"https:\/\/researchchemicalhub.com\/cs\/wp-json\/wp\/v2\/types\/product"}],"replies":[{"embeddable":true,"href":"https:\/\/researchchemicalhub.com\/cs\/wp-json\/wp\/v2\/comments?post=24179"}],"version-history":[{"count":6,"href":"https:\/\/researchchemicalhub.com\/cs\/wp-json\/wp\/v2\/product\/24179\/revisions"}],"predecessor-version":[{"id":27836,"href":"https:\/\/researchchemicalhub.com\/cs\/wp-json\/wp\/v2\/product\/24179\/revisions\/27836"}],"wp:featuredmedia":[{"embeddable":true,"href":"https:\/\/researchchemicalhub.com\/cs\/wp-json\/wp\/v2\/media\/21031"}],"wp:attachment":[{"href":"https:\/\/researchchemicalhub.com\/cs\/wp-json\/wp\/v2\/media?parent=24179"}],"wp:term":[{"taxonomy":"product_brand","embeddable":true,"href":"https:\/\/researchchemicalhub.com\/cs\/wp-json\/wp\/v2\/product_brand?post=24179"},{"taxonomy":"product_cat","embeddable":true,"href":"https:\/\/researchchemicalhub.com\/cs\/wp-json\/wp\/v2\/product_cat?post=24179"},{"taxonomy":"product_tag","embeddable":true,"href":"https:\/\/researchchemicalhub.com\/cs\/wp-json\/wp\/v2\/product_tag?post=24179"}],"curies":[{"name":"wp","href":"https:\/\/api.w.org\/{rel}","templated":true}]}}