{"id":24160,"date":"2025-04-13T17:41:09","date_gmt":"2025-04-13T17:41:09","guid":{"rendered":"https:\/\/researchchemicalhub.com\/?post_type=product&#038;p=24160"},"modified":"2025-10-12T21:06:39","modified_gmt":"2025-10-12T21:06:39","slug":"5-meo-mipt","status":"publish","type":"product","link":"https:\/\/researchchemicalhub.com\/cs\/shop\/b2b\/5-meo-mipt\/","title":{"rendered":"R\u016f\u017eov\u00e1 mandala"},"content":{"rendered":"<h3 data-start=\"4546\" data-end=\"4565\"><strong data-start=\"4550\" data-end=\"4565\">Zaveden\u00ed<\/strong><\/h3>\n<p data-start=\"4566\" data-end=\"4965\">The <strong data-start=\"4569\" data-end=\"4585\">R\u016f\u017eov\u00e1 mandala<\/strong> znamen\u00e1 <strong data-start=\"4597\" data-end=\"4665\">bezpodm\u00edne\u010dn\u00e1 l\u00e1ska, laskavost a emocion\u00e1ln\u00ed harmonie<\/strong>Mandaly, poch\u00e1zej\u00edc\u00ed ze starov\u011bku <strong data-start=\"4697\" data-end=\"4743\">Hinduistick\u00e9 a buddhistick\u00e9 tradice<\/strong>, symbolizovat <strong data-start=\"4758\" data-end=\"4794\">jednota, rovnov\u00e1ha a vesm\u00edr<\/strong>Jemn\u00e9 r\u016f\u017eov\u00e9 t\u00f3ny tohoto designu evokuj\u00ed pocity <strong data-start=\"4854\" data-end=\"4887\">l\u00e1ska, uzdraven\u00ed a soucit<\/strong>, co\u017e z n\u011bj d\u011bl\u00e1 ide\u00e1ln\u00edho <strong data-start=\"4916\" data-end=\"4962\">p\u00e9\u010de o sebe, emo\u010dn\u00ed rovnov\u00e1ha a v\u0161\u00edmavost<\/strong>5-meo-mipt<\/p>\n<p data-start=\"4967\" data-end=\"5114\">A\u0165 u\u017e ho pou\u017e\u00edv\u00e1te jako <strong data-start=\"4992\" data-end=\"5050\">n\u00e1st\u011bnn\u00e1 dekorace, medita\u010dn\u00ed um\u011bn\u00ed nebo uklid\u0148uj\u00edc\u00ed pom\u016fcka<\/strong>, ten <strong data-start=\"5055\" data-end=\"5071\">R\u016f\u017eov\u00e1 mandala<\/strong> vnese teplo a m\u011bkkost do ka\u017ed\u00e9 m\u00edstnosti.<\/p>\n<hr data-start=\"5116\" data-end=\"5119\" \/>\n<h3 data-start=\"5121\" data-end=\"5152\"><strong data-start=\"5125\" data-end=\"5152\">Kl\u00ed\u010dov\u00e9 vlastnosti<\/strong><\/h3>\n<ul data-start=\"5153\" data-end=\"5714\">\n<li data-start=\"5153\" data-end=\"5265\">\n<p data-start=\"5155\" data-end=\"5265\"><strong data-start=\"5155\" data-end=\"5176\">Jemn\u00e1 r\u016f\u017eov\u00e1 paleta:<\/strong> Navr\u017eeno v jemn\u00fdch odst\u00ednech, kter\u00e9 vyza\u0159uj\u00ed l\u00e1sku, soucit a \u017eenskou energii.<\/p>\n<\/li>\n<li data-start=\"5266\" data-end=\"5387\">\n<p data-start=\"5268\" data-end=\"5387\"><strong data-start=\"5268\" data-end=\"5295\">Symbolika zam\u011b\u0159en\u00e1 na srdce:<\/strong> Souvis\u00ed s <strong data-start=\"5316\" data-end=\"5340\">Srde\u010dn\u00ed \u010dakra (Anahata)<\/strong> \u2013 centrum empatie a emo\u010dn\u00edho uzdraven\u00ed.<\/p>\n<\/li>\n<li data-start=\"5388\" data-end=\"5494\">\n<p data-start=\"5390\" data-end=\"5494\"><strong data-start=\"5390\" data-end=\"5409\">Vysok\u00e1 kvalita:<\/strong> K dispozici jako <strong data-start=\"5427\" data-end=\"5459\">pl\u00e1tno, gobel\u00edn nebo plak\u00e1t<\/strong> s odoln\u00fdmi a barevn\u011b st\u00e1l\u00fdmi potisky.<\/p>\n<\/li>\n<li data-start=\"5495\" data-end=\"5604\">\n<p data-start=\"5497\" data-end=\"5604\"><strong data-start=\"5497\" data-end=\"5519\">Posv\u00e1tn\u00e1 geometrie:<\/strong> Vyv\u00e1\u017een\u00fd a symetrick\u00fd design, kter\u00fd podporuje vnit\u0159n\u00ed klid a soust\u0159ed\u011bn\u00ed.<\/p>\n<\/li>\n<li data-start=\"5605\" data-end=\"5714\">\n<p data-start=\"5607\" data-end=\"5714\"><strong data-start=\"5607\" data-end=\"5630\">V\u0161estrann\u00e9 pou\u017eit\u00ed:<\/strong> Ide\u00e1ln\u00ed pro <strong data-start=\"5644\" data-end=\"5711\">bytov\u00e9 dekorace, j\u00f3gov\u00e1 studia, terapeutick\u00e9 m\u00edstnosti nebo medita\u010dn\u00ed koutky<\/strong>.<\/p>\n<\/li>\n<\/ul>\n<hr data-start=\"5716\" data-end=\"5719\" \/>\n<h3 data-start=\"5721\" data-end=\"5738\"><strong data-start=\"5725\" data-end=\"5738\">V\u00fdhody<\/strong><\/h3>\n<ul data-start=\"5739\" data-end=\"6196\">\n<li data-start=\"5739\" data-end=\"5835\">\n<p data-start=\"5741\" data-end=\"5835\"><strong data-start=\"5741\" data-end=\"5775\">Podporuje l\u00e1sku a soucit:<\/strong> Otev\u00edr\u00e1 srdce sebel\u00e1sce a pozitivn\u00edm vztah\u016fm.<\/p>\n<\/li>\n<li data-start=\"5836\" data-end=\"5926\">\n<p data-start=\"5838\" data-end=\"5926\"><strong data-start=\"5838\" data-end=\"5872\">Stimuluje emo\u010dn\u00ed zotaven\u00ed:<\/strong> R\u016f\u017eov\u00e9 t\u00f3ny p\u0159in\u00e1\u0161ej\u00ed klid, odpu\u0161t\u011bn\u00ed a harmonii.<\/p>\n<\/li>\n<li data-start=\"5927\" data-end=\"6036\">\n<p data-start=\"5929\" data-end=\"6036\"><strong data-start=\"5929\" data-end=\"5957\">Podporuje v\u0161\u00edmavost:<\/strong> Ide\u00e1ln\u00ed pro meditaci nebo j\u00f3gu pro zklidn\u011bn\u00ed emoc\u00ed a zlep\u0161en\u00ed soust\u0159ed\u011bn\u00ed.<\/p>\n<\/li>\n<li data-start=\"6037\" data-end=\"6113\">\n<p data-start=\"6039\" data-end=\"6113\"><strong data-start=\"6039\" data-end=\"6069\">Vytv\u00e1\u0159\u00ed klidnou atmosf\u00e9ru:<\/strong> Vnese do ka\u017ed\u00e9 m\u00edstnosti m\u011bkkost a teplo.<\/p>\n<\/li>\n<li data-start=\"6114\" data-end=\"6196\">\n<p data-start=\"6116\" data-end=\"6196\"><strong data-start=\"6116\" data-end=\"6142\">Zvy\u0161uje pozitivitu:<\/strong> Podporuje v domov\u011b l\u00e1skyplnou a klidnou energii. 5-meo-mipt<\/p>\n<\/li>\n<\/ul>\n<hr data-start=\"6198\" data-end=\"6201\" \/>\n<h3 data-start=\"6203\" data-end=\"6218\"><strong data-start=\"6207\" data-end=\"6218\">Pou\u017e\u00edv\u00e1n\u00ed<\/strong><\/h3>\n<ol data-start=\"6219\" data-end=\"6637\">\n<li data-start=\"6219\" data-end=\"6335\">\n<p data-start=\"6222\" data-end=\"6335\"><strong data-start=\"6222\" data-end=\"6244\">Jako dekorace na ze\u010f:<\/strong> Pov\u011bste <strong data-start=\"6253\" data-end=\"6269\">R\u016f\u017eov\u00e1 mandala<\/strong> v lo\u017enic\u00edch, studi\u00edch nebo ob\u00fdvac\u00edch prostor\u00e1ch pro klidnou atmosf\u00e9ru.<\/p>\n<\/li>\n<li data-start=\"6336\" data-end=\"6445\">\n<p data-start=\"6339\" data-end=\"6445\"><strong data-start=\"6339\" data-end=\"6358\">Pro meditaci:<\/strong> Zam\u011b\u0159te sv\u016fj pohled na st\u0159ed mandaly a zhluboka d\u00fdchejte, abyste pos\u00edlili sebel\u00e1sku.<\/p>\n<\/li>\n<li data-start=\"6446\" data-end=\"6539\">\n<p data-start=\"6449\" data-end=\"6539\"><strong data-start=\"6449\" data-end=\"6466\">B\u011bhem j\u00f3gy:<\/strong> Pou\u017eijte mandalu jako \u00fast\u0159edn\u00ed bod pro stimulaci emo\u010dn\u00ed otev\u0159enosti.<\/p>\n<\/li>\n<li data-start=\"6540\" data-end=\"6637\">\n<p data-start=\"6543\" data-end=\"6637\"><strong data-start=\"6543\" data-end=\"6558\">Jako d\u00e1rek:<\/strong> V\u00fdznamn\u00fd d\u00e1rek, kter\u00fd <strong data-start=\"6589\" data-end=\"6621\">l\u00e1ska, uzdraven\u00ed a spojen\u00ed<\/strong> symbolizuje.<\/p>\n<\/li>\n<\/ol>\n<hr data-start=\"6639\" data-end=\"6642\" \/>\n<h3 data-start=\"6644\" data-end=\"6677\"><strong data-start=\"6648\" data-end=\"6677\">\u010casto kladen\u00e9 ot\u00e1zky (FAQ)<\/strong><\/h3>\n<p data-start=\"6679\" data-end=\"6835\"><strong data-start=\"6679\" data-end=\"6719\">1. Co symbolizuje r\u016f\u017eov\u00e1 mandala?<\/strong><br data-start=\"6719\" data-end=\"6722\" \/>The <strong data-start=\"6725\" data-end=\"6741\">R\u016f\u017eov\u00e1 mandala<\/strong> symbolizuje <strong data-start=\"6755\" data-end=\"6800\">l\u00e1ska, soucit a emocion\u00e1ln\u00ed rovnov\u00e1ha<\/strong>a podporuje <strong data-start=\"6820\" data-end=\"6834\">Srde\u010dn\u00ed \u010dakra<\/strong>.<\/p>\n<p data-start=\"6837\" data-end=\"6979\"><strong data-start=\"6837\" data-end=\"6892\">2. Mohu pou\u017e\u00edt r\u016f\u017eovou mandalu k meditaci?<\/strong><br data-start=\"6892\" data-end=\"6895\" \/>Ano, je ide\u00e1ln\u00ed pro <strong data-start=\"6918\" data-end=\"6944\">meditace zam\u011b\u0159en\u00e1 na srdce<\/strong> prosazovat m\u00edr a harmonii.<\/p>\n<p data-start=\"6981\" data-end=\"7138\"><strong data-start=\"6981\" data-end=\"7040\">3. Je r\u016f\u017eov\u00e1 mandala vhodn\u00e1 pro interi\u00e9rovou dekoraci?<\/strong><br data-start=\"7040\" data-end=\"7043\" \/>Rozhodn\u011b. Jemn\u00e9 r\u016f\u017eov\u00e9 t\u00f3ny p\u0159in\u00e1\u0161ej\u00ed <strong data-start=\"7085\" data-end=\"7122\">teplo, n\u011bha a pozitivita<\/strong> v ka\u017ed\u00e9 m\u00edstnosti.<\/p>\n<hr data-start=\"7140\" data-end=\"7143\" \/>\n<h3 data-start=\"7145\" data-end=\"7162\"><strong data-start=\"7149\" data-end=\"7162\">Z\u00e1v\u011br<\/strong><\/h3>\n<p data-start=\"7163\" data-end=\"7528\">The <strong data-start=\"7166\" data-end=\"7182\">R\u016f\u017eov\u00e1 mandala<\/strong> je v\u00edc ne\u017e um\u011bleck\u00e9 d\u00edlo \u2013 je to <strong data-start=\"7222\" data-end=\"7283\">duchovn\u00ed symbol l\u00e1sky, rovnov\u00e1hy a vnit\u0159n\u00edho klidu<\/strong>D\u00edky sv\u00e9mu jemn\u00e9mu barevn\u00e9mu sch\u00e9matu a posv\u00e1tn\u00e9 geometrii vyza\u0159uje <strong data-start=\"7347\" data-end=\"7376\">teplo, soucit a klid<\/strong> ven. Ide\u00e1ln\u00ed pro <strong data-start=\"7395\" data-end=\"7436\">meditace, j\u00f3ga nebo interi\u00e9rov\u00e1 dekorace<\/strong>, ten <strong data-start=\"7441\" data-end=\"7457\">R\u016f\u017eov\u00e1 mandala<\/strong> p\u0159in\u00e1\u0161\u00ed <strong data-start=\"7465\" data-end=\"7500\">harmonie a l\u00e1skypln\u00e1 energie<\/strong> v ka\u017ed\u00e9m okam\u017eiku sv\u00e9ho \u017eivota.<\/p>","protected":false},"excerpt":{"rendered":"<p>Introductie De Pink Mandala staat voor onvoorwaardelijke liefde, vriendelijkheid en emotionele harmonie. Mandala\u2019s, afkomstig uit oude hindoe\u00efstische en boeddhistische tradities,<\/p>","protected":false},"featured_media":20942,"comment_status":"closed","ping_status":"closed","template":"","meta":[],"product_brand":[82],"product_cat":[555],"product_tag":[650,882,883,326],"class_list":{"0":"post-24160","1":"product","2":"type-product","3":"status-publish","4":"has-post-thumbnail","6":"product_brand-research-chemical","7":"product_cat-b2b","8":"product_tag-5-meo-mipt","9":"product_tag-5-meo-mipt-dosage","10":"product_tag-5-meo-mipt-ervaring","11":"product_tag-nl","13":"first","14":"instock","15":"taxable","16":"shipping-taxable","17":"purchasable","18":"product-type-variable"},"_links":{"self":[{"href":"https:\/\/researchchemicalhub.com\/cs\/wp-json\/wp\/v2\/product\/24160","targetHints":{"allow":["GET"]}}],"collection":[{"href":"https:\/\/researchchemicalhub.com\/cs\/wp-json\/wp\/v2\/product"}],"about":[{"href":"https:\/\/researchchemicalhub.com\/cs\/wp-json\/wp\/v2\/types\/product"}],"replies":[{"embeddable":true,"href":"https:\/\/researchchemicalhub.com\/cs\/wp-json\/wp\/v2\/comments?post=24160"}],"version-history":[{"count":4,"href":"https:\/\/researchchemicalhub.com\/cs\/wp-json\/wp\/v2\/product\/24160\/revisions"}],"predecessor-version":[{"id":27850,"href":"https:\/\/researchchemicalhub.com\/cs\/wp-json\/wp\/v2\/product\/24160\/revisions\/27850"}],"wp:featuredmedia":[{"embeddable":true,"href":"https:\/\/researchchemicalhub.com\/cs\/wp-json\/wp\/v2\/media\/20942"}],"wp:attachment":[{"href":"https:\/\/researchchemicalhub.com\/cs\/wp-json\/wp\/v2\/media?parent=24160"}],"wp:term":[{"taxonomy":"product_brand","embeddable":true,"href":"https:\/\/researchchemicalhub.com\/cs\/wp-json\/wp\/v2\/product_brand?post=24160"},{"taxonomy":"product_cat","embeddable":true,"href":"https:\/\/researchchemicalhub.com\/cs\/wp-json\/wp\/v2\/product_cat?post=24160"},{"taxonomy":"product_tag","embeddable":true,"href":"https:\/\/researchchemicalhub.com\/cs\/wp-json\/wp\/v2\/product_tag?post=24160"}],"curies":[{"name":"wp","href":"https:\/\/api.w.org\/{rel}","templated":true}]}}