{"id":24140,"date":"2025-04-13T17:41:08","date_gmt":"2025-04-13T17:41:08","guid":{"rendered":"https:\/\/researchchemicalhub.com\/?post_type=product&#038;p=24140"},"modified":"2025-10-13T10:29:52","modified_gmt":"2025-10-13T10:29:52","slug":"chem-mist-4f-mph-10-spray","status":"publish","type":"product","link":"https:\/\/researchchemicalhub.com\/cs\/shop\/b2b\/chem-mist-4f-mph-10-spray\/","title":{"rendered":"Chemick\u00e1 mlha 4F-MPH 10% sprej"},"content":{"rendered":"<h3 data-start=\"688\" data-end=\"712\"><strong data-start=\"692\" data-end=\"712\">P\u0159ehled produkt\u016f<\/strong><\/h3>\n<p data-start=\"713\" data-end=\"1201\">Sprej Chem-mist 4F-MPH 10% je <strong data-start=\"747\" data-end=\"793\">p\u0159esn\u011b formulovan\u00e9 v\u00fdzkumn\u00e9 \u0159e\u0161en\u00ed<\/strong> z <strong data-start=\"798\" data-end=\"833\">4-fluormethylfenid\u00e1t (4F-MPH)<\/strong> v koncentraci 10%. Ur\u010deno pro <strong data-start=\"878\" data-end=\"925\">v\u011bdeck\u00e9 a analytick\u00e9 \u00fa\u010dely<\/strong>, nab\u00edz\u00ed <strong data-start=\"941\" data-end=\"983\">kontrolovan\u00e9 a konzistentn\u00ed d\u00e1vkov\u00e1n\u00ed<\/strong> pomoc\u00ed snadno pou\u017eiteln\u00e9ho spreje \u2013 ide\u00e1ln\u00ed pro laborato\u0159e prov\u00e1d\u011bj\u00edc\u00ed farmakologick\u00e9, receptorov\u00e9 nebo absorp\u010dn\u00ed studie. 4 stopy za hodinu<br data-start=\"1106\" data-end=\"1109\" \/><em data-start=\"1109\" data-end=\"1201\">(Pouze pro v\u00fdzkumn\u00e9 \u00fa\u010dely \u2013 nen\u00ed ur\u010deno pro pou\u017eit\u00ed u lid\u00ed ani zv\u00ed\u0159at.)<\/em><\/p>\n<hr data-start=\"1203\" data-end=\"1206\" \/>\n<h3 data-start=\"1208\" data-end=\"1239\"><strong data-start=\"1212\" data-end=\"1239\">Kl\u00ed\u010dov\u00e9 vlastnosti<\/strong><\/h3>\n<ul data-start=\"1240\" data-end=\"1675\">\n<li data-start=\"1240\" data-end=\"1319\">\n<p data-start=\"1242\" data-end=\"1319\"><strong data-start=\"1242\" data-end=\"1269\">Koncentrace 10% 4F-MPH<\/strong> pro p\u0159esn\u00e9 a kontrolovan\u00e9 experimenty<\/p>\n<\/li>\n<li data-start=\"1320\" data-end=\"1382\">\n<p data-start=\"1322\" data-end=\"1382\"><strong data-start=\"1322\" data-end=\"1350\">P\u0159ibli\u017en\u011b 14 mg na vst\u0159ik<\/strong> (v\u00edce ne\u017e 70 st\u0159ik\u016f na lahvi\u010dku)<\/p>\n<\/li>\n<li data-start=\"1383\" data-end=\"1456\">\n<p data-start=\"1385\" data-end=\"1456\"><strong data-start=\"1385\" data-end=\"1417\">\u201eFresh Focus\u201c v\u016fn\u011b m\u00e1ty peprn\u00e9<\/strong> pro pohodln\u00e9 laboratorn\u00ed pou\u017eit\u00ed<\/p>\n<\/li>\n<li data-start=\"1457\" data-end=\"1525\">\n<p data-start=\"1459\" data-end=\"1525\"><strong data-start=\"1459\" data-end=\"1486\">Stabilizovan\u00e9 slo\u017een\u00ed<\/strong> s E1520, NaCl a pufrovac\u00edmi slo\u017ekami<\/p>\n<\/li>\n<li data-start=\"1526\" data-end=\"1591\">\n<p data-start=\"1528\" data-end=\"1591\"><strong data-start=\"1528\" data-end=\"1554\">Vysok\u00e1 \u010distota (&gt;98%)<\/strong>, potvrzeno testov\u00e1n\u00edm dodavatele<\/p>\n<\/li>\n<li data-start=\"1592\" data-end=\"1675\">\n<p data-start=\"1594\" data-end=\"1675\"><strong data-start=\"1594\" data-end=\"1627\">Pouze pro v\u00fdzkumn\u00e9 \u00fa\u010dely<\/strong> \u2013 jasn\u011b ozna\u010deno dle p\u0159edpis\u016f<\/p>\n<\/li>\n<\/ul>\n<hr data-start=\"1677\" data-end=\"1680\" \/>\n<h3 data-start=\"1682\" data-end=\"1699\"><strong data-start=\"1686\" data-end=\"1699\">V\u00fdhody<\/strong><\/h3>\n<p data-start=\"1700\" data-end=\"2020\">\u2705 <strong data-start=\"1702\" data-end=\"1723\">P\u0159esn\u00e9 d\u00e1vkov\u00e1n\u00ed<\/strong> \u2013 Konzistentn\u00ed objem post\u0159iku pro reprodukovateln\u00e9 v\u00fdsledky<br data-start=\"1786\" data-end=\"1789\" \/>\u2705 <strong data-start=\"1791\" data-end=\"1819\">Bezpe\u010dn\u00e9 a \u010dist\u00e9 pou\u017eit\u00ed<\/strong> \u2013 \u017d\u00e1dn\u00e9 riziko expozice pr\u00e1\u0161ku nebo kontaminace<br data-start=\"1868\" data-end=\"1871\" \/>\u2705 <strong data-start=\"1873\" data-end=\"1899\">Vylep\u0161en\u00e1 stabilita<\/strong> \u2013 Dlouh\u00e1 trvanlivost (a\u017e 2 roky) p\u0159i spr\u00e1vn\u00e9m skladov\u00e1n\u00ed<br data-start=\"1953\" data-end=\"1956\" \/>\u2705 <strong data-start=\"1958\" data-end=\"1975\">P\u0159ipraveno k pou\u017eit\u00ed<\/strong> \u2013 Zkracuje dobu p\u0159\u00edpravy v laborato\u0159i<\/p>\n<hr data-start=\"2022\" data-end=\"2025\" \/>\n<h3 data-start=\"2027\" data-end=\"2072\"><strong data-start=\"2031\" data-end=\"2072\">Pou\u017eit\u00ed (pouze pro v\u00fdzkumn\u00e9 \u00fa\u010dely)<\/strong><\/h3>\n<blockquote data-start=\"2073\" data-end=\"2198\">\n<p data-start=\"2075\" data-end=\"2198\">\u26a0\ufe0f Pouze pro laboratorn\u00ed pou\u017eit\u00ed. Nevdechujte ani nepo\u017e\u00edvejte. V\u017edy pou\u017e\u00edvejte OOPP (osobn\u00ed ochrann\u00e9 prost\u0159edky).<\/p>\n<\/blockquote>\n<ol data-start=\"2200\" data-end=\"2403\">\n<li data-start=\"2200\" data-end=\"2263\">\n<p data-start=\"2203\" data-end=\"2263\">P\u0159ed prvn\u00edm pou\u017eit\u00edm jemn\u011b prot\u0159epejte a napl\u0148te sprej.<\/p>\n<\/li>\n<li data-start=\"2264\" data-end=\"2331\">\n<p data-start=\"2267\" data-end=\"2331\">St\u0159\u00edkejte z pevn\u00e9 vzd\u00e1lenosti dle experiment\u00e1ln\u00edho protokolu. 4 stupn\u011b mph<\/p>\n<\/li>\n<li data-start=\"2332\" data-end=\"2403\">\n<p data-start=\"2335\" data-end=\"2403\">Dob\u0159e uzav\u0159ete a skladujte ve svisl\u00e9 poloze ve <strong data-start=\"2375\" data-end=\"2400\">chladn\u00e9m, tmav\u00e9m m\u00edst\u011b<\/strong>.<\/p>\n<\/li>\n<\/ol>\n<hr data-start=\"2405\" data-end=\"2408\" \/>\n<h3 data-start=\"2410\" data-end=\"2443\"><strong data-start=\"2414\" data-end=\"2443\">\u010casto kladen\u00e9 ot\u00e1zky (FAQ)<\/strong><\/h3>\n<p data-start=\"2445\" data-end=\"2533\"><strong data-start=\"2445\" data-end=\"2484\">1. Kolik 4F-MPH obsahuje jeden sprej?<\/strong><br data-start=\"2484\" data-end=\"2487\" \/>Ka\u017ed\u00fd st\u0159ik dod\u00e1 p\u0159ibli\u017en\u011b <strong data-start=\"2514\" data-end=\"2523\">14 mg<\/strong> 4F-MPH.<\/p>\n<p data-start=\"2535\" data-end=\"2719\"><strong data-start=\"2535\" data-end=\"2589\">2. Je tento produkt vhodn\u00fd pro lidsk\u00e9 pou\u017eit\u00ed?<\/strong><br data-start=\"2589\" data-end=\"2592\" \/>Ne \u2013 tento produkt je <strong data-start=\"2613\" data-end=\"2660\">pouze pro v\u011bdeck\u00fd v\u00fdzkum<\/strong> a nen\u00ed ur\u010deno k lidsk\u00e9 ani zv\u00ed\u0159ec\u00ed spot\u0159eb\u011b.<\/p>\n<p data-start=\"2721\" data-end=\"2856\"><strong data-start=\"2721\" data-end=\"2764\">3. Jak by se m\u011bl sprej skladovat?<\/strong><br data-start=\"2764\" data-end=\"2767\" \/>Skladujte t\u011bsn\u011b uzav\u0159en\u00e9, ve svisl\u00e9 poloze a mimo dosah p\u0159\u00edm\u00e9ho slune\u010dn\u00edho z\u00e1\u0159en\u00ed. <strong data-start=\"2830\" data-end=\"2853\">chladn\u00e9m a such\u00e9m m\u00edst\u011b<\/strong>.<\/p>","protected":false},"excerpt":{"rendered":"<p>Productoverzicht Chem-mist 4F-MPH 10% Spray is een precisie-geformuleerde onderzoeksoplossing met 4-fluoromethylfenidaat (4F-MPH) in een concentratie van 10%. Ontworpen voor wetenschappelijke<\/p>","protected":false},"featured_media":20679,"comment_status":"closed","ping_status":"closed","template":"","meta":[],"product_brand":[],"product_cat":[555],"product_tag":[571,326],"class_list":{"0":"post-24140","1":"product","2":"type-product","3":"status-publish","4":"has-post-thumbnail","6":"product_cat-b2b","7":"product_tag-4f-mph","8":"product_tag-nl","10":"first","11":"instock","12":"taxable","13":"shipping-taxable","14":"purchasable","15":"product-type-variable"},"_links":{"self":[{"href":"https:\/\/researchchemicalhub.com\/cs\/wp-json\/wp\/v2\/product\/24140","targetHints":{"allow":["GET"]}}],"collection":[{"href":"https:\/\/researchchemicalhub.com\/cs\/wp-json\/wp\/v2\/product"}],"about":[{"href":"https:\/\/researchchemicalhub.com\/cs\/wp-json\/wp\/v2\/types\/product"}],"replies":[{"embeddable":true,"href":"https:\/\/researchchemicalhub.com\/cs\/wp-json\/wp\/v2\/comments?post=24140"}],"version-history":[{"count":4,"href":"https:\/\/researchchemicalhub.com\/cs\/wp-json\/wp\/v2\/product\/24140\/revisions"}],"predecessor-version":[{"id":27857,"href":"https:\/\/researchchemicalhub.com\/cs\/wp-json\/wp\/v2\/product\/24140\/revisions\/27857"}],"wp:featuredmedia":[{"embeddable":true,"href":"https:\/\/researchchemicalhub.com\/cs\/wp-json\/wp\/v2\/media\/20679"}],"wp:attachment":[{"href":"https:\/\/researchchemicalhub.com\/cs\/wp-json\/wp\/v2\/media?parent=24140"}],"wp:term":[{"taxonomy":"product_brand","embeddable":true,"href":"https:\/\/researchchemicalhub.com\/cs\/wp-json\/wp\/v2\/product_brand?post=24140"},{"taxonomy":"product_cat","embeddable":true,"href":"https:\/\/researchchemicalhub.com\/cs\/wp-json\/wp\/v2\/product_cat?post=24140"},{"taxonomy":"product_tag","embeddable":true,"href":"https:\/\/researchchemicalhub.com\/cs\/wp-json\/wp\/v2\/product_tag?post=24140"}],"curies":[{"name":"wp","href":"https:\/\/api.w.org\/{rel}","templated":true}]}}