{"id":23933,"date":"2025-04-13T17:40:43","date_gmt":"2025-04-13T17:40:43","guid":{"rendered":"https:\/\/researchchemicalhub.com\/?post_type=product&#038;p=23933"},"modified":"2025-10-30T07:53:12","modified_gmt":"2025-10-30T07:53:12","slug":"norflurazepam-5-mg-pelety","status":"publish","type":"product","link":"https:\/\/researchchemicalhub.com\/cs\/nakupovat\/benzodiazepiny\/norflurazepam-5-mg-pelety\/","title":{"rendered":"Norflurazepam 5 MG pelety"},"content":{"rendered":"<div class=\"dad65929\">\n<div class=\"_4f9bf79 d7dc56a8 _43c05b5\">\n<div class=\"ds-markdown ds-markdown--block\">\n<h3 data-start=\"6228\" data-end=\"6247\"><strong data-start=\"6232\" data-end=\"6247\">Zaveden\u00ed<\/strong><\/h3>\n<p data-start=\"6249\" data-end=\"6610\"><strong data-start=\"6249\" data-end=\"6278\">Norflurazepam 5mg pelety<\/strong> jsou <strong data-start=\"6284\" data-end=\"6331\">v\u00fdzkumn\u00e9 l\u00e1tky analytick\u00e9 kvality<\/strong>, speci\u00e1ln\u011b vyvinut\u00fd pro <strong data-start=\"6358\" data-end=\"6412\">v\u011bdeck\u00fd, forenzn\u00ed a chemick\u00fd v\u00fdzkum<\/strong>Norflurazepam 5mg pelety<br data-start=\"6413\" data-end=\"6416\" \/>Tak\u00e9 zn\u00e1m\u00fd jako <strong data-start=\"6431\" data-end=\"6453\">Desalkylflurazepam<\/strong>, pat\u0159\u00ed toto spojen\u00ed k <strong data-start=\"6486\" data-end=\"6510\">t\u0159\u00edda benzodiazepin\u016f<\/strong> a je <strong data-start=\"6521\" data-end=\"6563\">metabolit r\u016fzn\u00fdch benzodiazepin\u016f<\/strong>, pod kter\u00fdm <strong data-start=\"6575\" data-end=\"6589\">Flurazepam<\/strong> a <strong data-start=\"6593\" data-end=\"6607\">Diclazepam<\/strong>.<\/p>\n<p data-start=\"6612\" data-end=\"6857\">Vyrobeno pod <strong data-start=\"6631\" data-end=\"6672\">Standardy GLP (spr\u00e1vn\u00e1 laboratorn\u00ed praxe)<\/strong>, tyto pelety nab\u00edzej\u00ed <strong data-start=\"6698\" data-end=\"6721\">\u010distota \u226599%<\/strong>, <strong data-start=\"6723\" data-end=\"6748\">chemick\u00e1 stabilita<\/strong> a <strong data-start=\"6752\" data-end=\"6775\">konzistentn\u00ed kvalita<\/strong>.<br data-start=\"6776\" data-end=\"6779\" \/>Ide\u00e1ln\u00ed pro <strong data-start=\"6791\" data-end=\"6854\">chromatografick\u00e9, spektroskopick\u00e9 a strukturn\u00ed anal\u00fdzy<\/strong>.<\/p>\n<blockquote data-start=\"6859\" data-end=\"7003\">\n<p data-start=\"6861\" data-end=\"7003\">\u26a0\ufe0f <strong data-start=\"6864\" data-end=\"6875\">Pozn.:<\/strong> Tento produkt je <strong data-start=\"6891\" data-end=\"6941\">ur\u010den\u00e9 pouze pro laboratorn\u00ed v\u00fdzkum<\/strong> a <strong data-start=\"6945\" data-end=\"7002\">nen\u00ed vhodn\u00e9 pro lidskou ani zv\u00ed\u0159ec\u00ed spot\u0159ebu<\/strong>.<\/p>\n<\/blockquote>\n<hr data-start=\"7005\" data-end=\"7008\" \/>\n<h3 data-start=\"7010\" data-end=\"7041\"><strong data-start=\"7014\" data-end=\"7041\">Kl\u00ed\u010dov\u00e9 vlastnosti<\/strong><\/h3>\n<ul data-start=\"7043\" data-end=\"7484\">\n<li data-start=\"7043\" data-end=\"7125\">\n<p data-start=\"7045\" data-end=\"7125\"><strong data-start=\"7045\" data-end=\"7077\">Vysok\u00e1 analytick\u00e1 \u010distota:<\/strong> \u226599% testov\u00e1no chromatografick\u00fdmi technikami.<\/p>\n<\/li>\n<li data-start=\"7126\" data-end=\"7191\">\n<p data-start=\"7128\" data-end=\"7191\"><strong data-start=\"7128\" data-end=\"7148\">P\u0159esn\u00e9 d\u00e1vkov\u00e1n\u00ed:<\/strong> Ka\u017ed\u00e1 peleta obsahuje <strong data-start=\"7167\" data-end=\"7188\">5 mg norflurazepamu<\/strong>.<\/p>\n<\/li>\n<li data-start=\"7192\" data-end=\"7258\">\n<p data-start=\"7194\" data-end=\"7258\"><strong data-start=\"7194\" data-end=\"7215\">Chemicky stabiln\u00ed:<\/strong> Odoln\u00fd proti rozkladu p\u0159i spr\u00e1vn\u00e9m skladov\u00e1n\u00ed.<\/p>\n<\/li>\n<li data-start=\"7259\" data-end=\"7328\">\n<p data-start=\"7261\" data-end=\"7328\"><strong data-start=\"7261\" data-end=\"7279\">Spr\u00e1vn\u00e1 laboratorn\u00ed v\u00fdroba:<\/strong> Vyrobeno za p\u0159\u00edsn\u00fdch laboratorn\u00edch standard\u016f.<\/p>\n<\/li>\n<li data-start=\"7329\" data-end=\"7404\">\n<p data-start=\"7331\" data-end=\"7404\"><strong data-start=\"7331\" data-end=\"7348\">Testov\u00e1no v d\u00e1vce:<\/strong> Ka\u017ed\u00e1 \u0161ar\u017ee je kontrolov\u00e1na z hlediska identity a \u010distoty. Norflurazepam 5mg pelety<\/p>\n<\/li>\n<li data-start=\"7405\" data-end=\"7484\">\n<p data-start=\"7407\" data-end=\"7484\"><strong data-start=\"7407\" data-end=\"7430\">Bezpe\u010dn\u00e9 balen\u00ed:<\/strong> Vzduchot\u011bsn\u00e9 a ut\u011bsn\u011bn\u00e9 pro optim\u00e1ln\u00ed trvanlivost.<\/p>\n<\/li>\n<\/ul>\n<hr data-start=\"7486\" data-end=\"7489\" \/>\n<h3 data-start=\"7491\" data-end=\"7508\"><strong data-start=\"7495\" data-end=\"7508\">V\u00fdhody<\/strong><\/h3>\n<ol data-start=\"7510\" data-end=\"7970\">\n<li data-start=\"7510\" data-end=\"7601\">\n<p data-start=\"7513\" data-end=\"7601\"><strong data-start=\"7513\" data-end=\"7550\">Spolehliv\u00e9 v\u00fdsledky v\u00fdzkumu:<\/strong> Vysok\u00e1 \u010distota zaru\u010duje reprodukovateln\u00e1 data.<\/p>\n<\/li>\n<li data-start=\"7602\" data-end=\"7690\">\n<p data-start=\"7605\" data-end=\"7690\"><strong data-start=\"7605\" data-end=\"7632\">Dlouhodob\u00e1 stabilita:<\/strong> Odoln\u00fd v\u016f\u010di sv\u011btlu, vlhkosti a teplotn\u00edm v\u00fdkyv\u016fm.<\/p>\n<\/li>\n<li data-start=\"7691\" data-end=\"7771\">\n<p data-start=\"7694\" data-end=\"7771\"><strong data-start=\"7694\" data-end=\"7722\">Snadn\u00e1 manipulace:<\/strong> Peletov\u00e1 forma zjednodu\u0161uje p\u0159esn\u00e9 d\u00e1vkov\u00e1n\u00ed.<\/p>\n<\/li>\n<li data-start=\"7772\" data-end=\"7855\">\n<p data-start=\"7775\" data-end=\"7855\"><strong data-start=\"7775\" data-end=\"7803\">Profesion\u00e1ln\u00ed standard:<\/strong> Vhodn\u00e9 pro forenzn\u00ed a analytick\u00fd v\u00fdzkum.<\/p>\n<\/li>\n<li data-start=\"7856\" data-end=\"7970\">\n<p data-start=\"7859\" data-end=\"7970\"><strong data-start=\"7859\" data-end=\"7880\">\u0160iroce pou\u017eiteln\u00e9:<\/strong> Ide\u00e1ln\u00ed pro <strong data-start=\"7893\" data-end=\"7967\">anal\u00fdza benzodiazepin\u016f, studie metabolit\u016f a chemick\u00e1 identifikace<\/strong>.<\/p>\n<\/li>\n<\/ol>\n<hr data-start=\"7972\" data-end=\"7975\" \/>\n<h3 data-start=\"7977\" data-end=\"8016\"><strong data-start=\"7981\" data-end=\"8016\">Pou\u017eit\u00ed (pouze pro v\u00fdzkum)<\/strong><\/h3>\n<ol data-start=\"8018\" data-end=\"8403\">\n<li data-start=\"8018\" data-end=\"8105\">\n<p data-start=\"8021\" data-end=\"8105\"><strong data-start=\"8021\" data-end=\"8052\">Noste ochrann\u00fd od\u011bv:<\/strong> Vy\u017eadov\u00e1ny jsou rukavice, ochrann\u00e9 br\u00fdle a laboratorn\u00ed pl\u00e1\u0161\u0165.<\/p>\n<\/li>\n<li data-start=\"8106\" data-end=\"8177\">\n<p data-start=\"8109\" data-end=\"8177\"><strong data-start=\"8109\" data-end=\"8148\">Pou\u017eit\u00ed v kontrolovan\u00e9m prost\u0159ed\u00ed:<\/strong> Pracujte \u010dist\u011b a p\u0159esn\u011b.<\/p>\n<\/li>\n<li data-start=\"8178\" data-end=\"8259\">\n<p data-start=\"8181\" data-end=\"8259\"><strong data-start=\"8181\" data-end=\"8208\">Pozn\u00e1mka k informac\u00edm o d\u00e1vce:<\/strong> Zaznamenejte \u010distotu, mno\u017estv\u00ed a podm\u00ednky.<\/p>\n<\/li>\n<li data-start=\"8260\" data-end=\"8329\">\n<p data-start=\"8263\" data-end=\"8329\"><strong data-start=\"8263\" data-end=\"8300\">Pou\u017e\u00edvejte kalibrovan\u00e9 vybaven\u00ed:<\/strong> Pro spolehliv\u00e1 m\u011b\u0159en\u00ed.<\/p>\n<\/li>\n<li data-start=\"8330\" data-end=\"8403\">\n<p data-start=\"8333\" data-end=\"8403\"><strong data-start=\"8333\" data-end=\"8367\">Bezpe\u010dn\u011b zlikvidujte odpad:<\/strong> Dodr\u017eujte bezpe\u010dnostn\u00ed p\u0159edpisy.<\/p>\n<\/li>\n<\/ol>\n<blockquote data-start=\"8405\" data-end=\"8490\">\n<p data-start=\"8407\" data-end=\"8490\">\u2697\ufe0f <strong data-start=\"8410\" data-end=\"8490\">Pouze pro laboratorn\u00ed testy \u2013 ne pro lidskou spot\u0159ebu.<\/strong><\/p>\n<\/blockquote>\n<hr data-start=\"8492\" data-end=\"8495\" \/>\n<h3 data-start=\"8497\" data-end=\"8522\"><strong data-start=\"8501\" data-end=\"8522\">Pokyny pro skladov\u00e1n\u00ed<\/strong><\/h3>\n<ul data-start=\"8524\" data-end=\"8692\">\n<li data-start=\"8524\" data-end=\"8566\">\n<p data-start=\"8526\" data-end=\"8566\">Ulo\u017eit na <strong data-start=\"8537\" data-end=\"8546\">2\u20138 \u00b0C<\/strong>, such\u00e9 a tmav\u00e9.<\/p>\n<\/li>\n<li data-start=\"8567\" data-end=\"8603\">\n<p data-start=\"8569\" data-end=\"8603\">Uchov\u00e1vejte obal t\u011bsn\u011b uzav\u0159en\u00fd.<\/p>\n<\/li>\n<li data-start=\"8604\" data-end=\"8649\">\n<p data-start=\"8606\" data-end=\"8649\">Chra\u0148te p\u0159ed <strong data-start=\"8621\" data-end=\"8646\">sv\u011btlo, teplo a vlhkost<\/strong>.<\/p>\n<\/li>\n<li data-start=\"8650\" data-end=\"8692\">\n<p data-start=\"8652\" data-end=\"8692\">Uchov\u00e1vejte mimo dosah neopr\u00e1vn\u011bn\u00fdch osob.<\/p>\n<\/li>\n<\/ul>\n<hr data-start=\"8694\" data-end=\"8697\" \/>\n<h3 data-start=\"8699\" data-end=\"8734\"><strong data-start=\"8703\" data-end=\"8734\">\u010casto kladen\u00e9 ot\u00e1zky (FAQ)<\/strong><\/h3>\n<p data-start=\"8736\" data-end=\"8910\"><strong data-start=\"8736\" data-end=\"8781\">1. K \u010demu se Norflurazepam pou\u017e\u00edv\u00e1?<\/strong><br data-start=\"8781\" data-end=\"8784\" \/>Pro <strong data-start=\"8789\" data-end=\"8827\">analytick\u00fd a forenzn\u00ed v\u00fdzkum<\/strong>, zejm\u00e9na v oblasti <strong data-start=\"8856\" data-end=\"8907\">metabolismus a chemick\u00e1 anal\u00fdza benzodiazepin\u016f<\/strong>.<\/p>\n<p data-start=\"8912\" data-end=\"9129\"><strong data-start=\"8912\" data-end=\"8972\">2. Je norflurazepam vhodn\u00fd k lidsk\u00e9 spot\u0159eb\u011b?<\/strong><br data-start=\"8972\" data-end=\"8975\" \/>\u017d\u00e1dn\u00fd. <strong data-start=\"8980\" data-end=\"9009\">Norflurazepam 5mg pelety<\/strong> jsou <strong data-start=\"9015\" data-end=\"9065\">ur\u010den\u00e9 pouze pro laboratorn\u00ed v\u00fdzkum<\/strong> a <strong data-start=\"9069\" data-end=\"9126\">nen\u00ed vhodn\u00e9 pro lidskou ani zv\u00ed\u0159ec\u00ed spot\u0159ebu<\/strong>.<\/p>\n<p data-start=\"9131\" data-end=\"9277\"><strong data-start=\"9131\" data-end=\"9176\">3. Jak nejl\u00e9pe uchov\u00e1vat norflurazepam?<\/strong><br data-start=\"9176\" data-end=\"9179\" \/>U\u0161et\u0159ete na <strong data-start=\"9193\" data-end=\"9235\">chladn\u00e9m, such\u00e9m a tmav\u00e9m m\u00edst\u011b (2\u20138 \u00b0C)<\/strong>, v <strong data-start=\"9244\" data-end=\"9274\">dob\u0159e uzav\u0159en\u00e9 balen\u00ed<\/strong>.<\/p>\n<hr data-start=\"9279\" data-end=\"9282\" \/>\n<h3 data-start=\"9284\" data-end=\"9301\"><strong data-start=\"9288\" data-end=\"9301\">Z\u00e1v\u011br<\/strong><\/h3>\n<p data-start=\"9303\" data-end=\"9597\"><strong data-start=\"9303\" data-end=\"9332\">Norflurazepam 5mg pelety<\/strong> nab\u00eddka <strong data-start=\"9340\" data-end=\"9398\">v\u00fdjime\u010dn\u00e1 \u010distota, stabilita a konzistence<\/strong>, ide\u00e1ln\u00ed pro <strong data-start=\"9412\" data-end=\"9464\">profesion\u00e1ln\u00ed analytick\u00fd a forenzn\u00ed v\u00fdzkum<\/strong>.<br data-start=\"9465\" data-end=\"9468\" \/>Spolehliv\u00e1 volba pro laborato\u0159e zam\u011b\u0159en\u00e9 na <strong data-start=\"9527\" data-end=\"9594\">anal\u00fdza benzodiazepin\u016f, chromatografie a strukturn\u00ed studie<\/strong>.<\/p>\n<\/div>\n<\/div>\n<\/div>","protected":false},"excerpt":{"rendered":"<h3><span data-sheets-value=\"{\" data-sheets-userformat=\"{\"><span style=\"vertical-align: inherit;\"><span style=\"vertical-align: inherit;\"><span dir=\"auto\" style=\"vertical-align: inherit;\"><span dir=\"auto\" style=\"vertical-align: inherit;\">Vlastnosti norflurazepamu<\/span><\/span><\/span><\/span><\/span><\/h3>\n<p><strong><span style=\"vertical-align: inherit;\"><span style=\"vertical-align: inherit;\"><span dir=\"auto\" style=\"vertical-align: inherit;\"><span dir=\"auto\" style=\"vertical-align: inherit;\">Synonymum:<\/span><\/span><\/span><\/span><\/strong><span style=\"vertical-align: inherit;\"><span style=\"vertical-align: inherit;\"><span dir=\"auto\" style=\"vertical-align: inherit;\"><span dir=\"auto\" style=\"vertical-align: inherit;\"> Norflurazepam <\/span><\/span><\/span><\/span><br \/>\n<strong><span style=\"vertical-align: inherit;\"><span style=\"vertical-align: inherit;\"><span dir=\"auto\" style=\"vertical-align: inherit;\"><span dir=\"auto\" style=\"vertical-align: inherit;\">\u010c\u00edslo CAS:<\/span><\/span><\/span><\/span><\/strong><span style=\"vertical-align: inherit;\"><span style=\"vertical-align: inherit;\"><span dir=\"auto\" style=\"vertical-align: inherit;\"><span dir=\"auto\" style=\"vertical-align: inherit;\"> 2886-65-9 <\/span><\/span><\/span><\/span><br \/>\n<strong><span style=\"vertical-align: inherit;\"><span style=\"vertical-align: inherit;\"><span dir=\"auto\" style=\"vertical-align: inherit;\"><span dir=\"auto\" style=\"vertical-align: inherit;\">Vzorec:<\/span><\/span><\/span><\/span><\/strong><span style=\"vertical-align: inherit;\"><span style=\"vertical-align: inherit;\"><span dir=\"auto\" style=\"vertical-align: inherit;\"><span dir=\"auto\" style=\"vertical-align: inherit;\"> 7-chlor-5-(2-fluorfenyl)-1,3-dihydro-2H-1,4-benzodiazepin-2-on <\/span><\/span><\/span><\/span><br \/>\n<strong><span style=\"vertical-align: inherit;\"><span style=\"vertical-align: inherit;\"><span dir=\"auto\" style=\"vertical-align: inherit;\"><span dir=\"auto\" style=\"vertical-align: inherit;\">Mol\u00e1rn\u00ed hmotnost:<\/span><\/span><\/span><\/span><\/strong><span style=\"vertical-align: inherit;\"><span style=\"vertical-align: inherit;\"><span dir=\"auto\" style=\"vertical-align: inherit;\"><span dir=\"auto\" style=\"vertical-align: inherit;\"> 299,3 g\/mol <\/span><\/span><\/span><\/span><br \/>\n<strong><span style=\"vertical-align: inherit;\"><span style=\"vertical-align: inherit;\"><span dir=\"auto\" style=\"vertical-align: inherit;\"><span dir=\"auto\" style=\"vertical-align: inherit;\">\u010cistota:<\/span><\/span><\/span><\/span><\/strong><span style=\"vertical-align: inherit;\"><span style=\"vertical-align: inherit;\"><span dir=\"auto\" style=\"vertical-align: inherit;\"><span dir=\"auto\" style=\"vertical-align: inherit;\"> &gt;97%<\/span><\/span><\/span><\/span><\/p>","protected":false},"featured_media":28577,"comment_status":"closed","ping_status":"closed","template":"","meta":[],"product_brand":[],"product_cat":[76,388,394,324,398],"product_tag":[326],"class_list":{"0":"post-23933","1":"product","2":"type-product","3":"status-publish","4":"has-post-thumbnail","6":"product_cat-benzodiazepinen","7":"product_cat-norflurazepam","8":"product_cat-norflurazepam-pellets","9":"product_cat-pellets-for-pellet","10":"product_cat-verkoop","11":"product_tag-nl","13":"first","14":"instock","15":"sale","16":"taxable","17":"shipping-taxable","18":"purchasable","19":"product-type-variable"},"_links":{"self":[{"href":"https:\/\/researchchemicalhub.com\/cs\/wp-json\/wp\/v2\/product\/23933","targetHints":{"allow":["GET"]}}],"collection":[{"href":"https:\/\/researchchemicalhub.com\/cs\/wp-json\/wp\/v2\/product"}],"about":[{"href":"https:\/\/researchchemicalhub.com\/cs\/wp-json\/wp\/v2\/types\/product"}],"replies":[{"embeddable":true,"href":"https:\/\/researchchemicalhub.com\/cs\/wp-json\/wp\/v2\/comments?post=23933"}],"version-history":[{"count":5,"href":"https:\/\/researchchemicalhub.com\/cs\/wp-json\/wp\/v2\/product\/23933\/revisions"}],"predecessor-version":[{"id":27920,"href":"https:\/\/researchchemicalhub.com\/cs\/wp-json\/wp\/v2\/product\/23933\/revisions\/27920"}],"wp:featuredmedia":[{"embeddable":true,"href":"https:\/\/researchchemicalhub.com\/cs\/wp-json\/wp\/v2\/media\/28577"}],"wp:attachment":[{"href":"https:\/\/researchchemicalhub.com\/cs\/wp-json\/wp\/v2\/media?parent=23933"}],"wp:term":[{"taxonomy":"product_brand","embeddable":true,"href":"https:\/\/researchchemicalhub.com\/cs\/wp-json\/wp\/v2\/product_brand?post=23933"},{"taxonomy":"product_cat","embeddable":true,"href":"https:\/\/researchchemicalhub.com\/cs\/wp-json\/wp\/v2\/product_cat?post=23933"},{"taxonomy":"product_tag","embeddable":true,"href":"https:\/\/researchchemicalhub.com\/cs\/wp-json\/wp\/v2\/product_tag?post=23933"}],"curies":[{"name":"wp","href":"https:\/\/api.w.org\/{rel}","templated":true}]}}