{"id":23915,"date":"2025-04-13T17:40:40","date_gmt":"2025-04-13T17:40:40","guid":{"rendered":"https:\/\/researchchemicalhub.com\/?post_type=product&#038;p=23915"},"modified":"2025-10-30T07:54:01","modified_gmt":"2025-10-30T07:54:01","slug":"nb-5-meo-dalt-oxalat","status":"publish","type":"product","link":"https:\/\/researchchemicalhub.com\/cs\/nakupovat\/nb-5-kvetna-dalt\/nb-5-meo-dalt-oxalat\/","title":{"rendered":"NB-5-MeO-DALT oxal\u00e1t"},"content":{"rendered":"<h3 data-start=\"6074\" data-end=\"6093\"><strong data-start=\"6078\" data-end=\"6093\">Zaveden\u00ed<\/strong><\/h3>\n<p data-start=\"6095\" data-end=\"6425\"><strong data-start=\"6095\" data-end=\"6120\">NB-5-MeO-DALT oxal\u00e1t<\/strong> je a <strong data-start=\"6128\" data-end=\"6172\">v\u00fdzkumn\u00fd materi\u00e1l analytick\u00e9 kvality<\/strong>, vyvinut\u00fd pro <strong data-start=\"6190\" data-end=\"6244\">chemick\u00fd, v\u011bdeck\u00fd a forenzn\u00ed v\u00fdzkum<\/strong>Oxal\u00e1t NB-5-MeO-DALT<br data-start=\"6245\" data-end=\"6248\" \/>Je to <strong data-start=\"6259\" data-end=\"6274\">oxal\u00e1tov\u00e1 s\u016fl<\/strong> podle <strong data-start=\"6279\" data-end=\"6327\">5-MeO-DALT (N,N-diallyl-5-methoxytryptamin)<\/strong>, spojen\u00ed z <strong data-start=\"6351\" data-end=\"6372\">rodina tryptamin\u016f<\/strong>, strukturn\u011b p\u0159\u00edbuzn\u00e9 p\u0159\u00edrodn\u00edm indoleaminom.<\/p>\n<p data-start=\"6427\" data-end=\"6678\">Vyrobeno pod <strong data-start=\"6446\" data-end=\"6487\">Standardy GLP (spr\u00e1vn\u00e1 laboratorn\u00ed praxe)<\/strong>, tato tkanina nab\u00edz\u00ed <strong data-start=\"6509\" data-end=\"6532\">\u010distota \u226599%<\/strong>, <strong data-start=\"6534\" data-end=\"6559\">chemick\u00e1 stabilita<\/strong> a <strong data-start=\"6563\" data-end=\"6585\">konzistence d\u00e1vky<\/strong>, co\u017e z n\u011bj \u010din\u00ed ide\u00e1ln\u00ed <strong data-start=\"6613\" data-end=\"6675\">chromatografick\u00fd, spektroskopick\u00fd a strukturn\u00ed v\u00fdzkum<\/strong>.<\/p>\n<blockquote data-start=\"6680\" data-end=\"6824\">\n<p data-start=\"6682\" data-end=\"6824\">\u26a0\ufe0f <strong data-start=\"6685\" data-end=\"6696\">Pozn.:<\/strong> Tento produkt je <strong data-start=\"6712\" data-end=\"6762\">ur\u010den\u00e9 pouze pro laboratorn\u00ed v\u00fdzkum<\/strong> a <strong data-start=\"6766\" data-end=\"6823\">nen\u00ed vhodn\u00e9 pro lidskou ani zv\u00ed\u0159ec\u00ed spot\u0159ebu<\/strong>.<\/p>\n<\/blockquote>\n<hr data-start=\"6826\" data-end=\"6829\" \/>\n<h3 data-start=\"6831\" data-end=\"6862\"><strong data-start=\"6835\" data-end=\"6862\">Kl\u00ed\u010dov\u00e9 vlastnosti<\/strong><\/h3>\n<ul data-start=\"6864\" data-end=\"7356\">\n<li data-start=\"6864\" data-end=\"6931\">\n<p data-start=\"6866\" data-end=\"6931\"><strong data-start=\"6866\" data-end=\"6898\">Vysok\u00e1 analytick\u00e1 \u010distota:<\/strong> \u226599% testov\u00e1no pomoc\u00ed HPLC a GC-MS.<\/p>\n<\/li>\n<li data-start=\"6932\" data-end=\"7025\">\n<p data-start=\"6934\" data-end=\"7025\"><strong data-start=\"6934\" data-end=\"6958\">Stabiln\u00ed oxal\u00e1tov\u00e1 s\u016fl:<\/strong> Zv\u00fd\u0161en\u00e1 stabilita a del\u0161\u00ed trvanlivost ne\u017e u voln\u00e9 b\u00e1ze.<\/p>\n<\/li>\n<li data-start=\"7026\" data-end=\"7095\">\n<p data-start=\"7028\" data-end=\"7095\"><strong data-start=\"7028\" data-end=\"7046\">Spr\u00e1vn\u00e1 laboratorn\u00ed v\u00fdroba:<\/strong> Vyrobeno za p\u0159\u00edsn\u00fdch laboratorn\u00edch standard\u016f.<\/p>\n<\/li>\n<li data-start=\"7096\" data-end=\"7183\">\n<p data-start=\"7098\" data-end=\"7183\"><strong data-start=\"7098\" data-end=\"7127\">Spolehliv\u00e1 konzistence:<\/strong> Ka\u017ed\u00e1 \u0161ar\u017ee byla kontrolov\u00e1na na identitu a \u010distotu. Oxal\u00e1t NB-5-MeO-DALT<\/p>\n<\/li>\n<li data-start=\"7184\" data-end=\"7276\">\n<p data-start=\"7186\" data-end=\"7276\"><strong data-start=\"7186\" data-end=\"7225\">Pou\u017eiteln\u00e9 ve forenzn\u00edm v\u00fdzkumu:<\/strong> Vhodn\u00e9 pro <strong data-start=\"7240\" data-end=\"7273\">anal\u00fdzy tryptaminu a indolu<\/strong>.<\/p>\n<\/li>\n<li data-start=\"7277\" data-end=\"7356\">\n<p data-start=\"7279\" data-end=\"7356\"><strong data-start=\"7279\" data-end=\"7302\">Bezpe\u010dn\u00e9 balen\u00ed:<\/strong> Vzduchot\u011bsn\u00e9 a ut\u011bsn\u011bn\u00e9 pro optim\u00e1ln\u00ed trvanlivost.<\/p>\n<\/li>\n<\/ul>\n<hr data-start=\"7358\" data-end=\"7361\" \/>\n<h3 data-start=\"7363\" data-end=\"7380\"><strong data-start=\"7367\" data-end=\"7380\">V\u00fdhody<\/strong><\/h3>\n<ol data-start=\"7382\" data-end=\"7834\">\n<li data-start=\"7382\" data-end=\"7464\">\n<p data-start=\"7385\" data-end=\"7464\"><strong data-start=\"7385\" data-end=\"7412\">Stabiln\u00ed slo\u017een\u00ed:<\/strong> Oxal\u00e1tov\u00e1 forma poskytuje dlouhodobou stabilitu.<\/p>\n<\/li>\n<li data-start=\"7465\" data-end=\"7556\">\n<p data-start=\"7468\" data-end=\"7556\"><strong data-start=\"7468\" data-end=\"7505\">Spolehliv\u00e9 v\u00fdsledky v\u00fdzkumu:<\/strong> Vysok\u00e1 \u010distota zaru\u010duje reprodukovateln\u00e1 data.<\/p>\n<\/li>\n<li data-start=\"7557\" data-end=\"7658\">\n<p data-start=\"7560\" data-end=\"7658\"><strong data-start=\"7560\" data-end=\"7588\">Profesion\u00e1ln\u00ed kvalita:<\/strong> Ide\u00e1ln\u00ed pro <strong data-start=\"7601\" data-end=\"7655\">chromatografick\u00e9 a spektroskopick\u00e9 aplikace<\/strong>.<\/p>\n<\/li>\n<li data-start=\"7659\" data-end=\"7752\">\n<p data-start=\"7662\" data-end=\"7752\"><strong data-start=\"7662\" data-end=\"7692\">Forenzn\u00ed pou\u017eitelnost:<\/strong> Vhodn\u00e9 pro <strong data-start=\"7707\" data-end=\"7749\">toxikologick\u00fd a struktur\u00e1ln\u00ed v\u00fdzkum<\/strong>.<\/p>\n<\/li>\n<li data-start=\"7753\" data-end=\"7834\">\n<p data-start=\"7756\" data-end=\"7834\"><strong data-start=\"7756\" data-end=\"7782\">Snadn\u00e9 pou\u017eit\u00ed:<\/strong> Bezpe\u010dn\u00e1 a p\u0159esn\u00e1 aplikace v laborato\u0159\u00edch.<\/p>\n<\/li>\n<\/ol>\n<hr data-start=\"7836\" data-end=\"7839\" \/>\n<h3 data-start=\"7841\" data-end=\"7880\"><strong data-start=\"7845\" data-end=\"7880\">Pou\u017eit\u00ed (pouze pro v\u00fdzkum)<\/strong><\/h3>\n<ol data-start=\"7882\" data-end=\"8301\">\n<li data-start=\"7882\" data-end=\"7969\">\n<p data-start=\"7885\" data-end=\"7969\"><strong data-start=\"7885\" data-end=\"7916\">Noste ochrann\u00fd od\u011bv:<\/strong> Vy\u017eadov\u00e1ny jsou rukavice, ochrann\u00e9 br\u00fdle a laboratorn\u00ed pl\u00e1\u0161\u0165.<\/p>\n<\/li>\n<li data-start=\"7970\" data-end=\"8056\">\n<p data-start=\"7973\" data-end=\"8056\"><strong data-start=\"7973\" data-end=\"8012\">Pou\u017eit\u00ed v kontrolovan\u00e9m prost\u0159ed\u00ed:<\/strong> Zabra\u0148te vystaven\u00ed vzduchu nebo vlhkosti.<\/p>\n<\/li>\n<li data-start=\"8057\" data-end=\"8138\">\n<p data-start=\"8060\" data-end=\"8138\"><strong data-start=\"8060\" data-end=\"8087\">Pozn\u00e1mka k informac\u00edm o d\u00e1vce:<\/strong> Zaznamenejte \u010distotu, mno\u017estv\u00ed a podm\u00ednky.<\/p>\n<\/li>\n<li data-start=\"8139\" data-end=\"8208\">\n<p data-start=\"8142\" data-end=\"8208\"><strong data-start=\"8142\" data-end=\"8179\">Pou\u017e\u00edvejte kalibrovan\u00e9 vybaven\u00ed:<\/strong> Pro p\u0159esn\u00e1 m\u011b\u0159en\u00ed.<\/p>\n<\/li>\n<li data-start=\"8209\" data-end=\"8301\">\n<p data-start=\"8212\" data-end=\"8301\"><strong data-start=\"8212\" data-end=\"8246\">Bezpe\u010dn\u011b zlikvidujte odpad:<\/strong> Dodr\u017eujte bezpe\u010dnostn\u00ed pokyny laborato\u0159e.<\/p>\n<\/li>\n<\/ol>\n<blockquote data-start=\"8303\" data-end=\"8380\">\n<p data-start=\"8305\" data-end=\"8380\">\u2697\ufe0f <strong data-start=\"8308\" data-end=\"8380\">Pouze pro laboratorn\u00ed testy \u2013 ne pro lidskou spot\u0159ebu.<\/strong><\/p>\n<\/blockquote>\n<hr data-start=\"8382\" data-end=\"8385\" \/>\n<h3 data-start=\"8387\" data-end=\"8412\"><strong data-start=\"8391\" data-end=\"8412\">Pokyny pro skladov\u00e1n\u00ed<\/strong><\/h3>\n<ul data-start=\"8414\" data-end=\"8582\">\n<li data-start=\"8414\" data-end=\"8456\">\n<p data-start=\"8416\" data-end=\"8456\">Ulo\u017eit na <strong data-start=\"8427\" data-end=\"8436\">2\u20138 \u00b0C<\/strong>, such\u00e9 a tmav\u00e9.<\/p>\n<\/li>\n<li data-start=\"8457\" data-end=\"8493\">\n<p data-start=\"8459\" data-end=\"8493\">Uchov\u00e1vejte obal t\u011bsn\u011b uzav\u0159en\u00fd.<\/p>\n<\/li>\n<li data-start=\"8494\" data-end=\"8539\">\n<p data-start=\"8496\" data-end=\"8539\">Chra\u0148te p\u0159ed <strong data-start=\"8511\" data-end=\"8536\">sv\u011btlo, teplo a vlhkost<\/strong>.<\/p>\n<\/li>\n<li data-start=\"8540\" data-end=\"8582\">\n<p data-start=\"8542\" data-end=\"8582\">Uchov\u00e1vejte mimo dosah neopr\u00e1vn\u011bn\u00fdch osob.<\/p>\n<\/li>\n<\/ul>\n<hr data-start=\"8584\" data-end=\"8587\" \/>\n<h3 data-start=\"8589\" data-end=\"8624\"><strong data-start=\"8593\" data-end=\"8624\">\u010casto kladen\u00e9 ot\u00e1zky (FAQ)<\/strong><\/h3>\n<p data-start=\"8626\" data-end=\"8795\"><strong data-start=\"8626\" data-end=\"8679\">1. K \u010demu se pou\u017e\u00edv\u00e1 NB-5-MeO-DALT oxal\u00e1t?<\/strong><br data-start=\"8679\" data-end=\"8682\" \/>Pro <strong data-start=\"8687\" data-end=\"8735\">analytick\u00fd, chemick\u00fd a forenzn\u00ed v\u00fdzkum<\/strong>, zam\u011b\u0159en\u00fd p\u0159edev\u0161\u00edm na <strong data-start=\"8755\" data-end=\"8792\">tryptaminov\u00e9 a indolov\u00e9 slou\u010deniny<\/strong>.<\/p>\n<p data-start=\"8797\" data-end=\"9005\"><strong data-start=\"8797\" data-end=\"8854\">2. Je NB-5-MeO-DALT oxal\u00e1t vhodn\u00fd ke konzumaci?<\/strong><br data-start=\"8854\" data-end=\"8857\" \/>\u017d\u00e1dn\u00fd. <strong data-start=\"8862\" data-end=\"8887\">NB-5-MeO-DALT oxal\u00e1t<\/strong> je <strong data-start=\"8891\" data-end=\"8941\">ur\u010den\u00e9 pouze pro laboratorn\u00ed v\u00fdzkum<\/strong> a <strong data-start=\"8945\" data-end=\"9002\">nen\u00ed vhodn\u00e9 pro lidskou ani zv\u00ed\u0159ec\u00ed spot\u0159ebu<\/strong>.<\/p>\n<p data-start=\"9007\" data-end=\"9165\"><strong data-start=\"9007\" data-end=\"9060\">3. Jak by se m\u011bl skladovat oxal\u00e1t NB-5-MeO-DALT?<\/strong><br data-start=\"9060\" data-end=\"9063\" \/>U\u0161et\u0159ete na <strong data-start=\"9077\" data-end=\"9119\">chladn\u00e9m, such\u00e9m a tmav\u00e9m m\u00edst\u011b (2\u20138 \u00b0C)<\/strong> v <strong data-start=\"9126\" data-end=\"9162\">origin\u00e1ln\u00ed vzduchot\u011bsn\u00e9 balen\u00ed<\/strong>.<\/p>\n<hr data-start=\"9167\" data-end=\"9170\" \/>\n<h3 data-start=\"9172\" data-end=\"9189\"><strong data-start=\"9176\" data-end=\"9189\">Z\u00e1v\u011br<\/strong><\/h3>\n<p data-start=\"9191\" data-end=\"9456\"><strong data-start=\"9191\" data-end=\"9216\">NB-5-MeO-DALT oxal\u00e1t<\/strong> je a <strong data-start=\"9224\" data-end=\"9255\">vysoce kvalitn\u00ed v\u00fdzkumn\u00fd materi\u00e1l<\/strong> s vynikaj\u00edc\u00edm <strong data-start=\"9272\" data-end=\"9322\">stabilita, \u010distota a reprodukovatelnost<\/strong>.<br data-start=\"9323\" data-end=\"9326\" \/>Je to ide\u00e1ln\u00ed volba pro laborato\u0159e zam\u011b\u0159en\u00e9 na <strong data-start=\"9386\" data-end=\"9453\">anal\u00fdza tryptaminu, v\u00fdzkum indolu a forenzn\u00ed aplikace<\/strong>.<\/p>","protected":false},"excerpt":{"rendered":"<h3><span data-sheets-value=\"{\" data-sheets-userformat=\"{\"><span style=\"vertical-align: inherit;\"><span style=\"vertical-align: inherit;\">Vlastnosti oxal\u00e1tu NB-5-MeO-DALT<\/span><\/span><\/span><\/h3>\n<p><strong><span style=\"vertical-align: inherit;\"><span style=\"vertical-align: inherit;\">Synonymum: terc-butyl 3-(2-(diallylamino)ethyl)-5-methoxy-1H-indol-1-karboxyl\u00e1t oxal\u00e1t <\/span><\/span><\/strong><br \/>\n<strong><span style=\"vertical-align: inherit;\"><span style=\"vertical-align: inherit;\">\u010c\u00edslo CAS:<\/span><\/span><\/strong><span style=\"vertical-align: inherit;\"><span style=\"vertical-align: inherit;\"> \u017e\u00e1dn\u00fd <\/span><\/span><br \/>\n<strong><span style=\"vertical-align: inherit;\"><span style=\"vertical-align: inherit;\">Vzorec:<\/span><\/span><\/strong><span style=\"vertical-align: inherit;\"><span style=\"vertical-align: inherit;\"> XX <\/span><\/span><br \/>\n<strong><span style=\"vertical-align: inherit;\"><span style=\"vertical-align: inherit;\">Mol\u00e1rn\u00ed hmotnost:<\/span><\/span><\/strong><span style=\"vertical-align: inherit;\"><span style=\"vertical-align: inherit;\"> xx <\/span><\/span><br \/>\n<strong><span style=\"vertical-align: inherit;\"><span style=\"vertical-align: inherit;\">\u010cistota:<\/span><\/span><\/strong><span style=\"vertical-align: inherit;\"><span style=\"vertical-align: inherit;\"> 98%&gt;<\/span><\/span><\/p>","protected":false},"featured_media":28567,"comment_status":"closed","ping_status":"closed","template":"","meta":[],"product_brand":[],"product_cat":[489,381],"product_tag":[452,1103],"class_list":{"0":"post-23915","1":"product","2":"type-product","3":"status-publish","4":"has-post-thumbnail","6":"product_cat-nb-5-meo-dalt","7":"product_cat-tryptamines","8":"product_tag-de","9":"product_tag-nb-5-meo-dalt-oxalate-2","11":"first","12":"instock","13":"taxable","14":"shipping-taxable","15":"purchasable","16":"product-type-variable"},"_links":{"self":[{"href":"https:\/\/researchchemicalhub.com\/cs\/wp-json\/wp\/v2\/product\/23915","targetHints":{"allow":["GET"]}}],"collection":[{"href":"https:\/\/researchchemicalhub.com\/cs\/wp-json\/wp\/v2\/product"}],"about":[{"href":"https:\/\/researchchemicalhub.com\/cs\/wp-json\/wp\/v2\/types\/product"}],"replies":[{"embeddable":true,"href":"https:\/\/researchchemicalhub.com\/cs\/wp-json\/wp\/v2\/comments?post=23915"}],"version-history":[{"count":6,"href":"https:\/\/researchchemicalhub.com\/cs\/wp-json\/wp\/v2\/product\/23915\/revisions"}],"predecessor-version":[{"id":27922,"href":"https:\/\/researchchemicalhub.com\/cs\/wp-json\/wp\/v2\/product\/23915\/revisions\/27922"}],"wp:featuredmedia":[{"embeddable":true,"href":"https:\/\/researchchemicalhub.com\/cs\/wp-json\/wp\/v2\/media\/28567"}],"wp:attachment":[{"href":"https:\/\/researchchemicalhub.com\/cs\/wp-json\/wp\/v2\/media?parent=23915"}],"wp:term":[{"taxonomy":"product_brand","embeddable":true,"href":"https:\/\/researchchemicalhub.com\/cs\/wp-json\/wp\/v2\/product_brand?post=23915"},{"taxonomy":"product_cat","embeddable":true,"href":"https:\/\/researchchemicalhub.com\/cs\/wp-json\/wp\/v2\/product_cat?post=23915"},{"taxonomy":"product_tag","embeddable":true,"href":"https:\/\/researchchemicalhub.com\/cs\/wp-json\/wp\/v2\/product_tag?post=23915"}],"curies":[{"name":"wp","href":"https:\/\/api.w.org\/{rel}","templated":true}]}}