{"id":23896,"date":"2025-04-13T17:40:39","date_gmt":"2025-04-13T17:40:39","guid":{"rendered":"https:\/\/researchchemicalhub.com\/?post_type=product&#038;p=23896"},"modified":"2025-10-30T07:56:46","modified_gmt":"2025-10-30T07:56:46","slug":"norflurazepam-10-mg-pelety","status":"publish","type":"product","link":"https:\/\/researchchemicalhub.com\/cs\/nakupovat\/benzodiazepiny\/norflurazepam-10-mg-pelety\/","title":{"rendered":"Norflurazepam 10 MG pelety"},"content":{"rendered":"<h3 data-start=\"6139\" data-end=\"6158\"><strong data-start=\"6143\" data-end=\"6158\">Zaveden\u00ed<\/strong><\/h3>\n<p data-start=\"6160\" data-end=\"6523\"><strong data-start=\"6160\" data-end=\"6190\">Norflurazepam 10mg pelety<\/strong> jsou <strong data-start=\"6196\" data-end=\"6243\">v\u00fdzkumn\u00e9 l\u00e1tky analytick\u00e9 kvality<\/strong>, vyvinut\u00fd pro <strong data-start=\"6261\" data-end=\"6315\">v\u011bdeck\u00fd, forenzn\u00ed a chemick\u00fd v\u00fdzkum<\/strong>Norflurazepam 10mg pelety<br data-start=\"6316\" data-end=\"6319\" \/>Tak\u00e9 zn\u00e1m\u00fd jako <strong data-start=\"6334\" data-end=\"6356\">Desalkylflurazepam<\/strong>, pat\u0159\u00ed toto spojen\u00ed k <strong data-start=\"6389\" data-end=\"6413\">t\u0159\u00edda benzodiazepin\u016f<\/strong> a je to <strong data-start=\"6428\" data-end=\"6476\">metabolit r\u016fzn\u00fdch benzodiazepin\u016f<\/strong>, pod kter\u00fdm <strong data-start=\"6488\" data-end=\"6502\">Diclazepam<\/strong> a <strong data-start=\"6506\" data-end=\"6520\">Flurazepam<\/strong>.<\/p>\n<p data-start=\"6525\" data-end=\"6758\">Ka\u017ed\u00e1 peleta obsahuje <strong data-start=\"6543\" data-end=\"6573\">10 miligram\u016f norflurazepamu<\/strong> se zaru\u010denou \u010distotou <strong data-start=\"6611\" data-end=\"6619\">\u226599%<\/strong>, testov\u00e1no za <strong data-start=\"6634\" data-end=\"6668\">Spr\u00e1vn\u00e1 laboratorn\u00ed praxe (GLP)<\/strong>-standardy.<br data-start=\"6676\" data-end=\"6679\" \/>Ide\u00e1ln\u00ed pro <strong data-start=\"6691\" data-end=\"6755\">chromatografick\u00e9, spektroskopick\u00e9 a toxikologick\u00e9 vy\u0161et\u0159en\u00ed<\/strong>.<\/p>\n<blockquote data-start=\"6760\" data-end=\"6904\">\n<p data-start=\"6762\" data-end=\"6904\">\u26a0\ufe0f <strong data-start=\"6765\" data-end=\"6776\">Pozn.:<\/strong> Tento produkt je <strong data-start=\"6792\" data-end=\"6842\">ur\u010den\u00e9 pouze pro laboratorn\u00ed v\u00fdzkum<\/strong> a <strong data-start=\"6846\" data-end=\"6903\">nen\u00ed vhodn\u00e9 pro lidskou ani zv\u00ed\u0159ec\u00ed spot\u0159ebu<\/strong>.<\/p>\n<\/blockquote>\n<hr data-start=\"6906\" data-end=\"6909\" \/>\n<h3 data-start=\"6911\" data-end=\"6942\"><strong data-start=\"6915\" data-end=\"6942\">Kl\u00ed\u010dov\u00e9 vlastnosti<\/strong><\/h3>\n<ul data-start=\"6944\" data-end=\"7442\">\n<li data-start=\"6944\" data-end=\"7043\">\n<p data-start=\"6946\" data-end=\"7043\"><strong data-start=\"6946\" data-end=\"6978\">Vysok\u00e1 analytick\u00e1 \u010distota:<\/strong> \u226599% testov\u00e1no chromatografickou a spektroskopickou anal\u00fdzou.<\/p>\n<\/li>\n<li data-start=\"7044\" data-end=\"7110\">\n<p data-start=\"7046\" data-end=\"7110\"><strong data-start=\"7046\" data-end=\"7066\">P\u0159esn\u00e9 d\u00e1vkov\u00e1n\u00ed:<\/strong> Ka\u017ed\u00e1 peleta obsahuje <strong data-start=\"7085\" data-end=\"7107\">10 mg norflurazepamu<\/strong>.<\/p>\n<\/li>\n<li data-start=\"7111\" data-end=\"7186\">\n<p data-start=\"7113\" data-end=\"7186\"><strong data-start=\"7113\" data-end=\"7134\">Chemicky stabiln\u00ed:<\/strong> Odoln\u00fd v\u016f\u010di degradaci za spr\u00e1vn\u00fdch skladovac\u00edch podm\u00ednek.<\/p>\n<\/li>\n<li data-start=\"7187\" data-end=\"7278\">\n<p data-start=\"7189\" data-end=\"7278\"><strong data-start=\"7189\" data-end=\"7207\">Spr\u00e1vn\u00e1 laboratorn\u00ed v\u00fdroba:<\/strong> Vyrobeno za p\u0159\u00edsn\u00fdch podm\u00ednek <strong data-start=\"7235\" data-end=\"7263\">Spr\u00e1vn\u00e1 laboratorn\u00ed praxe<\/strong>-pokyny.<\/p>\n<\/li>\n<li data-start=\"7279\" data-end=\"7362\">\n<p data-start=\"7281\" data-end=\"7362\"><strong data-start=\"7281\" data-end=\"7298\">Testov\u00e1no v d\u00e1vce:<\/strong> Ka\u017ed\u00e1 \u0161ar\u017ee je kontrolov\u00e1na z hlediska identity a konzistence.<\/p>\n<\/li>\n<li data-start=\"7363\" data-end=\"7442\">\n<p data-start=\"7365\" data-end=\"7442\"><strong data-start=\"7365\" data-end=\"7388\">Bezpe\u010dn\u00e9 balen\u00ed:<\/strong> Vzduchot\u011bsn\u00e9 a ut\u011bsn\u011bn\u00e9 pro optim\u00e1ln\u00ed trvanlivost.<\/p>\n<\/li>\n<\/ul>\n<hr data-start=\"7444\" data-end=\"7447\" \/>\n<h3 data-start=\"7449\" data-end=\"7466\"><strong data-start=\"7453\" data-end=\"7466\">V\u00fdhody<\/strong><\/h3>\n<ol data-start=\"7468\" data-end=\"7886\">\n<li data-start=\"7468\" data-end=\"7555\">\n<p data-start=\"7471\" data-end=\"7555\"><strong data-start=\"7471\" data-end=\"7508\">Spolehliv\u00e9 v\u00fdsledky v\u00fdzkumu:<\/strong> Vysok\u00e1 \u010distota zaji\u0161\u0165uje konzistentn\u00ed data.<\/p>\n<\/li>\n<li data-start=\"7556\" data-end=\"7644\">\n<p data-start=\"7559\" data-end=\"7644\"><strong data-start=\"7559\" data-end=\"7586\">Dlouhodob\u00e1 stabilita:<\/strong> Odoln\u00e9 v\u016f\u010di sv\u011btlu, vlhkosti a zm\u011bn\u00e1m teploty.<\/p>\n<\/li>\n<li data-start=\"7645\" data-end=\"7717\">\n<p data-start=\"7648\" data-end=\"7717\"><strong data-start=\"7648\" data-end=\"7672\">U\u017eivatelsky p\u0159\u00edv\u011btiv\u00fd:<\/strong> Forma pelet umo\u017e\u0148uje snadn\u00e9 d\u00e1vkov\u00e1n\u00ed.<\/p>\n<\/li>\n<li data-start=\"7718\" data-end=\"7805\">\n<p data-start=\"7721\" data-end=\"7805\"><strong data-start=\"7721\" data-end=\"7749\">Profesion\u00e1ln\u00ed kvalita:<\/strong> Vhodn\u00e9 pro <strong data-start=\"7764\" data-end=\"7802\">forenzn\u00ed a analytick\u00fd v\u00fdzkum<\/strong>.<\/p>\n<\/li>\n<li data-start=\"7806\" data-end=\"7886\">\n<p data-start=\"7809\" data-end=\"7886\"><strong data-start=\"7809\" data-end=\"7840\">Mezin\u00e1rodn\u00ed standardy:<\/strong> Vyrobeno dle bezpe\u010dnostn\u00edch standard\u016f GLP.<\/p>\n<\/li>\n<\/ol>\n<hr data-start=\"7888\" data-end=\"7891\" \/>\n<h3 data-start=\"7893\" data-end=\"7932\"><strong data-start=\"7897\" data-end=\"7932\">Pou\u017eit\u00ed (pouze pro v\u00fdzkum)<\/strong><\/h3>\n<ol data-start=\"7934\" data-end=\"8347\">\n<li data-start=\"7934\" data-end=\"8026\">\n<p data-start=\"7937\" data-end=\"8026\"><strong data-start=\"7937\" data-end=\"7968\">Noste ochrann\u00fd od\u011bv:<\/strong> Vy\u017eaduj\u00ed se rukavice, ochrann\u00e9 br\u00fdle a laboratorn\u00ed pl\u00e1\u0161\u0165.<\/p>\n<\/li>\n<li data-start=\"8027\" data-end=\"8096\">\n<p data-start=\"8030\" data-end=\"8096\"><strong data-start=\"8030\" data-end=\"8067\">Pou\u017e\u00edvejte kalibrovan\u00e9 vybaven\u00ed:<\/strong> Pro p\u0159esn\u00e1 m\u011b\u0159en\u00ed.<\/p>\n<\/li>\n<li data-start=\"8097\" data-end=\"8167\">\n<p data-start=\"8100\" data-end=\"8167\"><strong data-start=\"8100\" data-end=\"8127\">Pozn\u00e1mka k informac\u00edm o d\u00e1vce:<\/strong> Zaznamenejte \u010distotu a mno\u017estv\u00ed.<\/p>\n<\/li>\n<li data-start=\"8168\" data-end=\"8254\">\n<p data-start=\"8171\" data-end=\"8254\"><strong data-start=\"8171\" data-end=\"8211\">Pr\u00e1ce v kontrolovan\u00e9m prost\u0159ed\u00ed:<\/strong> Pou\u017e\u00edvejte steriln\u00ed laboratorn\u00ed vybaven\u00ed.<\/p>\n<\/li>\n<li data-start=\"8255\" data-end=\"8347\">\n<p data-start=\"8258\" data-end=\"8347\"><strong data-start=\"8258\" data-end=\"8292\">Bezpe\u010dn\u011b zlikvidujte odpad:<\/strong> Dodr\u017eujte bezpe\u010dnostn\u00ed pokyny laborato\u0159e.<\/p>\n<\/li>\n<\/ol>\n<blockquote data-start=\"8349\" data-end=\"8434\">\n<p data-start=\"8351\" data-end=\"8434\">\u2697\ufe0f <strong data-start=\"8354\" data-end=\"8434\">Pouze pro laboratorn\u00ed testy \u2013 ne pro lidskou spot\u0159ebu.<\/strong><\/p>\n<\/blockquote>\n<hr data-start=\"8436\" data-end=\"8439\" \/>\n<h3 data-start=\"8441\" data-end=\"8466\"><strong data-start=\"8445\" data-end=\"8466\">Pokyny pro skladov\u00e1n\u00ed<\/strong><\/h3>\n<ul data-start=\"8468\" data-end=\"8636\">\n<li data-start=\"8468\" data-end=\"8510\">\n<p data-start=\"8470\" data-end=\"8510\">Ulo\u017eit na <strong data-start=\"8481\" data-end=\"8490\">2\u20138 \u00b0C<\/strong>, such\u00e9 a tmav\u00e9.<\/p>\n<\/li>\n<li data-start=\"8511\" data-end=\"8547\">\n<p data-start=\"8513\" data-end=\"8547\">Uchov\u00e1vejte obal t\u011bsn\u011b uzav\u0159en\u00fd.<\/p>\n<\/li>\n<li data-start=\"8548\" data-end=\"8593\">\n<p data-start=\"8550\" data-end=\"8593\">Chra\u0148te p\u0159ed <strong data-start=\"8565\" data-end=\"8590\">sv\u011btlo, vlhkost a teplo<\/strong>.<\/p>\n<\/li>\n<li data-start=\"8594\" data-end=\"8636\">\n<p data-start=\"8596\" data-end=\"8636\">Uchov\u00e1vejte mimo dosah neopr\u00e1vn\u011bn\u00fdch osob.<\/p>\n<\/li>\n<\/ul>\n<hr data-start=\"8638\" data-end=\"8641\" \/>\n<h3 data-start=\"8643\" data-end=\"8678\"><strong data-start=\"8647\" data-end=\"8678\">\u010casto kladen\u00e9 ot\u00e1zky (FAQ)<\/strong><\/h3>\n<p data-start=\"8680\" data-end=\"8839\"><strong data-start=\"8680\" data-end=\"8725\">1. K \u010demu se Norflurazepam pou\u017e\u00edv\u00e1?<\/strong><br data-start=\"8725\" data-end=\"8728\" \/>Pro <strong data-start=\"8733\" data-end=\"8771\">analytick\u00fd a forenzn\u00ed v\u00fdzkum<\/strong>, s d\u016frazem na <strong data-start=\"8787\" data-end=\"8836\">anal\u00fdza benzodiazepin\u016f a studie metabolit\u016f<\/strong>Norflurazepam 10mg pelety<\/p>\n<p data-start=\"8841\" data-end=\"9059\"><strong data-start=\"8841\" data-end=\"8901\">2. Je norflurazepam vhodn\u00fd k lidsk\u00e9 spot\u0159eb\u011b?<\/strong><br data-start=\"8901\" data-end=\"8904\" \/>\u017d\u00e1dn\u00fd. <strong data-start=\"8909\" data-end=\"8939\">Norflurazepam 10mg pelety<\/strong> jsou <strong data-start=\"8945\" data-end=\"8995\">ur\u010den\u00e9 pouze pro laboratorn\u00ed v\u00fdzkum<\/strong> a <strong data-start=\"8999\" data-end=\"9056\">nen\u00ed vhodn\u00e9 pro lidskou ani zv\u00ed\u0159ec\u00ed spot\u0159ebu<\/strong>.<\/p>\n<p data-start=\"9061\" data-end=\"9211\"><strong data-start=\"9061\" data-end=\"9106\">3. Jak nejl\u00e9pe uchov\u00e1vat norflurazepam?<\/strong><br data-start=\"9106\" data-end=\"9109\" \/>U\u0161et\u0159ete na <strong data-start=\"9123\" data-end=\"9165\">chladn\u00e9m, such\u00e9m a tmav\u00e9m m\u00edst\u011b (2\u20138 \u00b0C)<\/strong> v <strong data-start=\"9172\" data-end=\"9208\">origin\u00e1ln\u00ed vzduchot\u011bsn\u00e9 balen\u00ed<\/strong>.<\/p>\n<hr data-start=\"9213\" data-end=\"9216\" \/>\n<h3 data-start=\"9218\" data-end=\"9235\"><strong data-start=\"9222\" data-end=\"9235\">Z\u00e1v\u011br<\/strong><\/h3>\n<p data-start=\"9237\" data-end=\"9533\"><strong data-start=\"9237\" data-end=\"9267\">Norflurazepam 10mg pelety<\/strong> nab\u00eddka <strong data-start=\"9275\" data-end=\"9337\">vynikaj\u00edc\u00ed \u010distota, stabilita a reprodukovatelnost<\/strong>, ide\u00e1ln\u00ed pro <strong data-start=\"9351\" data-end=\"9399\">analytick\u00fd, chemick\u00fd a forenzn\u00ed v\u00fdzkum<\/strong>.<br data-start=\"9400\" data-end=\"9403\" \/>Spolehliv\u00e1 volba pro laborato\u0159e zam\u011b\u0159en\u00e9 na <strong data-start=\"9462\" data-end=\"9530\">anal\u00fdza benzodiazepin\u016f, studie receptor\u016f a strukturn\u00ed v\u00fdzkum<\/strong>.<\/p>","protected":false},"excerpt":{"rendered":"<h3><span data-sheets-value=\"{\" data-sheets-userformat=\"{\"><span dir=\"auto\" style=\"vertical-align: inherit;\"><span dir=\"auto\" style=\"vertical-align: inherit;\">Vlastnosti norflurazepamu<\/span><\/span><\/span><\/h3>\n<p><strong><span dir=\"auto\" style=\"vertical-align: inherit;\"><span dir=\"auto\" style=\"vertical-align: inherit;\">Synonymum:<\/span><\/span><\/strong><span dir=\"auto\" style=\"vertical-align: inherit;\"><span dir=\"auto\" style=\"vertical-align: inherit;\"> Norflurazepam <\/span><\/span><br \/>\n<strong><span dir=\"auto\" style=\"vertical-align: inherit;\"><span dir=\"auto\" style=\"vertical-align: inherit;\">\u010c\u00edslo CAS:<\/span><\/span><\/strong><span dir=\"auto\" style=\"vertical-align: inherit;\"><span dir=\"auto\" style=\"vertical-align: inherit;\"> 2886-65-9 <\/span><\/span><br \/>\n<strong><span dir=\"auto\" style=\"vertical-align: inherit;\"><span dir=\"auto\" style=\"vertical-align: inherit;\">Vzorec:<\/span><\/span><\/strong><span dir=\"auto\" style=\"vertical-align: inherit;\"><span dir=\"auto\" style=\"vertical-align: inherit;\"> 7-chlor-5-(2-fluorfenyl)-1,3-dihydro-2H-1,4-benzodiazepin-2-on <\/span><\/span><br \/>\n<strong><span dir=\"auto\" style=\"vertical-align: inherit;\"><span dir=\"auto\" style=\"vertical-align: inherit;\">Mol\u00e1rn\u00ed hmotnost:<\/span><\/span><\/strong><span dir=\"auto\" style=\"vertical-align: inherit;\"><span dir=\"auto\" style=\"vertical-align: inherit;\"> 299,3 g\/mol <\/span><\/span><br \/>\n<strong><span dir=\"auto\" style=\"vertical-align: inherit;\"><span dir=\"auto\" style=\"vertical-align: inherit;\">\u010cistota:<\/span><\/span><\/strong><span dir=\"auto\" style=\"vertical-align: inherit;\"><span dir=\"auto\" style=\"vertical-align: inherit;\"> &gt;97%<\/span><\/span><\/p>","protected":false},"featured_media":28578,"comment_status":"closed","ping_status":"closed","template":"","meta":[],"product_brand":[],"product_cat":[76,388,394,324,398],"product_tag":[326],"class_list":{"0":"post-23896","1":"product","2":"type-product","3":"status-publish","4":"has-post-thumbnail","6":"product_cat-benzodiazepinen","7":"product_cat-norflurazepam","8":"product_cat-norflurazepam-pellets","9":"product_cat-pellets-for-pellet","10":"product_cat-verkoop","11":"product_tag-nl","13":"first","14":"instock","15":"sale","16":"taxable","17":"shipping-taxable","18":"purchasable","19":"product-type-variable"},"_links":{"self":[{"href":"https:\/\/researchchemicalhub.com\/cs\/wp-json\/wp\/v2\/product\/23896","targetHints":{"allow":["GET"]}}],"collection":[{"href":"https:\/\/researchchemicalhub.com\/cs\/wp-json\/wp\/v2\/product"}],"about":[{"href":"https:\/\/researchchemicalhub.com\/cs\/wp-json\/wp\/v2\/types\/product"}],"replies":[{"embeddable":true,"href":"https:\/\/researchchemicalhub.com\/cs\/wp-json\/wp\/v2\/comments?post=23896"}],"version-history":[{"count":5,"href":"https:\/\/researchchemicalhub.com\/cs\/wp-json\/wp\/v2\/product\/23896\/revisions"}],"predecessor-version":[{"id":27924,"href":"https:\/\/researchchemicalhub.com\/cs\/wp-json\/wp\/v2\/product\/23896\/revisions\/27924"}],"wp:featuredmedia":[{"embeddable":true,"href":"https:\/\/researchchemicalhub.com\/cs\/wp-json\/wp\/v2\/media\/28578"}],"wp:attachment":[{"href":"https:\/\/researchchemicalhub.com\/cs\/wp-json\/wp\/v2\/media?parent=23896"}],"wp:term":[{"taxonomy":"product_brand","embeddable":true,"href":"https:\/\/researchchemicalhub.com\/cs\/wp-json\/wp\/v2\/product_brand?post=23896"},{"taxonomy":"product_cat","embeddable":true,"href":"https:\/\/researchchemicalhub.com\/cs\/wp-json\/wp\/v2\/product_cat?post=23896"},{"taxonomy":"product_tag","embeddable":true,"href":"https:\/\/researchchemicalhub.com\/cs\/wp-json\/wp\/v2\/product_tag?post=23896"}],"curies":[{"name":"wp","href":"https:\/\/api.w.org\/{rel}","templated":true}]}}