{"id":23724,"date":"2025-04-13T17:40:18","date_gmt":"2025-04-13T17:40:18","guid":{"rendered":"https:\/\/researchchemicalhub.com\/?post_type=product&#038;p=23724"},"modified":"2025-10-30T08:43:45","modified_gmt":"2025-10-30T08:43:45","slug":"koupit-chemickou-mlhu-2f-dck","status":"publish","type":"product","link":"https:\/\/researchchemicalhub.com\/cs\/nakupovat\/koupit-2f-dck\/koupit-chemickou-mlhu-2f-dck\/","title":{"rendered":"Chemick\u00e1 mlha 2F-DCK sprej 20%"},"content":{"rendered":"<p data-start=\"5034\" data-end=\"5327\"><strong data-start=\"5034\" data-end=\"5064\">Sprej Chem-Mist 2F-DCK 20%<\/strong> obsahuje <strong data-start=\"5071\" data-end=\"5109\">2-Fluorodeschlorketamin (2F-DCK)<\/strong>, spojen\u00ed z <strong data-start=\"5133\" data-end=\"5163\">t\u0159\u00edda arylcyklohexylamin\u016f<\/strong>.<br data-start=\"5164\" data-end=\"5167\" \/>Pou\u017e\u00edv\u00e1 se jako <strong data-start=\"5190\" data-end=\"5208\">referen\u010dn\u00ed l\u00e1tka<\/strong> uvnit\u0159 <strong data-start=\"5216\" data-end=\"5258\">forenzn\u00ed a analytick\u00e9 laborato\u0159e<\/strong> pro <strong data-start=\"5264\" data-end=\"5324\">validace metody, kalibrace a identifikace slou\u010denin<\/strong>Koupit Chem Mist 2F DCK<\/p>\n<p data-start=\"5329\" data-end=\"5461\">Tento produkt je <strong data-start=\"5344\" data-end=\"5399\">ur\u010den\u00e9 pouze pro v\u011bdeck\u00fd v\u00fdzkum<\/strong> a <strong data-start=\"5403\" data-end=\"5460\">nen\u00ed vhodn\u00e9 pro lidskou ani zv\u00ed\u0159ec\u00ed spot\u0159ebu<\/strong>.<\/p>\n<hr data-start=\"5463\" data-end=\"5466\" \/>\n<h3 data-start=\"5468\" data-end=\"5499\"><strong data-start=\"5472\" data-end=\"5499\">Kl\u00ed\u010dov\u00e9 vlastnosti<\/strong><\/h3>\n<ul data-start=\"5501\" data-end=\"5952\">\n<li data-start=\"5501\" data-end=\"5587\">\n<p data-start=\"5503\" data-end=\"5587\"><strong data-start=\"5503\" data-end=\"5523\">Vysok\u00e1 \u010distota:<\/strong> Vyrobeno za kontrolovan\u00fdch laboratorn\u00edch podm\u00ednek.<\/p>\n<\/li>\n<li data-start=\"5588\" data-end=\"5664\">\n<p data-start=\"5590\" data-end=\"5664\"><strong data-start=\"5590\" data-end=\"5611\">Koncentrace 20%:<\/strong> Navr\u017eeno pro spolehlivou kalibraci a detekci.<\/p>\n<\/li>\n<li data-start=\"5665\" data-end=\"5770\">\n<p data-start=\"5667\" data-end=\"5770\"><strong data-start=\"5667\" data-end=\"5706\">Certifikovan\u00fd referen\u010dn\u00ed materi\u00e1l:<\/strong> Dod\u00e1v\u00e1no s <strong data-start=\"5720\" data-end=\"5748\">certifik\u00e1t anal\u00fdzy (COA)<\/strong> a informace o d\u00e1vce.<\/p>\n<\/li>\n<li data-start=\"5771\" data-end=\"5871\">\n<p data-start=\"5773\" data-end=\"5871\"><strong data-start=\"5773\" data-end=\"5804\">Analytick\u00e9, \u0161iroce pou\u017eiteln\u00e9:<\/strong> Vhodn\u00e9 pro <strong data-start=\"5819\" data-end=\"5827\">HPLC<\/strong>, <strong data-start=\"5829\" data-end=\"5838\">GC-MS<\/strong>a <strong data-start=\"5843\" data-end=\"5855\">LC-MS\/MS<\/strong> aplikace.<\/p>\n<\/li>\n<li data-start=\"5872\" data-end=\"5952\">\n<p data-start=\"5874\" data-end=\"5952\"><strong data-start=\"5874\" data-end=\"5901\">Stabiln\u00ed slo\u017een\u00ed spreje:<\/strong> Navr\u017eeno pro dlouhodobou chemickou stabilitu.<\/p>\n<\/li>\n<\/ul>\n<hr data-start=\"5954\" data-end=\"5957\" \/>\n<h3 data-start=\"5959\" data-end=\"5976\"><strong data-start=\"5963\" data-end=\"5976\">V\u00fdhody<\/strong><\/h3>\n<ul data-start=\"5978\" data-end=\"6429\">\n<li data-start=\"5978\" data-end=\"6060\">\n<p data-start=\"5980\" data-end=\"6060\"><strong data-start=\"5980\" data-end=\"6017\">Podporuje forenzn\u00ed vy\u0161et\u0159ov\u00e1n\u00ed:<\/strong> Pom\u00e1h\u00e1 s validac\u00ed analytick\u00fdch metod.<\/p>\n<\/li>\n<li data-start=\"6061\" data-end=\"6150\">\n<p data-start=\"6063\" data-end=\"6150\"><strong data-start=\"6063\" data-end=\"6090\">Spolehliv\u00e1 kalibrace:<\/strong> Zaji\u0161\u0165uje konzistentn\u00ed a reprodukovateln\u00e9 v\u00fdsledky m\u011b\u0159en\u00ed.<\/p>\n<\/li>\n<li data-start=\"6151\" data-end=\"6255\">\n<p data-start=\"6153\" data-end=\"6255\"><strong data-start=\"6153\" data-end=\"6175\">Vzd\u011bl\u00e1vac\u00ed hodnota:<\/strong> Vhodn\u00e9 pro akademick\u00e9 vzd\u011bl\u00e1v\u00e1n\u00ed v chemick\u00e9 a toxikologick\u00e9 anal\u00fdze.<\/p>\n<\/li>\n<li data-start=\"6256\" data-end=\"6355\">\n<p data-start=\"6258\" data-end=\"6355\"><strong data-start=\"6258\" data-end=\"6292\">Spl\u0148uje bezpe\u010dnostn\u00ed normy:<\/strong> Vyrobeno dle mezin\u00e1rodn\u00edch laboratorn\u00edch sm\u011brnic.<\/p>\n<\/li>\n<li data-start=\"6356\" data-end=\"6429\">\n<p data-start=\"6358\" data-end=\"6429\"><strong data-start=\"6358\" data-end=\"6385\">\u00dapln\u00e1 dokumentace:<\/strong> Dod\u00e1v\u00e1no s bezpe\u010dnostn\u00edm listem a certifik\u00e1ty anal\u00fdzy.<\/p>\n<\/li>\n<\/ul>\n<hr data-start=\"6431\" data-end=\"6434\" \/>\n<h3 data-start=\"6436\" data-end=\"6497\"><strong data-start=\"6440\" data-end=\"6497\">N\u00e1vod k pou\u017eit\u00ed (pouze pro v\u00fdzkumn\u00e9 \u00fa\u010dely)<\/strong><\/h3>\n<ol data-start=\"6499\" data-end=\"6839\">\n<li data-start=\"6499\" data-end=\"6597\">\n<p data-start=\"6502\" data-end=\"6597\"><strong data-start=\"6502\" data-end=\"6516\">Zach\u00e1zen\u00ed:<\/strong> Pou\u017e\u00edvejte pouze v akreditovan\u00fdch laborato\u0159\u00edch s vhodn\u00fdm ochrann\u00fdm vybaven\u00edm.<\/p>\n<\/li>\n<li data-start=\"6598\" data-end=\"6681\">\n<p data-start=\"6601\" data-end=\"6681\"><strong data-start=\"6601\" data-end=\"6616\">Aplikace:<\/strong> Pou\u017e\u00edvejte sprej v dob\u0159e v\u011btran\u00fdch prostor\u00e1ch nebo v digesto\u0159i. Kupte si Chem Mist 2F DCK.<\/p>\n<\/li>\n<li data-start=\"6682\" data-end=\"6745\">\n<p data-start=\"6685\" data-end=\"6745\"><strong data-start=\"6685\" data-end=\"6696\">Skladov\u00e1n\u00ed:<\/strong> Skladujte na chladn\u00e9m, such\u00e9m a tmav\u00e9m m\u00edst\u011b, dob\u0159e uzav\u0159en\u00e9.<\/p>\n<\/li>\n<li data-start=\"6746\" data-end=\"6839\">\n<p data-start=\"6749\" data-end=\"6839\"><strong data-start=\"6749\" data-end=\"6760\">Likvidace:<\/strong> Zbytky zlikvidujte v souladu s m\u00edstn\u00edmi p\u0159edpisy pro nakl\u00e1d\u00e1n\u00ed s chemick\u00fdm odpadem.<\/p>\n<\/li>\n<\/ol>\n<hr data-start=\"6841\" data-end=\"6844\" \/>\n<h3 data-start=\"6846\" data-end=\"6880\"><strong data-start=\"6850\" data-end=\"6880\">Bezpe\u010dnost a dodr\u017eov\u00e1n\u00ed p\u0159edpis\u016f<\/strong><\/h3>\n<ul data-start=\"6882\" data-end=\"7320\">\n<li data-start=\"6882\" data-end=\"6977\">\n<p data-start=\"6884\" data-end=\"6977\"><strong data-start=\"6884\" data-end=\"6920\">Pouze pro laboratorn\u00ed pou\u017eit\u00ed:<\/strong> Nen\u00ed vhodn\u00e9 pro lidskou ani zv\u00ed\u0159ec\u00ed spot\u0159ebu.<\/p>\n<\/li>\n<li data-start=\"6978\" data-end=\"7100\">\n<p data-start=\"6980\" data-end=\"7100\"><strong data-start=\"6980\" data-end=\"7008\">Pr\u00e1vn\u00ed aspekty:<\/strong> Pr\u00e1vn\u00ed status 2F-DCK se li\u0161\u00ed v z\u00e1vislosti na zemi; v\u017edy si ov\u011b\u0159te m\u00edstn\u00ed p\u0159edpisy.<\/p>\n<\/li>\n<li data-start=\"7101\" data-end=\"7195\">\n<p data-start=\"7103\" data-end=\"7195\"><strong data-start=\"7103\" data-end=\"7131\">Zdrav\u00ed a bezpe\u010dnost:<\/strong> Zabra\u0148te kontaktu, vdechnut\u00ed nebo po\u017eit\u00ed; pou\u017e\u00edvejte vhodn\u00e9 osobn\u00ed ochrann\u00e9 prost\u0159edky.<\/p>\n<\/li>\n<li data-start=\"7196\" data-end=\"7320\">\n<p data-start=\"7198\" data-end=\"7320\"><strong data-start=\"7198\" data-end=\"7215\">Dokumentace:<\/strong> A <strong data-start=\"7220\" data-end=\"7256\">bezpe\u010dnostn\u00ed list (MSDS)<\/strong> a <strong data-start=\"7260\" data-end=\"7288\">certifik\u00e1t anal\u00fdzy (COA)<\/strong> jsou k dispozici na vy\u017e\u00e1d\u00e1n\u00ed.<\/p>\n<\/li>\n<\/ul>\n<hr data-start=\"7322\" data-end=\"7325\" \/>\n<h3 data-start=\"7327\" data-end=\"7362\"><strong data-start=\"7331\" data-end=\"7362\">\u010casto kladen\u00e9 ot\u00e1zky (FAQ)<\/strong><\/h3>\n<p data-start=\"7364\" data-end=\"7554\"><strong data-start=\"7364\" data-end=\"7422\">1. K \u010demu se pou\u017e\u00edv\u00e1 sprej Chem-Mist 2F-DCK 20%?<\/strong><br data-start=\"7422\" data-end=\"7425\" \/>Pou\u017e\u00edv\u00e1 se jako <strong data-start=\"7448\" data-end=\"7471\">referen\u010dn\u00ed roztok<\/strong> ve forenzn\u00edch a analytick\u00fdch laborato\u0159\u00edch pro v\u00fdzkum detekce a kalibrace.<\/p>\n<p data-start=\"7556\" data-end=\"7740\"><strong data-start=\"7556\" data-end=\"7614\">2. Je tento produkt vhodn\u00fd k lidsk\u00e9 spot\u0159eb\u011b?<\/strong><br data-start=\"7614\" data-end=\"7617\" \/>\u010c. Chem-Mist 2F-DCK Spray 20% je <strong data-start=\"7652\" data-end=\"7690\">ur\u010deno pouze pro v\u00fdzkumn\u00e9 \u00fa\u010dely<\/strong> a <strong data-start=\"7694\" data-end=\"7737\">nen\u00ed schv\u00e1len pro pou\u017eit\u00ed u lid\u00ed<\/strong>.<\/p>\n<p data-start=\"7742\" data-end=\"7872\"><strong data-start=\"7742\" data-end=\"7788\">3. Jak by se m\u011bl tento produkt skladovat?<\/strong><br data-start=\"7788\" data-end=\"7791\" \/>Skladujte na chladn\u00e9m, such\u00e9m a tmav\u00e9m m\u00edst\u011b, t\u011bsn\u011b uzav\u0159en\u00e9 a mimo dosah neopr\u00e1vn\u011bn\u00fdch osob.<\/p>","protected":false},"excerpt":{"rendered":"<h2><span style=\"vertical-align: inherit;\"><span style=\"vertical-align: inherit;\"><span dir=\"auto\" style=\"vertical-align: inherit;\"><span dir=\"auto\" style=\"vertical-align: inherit;\">Vlastnosti Chem-mist 2F-DCK 20% Vanilla Sky<\/span><\/span><\/span><\/span><\/h2>\n<p><strong><span style=\"vertical-align: inherit;\"><span style=\"vertical-align: inherit;\"><span dir=\"auto\" style=\"vertical-align: inherit;\"><span dir=\"auto\" style=\"vertical-align: inherit;\">Synonymum:<\/span><\/span><\/span><\/span><\/strong><span style=\"vertical-align: inherit;\"><span style=\"vertical-align: inherit;\"><span dir=\"auto\" style=\"vertical-align: inherit;\"><span dir=\"auto\" style=\"vertical-align: inherit;\"> 2-fluordeschlorketamin HCl <\/span><\/span><\/span><\/span><br \/>\n<strong><span style=\"vertical-align: inherit;\"><span style=\"vertical-align: inherit;\"><span dir=\"auto\" style=\"vertical-align: inherit;\"><span dir=\"auto\" style=\"vertical-align: inherit;\">\u010c\u00edslo CAS:<\/span><\/span><\/span><\/span><\/strong><span style=\"vertical-align: inherit;\"><span style=\"vertical-align: inherit;\"><span dir=\"auto\" style=\"vertical-align: inherit;\"><span dir=\"auto\" style=\"vertical-align: inherit;\"> 111982-49-1 <\/span><\/span><\/span><\/span><br \/>\n<strong><span style=\"vertical-align: inherit;\"><span style=\"vertical-align: inherit;\"><span dir=\"auto\" style=\"vertical-align: inherit;\"><span dir=\"auto\" style=\"vertical-align: inherit;\">Vzorec:<\/span><\/span><\/span><\/span><\/strong><span style=\"vertical-align: inherit;\"><span style=\"vertical-align: inherit;\"><span dir=\"auto\" style=\"vertical-align: inherit;\"><span dir=\"auto\" style=\"vertical-align: inherit;\"> 2-(2-fluorfenyl)-2-(methylamino)cyklohexanon <\/span><\/span><\/span><\/span><br \/>\n<strong><span style=\"vertical-align: inherit;\"><span style=\"vertical-align: inherit;\"><span dir=\"auto\" style=\"vertical-align: inherit;\"><span dir=\"auto\" style=\"vertical-align: inherit;\">Mol\u00e1rn\u00ed hmotnost:<\/span><\/span><\/span><\/span><\/strong><span style=\"vertical-align: inherit;\"><span style=\"vertical-align: inherit;\"><span dir=\"auto\" style=\"vertical-align: inherit;\"><span dir=\"auto\" style=\"vertical-align: inherit;\"> 257,7 g\/mol <\/span><\/span><\/span><\/span><br \/>\n<strong><span style=\"vertical-align: inherit;\"><span style=\"vertical-align: inherit;\"><span dir=\"auto\" style=\"vertical-align: inherit;\"><span dir=\"auto\" style=\"vertical-align: inherit;\">\u010cistota:<\/span><\/span><\/span><\/span><\/strong><span style=\"vertical-align: inherit;\"><span style=\"vertical-align: inherit;\"><span dir=\"auto\" style=\"vertical-align: inherit;\"><span dir=\"auto\" style=\"vertical-align: inherit;\"> &gt;98%<\/span><\/span><\/span><\/span><\/p>","protected":false},"featured_media":28494,"comment_status":"closed","ping_status":"closed","template":"","meta":[],"product_brand":[],"product_cat":[474,498,71,471,396],"product_tag":[1126,326,472],"class_list":{"0":"post-23724","1":"product","2":"type-product","3":"status-publish","4":"has-post-thumbnail","6":"product_cat-2f-dck-kopen","7":"product_cat-2f-dck-sprays","8":"product_cat-arylcyclohexylamine","9":"product_cat-chem-mist-sprays","10":"product_cat-liquid-rcs","11":"product_tag-chem-mist-2f-dck-kopen","12":"product_tag-nl","13":"product_tag-spring-is-in-the-air","15":"first","16":"instock","17":"taxable","18":"shipping-taxable","19":"purchasable","20":"product-type-variable"},"_links":{"self":[{"href":"https:\/\/researchchemicalhub.com\/cs\/wp-json\/wp\/v2\/product\/23724","targetHints":{"allow":["GET"]}}],"collection":[{"href":"https:\/\/researchchemicalhub.com\/cs\/wp-json\/wp\/v2\/product"}],"about":[{"href":"https:\/\/researchchemicalhub.com\/cs\/wp-json\/wp\/v2\/types\/product"}],"replies":[{"embeddable":true,"href":"https:\/\/researchchemicalhub.com\/cs\/wp-json\/wp\/v2\/comments?post=23724"}],"version-history":[{"count":5,"href":"https:\/\/researchchemicalhub.com\/cs\/wp-json\/wp\/v2\/product\/23724\/revisions"}],"predecessor-version":[{"id":27973,"href":"https:\/\/researchchemicalhub.com\/cs\/wp-json\/wp\/v2\/product\/23724\/revisions\/27973"}],"wp:featuredmedia":[{"embeddable":true,"href":"https:\/\/researchchemicalhub.com\/cs\/wp-json\/wp\/v2\/media\/28494"}],"wp:attachment":[{"href":"https:\/\/researchchemicalhub.com\/cs\/wp-json\/wp\/v2\/media?parent=23724"}],"wp:term":[{"taxonomy":"product_brand","embeddable":true,"href":"https:\/\/researchchemicalhub.com\/cs\/wp-json\/wp\/v2\/product_brand?post=23724"},{"taxonomy":"product_cat","embeddable":true,"href":"https:\/\/researchchemicalhub.com\/cs\/wp-json\/wp\/v2\/product_cat?post=23724"},{"taxonomy":"product_tag","embeddable":true,"href":"https:\/\/researchchemicalhub.com\/cs\/wp-json\/wp\/v2\/product_tag?post=23724"}],"curies":[{"name":"wp","href":"https:\/\/api.w.org\/{rel}","templated":true}]}}