{"id":23695,"date":"2025-04-13T17:40:15","date_gmt":"2025-04-13T17:40:15","guid":{"rendered":"https:\/\/researchchemicalhub.com\/?post_type=product&#038;p=23695"},"modified":"2025-10-30T08:55:26","modified_gmt":"2025-10-30T08:55:26","slug":"purple-mandala-mix","status":"publish","type":"product","link":"https:\/\/researchchemicalhub.com\/cs\/shop\/4fma-kopen\/purple-mandala-mix\/","title":{"rendered":"Mix fialov\u00e9 mandaly"},"content":{"rendered":"<p data-start=\"4859\" data-end=\"5081\"><strong data-start=\"4859\" data-end=\"4881\"><span dir=\"auto\" style=\"vertical-align: inherit;\"><span dir=\"auto\" style=\"vertical-align: inherit;\">Mix fialov\u00e9 mandaly<\/span><\/span><\/strong><span dir=\"auto\" style=\"vertical-align: inherit;\"><span dir=\"auto\" style=\"vertical-align: inherit;\"> is \u200b\u200ban <\/span><\/span><strong data-start=\"4889\" data-end=\"4916\"><span dir=\"auto\" style=\"vertical-align: inherit;\"><span dir=\"auto\" style=\"vertical-align: inherit;\">analytical mixture formula<\/span><\/span><\/strong><span dir=\"auto\" style=\"vertical-align: inherit;\"><span dir=\"auto\" style=\"vertical-align: inherit;\"> pou\u017e\u00edv\u00e1 se v <\/span><\/span><strong data-start=\"4939\" data-end=\"4979\"><span dir=\"auto\" style=\"vertical-align: inherit;\"><span dir=\"auto\" style=\"vertical-align: inherit;\">forensic and chemical laboratories<\/span><\/span><\/strong><span dir=\"auto\" style=\"vertical-align: inherit;\"><span dir=\"auto\" style=\"vertical-align: inherit;\"> . <\/span><\/span><br data-start=\"4980\" data-end=\"4983\" \/><span dir=\"auto\" style=\"vertical-align: inherit;\"><span dir=\"auto\" style=\"vertical-align: inherit;\">It serves as a <\/span><\/span><strong data-start=\"4997\" data-end=\"5018\"><span dir=\"auto\" style=\"vertical-align: inherit;\"><span dir=\"auto\" style=\"vertical-align: inherit;\">reference mixture<\/span><\/span><\/strong><span dir=\"auto\" style=\"vertical-align: inherit;\"><span dir=\"auto\" style=\"vertical-align: inherit;\"> pro <\/span><\/span><strong data-start=\"5024\" data-end=\"5078\"><span dir=\"auto\" style=\"vertical-align: inherit;\"><span dir=\"auto\" style=\"vertical-align: inherit;\">calibration, method validation, and detection research<\/span><\/span><\/strong><span dir=\"auto\" style=\"vertical-align: inherit;\"><span dir=\"auto\" style=\"vertical-align: inherit;\"> .<\/span><\/span><\/p>\n<p data-start=\"5083\" data-end=\"5347\"><span dir=\"auto\" style=\"vertical-align: inherit;\"><span dir=\"auto\" style=\"vertical-align: inherit;\">The formula supports researchers in studying <\/span><\/span><strong data-start=\"5142\" data-end=\"5219\"><span dir=\"auto\" style=\"vertical-align: inherit;\"><span dir=\"auto\" style=\"vertical-align: inherit;\">chemical identification, comparative analysis, and spectral interpretation<\/span><\/span><\/strong><span dir=\"auto\" style=\"vertical-align: inherit;\"><span dir=\"auto\" style=\"vertical-align: inherit;\"> . <\/span><\/span><br data-start=\"5220\" data-end=\"5223\" \/><span dir=\"auto\" style=\"vertical-align: inherit;\"><span dir=\"auto\" style=\"vertical-align: inherit;\">It is <\/span><\/span><strong data-start=\"5230\" data-end=\"5285\"><span dir=\"auto\" style=\"vertical-align: inherit;\"><span dir=\"auto\" style=\"vertical-align: inherit;\">ur\u010deno pouze pro v\u011bdeck\u00fd v\u00fdzkum<\/span><\/span><\/strong><span dir=\"auto\" style=\"vertical-align: inherit;\"><span dir=\"auto\" style=\"vertical-align: inherit;\"> a <\/span><\/span><strong data-start=\"5289\" data-end=\"5346\"><span dir=\"auto\" style=\"vertical-align: inherit;\"><span dir=\"auto\" style=\"vertical-align: inherit;\">nen\u00ed vhodn\u00e9 pro lidskou ani zv\u00ed\u0159ec\u00ed spot\u0159ebu<\/span><\/span><\/strong><span dir=\"auto\" style=\"vertical-align: inherit;\"><span dir=\"auto\" style=\"vertical-align: inherit;\"> .<\/span><\/span><\/p>\n<hr data-start=\"5349\" data-end=\"5352\" \/>\n<h3 data-start=\"5354\" data-end=\"5385\"><strong data-start=\"5358\" data-end=\"5385\"><span dir=\"auto\" style=\"vertical-align: inherit;\"><span dir=\"auto\" style=\"vertical-align: inherit;\">Kl\u00ed\u010dov\u00e9 vlastnosti<\/span><\/span><\/strong><\/h3>\n<ul data-start=\"5387\" data-end=\"5839\">\n<li data-start=\"5387\" data-end=\"5473\">\n<p data-start=\"5389\" data-end=\"5473\"><strong data-start=\"5389\" data-end=\"5409\"><span dir=\"auto\" style=\"vertical-align: inherit;\"><span dir=\"auto\" style=\"vertical-align: inherit;\">Vysok\u00e1 \u010distota:<\/span><\/span><\/strong><span dir=\"auto\" style=\"vertical-align: inherit;\"><span dir=\"auto\" style=\"vertical-align: inherit;\"> Vyrobeno za kontrolovan\u00fdch laboratorn\u00edch podm\u00ednek.<\/span><\/span><\/p>\n<\/li>\n<li data-start=\"5474\" data-end=\"5570\">\n<p data-start=\"5476\" data-end=\"5570\"><strong data-start=\"5476\" data-end=\"5506\"><span dir=\"auto\" style=\"vertical-align: inherit;\"><span dir=\"auto\" style=\"vertical-align: inherit;\">Multiple Composition:<\/span><\/span><\/strong><span dir=\"auto\" style=\"vertical-align: inherit;\"><span dir=\"auto\" style=\"vertical-align: inherit;\"> Designed for advanced chemical and forensic analysis.<\/span><\/span><\/p>\n<\/li>\n<li data-start=\"5571\" data-end=\"5670\">\n<p data-start=\"5573\" data-end=\"5670\"><strong data-start=\"5573\" data-end=\"5606\"><span dir=\"auto\" style=\"vertical-align: inherit;\"><span dir=\"auto\" style=\"vertical-align: inherit;\">Certified Documentation:<\/span><\/span><\/strong><span dir=\"auto\" style=\"vertical-align: inherit;\"><span dir=\"auto\" style=\"vertical-align: inherit;\"> Dod\u00e1v\u00e1no s <\/span><\/span><strong data-start=\"5620\" data-end=\"5648\"><span dir=\"auto\" style=\"vertical-align: inherit;\"><span dir=\"auto\" style=\"vertical-align: inherit;\">Certifik\u00e1t anal\u00fdzy (COA)<\/span><\/span><\/strong><span dir=\"auto\" style=\"vertical-align: inherit;\"><span dir=\"auto\" style=\"vertical-align: inherit;\"> and batch information.<\/span><\/span><\/p>\n<\/li>\n<li data-start=\"5671\" data-end=\"5763\">\n<p data-start=\"5673\" data-end=\"5763\"><strong data-start=\"5673\" data-end=\"5704\"><span dir=\"auto\" style=\"vertical-align: inherit;\"><span dir=\"auto\" style=\"vertical-align: inherit;\">Analytick\u00e1 v\u0161estrannost:<\/span><\/span><\/strong><span dir=\"auto\" style=\"vertical-align: inherit;\"><span dir=\"auto\" style=\"vertical-align: inherit;\"> Vhodn\u00e9 pro <\/span><\/span><strong data-start=\"5719\" data-end=\"5728\"><span dir=\"auto\" style=\"vertical-align: inherit;\"><span dir=\"auto\" style=\"vertical-align: inherit;\">GC-MS<\/span><\/span><\/strong><span dir=\"auto\" style=\"vertical-align: inherit;\"><span dir=\"auto\" style=\"vertical-align: inherit;\"> , <\/span><\/span><strong data-start=\"5730\" data-end=\"5738\"><span dir=\"auto\" style=\"vertical-align: inherit;\"><span dir=\"auto\" style=\"vertical-align: inherit;\">HPLC<\/span><\/span><\/strong><span dir=\"auto\" style=\"vertical-align: inherit;\"><span dir=\"auto\" style=\"vertical-align: inherit;\"> a <\/span><\/span><strong data-start=\"5743\" data-end=\"5751\"><span dir=\"auto\" style=\"vertical-align: inherit;\"><span dir=\"auto\" style=\"vertical-align: inherit;\">FTIR spektroskopie<\/span><\/span><\/strong><span dir=\"auto\" style=\"vertical-align: inherit;\"><span dir=\"auto\" style=\"vertical-align: inherit;\"> anal\u00fdzy.<\/span><\/span><\/p>\n<\/li>\n<li data-start=\"5764\" data-end=\"5839\">\n<p data-start=\"5766\" data-end=\"5839\"><strong data-start=\"5766\" data-end=\"5787\"><span dir=\"auto\" style=\"vertical-align: inherit;\"><span dir=\"auto\" style=\"vertical-align: inherit;\">Stabiln\u00ed vzorec:<\/span><\/span><\/strong><span dir=\"auto\" style=\"vertical-align: inherit;\"><span dir=\"auto\" style=\"vertical-align: inherit;\"> Retains stability under proper storage conditions.<\/span><\/span><\/p>\n<\/li>\n<\/ul>\n<hr data-start=\"5841\" data-end=\"5844\" \/>\n<h3 data-start=\"5846\" data-end=\"5863\"><strong data-start=\"5850\" data-end=\"5863\"><span dir=\"auto\" style=\"vertical-align: inherit;\"><span dir=\"auto\" style=\"vertical-align: inherit;\">V\u00fdhody<\/span><\/span><\/strong><\/h3>\n<ul data-start=\"5865\" data-end=\"6279\">\n<li data-start=\"5865\" data-end=\"5953\">\n<p data-start=\"5867\" data-end=\"5953\"><strong data-start=\"5867\" data-end=\"5894\"><span dir=\"auto\" style=\"vertical-align: inherit;\"><span dir=\"auto\" style=\"vertical-align: inherit;\">Forensic Application:<\/span><\/span><\/strong><span dir=\"auto\" style=\"vertical-align: inherit;\"><span dir=\"auto\" style=\"vertical-align: inherit;\"> Supports the identification of chemical compounds.<\/span><\/span><\/p>\n<\/li>\n<li data-start=\"5954\" data-end=\"6043\">\n<p data-start=\"5956\" data-end=\"6043\"><strong data-start=\"5956\" data-end=\"5983\"><span dir=\"auto\" style=\"vertical-align: inherit;\"><span dir=\"auto\" style=\"vertical-align: inherit;\">Spolehliv\u00e1 kalibrace:<\/span><\/span><\/strong><span dir=\"auto\" style=\"vertical-align: inherit;\"><span dir=\"auto\" style=\"vertical-align: inherit;\"> Ensures consistent and reproducible measurement results.<\/span><\/span><\/p>\n<\/li>\n<li data-start=\"6044\" data-end=\"6121\">\n<p data-start=\"6046\" data-end=\"6121\"><strong data-start=\"6046\" data-end=\"6068\"><span dir=\"auto\" style=\"vertical-align: inherit;\"><span dir=\"auto\" style=\"vertical-align: inherit;\">Vzd\u011bl\u00e1vac\u00ed hodnota:<\/span><\/span><\/strong><span dir=\"auto\" style=\"vertical-align: inherit;\"><span dir=\"auto\" style=\"vertical-align: inherit;\"> Suitable for academic and training purposes.<\/span><\/span><\/p>\n<\/li>\n<li data-start=\"6122\" data-end=\"6221\">\n<p data-start=\"6124\" data-end=\"6221\"><strong data-start=\"6124\" data-end=\"6158\"><span dir=\"auto\" style=\"vertical-align: inherit;\"><span dir=\"auto\" style=\"vertical-align: inherit;\">Spl\u0148uje bezpe\u010dnostn\u00ed normy:<\/span><\/span><\/strong><span dir=\"auto\" style=\"vertical-align: inherit;\"><span dir=\"auto\" style=\"vertical-align: inherit;\"> Vyrobeno dle mezin\u00e1rodn\u00edch laboratorn\u00edch sm\u011brnic.<\/span><\/span><\/p>\n<\/li>\n<li data-start=\"6222\" data-end=\"6279\">\n<p data-start=\"6224\" data-end=\"6279\"><strong data-start=\"6224\" data-end=\"6251\"><span dir=\"auto\" style=\"vertical-align: inherit;\"><span dir=\"auto\" style=\"vertical-align: inherit;\">\u00dapln\u00e1 dokumentace:<\/span><\/span><\/strong><span dir=\"auto\" style=\"vertical-align: inherit;\"><span dir=\"auto\" style=\"vertical-align: inherit;\"> Dod\u00e1v\u00e1no s bezpe\u010dnostn\u00edm listem (MSDS) a certifik\u00e1tem pravosti (COA).<\/span><\/span><\/p>\n<\/li>\n<\/ul>\n<hr data-start=\"6281\" data-end=\"6284\" \/>\n<h3 data-start=\"6286\" data-end=\"6347\"><strong data-start=\"6290\" data-end=\"6347\"><span dir=\"auto\" style=\"vertical-align: inherit;\"><span dir=\"auto\" style=\"vertical-align: inherit;\">N\u00e1vod k pou\u017eit\u00ed (pouze pro v\u00fdzkumn\u00e9 \u00fa\u010dely)<\/span><\/span><\/strong><\/h3>\n<ol data-start=\"6349\" data-end=\"6683\">\n<li data-start=\"6349\" data-end=\"6446\">\n<p data-start=\"6352\" data-end=\"6446\"><strong data-start=\"6352\" data-end=\"6370\"><span dir=\"auto\" style=\"vertical-align: inherit;\"><span dir=\"auto\" style=\"vertical-align: inherit;\">P\u0159\u00edprava:<\/span><\/span><\/strong><span dir=\"auto\" style=\"vertical-align: inherit;\"><span dir=\"auto\" style=\"vertical-align: inherit;\"> Use only in accredited laboratories with appropriate protective equipment.<\/span><\/span><\/p>\n<\/li>\n<li data-start=\"6447\" data-end=\"6528\">\n<p data-start=\"6450\" data-end=\"6528\"><strong data-start=\"6450\" data-end=\"6465\"><span dir=\"auto\" style=\"vertical-align: inherit;\"><span dir=\"auto\" style=\"vertical-align: inherit;\">Aplikace:<\/span><\/span><\/strong><span dir=\"auto\" style=\"vertical-align: inherit;\"><span dir=\"auto\" style=\"vertical-align: inherit;\"> Use for analytical calibration or method comparison.<\/span><\/span><\/p>\n<\/li>\n<li data-start=\"6529\" data-end=\"6592\">\n<p data-start=\"6532\" data-end=\"6592\"><strong data-start=\"6532\" data-end=\"6543\"><span dir=\"auto\" style=\"vertical-align: inherit;\"><span dir=\"auto\" style=\"vertical-align: inherit;\">Skladov\u00e1n\u00ed:<\/span><\/span><\/strong><span dir=\"auto\" style=\"vertical-align: inherit;\"><span dir=\"auto\" style=\"vertical-align: inherit;\"> Skladujte na chladn\u00e9m, such\u00e9m a tmav\u00e9m m\u00edst\u011b, t\u011bsn\u011b uzav\u0159en\u00e9.<\/span><\/span><\/p>\n<\/li>\n<li data-start=\"6593\" data-end=\"6683\">\n<p data-start=\"6596\" data-end=\"6683\"><strong data-start=\"6596\" data-end=\"6607\"><span dir=\"auto\" style=\"vertical-align: inherit;\"><span dir=\"auto\" style=\"vertical-align: inherit;\">Likvidace:<\/span><\/span><\/strong><span dir=\"auto\" style=\"vertical-align: inherit;\"><span dir=\"auto\" style=\"vertical-align: inherit;\"> Zbytky zlikvidujte v souladu s m\u00edstn\u00edmi p\u0159edpisy pro nakl\u00e1d\u00e1n\u00ed s chemick\u00fdm odpadem.<\/span><\/span><\/p>\n<\/li>\n<\/ol>\n<hr data-start=\"6685\" data-end=\"6688\" \/>\n<h3 data-start=\"6690\" data-end=\"6724\"><strong data-start=\"6694\" data-end=\"6724\"><span dir=\"auto\" style=\"vertical-align: inherit;\"><span dir=\"auto\" style=\"vertical-align: inherit;\">Bezpe\u010dnost a dodr\u017eov\u00e1n\u00ed p\u0159edpis\u016f<\/span><\/span><\/strong><\/h3>\n<ul data-start=\"6726\" data-end=\"7124\">\n<li data-start=\"6726\" data-end=\"6821\">\n<p data-start=\"6728\" data-end=\"6821\"><strong data-start=\"6728\" data-end=\"6764\"><span dir=\"auto\" style=\"vertical-align: inherit;\"><span dir=\"auto\" style=\"vertical-align: inherit;\">Pouze pro laboratorn\u00ed pou\u017eit\u00ed:<\/span><\/span><\/strong><span dir=\"auto\" style=\"vertical-align: inherit;\"><span dir=\"auto\" style=\"vertical-align: inherit;\"> Nen\u00ed vhodn\u00e9 pro lidskou ani zv\u00ed\u0159ec\u00ed spot\u0159ebu.<\/span><\/span><\/p>\n<\/li>\n<li data-start=\"6822\" data-end=\"6915\">\n<p data-start=\"6824\" data-end=\"6915\"><strong data-start=\"6824\" data-end=\"6852\"><span dir=\"auto\" style=\"vertical-align: inherit;\"><span dir=\"auto\" style=\"vertical-align: inherit;\">Pr\u00e1vn\u00ed aspekty:<\/span><\/span><\/strong><span dir=\"auto\" style=\"vertical-align: inherit;\"><span dir=\"auto\" style=\"vertical-align: inherit;\"> Always check local laws before use or possession.<\/span><\/span><\/p>\n<\/li>\n<li data-start=\"6916\" data-end=\"6999\">\n<p data-start=\"6918\" data-end=\"6999\"><strong data-start=\"6918\" data-end=\"6946\"><span dir=\"auto\" style=\"vertical-align: inherit;\"><span dir=\"auto\" style=\"vertical-align: inherit;\">Zdrav\u00ed a bezpe\u010dnost:<\/span><\/span><\/strong><span dir=\"auto\" style=\"vertical-align: inherit;\"><span dir=\"auto\" style=\"vertical-align: inherit;\"> Zabra\u0148te kontaktu nebo vdechnut\u00ed; pou\u017e\u00edvejte vhodn\u00e9 osobn\u00ed ochrann\u00e9 prost\u0159edky.<\/span><\/span><\/p>\n<\/li>\n<li data-start=\"7000\" data-end=\"7124\">\n<p data-start=\"7002\" data-end=\"7124\"><strong data-start=\"7002\" data-end=\"7019\"><span dir=\"auto\" style=\"vertical-align: inherit;\"><span dir=\"auto\" style=\"vertical-align: inherit;\">Dokumentace:<\/span><\/span><\/strong><span dir=\"auto\" style=\"vertical-align: inherit;\"><span dir=\"auto\" style=\"vertical-align: inherit;\"> A <\/span><\/span><strong data-start=\"7024\" data-end=\"7060\"><span dir=\"auto\" style=\"vertical-align: inherit;\"><span dir=\"auto\" style=\"vertical-align: inherit;\">Bezpe\u010dnostn\u00ed list (MSDS)<\/span><\/span><\/strong><span dir=\"auto\" style=\"vertical-align: inherit;\"><span dir=\"auto\" style=\"vertical-align: inherit;\"> a <\/span><\/span><strong data-start=\"7064\" data-end=\"7092\"><span dir=\"auto\" style=\"vertical-align: inherit;\"><span dir=\"auto\" style=\"vertical-align: inherit;\">Certifik\u00e1t anal\u00fdzy (COA)<\/span><\/span><\/strong><span dir=\"auto\" style=\"vertical-align: inherit;\"><span dir=\"auto\" style=\"vertical-align: inherit;\"> jsou k dispozici na vy\u017e\u00e1d\u00e1n\u00ed.<\/span><\/span><\/p>\n<\/li>\n<\/ul>\n<hr data-start=\"7126\" data-end=\"7129\" \/>\n<h3 data-start=\"7131\" data-end=\"7166\"><strong data-start=\"7135\" data-end=\"7166\"><span dir=\"auto\" style=\"vertical-align: inherit;\"><span dir=\"auto\" style=\"vertical-align: inherit;\">\u010casto kladen\u00e9 ot\u00e1zky (FAQ)<\/span><\/span><\/strong><\/h3>\n<p data-start=\"7168\" data-end=\"7323\"><strong data-start=\"7168\" data-end=\"7218\"><span dir=\"auto\" style=\"vertical-align: inherit;\"><span dir=\"auto\" style=\"vertical-align: inherit;\">1. What is Purple Mandala Mix used for?<\/span><\/span><\/strong><br data-start=\"7218\" data-end=\"7221\" \/><span dir=\"auto\" style=\"vertical-align: inherit;\"><span dir=\"auto\" style=\"vertical-align: inherit;\"> Purple Mandala Mix is \u200b\u200bused as <\/span><\/span><strong data-start=\"7259\" data-end=\"7282\"><span dir=\"auto\" style=\"vertical-align: inherit;\"><span dir=\"auto\" style=\"vertical-align: inherit;\">referen\u010dn\u00ed materi\u00e1l<\/span><\/span><\/strong><span dir=\"auto\" style=\"vertical-align: inherit;\"><span dir=\"auto\" style=\"vertical-align: inherit;\"> in forensic and analytical research.<\/span><\/span><\/p>\n<p data-start=\"7325\" data-end=\"7501\"><strong data-start=\"7325\" data-end=\"7390\"><span dir=\"auto\" style=\"vertical-align: inherit;\"><span dir=\"auto\" style=\"vertical-align: inherit;\">2. Is Purple Mandala Mix suitable for human consumption?<\/span><\/span><\/strong><br data-start=\"7390\" data-end=\"7393\" \/><span dir=\"auto\" style=\"vertical-align: inherit;\"><span dir=\"auto\" style=\"vertical-align: inherit;\"> Ne. Tento produkt je <\/span><\/span><strong data-start=\"7413\" data-end=\"7451\"><span dir=\"auto\" style=\"vertical-align: inherit;\"><span dir=\"auto\" style=\"vertical-align: inherit;\">pouze pro v\u00fdzkumn\u00e9 \u00fa\u010dely<\/span><\/span><\/strong><span dir=\"auto\" style=\"vertical-align: inherit;\"><span dir=\"auto\" style=\"vertical-align: inherit;\"> a <\/span><\/span><strong data-start=\"7455\" data-end=\"7498\"><span dir=\"auto\" style=\"vertical-align: inherit;\"><span dir=\"auto\" style=\"vertical-align: inherit;\">nen\u00ed schv\u00e1len pro hum\u00e1nn\u00ed pou\u017eit\u00ed<\/span><\/span><\/strong><span dir=\"auto\" style=\"vertical-align: inherit;\"><span dir=\"auto\" style=\"vertical-align: inherit;\"> .<\/span><\/span><\/p>\n<p data-start=\"7503\" data-end=\"7640\"><strong data-start=\"7503\" data-end=\"7556\"><span dir=\"auto\" style=\"vertical-align: inherit;\"><span dir=\"auto\" style=\"vertical-align: inherit;\">3. How should Purple Mandala Mix be stored?<\/span><\/span><\/strong><br data-start=\"7556\" data-end=\"7559\" \/><span dir=\"auto\" style=\"vertical-align: inherit;\"><span dir=\"auto\" style=\"vertical-align: inherit;\"> Skladujte na chladn\u00e9m, such\u00e9m a tmav\u00e9m m\u00edst\u011b, t\u011bsn\u011b uzav\u0159en\u00e9 a mimo dosah neopr\u00e1vn\u011bn\u00fdch osob.<\/span><\/span><\/p>","protected":false},"excerpt":{"rendered":"<h3><span style=\"vertical-align: inherit;\"><span style=\"vertical-align: inherit;\"><span dir=\"auto\" style=\"vertical-align: inherit;\"><span dir=\"auto\" style=\"vertical-align: inherit;\"><span dir=\"auto\" style=\"vertical-align: inherit;\"><span dir=\"auto\" style=\"vertical-align: inherit;\">Vlastnosti fialov\u00e9 mandaly:<\/span><\/span><\/span><\/span><\/span><\/span><\/h3>\n<ul>\n<li><span style=\"vertical-align: inherit;\"><span style=\"vertical-align: inherit;\"><span dir=\"auto\" style=\"vertical-align: inherit;\"><span dir=\"auto\" style=\"vertical-align: inherit;\"><span dir=\"auto\" style=\"vertical-align: inherit;\"><span dir=\"auto\" style=\"vertical-align: inherit;\">90 MG 5-MAPB<\/span><\/span><\/span><\/span><\/span><\/span><\/li>\n<li><span style=\"vertical-align: inherit;\"><span style=\"vertical-align: inherit;\"><span dir=\"auto\" style=\"vertical-align: inherit;\"><span dir=\"auto\" style=\"vertical-align: inherit;\"><span dir=\"auto\" style=\"vertical-align: inherit;\"><span dir=\"auto\" style=\"vertical-align: inherit;\">45 MG 4-FMA<\/span><\/span><\/span><\/span><\/span><\/span><\/li>\n<\/ul>","protected":false},"featured_media":28593,"comment_status":"closed","ping_status":"closed","template":"","meta":[],"product_brand":[],"product_cat":[459,383,339,322,333,396,486,500,398],"product_tag":[326,1132,1133],"class_list":{"0":"post-23695","1":"product","2":"type-product","3":"status-publish","4":"has-post-thumbnail","6":"product_cat-4fma-kopen","7":"product_cat-5-mapb","8":"product_cat-benzofuran","9":"product_cat-bijna-verboden","10":"product_cat-gefluoreerden","11":"product_cat-liquid-rcs","12":"product_cat-mandala-mixes","13":"product_cat-purple-mandala","14":"product_cat-verkoop","15":"product_tag-nl","16":"product_tag-purple-mandala","17":"product_tag-purple-mandala-kopen","19":"first","20":"instock","21":"sale","22":"taxable","23":"shipping-taxable","24":"purchasable","25":"product-type-variable"},"_links":{"self":[{"href":"https:\/\/researchchemicalhub.com\/cs\/wp-json\/wp\/v2\/product\/23695","targetHints":{"allow":["GET"]}}],"collection":[{"href":"https:\/\/researchchemicalhub.com\/cs\/wp-json\/wp\/v2\/product"}],"about":[{"href":"https:\/\/researchchemicalhub.com\/cs\/wp-json\/wp\/v2\/types\/product"}],"replies":[{"embeddable":true,"href":"https:\/\/researchchemicalhub.com\/cs\/wp-json\/wp\/v2\/comments?post=23695"}],"version-history":[{"count":6,"href":"https:\/\/researchchemicalhub.com\/cs\/wp-json\/wp\/v2\/product\/23695\/revisions"}],"predecessor-version":[{"id":28716,"href":"https:\/\/researchchemicalhub.com\/cs\/wp-json\/wp\/v2\/product\/23695\/revisions\/28716"}],"wp:featuredmedia":[{"embeddable":true,"href":"https:\/\/researchchemicalhub.com\/cs\/wp-json\/wp\/v2\/media\/28593"}],"wp:attachment":[{"href":"https:\/\/researchchemicalhub.com\/cs\/wp-json\/wp\/v2\/media?parent=23695"}],"wp:term":[{"taxonomy":"product_brand","embeddable":true,"href":"https:\/\/researchchemicalhub.com\/cs\/wp-json\/wp\/v2\/product_brand?post=23695"},{"taxonomy":"product_cat","embeddable":true,"href":"https:\/\/researchchemicalhub.com\/cs\/wp-json\/wp\/v2\/product_cat?post=23695"},{"taxonomy":"product_tag","embeddable":true,"href":"https:\/\/researchchemicalhub.com\/cs\/wp-json\/wp\/v2\/product_tag?post=23695"}],"curies":[{"name":"wp","href":"https:\/\/api.w.org\/{rel}","templated":true}]}}