{"id":23663,"date":"2025-04-13T17:40:11","date_gmt":"2025-04-13T17:40:11","guid":{"rendered":"https:\/\/researchchemicalhub.com\/?post_type=product&#038;p=23663"},"modified":"2025-10-18T13:43:29","modified_gmt":"2025-10-18T13:43:29","slug":"flubrotizolam-fanax-tycinky-05-mg","status":"publish","type":"product","link":"https:\/\/researchchemicalhub.com\/cs\/nakupovat\/benzodiazepiny\/flubrotizolam-fanax-tycinky-05-mg\/","title":{"rendered":"Flubrotizolam Fanax Bars 0,5 MG"},"content":{"rendered":"<h3 data-start=\"2659\" data-end=\"2734\"><strong data-start=\"2663\" data-end=\"2734\">Flubrotizolam Fanax Bars 0,5 MG<\/strong><\/h3>\n<h3 data-start=\"2736\" data-end=\"2755\"><strong data-start=\"2740\" data-end=\"2755\">Zaveden\u00ed<\/strong><\/h3>\n<p data-start=\"2756\" data-end=\"3160\">Ty\u010dinky Flubrotizolam Fanax 0,5 MG jsou vysoce kvalitn\u00ed tablety v\u00fdzkumn\u00e9 \u00farovn\u011b, zn\u00e1m\u00e9 pro svou vysokou \u00fa\u010dinnost a spolehlivost. Ka\u017ed\u00e1 ty\u010dinka obsahuje p\u0159esnou d\u00e1vku <strong data-start=\"2930\" data-end=\"2954\">0,5 mg flubrotizolamu<\/strong>, slou\u010denina zn\u00e1m\u00e1 svou silou <strong data-start=\"3000\" data-end=\"3064\">uklid\u0148uj\u00edc\u00ed, proti \u00fazkosti a sp\u00e1nkov\u00e9 vlastnosti<\/strong>Tyto ty\u010dinky se pou\u017e\u00edvaj\u00ed p\u0159edev\u0161\u00edm v laboratorn\u00edm v\u00fdzkumu thienotriazolodiazepin\u016f.<\/p>\n<hr data-start=\"3162\" data-end=\"3165\" \/>\n<h3 data-start=\"3167\" data-end=\"3198\"><strong data-start=\"3171\" data-end=\"3198\">Kl\u00ed\u010dov\u00e9 vlastnosti<\/strong><\/h3>\n<ul data-start=\"3199\" data-end=\"3738\">\n<li data-start=\"3199\" data-end=\"3319\">\n<p data-start=\"3201\" data-end=\"3319\"><strong data-start=\"3201\" data-end=\"3226\">P\u0159esn\u00e9 d\u00e1vkov\u00e1n\u00ed:<\/strong> Ka\u017ed\u00e1 ty\u010dinka obsahuje p\u0159esn\u011b 0,5 mg vysoce \u010dist\u00e9ho flubrotizolamu pro konzistentn\u00ed v\u00fdsledky.<\/p>\n<\/li>\n<li data-start=\"3320\" data-end=\"3435\">\n<p data-start=\"3322\" data-end=\"3435\"><strong data-start=\"3322\" data-end=\"3348\">Laboratorn\u00ed kvalita:<\/strong> Vyrobeno za p\u0159\u00edsn\u00fdch standard\u016f kvality pro maxim\u00e1ln\u00ed \u010distotu a stabilitu.<\/p>\n<\/li>\n<li data-start=\"3436\" data-end=\"3533\">\n<p data-start=\"3438\" data-end=\"3533\"><strong data-start=\"3438\" data-end=\"3458\">Kompaktn\u00ed design:<\/strong> Snadn\u00e1 manipulace pro kontrolovan\u00e9 a bezpe\u010dn\u00e9 pou\u017eit\u00ed ve v\u00fdzkumu.<\/p>\n<\/li>\n<li data-start=\"3534\" data-end=\"3635\">\n<p data-start=\"3536\" data-end=\"3635\"><strong data-start=\"3536\" data-end=\"3571\">Publikovan\u00fd v\u00fdzkumn\u00fd profil:<\/strong> Zn\u00e1m\u00fd pro sv\u00e9 siln\u00e9 sedativn\u00ed a svalov\u011b relaxa\u010dn\u00ed \u00fa\u010dinky.<\/p>\n<\/li>\n<li data-start=\"3636\" data-end=\"3738\">\n<p data-start=\"3638\" data-end=\"3738\"><strong data-start=\"3638\" data-end=\"3661\">Bezpe\u010dn\u00e9 balen\u00ed:<\/strong> Vzduchot\u011bsn\u011b uzav\u0159eno pro zachov\u00e1n\u00ed integrity produktu b\u011bhem p\u0159epravy.<\/p>\n<\/li>\n<\/ul>\n<hr data-start=\"3740\" data-end=\"3743\" \/>\n<h3 data-start=\"3745\" data-end=\"3762\"><strong data-start=\"3749\" data-end=\"3762\">V\u00fdhody<\/strong><\/h3>\n<ul data-start=\"3763\" data-end=\"4059\">\n<li data-start=\"3763\" data-end=\"3851\">\n<p data-start=\"3765\" data-end=\"3851\">Zna\u010dky <strong data-start=\"3771\" data-end=\"3804\">p\u0159esn\u00e1 kontrola d\u00e1vkov\u00e1n\u00ed<\/strong> mo\u017en\u00e9 ve v\u011bdeck\u00fdch experimentech.<\/p>\n<\/li>\n<li data-start=\"3852\" data-end=\"3933\">\n<p data-start=\"3854\" data-end=\"3933\">Nab\u00eddky <strong data-start=\"3860\" data-end=\"3888\">spolehliv\u00e1 konzistence<\/strong> pro reprodukovateln\u00e9 v\u00fdsledky v\u00fdzkumu.<\/p>\n<\/li>\n<li data-start=\"3934\" data-end=\"3994\">\n<p data-start=\"3936\" data-end=\"3994\">Podporuje v\u00fdzkum <strong data-start=\"3963\" data-end=\"3991\">modulace sp\u00e1nku a \u00fazkosti<\/strong>.<\/p>\n<\/li>\n<li data-start=\"3995\" data-end=\"4059\">\n<p data-start=\"3997\" data-end=\"4059\">Propaguje <strong data-start=\"4007\" data-end=\"4036\">bezpe\u010dnost a efektivita<\/strong> v laborato\u0159i.<\/p>\n<\/li>\n<\/ul>\n<hr data-start=\"4061\" data-end=\"4064\" \/>\n<h3 data-start=\"4066\" data-end=\"4081\"><strong data-start=\"4070\" data-end=\"4081\">Pou\u017e\u00edv\u00e1n\u00ed<\/strong><\/h3>\n<p data-start=\"4082\" data-end=\"4166\">Tento produkt je <strong data-start=\"4097\" data-end=\"4163\">ur\u010deno pouze pro laboratorn\u00ed a v\u00fdzkumn\u00e9 \u00fa\u010dely<\/strong>.<\/p>\n<ul data-start=\"4167\" data-end=\"4378\">\n<li data-start=\"4167\" data-end=\"4253\">\n<p data-start=\"4169\" data-end=\"4253\">Pou\u017e\u00edvejte vhodn\u00e9 ochrann\u00e9 prost\u0159edky a dodr\u017eujte standardn\u00ed bezpe\u010dnostn\u00ed opat\u0159en\u00ed.<\/p>\n<\/li>\n<li data-start=\"4254\" data-end=\"4319\">\n<p data-start=\"4256\" data-end=\"4319\">Skladujte na chladn\u00e9m a such\u00e9m m\u00edst\u011b, chr\u00e1n\u011bn\u00e9m p\u0159ed slune\u010dn\u00edm z\u00e1\u0159en\u00edm.<\/p>\n<\/li>\n<li data-start=\"4320\" data-end=\"4378\">\n<p data-start=\"4322\" data-end=\"4378\">Nen\u00ed vhodn\u00e9 pro lidskou ani zv\u00ed\u0159ec\u00ed spot\u0159ebu.<\/p>\n<\/li>\n<\/ul>\n<hr data-start=\"4380\" data-end=\"4383\" \/>\n<h3 data-start=\"4385\" data-end=\"4420\"><strong data-start=\"4389\" data-end=\"4420\">\u010casto kladen\u00e9 ot\u00e1zky (FAQ)<\/strong><\/h3>\n<p data-start=\"4422\" data-end=\"4613\"><strong data-start=\"4422\" data-end=\"4486\">1. K \u010demu se pou\u017e\u00edvaj\u00ed ty\u010dinky Flubrotizolam Fanax 0,5 mg?<\/strong><br data-start=\"4486\" data-end=\"4489\" \/>Pou\u017e\u00edvaj\u00ed se pro v\u011bdeck\u00fd v\u00fdzkum sedativn\u00edch a anxiolytick\u00fdch \u00fa\u010dink\u016f thienotriazolodiazepin\u016f.<\/p>\n<p data-start=\"4615\" data-end=\"4783\"><strong data-start=\"4615\" data-end=\"4669\">2. Je tento produkt bezpe\u010dn\u00fd pro osobn\u00ed pou\u017eit\u00ed?<\/strong><br data-start=\"4669\" data-end=\"4672\" \/>Ne. Tento produkt je ur\u010den pouze k pou\u017eit\u00ed. <strong data-start=\"4717\" data-end=\"4741\">v\u00fdzkumn\u00e9 \u00fa\u010dely<\/strong> a lid\u00e9 by je nem\u011bli u\u017e\u00edvat.<\/p>\n<p data-start=\"4785\" data-end=\"4923\"><strong data-start=\"4785\" data-end=\"4828\">3. Jak by se m\u011bl produkt skladovat?<\/strong><br data-start=\"4828\" data-end=\"4831\" \/>Skladujte v uzav\u0159en\u00e9 n\u00e1dob\u011b p\u0159i pokojov\u00e9 teplot\u011b, mimo dosah vlhkosti a tepla.<\/p>","protected":false},"excerpt":{"rendered":"<h3><span data-sheets-value=\"{\" data-sheets-userformat=\"{\"><strong><span style=\"vertical-align: inherit;\"><span style=\"vertical-align: inherit;\"><span dir=\"auto\" style=\"vertical-align: inherit;\"><span dir=\"auto\" style=\"vertical-align: inherit;\">Flubrotizolam Fanax Bars<\/span><\/span><\/span><\/span><\/strong><span style=\"vertical-align: inherit;\"><span style=\"vertical-align: inherit;\"><span dir=\"auto\" style=\"vertical-align: inherit;\"><span dir=\"auto\" style=\"vertical-align: inherit;\"> Properties<\/span><\/span><\/span><\/span><\/span><\/h3>\n<p><strong><span style=\"vertical-align: inherit;\"><span style=\"vertical-align: inherit;\"><span dir=\"auto\" style=\"vertical-align: inherit;\"><span dir=\"auto\" style=\"vertical-align: inherit;\">Synonym:<\/span><\/span><\/span><\/span><\/strong><span style=\"vertical-align: inherit;\"><span style=\"vertical-align: inherit;\"><span dir=\"auto\" style=\"vertical-align: inherit;\"><span dir=\"auto\" style=\"vertical-align: inherit;\"> 2-bromo-4-(2-fluorophenyl)-9-methyl-6H-thieno[3,2-f][1,2,4]triazolo[4,3-a][1,4]diazepine <\/span><\/span><\/span><\/span><br \/>\n<strong><span style=\"vertical-align: inherit;\"><span style=\"vertical-align: inherit;\"><span dir=\"auto\" style=\"vertical-align: inherit;\"><span dir=\"auto\" style=\"vertical-align: inherit;\">CAS Number:<\/span><\/span><\/span><\/span><\/strong><span style=\"vertical-align: inherit;\"><span style=\"vertical-align: inherit;\"><span dir=\"auto\" style=\"vertical-align: inherit;\"><span dir=\"auto\" style=\"vertical-align: inherit;\"> 57801-95-3 <\/span><\/span><\/span><\/span><br \/>\n<strong><span style=\"vertical-align: inherit;\"><span style=\"vertical-align: inherit;\"><span dir=\"auto\" style=\"vertical-align: inherit;\"><span dir=\"auto\" style=\"vertical-align: inherit;\">Formula:<\/span><\/span><\/span><\/span><\/strong><span style=\"vertical-align: inherit;\"><span style=\"vertical-align: inherit;\"><span dir=\"auto\" style=\"vertical-align: inherit;\"><span dir=\"auto\" style=\"vertical-align: inherit;\"> C17H12BrFN4 <\/span><\/span><\/span><\/span><br \/>\n<strong><span style=\"vertical-align: inherit;\"><span style=\"vertical-align: inherit;\"><span dir=\"auto\" style=\"vertical-align: inherit;\"><span dir=\"auto\" style=\"vertical-align: inherit;\">Mole mass:<\/span><\/span><\/span><\/span><\/strong><span style=\"vertical-align: inherit;\"><span style=\"vertical-align: inherit;\"><span dir=\"auto\" style=\"vertical-align: inherit;\"><span dir=\"auto\" style=\"vertical-align: inherit;\"> 377.2 g\/mol <\/span><\/span><\/span><\/span><br \/>\n<strong><span style=\"vertical-align: inherit;\"><span style=\"vertical-align: inherit;\"><span dir=\"auto\" style=\"vertical-align: inherit;\"><span dir=\"auto\" style=\"vertical-align: inherit;\">Purity:<\/span><\/span><\/span><\/span><\/strong><span style=\"vertical-align: inherit;\"><span style=\"vertical-align: inherit;\"><span dir=\"auto\" style=\"vertical-align: inherit;\"><span dir=\"auto\" style=\"vertical-align: inherit;\"> \u226599%<\/span><\/span><\/span><\/span><\/p>\n<p><span style=\"color: #ed1c24;\">\u00a0<\/span><\/p>\n","protected":false},"featured_media":20588,"comment_status":"closed","ping_status":"closed","template":"","meta":[],"product_brand":[],"product_cat":[76,476],"product_tag":[150,1139,326],"class_list":{"0":"post-23663","1":"product","2":"type-product","3":"status-publish","4":"has-post-thumbnail","6":"product_cat-benzodiazepinen","7":"product_cat-flubrotizolam","8":"product_tag-flubrotizolam","9":"product_tag-flubrotizolam-kopen","10":"product_tag-nl","12":"first","13":"instock","14":"taxable","15":"shipping-taxable","16":"purchasable","17":"product-type-variable"},"_links":{"self":[{"href":"https:\/\/researchchemicalhub.com\/cs\/wp-json\/wp\/v2\/product\/23663","targetHints":{"allow":["GET"]}}],"collection":[{"href":"https:\/\/researchchemicalhub.com\/cs\/wp-json\/wp\/v2\/product"}],"about":[{"href":"https:\/\/researchchemicalhub.com\/cs\/wp-json\/wp\/v2\/types\/product"}],"replies":[{"embeddable":true,"href":"https:\/\/researchchemicalhub.com\/cs\/wp-json\/wp\/v2\/comments?post=23663"}],"version-history":[{"count":5,"href":"https:\/\/researchchemicalhub.com\/cs\/wp-json\/wp\/v2\/product\/23663\/revisions"}],"predecessor-version":[{"id":27989,"href":"https:\/\/researchchemicalhub.com\/cs\/wp-json\/wp\/v2\/product\/23663\/revisions\/27989"}],"wp:featuredmedia":[{"embeddable":true,"href":"https:\/\/researchchemicalhub.com\/cs\/wp-json\/wp\/v2\/media\/20588"}],"wp:attachment":[{"href":"https:\/\/researchchemicalhub.com\/cs\/wp-json\/wp\/v2\/media?parent=23663"}],"wp:term":[{"taxonomy":"product_brand","embeddable":true,"href":"https:\/\/researchchemicalhub.com\/cs\/wp-json\/wp\/v2\/product_brand?post=23663"},{"taxonomy":"product_cat","embeddable":true,"href":"https:\/\/researchchemicalhub.com\/cs\/wp-json\/wp\/v2\/product_cat?post=23663"},{"taxonomy":"product_tag","embeddable":true,"href":"https:\/\/researchchemicalhub.com\/cs\/wp-json\/wp\/v2\/product_tag?post=23663"}],"curies":[{"name":"wp","href":"https:\/\/api.w.org\/{rel}","templated":true}]}}