{"id":23635,"date":"2025-04-13T17:40:07","date_gmt":"2025-04-13T17:40:07","guid":{"rendered":"https:\/\/researchchemicalhub.com\/?post_type=product&#038;p=23635"},"modified":"2025-10-30T09:10:39","modified_gmt":"2025-10-30T09:10:39","slug":"4f-mph-kopen","status":"publish","type":"product","link":"https:\/\/researchchemicalhub.com\/cs\/shop\/4f-mph\/4f-mph-kopen\/","title":{"rendered":"4F-MPH 30 MG pelety (4-fluormethylfenid\u00e1t)"},"content":{"rendered":"<h3 data-start=\"3944\" data-end=\"3963\"><strong data-start=\"3948\" data-end=\"3963\">Zaveden\u00ed<\/strong><\/h3>\n<p data-start=\"3964\" data-end=\"4264\"><strong data-start=\"3964\" data-end=\"4000\">4F-MPH (4-fluormethylfenid\u00e1t)<\/strong> 30 mg pelety jsou <strong data-start=\"4020\" data-end=\"4066\">vysoce \u010dist\u00e9 v\u00fdzkumn\u00e9 slou\u010deniny<\/strong>, vyvinut\u00fd pro <strong data-start=\"4084\" data-end=\"4137\">neurov\u011bdeck\u00fd a farmakologick\u00fd v\u00fdzkum<\/strong>Tato varianta fluoromethylfenid\u00e1tu se \u0161iroce pou\u017e\u00edv\u00e1 ve studi\u00edch <strong data-start=\"4212\" data-end=\"4261\">dopaminergn\u00ed a noradrenergn\u00ed transportn\u00ed syst\u00e9my<\/strong>. 4f mph koupit<\/p>\n<p data-start=\"4266\" data-end=\"4517\">Ka\u017ed\u00e1 peleta obsahuje <strong data-start=\"4284\" data-end=\"4308\">30 mg \u010dist\u00e9ho 4F-MPH<\/strong>, pe\u010dliv\u011b m\u011b\u0159eno, aby byly zaji\u0161t\u011bny spolehliv\u00e9 a reprodukovateln\u00e9 v\u00fdsledky v\u00fdzkumu. Tento produkt je ur\u010den pouze pro <strong data-start=\"4441\" data-end=\"4473\">kvalifikovan\u00ed v\u00fdzkumn\u00edci<\/strong> v kontrolovan\u00e9m laboratorn\u00edm prost\u0159ed\u00ed.<\/p>\n<blockquote data-start=\"4519\" data-end=\"4668\">\n<p data-start=\"4521\" data-end=\"4668\">\u26a0\ufe0f <strong data-start=\"4524\" data-end=\"4535\">Pozn.:<\/strong> Pelety 4F-MPH 30 MG jsou <strong data-start=\"4562\" data-end=\"4617\">ur\u010den\u00e9 pouze pro v\u011bdeck\u00fd v\u00fdzkum<\/strong> a <strong data-start=\"4621\" data-end=\"4665\">nen\u00ed vhodn\u00e9 k lidsk\u00e9 spot\u0159eb\u011b<\/strong>.<\/p>\n<\/blockquote>\n<hr data-start=\"4670\" data-end=\"4673\" \/>\n<h3 data-start=\"4675\" data-end=\"4706\"><strong data-start=\"4679\" data-end=\"4706\">Kl\u00ed\u010dov\u00e9 vlastnosti<\/strong><\/h3>\n<ul data-start=\"4707\" data-end=\"5183\">\n<li data-start=\"4707\" data-end=\"4802\">\n<p data-start=\"4709\" data-end=\"4802\"><strong data-start=\"4709\" data-end=\"4735\">Vysok\u00e1 \u010distota (\u226599%)<\/strong> \u2013 Laboratorn\u011b testov\u00e1no pro optim\u00e1ln\u00ed kvalitu a spolehlivost.<\/p>\n<\/li>\n<li data-start=\"4803\" data-end=\"4910\">\n<p data-start=\"4805\" data-end=\"4910\"><strong data-start=\"4805\" data-end=\"4837\">P\u0159esn\u00e9 d\u00e1vkov\u00e1n\u00ed (30 mg)<\/strong> \u2013 Ka\u017ed\u00e1 peleta je d\u016fsledn\u011b m\u011b\u0159ena pro reprodukovateln\u00e9 v\u00fdsledky.<\/p>\n<\/li>\n<li data-start=\"4911\" data-end=\"5000\">\n<p data-start=\"4913\" data-end=\"5000\"><strong data-start=\"4913\" data-end=\"4939\">Vylep\u0161en\u00e1 stabilita<\/strong> \u2013 Peletovan\u00e1 forma zabra\u0148uje rozkladu a prodlu\u017euje trvanlivost. Kupte 4f mph<\/p>\n<\/li>\n<li data-start=\"5001\" data-end=\"5082\">\n<p data-start=\"5003\" data-end=\"5082\"><strong data-start=\"5003\" data-end=\"5037\">Spolehliv\u00e1 kontrola kvality<\/strong> \u2013 Vyrobeno dle standard\u016f GMP.<\/p>\n<\/li>\n<li data-start=\"5083\" data-end=\"5183\">\n<p data-start=\"5085\" data-end=\"5183\"><strong data-start=\"5085\" data-end=\"5107\">Bezpe\u010dn\u00e9 balen\u00ed<\/strong> \u2013 Vzduchot\u011bsn\u00e9 a vlhkuvzdorn\u00e9 balen\u00ed pro zachov\u00e1n\u00ed integrity produktu.<\/p>\n<\/li>\n<\/ul>\n<hr data-start=\"5185\" data-end=\"5188\" \/>\n<h3 data-start=\"5190\" data-end=\"5207\"><strong data-start=\"5194\" data-end=\"5207\">V\u00fdhody<\/strong><\/h3>\n<ul data-start=\"5208\" data-end=\"5479\">\n<li data-start=\"5208\" data-end=\"5284\">\n<p data-start=\"5210\" data-end=\"5284\">Zaji\u0161\u0165uje <strong data-start=\"5221\" data-end=\"5245\">p\u0159esn\u00e9 d\u00e1vkov\u00e1n\u00ed<\/strong> a konzistentn\u00ed v\u00fdsledky v\u00fdzkumu.<\/p>\n<\/li>\n<li data-start=\"5285\" data-end=\"5349\">\n<p data-start=\"5287\" data-end=\"5349\">Vhodn\u00e9 pro <strong data-start=\"5301\" data-end=\"5346\">neurochemick\u00fd a farmakologick\u00fd v\u00fdzkum<\/strong>.<\/p>\n<\/li>\n<li data-start=\"5350\" data-end=\"5408\">\n<p data-start=\"5352\" data-end=\"5408\"><strong data-start=\"5352\" data-end=\"5376\">Del\u0161\u00ed trvanlivost<\/strong> d\u00edky stabiln\u00edmu slo\u017een\u00ed.<\/p>\n<\/li>\n<li data-start=\"5409\" data-end=\"5479\">\n<p data-start=\"5411\" data-end=\"5479\">Snadn\u00e9 <strong data-start=\"5424\" data-end=\"5451\">manipulovat a skladovat<\/strong> bez ztr\u00e1ty kvality.<\/p>\n<\/li>\n<\/ul>\n<hr data-start=\"5481\" data-end=\"5484\" \/>\n<h3 data-start=\"5486\" data-end=\"5501\"><strong data-start=\"5490\" data-end=\"5501\">Pou\u017e\u00edv\u00e1n\u00ed<\/strong><\/h3>\n<ul data-start=\"5502\" data-end=\"5772\">\n<li data-start=\"5502\" data-end=\"5562\">\n<p data-start=\"5504\" data-end=\"5562\">Pouze k pou\u017eit\u00ed pro <strong data-start=\"5529\" data-end=\"5559\">v\u011bdeck\u00fd v\u00fdzkum<\/strong>.<\/p>\n<\/li>\n<li data-start=\"5563\" data-end=\"5637\">\n<p data-start=\"5565\" data-end=\"5637\">Noste vhodn\u00e9 <strong data-start=\"5581\" data-end=\"5605\">ochrann\u00e9 vybaven\u00ed<\/strong> (rukavice, ochrann\u00e9 br\u00fdle, laboratorn\u00ed pl\u00e1\u0161\u0165).<\/p>\n<\/li>\n<li data-start=\"5638\" data-end=\"5713\">\n<p data-start=\"5640\" data-end=\"5713\">U\u0161et\u0159ete na <strong data-start=\"5655\" data-end=\"5678\">chladn\u00e9m a such\u00e9m m\u00edst\u011b<\/strong>, chr\u00e1n\u011bno p\u0159ed sv\u011btlem a vlhkost\u00ed.<\/p>\n<\/li>\n<li data-start=\"5714\" data-end=\"5772\">\n<p data-start=\"5716\" data-end=\"5772\">Nen\u00ed vhodn\u00e9 pro lidskou ani zv\u00ed\u0159ec\u00ed spot\u0159ebu.<\/p>\n<\/li>\n<\/ul>\n<hr data-start=\"5774\" data-end=\"5777\" \/>\n<h3 data-start=\"5779\" data-end=\"5814\"><strong data-start=\"5783\" data-end=\"5814\">\u010casto kladen\u00e9 ot\u00e1zky (FAQ)<\/strong><\/h3>\n<p data-start=\"5816\" data-end=\"6007\"><strong data-start=\"5816\" data-end=\"5854\">1. K \u010demu se pou\u017e\u00edv\u00e1 4F-MPH?<\/strong><br data-start=\"5854\" data-end=\"5857\" \/>4F-MPH se pou\u017e\u00edv\u00e1 v <strong data-start=\"5882\" data-end=\"5927\">farmakologick\u00fd a neurochemick\u00fd v\u00fdzkum<\/strong> na stimulanty a neurotransmiterov\u00e9 syst\u00e9my, jako je dopamin a noradrenalin.<\/p>\n<p data-start=\"6009\" data-end=\"6184\"><strong data-start=\"6009\" data-end=\"6062\">2. Je 4F-MPH 30 MG bezpe\u010dn\u00fd pro lidsk\u00e9 pou\u017eit\u00ed?<\/strong><br data-start=\"6062\" data-end=\"6065\" \/>Ne. Tento produkt je <strong data-start=\"6085\" data-end=\"6134\">ur\u010den\u00e9 pouze pro v\u00fdzkumn\u00e9 \u00fa\u010dely<\/strong> a nen\u00ed schv\u00e1leno pro lidskou spot\u0159ebu.<\/p>\n<p data-start=\"6186\" data-end=\"6359\"><strong data-start=\"6186\" data-end=\"6230\">3. Jak by se m\u011bl p\u0159\u00edpravek 4F-MPH 30 MG uchov\u00e1vat?<\/strong><br data-start=\"6230\" data-end=\"6233\" \/>Skladujte v <strong data-start=\"6248\" data-end=\"6278\">dob\u0159e uzav\u0159en\u00e9 balen\u00ed<\/strong> v\u010dela <strong data-start=\"6283\" data-end=\"6313\">pokojov\u00e1 teplota (15\u201325 \u00b0C)<\/strong>, mimo dosah vlhkosti a p\u0159\u00edm\u00e9ho slune\u010dn\u00edho z\u00e1\u0159en\u00ed.<\/p>","protected":false},"excerpt":{"rendered":"<p><strong><span dir=\"auto\" style=\"vertical-align: inherit;\"><span dir=\"auto\" style=\"vertical-align: inherit;\">DO\u010cASN\u011a V MODR\u00ddCH PELET\u00c1CH (rozd\u00edl je pouze v barv\u011b).<\/span><\/span><\/strong><\/p>","protected":false},"featured_media":28441,"comment_status":"closed","ping_status":"closed","template":"","meta":[],"product_brand":[82],"product_cat":[444,445,322,333,324],"product_tag":[570,571,326],"class_list":{"0":"post-23635","1":"product","2":"type-product","3":"status-publish","4":"has-post-thumbnail","6":"product_brand-research-chemical","7":"product_cat-4f-mph","8":"product_cat-4f-mph-pellets","9":"product_cat-bijna-verboden","10":"product_cat-gefluoreerden","11":"product_cat-pellets-for-pellet","12":"product_tag-4f-mph-kopen","13":"product_tag-4f-mph","14":"product_tag-nl","16":"first","17":"instock","18":"taxable","19":"shipping-taxable","20":"purchasable","21":"product-type-variable"},"_links":{"self":[{"href":"https:\/\/researchchemicalhub.com\/cs\/wp-json\/wp\/v2\/product\/23635","targetHints":{"allow":["GET"]}}],"collection":[{"href":"https:\/\/researchchemicalhub.com\/cs\/wp-json\/wp\/v2\/product"}],"about":[{"href":"https:\/\/researchchemicalhub.com\/cs\/wp-json\/wp\/v2\/types\/product"}],"replies":[{"embeddable":true,"href":"https:\/\/researchchemicalhub.com\/cs\/wp-json\/wp\/v2\/comments?post=23635"}],"version-history":[{"count":6,"href":"https:\/\/researchchemicalhub.com\/cs\/wp-json\/wp\/v2\/product\/23635\/revisions"}],"predecessor-version":[{"id":27993,"href":"https:\/\/researchchemicalhub.com\/cs\/wp-json\/wp\/v2\/product\/23635\/revisions\/27993"}],"wp:featuredmedia":[{"embeddable":true,"href":"https:\/\/researchchemicalhub.com\/cs\/wp-json\/wp\/v2\/media\/28441"}],"wp:attachment":[{"href":"https:\/\/researchchemicalhub.com\/cs\/wp-json\/wp\/v2\/media?parent=23635"}],"wp:term":[{"taxonomy":"product_brand","embeddable":true,"href":"https:\/\/researchchemicalhub.com\/cs\/wp-json\/wp\/v2\/product_brand?post=23635"},{"taxonomy":"product_cat","embeddable":true,"href":"https:\/\/researchchemicalhub.com\/cs\/wp-json\/wp\/v2\/product_cat?post=23635"},{"taxonomy":"product_tag","embeddable":true,"href":"https:\/\/researchchemicalhub.com\/cs\/wp-json\/wp\/v2\/product_tag?post=23635"}],"curies":[{"name":"wp","href":"https:\/\/api.w.org\/{rel}","templated":true}]}}