{"id":23611,"date":"2025-04-13T17:40:06","date_gmt":"2025-04-13T17:40:06","guid":{"rendered":"https:\/\/researchchemicalhub.com\/?post_type=product&#038;p=23611"},"modified":"2025-10-30T09:11:28","modified_gmt":"2025-10-30T09:11:28","slug":"3-fpm-kopen-2","status":"publish","type":"product","link":"https:\/\/researchchemicalhub.com\/cs\/shop\/3-fpm\/3-fpm-kopen-2\/","title":{"rendered":"3-FPM 50 MG pelety (3-fluorfenmetrazin)"},"content":{"rendered":"<h1><strong><span dir=\"auto\" style=\"vertical-align: inherit;\"><span dir=\"auto\" style=\"vertical-align: inherit;\">3 fpm 50 MG pelety (3-fluorfenmetrazin) \u2013 kvalita a p\u0159esnost ve v\u00fdzkumu<\/span><\/span><\/strong><\/h1>\n<p data-start=\"3687\" data-end=\"4034\"><strong data-start=\"3687\" data-end=\"3720\">3-FPM (3-fluorfenmetrazin)<\/strong> Pelety o hmotnosti 50 mg jsou <strong data-start=\"3740\" data-end=\"3786\">vysoce \u010dist\u00e9 v\u00fdzkumn\u00e9 slou\u010deniny<\/strong>, vyvinut\u00fd pro <strong data-start=\"3804\" data-end=\"3857\">neurov\u011bdeck\u00fd a farmakologick\u00fd v\u00fdzkum<\/strong>. 3 fpm koupit<br data-start=\"3858\" data-end=\"3861\" \/>Jako fluorovan\u00e1 varianta <strong data-start=\"3894\" data-end=\"3911\">fenmetrazin<\/strong> 3-FPM je zkoum\u00e1n kv\u016fli sv\u00e9mu potenci\u00e1lu poskytnout vhled do <strong data-start=\"3982\" data-end=\"4031\">dopaminergn\u00ed a noradrenergn\u00ed transportn\u00ed syst\u00e9my<\/strong>.<\/p>\n<p data-start=\"4036\" data-end=\"4294\">Ka\u017ed\u00e1 peleta obsahuje <strong data-start=\"4054\" data-end=\"4085\">50 mg 3-fluorfenmetrazinu<\/strong>, pe\u010dliv\u011b odm\u011b\u0159eno pro p\u0159esn\u00e9 d\u00e1vkov\u00e1n\u00ed a spolehliv\u00e9 v\u00fdsledky v\u00fdzkumu. Tento produkt je ur\u010den pouze pro <strong data-start=\"4211\" data-end=\"4243\">kvalifikovan\u00ed v\u00fdzkumn\u00edci<\/strong> a <strong data-start=\"4247\" data-end=\"4291\">nen\u00ed vhodn\u00e9 k lidsk\u00e9 spot\u0159eb\u011b<\/strong>.<\/p>\n<blockquote data-start=\"4296\" data-end=\"4391\">\n<p data-start=\"4298\" data-end=\"4391\">\u26a0\ufe0f <strong data-start=\"4301\" data-end=\"4312\">Pozn.:<\/strong> Pelety 3-FPM 50 MG jsou <strong data-start=\"4338\" data-end=\"4388\">ur\u010den\u00e9 pouze pro laboratorn\u00ed v\u00fdzkum<\/strong>.<\/p>\n<\/blockquote>\n<hr data-start=\"4393\" data-end=\"4396\" \/>\n<h3 data-start=\"4398\" data-end=\"4429\"><strong data-start=\"4402\" data-end=\"4429\">Kl\u00ed\u010dov\u00e9 vlastnosti<\/strong><\/h3>\n<ul data-start=\"4430\" data-end=\"4879\">\n<li data-start=\"4430\" data-end=\"4525\">\n<p data-start=\"4432\" data-end=\"4525\"><strong data-start=\"4432\" data-end=\"4458\">Vysok\u00e1 \u010distota (\u226599%)<\/strong> \u2013 Laboratorn\u011b testov\u00e1no na kvalitu, stabilitu a slo\u017een\u00ed.<\/p>\n<\/li>\n<li data-start=\"4526\" data-end=\"4614\">\n<p data-start=\"4528\" data-end=\"4614\"><strong data-start=\"4528\" data-end=\"4571\">P\u0159esn\u00e9 d\u00e1vkov\u00e1n\u00ed (50 mg na peletu)<\/strong> \u2013 Zaji\u0161\u0165uje reprodukovateln\u00e9 v\u00fdsledky.<\/p>\n<\/li>\n<li data-start=\"4615\" data-end=\"4704\">\n<p data-start=\"4617\" data-end=\"4704\"><strong data-start=\"4617\" data-end=\"4643\">Vylep\u0161en\u00e1 stabilita<\/strong> \u2013 Peletovan\u00e1 forma zabra\u0148uje degradaci a prodlu\u017euje trvanlivost.<\/p>\n<\/li>\n<li data-start=\"4705\" data-end=\"4783\">\n<p data-start=\"4707\" data-end=\"4783\"><strong data-start=\"4707\" data-end=\"4732\">V\u00fdroba podobn\u00e1 GMP<\/strong> \u2013 Zaru\u010den\u00e1 konzistence a spolehlivost.<\/p>\n<\/li>\n<li data-start=\"4784\" data-end=\"4879\">\n<p data-start=\"4786\" data-end=\"4879\"><strong data-start=\"4786\" data-end=\"4808\">Bezpe\u010dn\u00e9 balen\u00ed<\/strong> \u2013 Vzduchot\u011bsn\u00e9 a vlhkostot\u011bsn\u00e9 balen\u00ed chr\u00e1n\u00ed spojen\u00ed. Kupte si 3 fpm<\/p>\n<\/li>\n<\/ul>\n<hr data-start=\"4881\" data-end=\"4884\" \/>\n<h3 data-start=\"4886\" data-end=\"4903\"><strong data-start=\"4890\" data-end=\"4903\">V\u00fdhody<\/strong><\/h3>\n<ul data-start=\"4904\" data-end=\"5187\">\n<li data-start=\"4904\" data-end=\"4980\">\n<p data-start=\"4906\" data-end=\"4980\">Zaji\u0161\u0165uje <strong data-start=\"4917\" data-end=\"4941\">p\u0159esn\u00e9 d\u00e1vkov\u00e1n\u00ed<\/strong> a spolehliv\u00e9 v\u00fdsledky v\u00fdzkumu.<\/p>\n<\/li>\n<li data-start=\"4981\" data-end=\"5058\">\n<p data-start=\"4983\" data-end=\"5058\">Vhodn\u00e9 pro <strong data-start=\"4997\" data-end=\"5055\">v\u00fdzkum stimulant\u016f a neurotransmiterov\u00fdch syst\u00e9m\u016f<\/strong>.<\/p>\n<\/li>\n<li data-start=\"5059\" data-end=\"5107\">\n<p data-start=\"5061\" data-end=\"5107\"><strong data-start=\"5061\" data-end=\"5083\">Dlouh\u00e1 trvanlivost<\/strong> a snadn\u00e9 skladov\u00e1n\u00ed.<\/p>\n<\/li>\n<li data-start=\"5108\" data-end=\"5187\">\n<p data-start=\"5110\" data-end=\"5187\"><strong data-start=\"5110\" data-end=\"5143\">U\u017eivatelsky p\u0159\u00edv\u011btiv\u00e9 a bezpe\u010dn\u00e9<\/strong> v kontrolovan\u00e9m laboratorn\u00edm prost\u0159ed\u00ed.<\/p>\n<\/li>\n<\/ul>\n<hr data-start=\"5189\" data-end=\"5192\" \/>\n<h3 data-start=\"5194\" data-end=\"5209\"><strong data-start=\"5198\" data-end=\"5209\">Pou\u017e\u00edv\u00e1n\u00ed<\/strong><\/h3>\n<ul data-start=\"5210\" data-end=\"5490\">\n<li data-start=\"5210\" data-end=\"5272\">\n<p data-start=\"5212\" data-end=\"5272\">Pouze pro <strong data-start=\"5224\" data-end=\"5269\">v\u011bdeck\u00fd a laboratorn\u00ed v\u00fdzkum<\/strong>.<\/p>\n<\/li>\n<li data-start=\"5273\" data-end=\"5356\">\n<p data-start=\"5275\" data-end=\"5356\">Noste vhodn\u00e9 <strong data-start=\"5291\" data-end=\"5315\">ochrann\u00e9 vybaven\u00ed<\/strong> jako jsou rukavice a ochrann\u00e9 br\u00fdle.<\/p>\n<\/li>\n<li data-start=\"5357\" data-end=\"5432\">\n<p data-start=\"5359\" data-end=\"5432\">U\u0161et\u0159ete na <strong data-start=\"5374\" data-end=\"5397\">chladn\u00e9m a such\u00e9m m\u00edst\u011b<\/strong>, chr\u00e1n\u011bno p\u0159ed sv\u011btlem a vlhkost\u00ed.<\/p>\n<\/li>\n<li data-start=\"5433\" data-end=\"5490\">\n<p data-start=\"5435\" data-end=\"5490\">Nen\u00ed ur\u010deno k lidsk\u00e9 ani zv\u00ed\u0159ec\u00ed spot\u0159eb\u011b.<\/p>\n<\/li>\n<\/ul>\n<hr data-start=\"5492\" data-end=\"5495\" \/>\n<h3 data-start=\"5497\" data-end=\"5532\"><strong data-start=\"5501\" data-end=\"5532\">\u010casto kladen\u00e9 ot\u00e1zky (FAQ)<\/strong><\/h3>\n<p data-start=\"5534\" data-end=\"5687\"><strong data-start=\"5534\" data-end=\"5571\">1. K \u010demu se pou\u017e\u00edv\u00e1 3-FPM?<\/strong><br data-start=\"5571\" data-end=\"5574\" \/>3-FPM se pou\u017e\u00edv\u00e1 v <strong data-start=\"5598\" data-end=\"5633\">neurov\u011bdn\u00ed v\u00fdzkum<\/strong> na stimulanty a mechanismy transportu monoamin\u016f.<\/p>\n<p data-start=\"5689\" data-end=\"5865\"><strong data-start=\"5689\" data-end=\"5743\">2. Je 3-FPM 50 MG vhodn\u00fd pro lidsk\u00e9 pou\u017eit\u00ed?<\/strong><br data-start=\"5743\" data-end=\"5746\" \/>Ne. Tento produkt je <strong data-start=\"5766\" data-end=\"5815\">ur\u010den\u00e9 pouze pro v\u00fdzkumn\u00e9 \u00fa\u010dely<\/strong> a nen\u00ed schv\u00e1leno pro lidskou spot\u0159ebu.<\/p>\n<p data-start=\"5867\" data-end=\"6035\"><strong data-start=\"5867\" data-end=\"5910\">3. Jak by se m\u011bl p\u0159\u00edpravek 3-FPM 50 MG skladovat?<\/strong><br data-start=\"5910\" data-end=\"5913\" \/>Skladujte v <strong data-start=\"5928\" data-end=\"5958\">dob\u0159e uzav\u0159en\u00e9 balen\u00ed<\/strong> p\u0159i pokojov\u00e9 teplot\u011b (15\u201325 \u00b0C), mimo dosah vlhkosti a p\u0159\u00edm\u00e9ho slune\u010dn\u00edho z\u00e1\u0159en\u00ed.<\/p>\n<h3><a style=\"font-size: 16px;\" href=\"https:\/\/researchchemicalhub.com\/cs\/shop\/iboga-ibogaine\/iboga-root-bark\/\"><span dir=\"auto\" style=\"vertical-align: inherit;\"><span dir=\"auto\" style=\"vertical-align: inherit;\">k\u016fra ko\u0159ene ibogy<\/span><\/span><\/a><a style=\"font-size: 16px;\" href=\"https:\/\/researchchemicalhub.com\/cs\/shop\/iboga-ibogaine\/buy-ibogaine-hcl-online\/\"><span dir=\"auto\" style=\"vertical-align: inherit;\"><span dir=\"auto\" style=\"vertical-align: inherit;\">koupit ibogain hydrochlorid online<\/span><\/span><\/a><a style=\"font-size: 16px;\" href=\"https:\/\/researchchemicalhub.com\/cs\/shop\/lysergamides\/1cp-lsd\/\"><span dir=\"auto\" style=\"vertical-align: inherit;\"><span dir=\"auto\" style=\"vertical-align: inherit;\">1cp LSD <\/span><\/span><\/a><a style=\"font-size: 16px;\" href=\"https:\/\/researchchemicalhub.com\/cs\/shop\/pellets\/o-dsmt-50mg-pellets\/\"><span dir=\"auto\" style=\"vertical-align: inherit;\"><span dir=\"auto\" style=\"vertical-align: inherit;\">o-dsmt <\/span><\/span><\/a><a style=\"font-size: 16px;\" href=\"https:\/\/researchchemicalhub.com\/cs\/shop\/lysergamides\/1vlsd\/\"><span dir=\"auto\" style=\"vertical-align: inherit;\"><span dir=\"auto\" style=\"vertical-align: inherit;\">1vlsd<\/span><\/span><\/a><\/h3>","protected":false},"excerpt":{"rendered":"<p>3 fpm 50 MG Pellets (3-Fluorophenmetrazine) \u2013 Quality and Precision in Research 3-FPM (3-Fluorophenmetrazine) 50 MG Pellets zijn onderzoeksverbindingen van<\/p>","protected":false},"featured_media":28406,"comment_status":"closed","ping_status":"closed","template":"","meta":[],"product_brand":[82],"product_cat":[441,442,322,333,324],"product_tag":[606,601,605,326],"class_list":{"0":"post-23611","1":"product","2":"type-product","3":"status-publish","4":"has-post-thumbnail","6":"product_brand-research-chemical","7":"product_cat-3-fpm","8":"product_cat-3-fpm-pellets","9":"product_cat-bijna-verboden","10":"product_cat-gefluoreerden","11":"product_cat-pellets-for-pellet","12":"product_tag-3-fluorophenmetrazine","13":"product_tag-3-fpm","14":"product_tag-3fpm","15":"product_tag-nl","17":"first","18":"instock","19":"taxable","20":"shipping-taxable","21":"purchasable","22":"product-type-variable"},"_links":{"self":[{"href":"https:\/\/researchchemicalhub.com\/cs\/wp-json\/wp\/v2\/product\/23611","targetHints":{"allow":["GET"]}}],"collection":[{"href":"https:\/\/researchchemicalhub.com\/cs\/wp-json\/wp\/v2\/product"}],"about":[{"href":"https:\/\/researchchemicalhub.com\/cs\/wp-json\/wp\/v2\/types\/product"}],"replies":[{"embeddable":true,"href":"https:\/\/researchchemicalhub.com\/cs\/wp-json\/wp\/v2\/comments?post=23611"}],"version-history":[{"count":5,"href":"https:\/\/researchchemicalhub.com\/cs\/wp-json\/wp\/v2\/product\/23611\/revisions"}],"predecessor-version":[{"id":27994,"href":"https:\/\/researchchemicalhub.com\/cs\/wp-json\/wp\/v2\/product\/23611\/revisions\/27994"}],"wp:featuredmedia":[{"embeddable":true,"href":"https:\/\/researchchemicalhub.com\/cs\/wp-json\/wp\/v2\/media\/28406"}],"wp:attachment":[{"href":"https:\/\/researchchemicalhub.com\/cs\/wp-json\/wp\/v2\/media?parent=23611"}],"wp:term":[{"taxonomy":"product_brand","embeddable":true,"href":"https:\/\/researchchemicalhub.com\/cs\/wp-json\/wp\/v2\/product_brand?post=23611"},{"taxonomy":"product_cat","embeddable":true,"href":"https:\/\/researchchemicalhub.com\/cs\/wp-json\/wp\/v2\/product_cat?post=23611"},{"taxonomy":"product_tag","embeddable":true,"href":"https:\/\/researchchemicalhub.com\/cs\/wp-json\/wp\/v2\/product_tag?post=23611"}],"curies":[{"name":"wp","href":"https:\/\/api.w.org\/{rel}","templated":true}]}}