{"id":23595,"date":"2025-04-13T17:40:01","date_gmt":"2025-04-13T17:40:01","guid":{"rendered":"https:\/\/researchchemicalhub.com\/?post_type=product&#038;p=23595"},"modified":"2025-10-30T09:18:12","modified_gmt":"2025-10-30T09:18:12","slug":"1p-koupit-lsd-3","status":"publish","type":"product","link":"https:\/\/researchchemicalhub.com\/cs\/nakupovat\/1p-lsd-20-mcg-pijavice\/1p-koupit-lsd-3\/","title":{"rendered":"1P-LSD 150 MCG pelety"},"content":{"rendered":"<h3>Objednejte si pelety LSD 1P-LSD 150 MCG \u2013 pr\u00e9miov\u00e1 kvalita pro v\u011bdeck\u00fd v\u00fdzkum<\/h3>\n<p data-start=\"4066\" data-end=\"4258\"><strong data-start=\"4066\" data-end=\"4117\">1P-LSD (diethylamid kyseliny 1-propionyl-lysergov\u00e9)<\/strong> Pelety o hmotnosti 150 \u00b5g jsou <strong data-start=\"4138\" data-end=\"4184\">vysoce \u010dist\u00e9 v\u00fdzkumn\u00e9 slou\u010deniny<\/strong>, vyvinut\u00fd pro <strong data-start=\"4202\" data-end=\"4255\">neurov\u011bdeck\u00fd a farmakologick\u00fd v\u00fdzkum<\/strong>koupit LSD za 1 penci<\/p>\n<p data-start=\"4260\" data-end=\"4523\">Li <strong data-start=\"4264\" data-end=\"4296\">strukturn\u00ed analog LSD<\/strong>1P-LSD obsahuje propionylovou skupinu, kter\u00e1 ovliv\u0148uje jeho farmakologick\u00e9 vlastnosti. \u010casto se pou\u017e\u00edv\u00e1 v <strong data-start=\"4406\" data-end=\"4446\">v\u00fdzkum serotoninov\u00fdch receptor\u016f<\/strong> a <strong data-start=\"4450\" data-end=\"4492\">vztahy mezi strukturou a aktivitou (SAR)<\/strong> v r\u00e1mci t\u0159\u00eddy lysergamidu.<\/p>\n<p data-start=\"4525\" data-end=\"4673\">Ka\u017ed\u00e1 peleta obsahuje <strong data-start=\"4543\" data-end=\"4567\">150 mikrogram\u016f 1P-LSD<\/strong> s vysokou p\u0159esnost\u00ed, co\u017e zaji\u0161\u0165uje reprodukovateln\u00e9 v\u00fdsledky v\u00fdzkumu a dlouhodobou stabilitu.<\/p>\n<blockquote data-start=\"4675\" data-end=\"4813\">\n<p data-start=\"4677\" data-end=\"4813\">\u26a0\ufe0f <strong data-start=\"4680\" data-end=\"4691\">Pozn.:<\/strong> Tento produkt je <strong data-start=\"4707\" data-end=\"4762\">ur\u010den\u00e9 pouze pro v\u011bdeck\u00fd v\u00fdzkum<\/strong> a <strong data-start=\"4766\" data-end=\"4810\">nen\u00ed vhodn\u00e9 k lidsk\u00e9 spot\u0159eb\u011b<\/strong>.<\/p>\n<\/blockquote>\n<hr data-start=\"4815\" data-end=\"4818\" \/>\n<h3 data-start=\"4820\" data-end=\"4851\"><strong data-start=\"4824\" data-end=\"4851\">Kl\u00ed\u010dov\u00e9 vlastnosti<\/strong><\/h3>\n<ul data-start=\"4852\" data-end=\"5288\">\n<li data-start=\"4852\" data-end=\"4935\">\n<p data-start=\"4854\" data-end=\"4935\"><strong data-start=\"4854\" data-end=\"4880\">Vysok\u00e1 \u010distota (\u226599%)<\/strong> \u2013 Laboratorn\u011b testov\u00e1no na identitu a stabilitu.<\/p>\n<\/li>\n<li data-start=\"4936\" data-end=\"5034\">\n<p data-start=\"4938\" data-end=\"5034\"><strong data-start=\"4938\" data-end=\"4976\">P\u0159esn\u00e9 mikrod\u00e1vkov\u00e1n\u00ed (150 \u00b5g)<\/strong> \u2013 Pro konzistentn\u00ed a spolehliv\u00e9 v\u00fdsledky v\u00fdzkumu.<\/p>\n<\/li>\n<li data-start=\"5035\" data-end=\"5117\">\n<p data-start=\"5037\" data-end=\"5117\"><strong data-start=\"5037\" data-end=\"5063\">Vylep\u0161en\u00e1 stabilita<\/strong> \u2013 Navr\u017eeno tak, aby se zabr\u00e1nilo degradaci b\u011bhem skladov\u00e1n\u00ed.<\/p>\n<\/li>\n<li data-start=\"5118\" data-end=\"5200\">\n<p data-start=\"5120\" data-end=\"5200\"><strong data-start=\"5120\" data-end=\"5145\">V\u00fdroba podobn\u00e1 GMP<\/strong> \u2013 Zaru\u010den\u00e1 kvalita pro v\u00fdzkumn\u00e9 \u00fa\u010dely.<\/p>\n<\/li>\n<li data-start=\"5201\" data-end=\"5288\">\n<p data-start=\"5203\" data-end=\"5288\"><strong data-start=\"5203\" data-end=\"5225\">Bezpe\u010dn\u00e9 balen\u00ed<\/strong> \u2013 Vzduchot\u011bsn\u00e9 a odoln\u00e9 v\u016f\u010di vlhkosti pro dlouhou trvanlivost.<\/p>\n<\/li>\n<\/ul>\n<hr data-start=\"5290\" data-end=\"5293\" \/>\n<h3 data-start=\"5295\" data-end=\"5312\"><strong data-start=\"5299\" data-end=\"5312\">V\u00fdhody<\/strong><\/h3>\n<ul data-start=\"5313\" data-end=\"5576\">\n<li data-start=\"5313\" data-end=\"5394\">\n<p data-start=\"5315\" data-end=\"5394\">Podporuje <strong data-start=\"5327\" data-end=\"5391\">v\u00fdzkum serotoninov\u00fdch receptor\u016f a analog\u016f lysergamidu<\/strong>.<\/p>\n<\/li>\n<li data-start=\"5395\" data-end=\"5461\">\n<p data-start=\"5397\" data-end=\"5461\"><strong data-start=\"5397\" data-end=\"5421\">P\u0159esn\u00e9 d\u00e1vkov\u00e1n\u00ed<\/strong> pro spolehlivou reprodukovatelnost.<\/p>\n<\/li>\n<li data-start=\"5462\" data-end=\"5514\">\n<p data-start=\"5464\" data-end=\"5514\"><strong data-start=\"5464\" data-end=\"5490\">Dlouhodob\u00e1 stabilita<\/strong> a snadn\u00e9 skladov\u00e1n\u00ed. Kupte si 1p LSD<\/p>\n<\/li>\n<li data-start=\"5515\" data-end=\"5576\">\n<p data-start=\"5517\" data-end=\"5576\">Vhodn\u00e9 pro <strong data-start=\"5531\" data-end=\"5573\">farmakologick\u00fd a analytick\u00fd v\u00fdzkum<\/strong>.<\/p>\n<\/li>\n<\/ul>\n<hr data-start=\"5578\" data-end=\"5581\" \/>\n<h3 data-start=\"5583\" data-end=\"5598\"><strong data-start=\"5587\" data-end=\"5598\">Pou\u017e\u00edv\u00e1n\u00ed<\/strong><\/h3>\n<ul data-start=\"5599\" data-end=\"5881\">\n<li data-start=\"5599\" data-end=\"5669\">\n<p data-start=\"5601\" data-end=\"5669\">Pouze k pou\u017eit\u00ed <strong data-start=\"5626\" data-end=\"5666\">kvalifikovan\u00fd laboratorn\u00ed person\u00e1l<\/strong>.<\/p>\n<\/li>\n<li data-start=\"5670\" data-end=\"5746\">\n<p data-start=\"5672\" data-end=\"5746\">Pou\u017eijte vhodn\u00e9 <strong data-start=\"5690\" data-end=\"5714\">ochrann\u00e9 vybaven\u00ed<\/strong> (rukavice, ochrann\u00e9 br\u00fdle, laboratorn\u00ed pl\u00e1\u0161\u0165).<\/p>\n<\/li>\n<li data-start=\"5747\" data-end=\"5822\">\n<p data-start=\"5749\" data-end=\"5822\">U\u0161et\u0159ete na <strong data-start=\"5764\" data-end=\"5787\">chladn\u00e9m a such\u00e9m m\u00edst\u011b<\/strong>, chr\u00e1n\u011bno p\u0159ed sv\u011btlem a vlhkost\u00ed.<\/p>\n<\/li>\n<li data-start=\"5823\" data-end=\"5881\">\n<p data-start=\"5825\" data-end=\"5881\">Nen\u00ed vhodn\u00e9 pro lidskou ani zv\u00ed\u0159ec\u00ed spot\u0159ebu.<\/p>\n<\/li>\n<\/ul>\n<hr data-start=\"5883\" data-end=\"5886\" \/>\n<h3 data-start=\"5888\" data-end=\"5923\"><strong data-start=\"5892\" data-end=\"5923\">\u010casto kladen\u00e9 ot\u00e1zky (FAQ)<\/strong><\/h3>\n<p data-start=\"5925\" data-end=\"6082\"><strong data-start=\"5925\" data-end=\"5963\">1. K \u010demu se pou\u017e\u00edv\u00e1 1P-LSD?<\/strong><br data-start=\"5963\" data-end=\"5966\" \/>1P-LSD se pou\u017e\u00edv\u00e1 v <strong data-start=\"5991\" data-end=\"6021\">v\u011bdeck\u00fd v\u00fdzkum<\/strong> o lysergamidech a jejich \u00fa\u010dinc\u00edch na serotoninov\u00e9 receptory.<\/p>\n<p data-start=\"6084\" data-end=\"6260\"><strong data-start=\"6084\" data-end=\"6138\">2. Je 1P-LSD 150 \u00b5g bezpe\u010dn\u00fd pro lidsk\u00e9 pou\u017eit\u00ed?<\/strong><br data-start=\"6138\" data-end=\"6141\" \/>Ne. Tento produkt je <strong data-start=\"6161\" data-end=\"6210\">ur\u010den\u00e9 pouze pro v\u00fdzkumn\u00e9 \u00fa\u010dely<\/strong> a nen\u00ed schv\u00e1leno pro lidskou spot\u0159ebu.<\/p>\n<p data-start=\"6262\" data-end=\"6430\"><strong data-start=\"6262\" data-end=\"6307\">3. Jak by se m\u011bl 1P-LSD 150 \u00b5g skladovat?<\/strong><br data-start=\"6307\" data-end=\"6310\" \/>Skladujte v <strong data-start=\"6325\" data-end=\"6355\">dob\u0159e uzav\u0159en\u00e9 balen\u00ed<\/strong> p\u0159i pokojov\u00e9 teplot\u011b (15\u201325 \u00b0C), mimo dosah vlhkosti, tepla a sv\u011btla.<\/p>\n<h4><span style=\"color: #333333; font-size: 16px;\">.<\/span><a style=\"font-size: 16px;\" href=\"https:\/\/researchchemicalhub.com\/cs\/nakupovat\/iboga-ibogain\/kura-korene-ibogy\/\">k\u016fra ko\u0159ene ibogy<\/a><a style=\"font-size: 16px;\" href=\"https:\/\/researchchemicalhub.com\/cs\/nakupovat\/iboga-ibogain\/koupit-ibogain-hydrochlorid-online\/\">koupit ibogain hydrochlorid online<\/a><a style=\"font-size: 16px;\" href=\"https:\/\/researchchemicalhub.com\/cs\/nakupovat\/pelety-2\/o-dsmt-50mg-pelety\/\">o-dsmt<\/a><a style=\"font-size: 16px;\" href=\"https:\/\/researchchemicalhub.com\/cs\/nakupovat\/lysergamidy\/1v-lsd-150-mcg-pijavice\/\">1vlsd<\/a><a style=\"font-size: 16px;\" href=\"https:\/\/researchchemicalhub.com\/cs\/nakupovat\/lysergamidy\/1cp-lsd-150-mcg-2\/\">1 cp lsd<\/a><\/h4>","protected":false},"excerpt":{"rendered":"<h2>1P-LSD 150 MCG Pellets eigenschappen<\/h2>\n<p><strong>Synoniemen<\/strong>: N,N-diethyl-7-methyl-4-propanoyl-6,6a,8,9-tetrahydroindolo [4,3-fg]chinoline-9-carboxamide<br \/>\n<strong>CAS Nummer<\/strong>: 2349358-81-0<br \/>\n<strong>Formule<\/strong>: C23H29N3O2<br \/>\n<strong>Molmassa<\/strong>: 379,5 g\/mol<br \/>\n<strong>Zuiverheid<\/strong>: \u226599,3%<\/p>\n","protected":false},"featured_media":28356,"comment_status":"closed","ping_status":"closed","template":"","meta":[],"product_brand":[82],"product_cat":[363,379,358,324],"product_tag":[929,926,774,326],"class_list":{"0":"post-23595","1":"product","2":"type-product","3":"status-publish","4":"has-post-thumbnail","6":"product_brand-research-chemical","7":"product_cat-1p-lsd-kopen","8":"product_cat-1p-lsd-pellets","9":"product_cat-lysergamides","10":"product_cat-pellets-for-pellet","11":"product_tag-1p-lsd","12":"product_tag-1p-lsd-kopen","13":"product_tag-lsd-bestellen","14":"product_tag-nl","16":"first","17":"instock","18":"taxable","19":"shipping-taxable","20":"purchasable","21":"product-type-variable"},"_links":{"self":[{"href":"https:\/\/researchchemicalhub.com\/cs\/wp-json\/wp\/v2\/product\/23595","targetHints":{"allow":["GET"]}}],"collection":[{"href":"https:\/\/researchchemicalhub.com\/cs\/wp-json\/wp\/v2\/product"}],"about":[{"href":"https:\/\/researchchemicalhub.com\/cs\/wp-json\/wp\/v2\/types\/product"}],"replies":[{"embeddable":true,"href":"https:\/\/researchchemicalhub.com\/cs\/wp-json\/wp\/v2\/comments?post=23595"}],"version-history":[{"count":5,"href":"https:\/\/researchchemicalhub.com\/cs\/wp-json\/wp\/v2\/product\/23595\/revisions"}],"predecessor-version":[{"id":28001,"href":"https:\/\/researchchemicalhub.com\/cs\/wp-json\/wp\/v2\/product\/23595\/revisions\/28001"}],"wp:featuredmedia":[{"embeddable":true,"href":"https:\/\/researchchemicalhub.com\/cs\/wp-json\/wp\/v2\/media\/28356"}],"wp:attachment":[{"href":"https:\/\/researchchemicalhub.com\/cs\/wp-json\/wp\/v2\/media?parent=23595"}],"wp:term":[{"taxonomy":"product_brand","embeddable":true,"href":"https:\/\/researchchemicalhub.com\/cs\/wp-json\/wp\/v2\/product_brand?post=23595"},{"taxonomy":"product_cat","embeddable":true,"href":"https:\/\/researchchemicalhub.com\/cs\/wp-json\/wp\/v2\/product_cat?post=23595"},{"taxonomy":"product_tag","embeddable":true,"href":"https:\/\/researchchemicalhub.com\/cs\/wp-json\/wp\/v2\/product_tag?post=23595"}],"curies":[{"name":"wp","href":"https:\/\/api.w.org\/{rel}","templated":true}]}}