{"id":23573,"date":"2025-04-13T17:40:00","date_gmt":"2025-04-13T17:40:00","guid":{"rendered":"https:\/\/researchchemicalhub.com\/?post_type=product&#038;p=23573"},"modified":"2025-10-19T10:58:08","modified_gmt":"2025-10-19T10:58:08","slug":"lsz-l-tartrat-cisty","status":"publish","type":"product","link":"https:\/\/researchchemicalhub.com\/cs\/nakupovat\/lsz\/lsz-l-tartrat-cisty\/","title":{"rendered":"LSZ L-tartrate Pure"},"content":{"rendered":"<h3><span dir=\"auto\" style=\"vertical-align: inherit;\"><span dir=\"auto\" style=\"vertical-align: inherit;\">LSZ L-tartar\u00e1t \u010dist\u00fd \u2013 vysoce kvalitn\u00ed v\u00fdzkumn\u00e1 chemik\u00e1lie pro v\u011bdeck\u00e9 aplikace<\/span><\/span><\/h3>\n<p data-start=\"3744\" data-end=\"3935\"><strong data-start=\"3744\" data-end=\"3811\">LSZ L-tartar\u00e1t (L-tartar\u00e1t kyseliny lysergov\u00e9, 2,4-dimethylazetididu)<\/strong> je a <strong data-start=\"3819\" data-end=\"3861\">vysoce \u010dist\u00e1 v\u00fdzkumn\u00e1 slou\u010denina<\/strong>, vyvinut\u00fd pro <strong data-start=\"3879\" data-end=\"3932\">neurov\u011bdeck\u00fd a farmakologick\u00fd v\u00fdzkum<\/strong>. <span class=\"___SBox_epc1q-ko_ ___SText_zko9t-ko_\" data-ui-name=\"Link.Text\">lsz<\/span><\/p>\n<p data-start=\"3937\" data-end=\"4264\">Li <strong data-start=\"3941\" data-end=\"4001\">strukturn\u00ed analog LSD (diethylamid kyseliny lysergov\u00e9)<\/strong> LSZ obsahuje <strong data-start=\"4016\" data-end=\"4046\">2,4-dimethylazetididov\u00e1 skupina<\/strong> m\u00edsto diethylamidov\u00e9 skupiny. D\u00edky tomu je obzvl\u00e1\u0161t\u011b cenn\u00fd pro <strong data-start=\"4123\" data-end=\"4163\">v\u00fdzkum serotoninov\u00fdch receptor\u016f<\/strong>, <strong data-start=\"4165\" data-end=\"4187\">vazebn\u00e1 afinita<\/strong> a <strong data-start=\"4191\" data-end=\"4233\">vztahy mezi strukturou a aktivitou (SAR)<\/strong> v r\u00e1mci t\u0159\u00eddy lysergamidu.<\/p>\n<p data-start=\"4266\" data-end=\"4451\">The <strong data-start=\"4269\" data-end=\"4291\">L-vinanov\u00e1 s\u016fl<\/strong> zvy\u0161uje <strong data-start=\"4304\" data-end=\"4346\">chemick\u00e1 stabilita a rozpustnost<\/strong>, d\u00edky \u010demu\u017e je tento produkt ide\u00e1ln\u00ed pro dlouhodob\u00e9 skladov\u00e1n\u00ed a p\u0159esn\u00e9 laboratorn\u00ed aplikace.<\/p>\n<blockquote data-start=\"4453\" data-end=\"4604\">\n<p data-start=\"4455\" data-end=\"4604\">\u26a0\ufe0f <strong data-start=\"4458\" data-end=\"4469\">Pozn.:<\/strong> Tento produkt je <strong data-start=\"4485\" data-end=\"4540\">ur\u010den\u00e9 pouze pro v\u011bdeck\u00fd v\u00fdzkum<\/strong> a <strong data-start=\"4544\" data-end=\"4601\">nen\u00ed vhodn\u00e9 pro lidskou ani zv\u00ed\u0159ec\u00ed spot\u0159ebu<\/strong>.<\/p>\n<\/blockquote>\n<hr data-start=\"4606\" data-end=\"4609\" \/>\n<h3 data-start=\"4611\" data-end=\"4642\"><strong data-start=\"4615\" data-end=\"4642\">Kl\u00ed\u010dov\u00e9 vlastnosti<\/strong><\/h3>\n<ul data-start=\"4643\" data-end=\"5086\">\n<li data-start=\"4643\" data-end=\"4741\">\n<p data-start=\"4645\" data-end=\"4741\"><strong data-start=\"4645\" data-end=\"4671\">Vysok\u00e1 \u010distota (\u226599%)<\/strong> \u2013 Laboratorn\u011b testov\u00e1no na slo\u017een\u00ed, stabilitu a identitu.<\/p>\n<\/li>\n<li data-start=\"4742\" data-end=\"4829\">\n<p data-start=\"4744\" data-end=\"4829\"><strong data-start=\"4744\" data-end=\"4775\">Stabiln\u00ed forma L-vinanu<\/strong> \u2013 Prodlu\u017euje trvanlivost a zjednodu\u0161uje manipulaci.<\/p>\n<\/li>\n<li data-start=\"4830\" data-end=\"4915\">\n<p data-start=\"4832\" data-end=\"4915\"><strong data-start=\"4832\" data-end=\"4871\">Standard farmakologick\u00e9ho v\u00fdzkumu<\/strong> \u2013 Ide\u00e1ln\u00ed pro v\u00fdzkum receptor\u016f a SAR.<\/p>\n<\/li>\n<li data-start=\"4916\" data-end=\"4997\">\n<p data-start=\"4918\" data-end=\"4997\"><strong data-start=\"4918\" data-end=\"4957\">V\u00fdrobn\u00ed podm\u00ednky podobn\u00e9 GMP<\/strong> \u2013 Zaru\u010dena st\u00e1l\u00e1 kvalita.<\/p>\n<\/li>\n<li data-start=\"4998\" data-end=\"5086\">\n<p data-start=\"5000\" data-end=\"5086\"><strong data-start=\"5000\" data-end=\"5022\">Bezpe\u010dn\u00e9 balen\u00ed<\/strong> \u2013 Vzduchot\u011bsn\u00e9 a sv\u011btlu odoln\u00e9 balen\u00ed pro maxim\u00e1ln\u00ed ochranu.<\/p>\n<\/li>\n<\/ul>\n<hr data-start=\"5088\" data-end=\"5091\" \/>\n<h3 data-start=\"5093\" data-end=\"5110\"><strong data-start=\"5097\" data-end=\"5110\">V\u00fdhody<\/strong><\/h3>\n<ul data-start=\"5111\" data-end=\"5378\">\n<li data-start=\"5111\" data-end=\"5182\">\n<p data-start=\"5113\" data-end=\"5182\">Zaji\u0161\u0165uje <strong data-start=\"5124\" data-end=\"5179\">spolehliv\u00e9 a reprodukovateln\u00e9 v\u00fdsledky v\u00fdzkumu<\/strong>.<\/p>\n<\/li>\n<li data-start=\"5183\" data-end=\"5264\">\n<p data-start=\"5185\" data-end=\"5264\">Podporuje <strong data-start=\"5197\" data-end=\"5261\">v\u00fdzkum serotoninov\u00fdch receptor\u016f a analog\u016f lysergamidu<\/strong>.<\/p>\n<\/li>\n<li data-start=\"5265\" data-end=\"5318\">\n<p data-start=\"5267\" data-end=\"5318\"><strong data-start=\"5267\" data-end=\"5293\">Vylep\u0161en\u00e1 stabilita<\/strong> a dlouhou trvanlivost.<\/p>\n<\/li>\n<li data-start=\"5319\" data-end=\"5378\">\n<p data-start=\"5321\" data-end=\"5378\"><strong data-start=\"5321\" data-end=\"5350\">Vynikaj\u00edc\u00ed rozpustnost<\/strong> pro analytick\u00e9 studie.<\/p>\n<\/li>\n<\/ul>\n<hr data-start=\"5380\" data-end=\"5383\" \/>\n<h3 data-start=\"5385\" data-end=\"5400\"><strong data-start=\"5389\" data-end=\"5400\">Pou\u017e\u00edv\u00e1n\u00ed<\/strong><\/h3>\n<ul data-start=\"5401\" data-end=\"5681\">\n<li data-start=\"5401\" data-end=\"5471\">\n<p data-start=\"5403\" data-end=\"5471\">Pouze k pou\u017eit\u00ed <strong data-start=\"5428\" data-end=\"5468\">kvalifikovan\u00fd laboratorn\u00ed person\u00e1l<\/strong>.<\/p>\n<\/li>\n<li data-start=\"5472\" data-end=\"5557\">\n<p data-start=\"5474\" data-end=\"5557\">Noste vhodn\u00e9 <strong data-start=\"5490\" data-end=\"5514\">ochrann\u00e9 vybaven\u00ed<\/strong> (rukavice, ochrann\u00e9 br\u00fdle, maska).<\/p>\n<\/li>\n<li data-start=\"5558\" data-end=\"5622\">\n<p data-start=\"5560\" data-end=\"5622\">U\u0161et\u0159ete na <strong data-start=\"5575\" data-end=\"5609\">chladn\u00e9m, such\u00e9m a tmav\u00e9m m\u00edst\u011b<\/strong> (15\u201325 \u00b0C).<\/p>\n<\/li>\n<li data-start=\"5623\" data-end=\"5681\">\n<p data-start=\"5625\" data-end=\"5681\">Nen\u00ed vhodn\u00e9 pro lidskou ani zv\u00ed\u0159ec\u00ed spot\u0159ebu.<\/p>\n<\/li>\n<\/ul>\n<hr data-start=\"5683\" data-end=\"5686\" \/>\n<h3 data-start=\"5688\" data-end=\"5723\"><strong data-start=\"5692\" data-end=\"5723\">\u010casto kladen\u00e9 ot\u00e1zky (FAQ)<\/strong><\/h3>\n<p data-start=\"5725\" data-end=\"5908\"><strong data-start=\"5725\" data-end=\"5771\">1. K \u010demu se pou\u017e\u00edv\u00e1 L-vinan LSZ?<\/strong><br data-start=\"5771\" data-end=\"5774\" \/>L-vinan LSZ se pou\u017e\u00edv\u00e1 pro <strong data-start=\"5809\" data-end=\"5854\">farmakologick\u00fd a neurochemick\u00fd v\u00fdzkum<\/strong> na serotoninov\u00e9 receptory a analogy lysergamidu.<\/p>\n<p data-start=\"5910\" data-end=\"6087\"><strong data-start=\"5910\" data-end=\"5965\">2. Je L-vinan LSZ bezpe\u010dn\u00fd pro lidsk\u00e9 pou\u017eit\u00ed?<\/strong><br data-start=\"5965\" data-end=\"5968\" \/>Ne. Tento produkt je <strong data-start=\"5988\" data-end=\"6037\">ur\u010den\u00e9 pouze pro v\u00fdzkumn\u00e9 \u00fa\u010dely<\/strong> a nen\u00ed schv\u00e1leno pro lidskou spot\u0159ebu.<\/p>\n<p data-start=\"6089\" data-end=\"6249\"><strong data-start=\"6089\" data-end=\"6135\">3. Jak by se m\u011bl skladovat L-vinan LSZ?<\/strong><br data-start=\"6135\" data-end=\"6138\" \/>Skladujte v <strong data-start=\"6153\" data-end=\"6183\">dob\u0159e uzav\u0159en\u00e9 balen\u00ed<\/strong> na <strong data-start=\"6191\" data-end=\"6214\">chladn\u00e9m a such\u00e9m m\u00edst\u011b<\/strong>, chr\u00e1n\u011bno p\u0159ed sv\u011btlem a vlhkost\u00ed.<\/p>\n<p><span dir=\"auto\" style=\"vertical-align: inherit;\"><span dir=\"auto\" style=\"vertical-align: inherit;\">. <\/span><\/span><a href=\"https:\/\/researchchemicalhub.com\/cs\/nakupovat\/iboga-ibogain\/kura-korene-ibogy\/\"><span dir=\"auto\" style=\"vertical-align: inherit;\"><span dir=\"auto\" style=\"vertical-align: inherit;\">K\u016fra ko\u0159ene ibogy<\/span><\/span><\/a><a href=\"https:\/\/researchchemicalhub.com\/cs\/nakupovat\/iboga-ibogain\/koupit-ibogain-hydrochlorid-online\/\"><span dir=\"auto\" style=\"vertical-align: inherit;\"><span dir=\"auto\" style=\"vertical-align: inherit;\">koupit ibogain hydrochlorid online<\/span><\/span><\/a><a href=\"https:\/\/researchchemicalhub.com\/cs\/nakupovat\/lysergamidy\/1cp-lsd-150-mcg-2\/\"><span dir=\"auto\" style=\"vertical-align: inherit;\"><span dir=\"auto\" style=\"vertical-align: inherit;\">1cp LSD <\/span><\/span><\/a><a href=\"https:\/\/researchchemicalhub.com\/cs\/nakupovat\/pelety-2\/o-dsmt-50mg-pelety\/\"><span dir=\"auto\" style=\"vertical-align: inherit;\"><span dir=\"auto\" style=\"vertical-align: inherit;\">o-dsmt <\/span><\/span><\/a><a href=\"https:\/\/researchchemicalhub.com\/cs\/nakupovat\/lysergamidy\/1v-lsd-150-mcg-pijavice\/\"><span dir=\"auto\" style=\"vertical-align: inherit;\"><span dir=\"auto\" style=\"vertical-align: inherit;\">1vlsd<\/span><\/span><\/a><\/p>","protected":false},"excerpt":{"rendered":"<h3><span style=\"vertical-align: inherit;\"><span style=\"vertical-align: inherit;\"><span dir=\"auto\" style=\"vertical-align: inherit;\"><span dir=\"auto\" style=\"vertical-align: inherit;\">Vlastnosti L-vinanu LSZ<\/span><\/span><\/span><\/span><\/h3>\n<p><strong><span style=\"vertical-align: inherit;\"><span style=\"vertical-align: inherit;\"><span dir=\"auto\" style=\"vertical-align: inherit;\"><span dir=\"auto\" style=\"vertical-align: inherit;\">Synonymum:<\/span><\/span><\/span><\/span><\/strong><span style=\"vertical-align: inherit;\"><span style=\"vertical-align: inherit;\"><span dir=\"auto\" style=\"vertical-align: inherit;\"><span dir=\"auto\" style=\"vertical-align: inherit;\"> 2,4-dimethylazetidid hemi-L-tartr\u00e1t kyseliny lysergov\u00e9 <\/span><\/span><\/span><\/span><br \/>\n<strong><span style=\"vertical-align: inherit;\"><span style=\"vertical-align: inherit;\"><span dir=\"auto\" style=\"vertical-align: inherit;\"><span dir=\"auto\" style=\"vertical-align: inherit;\">\u010c\u00edslo CAS:<\/span><\/span><\/span><\/span><\/strong><span style=\"vertical-align: inherit;\"><span style=\"vertical-align: inherit;\"><span dir=\"auto\" style=\"vertical-align: inherit;\"><span dir=\"auto\" style=\"vertical-align: inherit;\"> 470666-32-1 <\/span><\/span><\/span><\/span><br \/>\n<strong><span style=\"vertical-align: inherit;\"><span style=\"vertical-align: inherit;\"><span dir=\"auto\" style=\"vertical-align: inherit;\"><span dir=\"auto\" style=\"vertical-align: inherit;\">Vzorec:<\/span><\/span><\/span><\/span><\/strong><span style=\"vertical-align: inherit;\"><span style=\"vertical-align: inherit;\"><span dir=\"auto\" style=\"vertical-align: inherit;\"><span dir=\"auto\" style=\"vertical-align: inherit;\"> ((2S,4S)-2,4-dimethylazetidin-1-yl+*(8p)-6-methyl-9,10-didehydroergolin-8-yl+methanon <\/span><\/span><\/span><\/span><br \/>\n<strong><span style=\"vertical-align: inherit;\"><span style=\"vertical-align: inherit;\"><span dir=\"auto\" style=\"vertical-align: inherit;\"><span dir=\"auto\" style=\"vertical-align: inherit;\">Mol\u00e1rn\u00ed hmotnost:<\/span><\/span><\/span><\/span><\/strong><span style=\"vertical-align: inherit;\"><span style=\"vertical-align: inherit;\"><span dir=\"auto\" style=\"vertical-align: inherit;\"><span dir=\"auto\" style=\"vertical-align: inherit;\"> 410,5 g\/mol <\/span><\/span><\/span><\/span><br \/>\n<strong><span style=\"vertical-align: inherit;\"><span style=\"vertical-align: inherit;\"><span dir=\"auto\" style=\"vertical-align: inherit;\"><span dir=\"auto\" style=\"vertical-align: inherit;\">\u010cistota:<\/span><\/span><\/span><\/span><\/strong><span style=\"vertical-align: inherit;\"><span style=\"vertical-align: inherit;\"><span dir=\"auto\" style=\"vertical-align: inherit;\"><span dir=\"auto\" style=\"vertical-align: inherit;\"> &gt;97%<\/span><\/span><\/span><\/span><\/p>","protected":false},"featured_media":20489,"comment_status":"closed","ping_status":"closed","template":"","meta":[],"product_brand":[82],"product_cat":[366,358],"product_tag":[775,326],"class_list":{"0":"post-23573","1":"product","2":"type-product","3":"status-publish","4":"has-post-thumbnail","6":"product_brand-research-chemical","7":"product_cat-lsz","8":"product_cat-lysergamides","9":"product_tag-lsz","10":"product_tag-nl","12":"first","13":"instock","14":"taxable","15":"shipping-taxable","16":"purchasable","17":"product-type-variable"},"_links":{"self":[{"href":"https:\/\/researchchemicalhub.com\/cs\/wp-json\/wp\/v2\/product\/23573","targetHints":{"allow":["GET"]}}],"collection":[{"href":"https:\/\/researchchemicalhub.com\/cs\/wp-json\/wp\/v2\/product"}],"about":[{"href":"https:\/\/researchchemicalhub.com\/cs\/wp-json\/wp\/v2\/types\/product"}],"replies":[{"embeddable":true,"href":"https:\/\/researchchemicalhub.com\/cs\/wp-json\/wp\/v2\/comments?post=23573"}],"version-history":[{"count":5,"href":"https:\/\/researchchemicalhub.com\/cs\/wp-json\/wp\/v2\/product\/23573\/revisions"}],"predecessor-version":[{"id":28011,"href":"https:\/\/researchchemicalhub.com\/cs\/wp-json\/wp\/v2\/product\/23573\/revisions\/28011"}],"wp:featuredmedia":[{"embeddable":true,"href":"https:\/\/researchchemicalhub.com\/cs\/wp-json\/wp\/v2\/media\/20489"}],"wp:attachment":[{"href":"https:\/\/researchchemicalhub.com\/cs\/wp-json\/wp\/v2\/media?parent=23573"}],"wp:term":[{"taxonomy":"product_brand","embeddable":true,"href":"https:\/\/researchchemicalhub.com\/cs\/wp-json\/wp\/v2\/product_brand?post=23573"},{"taxonomy":"product_cat","embeddable":true,"href":"https:\/\/researchchemicalhub.com\/cs\/wp-json\/wp\/v2\/product_cat?post=23573"},{"taxonomy":"product_tag","embeddable":true,"href":"https:\/\/researchchemicalhub.com\/cs\/wp-json\/wp\/v2\/product_tag?post=23573"}],"curies":[{"name":"wp","href":"https:\/\/api.w.org\/{rel}","templated":true}]}}