{"id":23542,"date":"2025-04-13T17:39:57","date_gmt":"2025-04-13T17:39:57","guid":{"rendered":"https:\/\/researchchemicalhub.com\/?post_type=product&#038;p=23542"},"modified":"2025-10-19T15:41:30","modified_gmt":"2025-10-19T15:41:30","slug":"4-ho-mipt-fumarat-2","status":"publish","type":"product","link":"https:\/\/researchchemicalhub.com\/cs\/nakupovat\/mipt\/4-ho-mipt-fumarat-2\/","title":{"rendered":"MiPT fumar\u00e1t (N-methyl-N-isopropyltryptamin)"},"content":{"rendered":"<h1><strong><span dir=\"auto\" style=\"vertical-align: inherit;\"><span dir=\"auto\" style=\"vertical-align: inherit;\">MiPT fumar\u00e1t \u2013 N-methyl-N-isopropyltryptamin, v\u00fdzkumn\u00e1 l\u00e1tka s HPLC ov\u011b\u0159enou \u010distotou<\/span><\/span><\/strong><\/h1>\n<p data-start=\"3772\" data-end=\"3958\"><strong data-start=\"3772\" data-end=\"3822\">MiPT fumar\u00e1t (N-methyl-N-isopropyltryptamin)<\/strong> je a <strong data-start=\"3830\" data-end=\"3872\">vysoce \u010dist\u00e1 v\u00fdzkumn\u00e1 slou\u010denina<\/strong>, vyvinut\u00fd pro <strong data-start=\"3890\" data-end=\"3955\">neurov\u011bdeck\u00fd, farmakologick\u00fd a analytick\u00fd v\u00fdzkum<\/strong>4-ho-mipt-fumar\u00e1t<\/p>\n<p data-start=\"3960\" data-end=\"4167\">MiPT pat\u0159\u00ed do <strong data-start=\"3980\" data-end=\"4000\">t\u0159\u00edda tryptaminu<\/strong>, souvisej\u00edc\u00ed s <strong data-start=\"4014\" data-end=\"4021\">DMT<\/strong> a <strong data-start=\"4025\" data-end=\"4032\">Z<\/strong>a je \u010dasto vy\u0161et\u0159ov\u00e1n v souvislosti s <strong data-start=\"4074\" data-end=\"4118\">serotoninov\u00e9 receptory (5-HT2A a 5-HT1A)<\/strong> a <strong data-start=\"4122\" data-end=\"4164\">vztahy mezi strukturou a aktivitou (SAR)<\/strong>.<\/p>\n<p data-start=\"4169\" data-end=\"4359\">The <strong data-start=\"4172\" data-end=\"4192\">forma fumar\u00e1tov\u00e9 soli<\/strong> nab\u00eddky <strong data-start=\"4199\" data-end=\"4253\">lep\u0161\u00ed stabilita, rozpustnost a snadn\u00e9 pou\u017eit\u00ed<\/strong>, co\u017e je nezbytn\u00e9 pro p\u0159esn\u00fd a dlouhodob\u00fd v\u00fdzkum v kontrolovan\u00fdch laboratorn\u00edch podm\u00ednk\u00e1ch.<\/p>\n<blockquote data-start=\"4361\" data-end=\"4512\">\n<p data-start=\"4363\" data-end=\"4512\">\u26a0\ufe0f <strong data-start=\"4366\" data-end=\"4377\">Pozn.:<\/strong> Tento produkt je <strong data-start=\"4393\" data-end=\"4448\">ur\u010den\u00e9 pouze pro v\u011bdeck\u00fd v\u00fdzkum<\/strong> a <strong data-start=\"4452\" data-end=\"4509\">nen\u00ed vhodn\u00e9 pro lidskou ani zv\u00ed\u0159ec\u00ed spot\u0159ebu<\/strong>.<\/p>\n<\/blockquote>\n<hr data-start=\"4514\" data-end=\"4517\" \/>\n<h3 data-start=\"4519\" data-end=\"4550\"><strong data-start=\"4523\" data-end=\"4550\">Kl\u00ed\u010dov\u00e9 vlastnosti<\/strong><\/h3>\n<ul data-start=\"4551\" data-end=\"4977\">\n<li data-start=\"4551\" data-end=\"4646\">\n<p data-start=\"4553\" data-end=\"4646\"><strong data-start=\"4553\" data-end=\"4579\">Vysok\u00e1 \u010distota (\u226599%)<\/strong> \u2013 Laboratorn\u011b testov\u00e1no na identitu a chemick\u00e9 slo\u017een\u00ed.<\/p>\n<\/li>\n<li data-start=\"4647\" data-end=\"4726\">\n<p data-start=\"4649\" data-end=\"4726\"><strong data-start=\"4649\" data-end=\"4678\">Stabiln\u00ed forma fumar\u00e1tov\u00e9 soli<\/strong> \u2013 Zvy\u0161uje trvanlivost a stabilitu p\u0159i skladov\u00e1n\u00ed.<\/p>\n<\/li>\n<li data-start=\"4727\" data-end=\"4814\">\n<p data-start=\"4729\" data-end=\"4814\"><strong data-start=\"4729\" data-end=\"4768\">Standard farmakologick\u00e9ho v\u00fdzkumu<\/strong> \u2013 Vhodn\u00e9 pro v\u00fdzkum receptor\u016f a SAR.<\/p>\n<\/li>\n<li data-start=\"4815\" data-end=\"4888\">\n<p data-start=\"4817\" data-end=\"4888\"><strong data-start=\"4817\" data-end=\"4842\">V\u00fdroba podobn\u00e1 GMP<\/strong> \u2013 Konzistentn\u00ed kvalita a spolehlivost.<\/p>\n<\/li>\n<li data-start=\"4889\" data-end=\"4977\">\n<p data-start=\"4891\" data-end=\"4977\"><strong data-start=\"4891\" data-end=\"4913\">Bezpe\u010dn\u00e9 balen\u00ed<\/strong> \u2013 Vzduchot\u011bsn\u00e9 a sv\u011btlu odoln\u00e9 balen\u00ed pro maxim\u00e1ln\u00ed ochranu.<\/p>\n<\/li>\n<\/ul>\n<hr data-start=\"4979\" data-end=\"4982\" \/>\n<h3 data-start=\"4984\" data-end=\"5001\"><strong data-start=\"4988\" data-end=\"5001\">V\u00fdhody<\/strong><\/h3>\n<ul data-start=\"5002\" data-end=\"5287\">\n<li data-start=\"5002\" data-end=\"5082\">\n<p data-start=\"5004\" data-end=\"5082\">Podporuje <strong data-start=\"5016\" data-end=\"5079\">v\u00fdzkum serotoninov\u00fdch receptor\u016f a analog\u016f tryptaminu<\/strong>.<\/p>\n<\/li>\n<li data-start=\"5083\" data-end=\"5159\">\n<p data-start=\"5085\" data-end=\"5159\"><strong data-start=\"5085\" data-end=\"5130\">P\u0159esn\u00e9 a reprodukovateln\u00e9 v\u00fdsledky<\/strong> v laboratorn\u00edch testech. 4-ho-mipt-fumar\u00e1t<\/p>\n<\/li>\n<li data-start=\"5160\" data-end=\"5215\">\n<p data-start=\"5162\" data-end=\"5215\"><strong data-start=\"5162\" data-end=\"5188\">Vylep\u0161en\u00e1 stabilita<\/strong> a del\u0161\u00ed trvanlivost.<\/p>\n<\/li>\n<li data-start=\"5216\" data-end=\"5287\">\n<p data-start=\"5218\" data-end=\"5287\">Ide\u00e1ln\u00ed pro <strong data-start=\"5230\" data-end=\"5284\">akademick\u00fd, farmakologick\u00fd a analytick\u00fd v\u00fdzkum<\/strong>.<\/p>\n<\/li>\n<\/ul>\n<hr data-start=\"5289\" data-end=\"5292\" \/>\n<h3 data-start=\"5294\" data-end=\"5309\"><strong data-start=\"5298\" data-end=\"5309\">Pou\u017e\u00edv\u00e1n\u00ed<\/strong><\/h3>\n<ul data-start=\"5310\" data-end=\"5581\">\n<li data-start=\"5310\" data-end=\"5380\">\n<p data-start=\"5312\" data-end=\"5380\">Pouze k pou\u017eit\u00ed <strong data-start=\"5337\" data-end=\"5377\">kvalifikovan\u00fd laboratorn\u00ed person\u00e1l<\/strong>.<\/p>\n<\/li>\n<li data-start=\"5381\" data-end=\"5457\">\n<p data-start=\"5383\" data-end=\"5457\">Pou\u017eijte vhodn\u00e9 <strong data-start=\"5401\" data-end=\"5425\">ochrann\u00e9 vybaven\u00ed<\/strong> (rukavice, ochrann\u00e9 br\u00fdle, laboratorn\u00ed pl\u00e1\u0161\u0165).<\/p>\n<\/li>\n<li data-start=\"5458\" data-end=\"5522\">\n<p data-start=\"5460\" data-end=\"5522\">U\u0161et\u0159ete na <strong data-start=\"5475\" data-end=\"5509\">chladn\u00e9m, such\u00e9m a tmav\u00e9m m\u00edst\u011b<\/strong> (15\u201325 \u00b0C).<\/p>\n<\/li>\n<li data-start=\"5523\" data-end=\"5581\">\n<p data-start=\"5525\" data-end=\"5581\">Nen\u00ed vhodn\u00e9 pro lidskou ani zv\u00ed\u0159ec\u00ed spot\u0159ebu.<\/p>\n<\/li>\n<\/ul>\n<hr data-start=\"5583\" data-end=\"5586\" \/>\n<h3 data-start=\"5588\" data-end=\"5623\"><strong data-start=\"5592\" data-end=\"5623\">\u010casto kladen\u00e9 ot\u00e1zky (FAQ)<\/strong><\/h3>\n<p data-start=\"5625\" data-end=\"5811\"><strong data-start=\"5625\" data-end=\"5670\">1. K \u010demu se pou\u017e\u00edv\u00e1 MiPT fumar\u00e1t?<\/strong><br data-start=\"5670\" data-end=\"5673\" \/>MiPT fumar\u00e1t se pou\u017e\u00edv\u00e1 v <strong data-start=\"5705\" data-end=\"5758\">neurov\u011bdeck\u00fd a farmakologick\u00fd v\u00fdzkum<\/strong> na tryptaminov\u00e9 analogy a serotoninov\u00e9 receptory.<\/p>\n<p data-start=\"5813\" data-end=\"5989\"><strong data-start=\"5813\" data-end=\"5867\">2. Je MiPT fumar\u00e1t bezpe\u010dn\u00fd pro lidsk\u00e9 pou\u017eit\u00ed?<\/strong><br data-start=\"5867\" data-end=\"5870\" \/>Ne. Tento produkt je <strong data-start=\"5890\" data-end=\"5939\">ur\u010den\u00e9 pouze pro v\u00fdzkumn\u00e9 \u00fa\u010dely<\/strong> a nen\u00ed schv\u00e1leno pro lidskou spot\u0159ebu.<\/p>\n<p data-start=\"5991\" data-end=\"6165\"><strong data-start=\"5991\" data-end=\"6036\">3. Jak by se m\u011bl p\u0159\u00edpravek MiPT Fumar\u00e1t uchov\u00e1vat?<\/strong><br data-start=\"6036\" data-end=\"6039\" \/>Skladujte v <strong data-start=\"6054\" data-end=\"6084\">dob\u0159e uzav\u0159en\u00e9 balen\u00ed<\/strong> p\u0159i pokojov\u00e9 teplot\u011b (15\u201325 \u00b0C), chr\u00e1n\u011bno p\u0159ed vlhkost\u00ed, teplem a p\u0159\u00edm\u00fdm sv\u011btlem.<\/p>","protected":false},"excerpt":{"rendered":"<h3><span dir=\"auto\" style=\"vertical-align: inherit;\"><span dir=\"auto\" style=\"vertical-align: inherit;\">MiPT fumarate properties<\/span><\/span><\/h3>\n<p><strong><span dir=\"auto\" style=\"vertical-align: inherit;\"><span dir=\"auto\" style=\"vertical-align: inherit;\">Synonym:<\/span><\/span><\/strong><span dir=\"auto\" style=\"vertical-align: inherit;\"><span dir=\"auto\" style=\"vertical-align: inherit;\"> N-methyl-N-isopropyltryptamine fumarate <\/span><\/span><br \/>\n<strong><span dir=\"auto\" style=\"vertical-align: inherit;\"><span dir=\"auto\" style=\"vertical-align: inherit;\">CAS Number:<\/span><\/span><\/strong><span dir=\"auto\" style=\"vertical-align: inherit;\"><span dir=\"auto\" style=\"vertical-align: inherit;\"> 96096-52-5 <\/span><\/span><br \/>\n<strong><span dir=\"auto\" style=\"vertical-align: inherit;\"><span dir=\"auto\" style=\"vertical-align: inherit;\">Formula:<\/span><\/span><\/strong><span dir=\"auto\" style=\"vertical-align: inherit;\"><span dir=\"auto\" style=\"vertical-align: inherit;\"> 3-[2-(methyl(isopropyl)amino)ethyl]-1H-indole fumarate <\/span><\/span><br \/>\n<strong><span dir=\"auto\" style=\"vertical-align: inherit;\"><span dir=\"auto\" style=\"vertical-align: inherit;\">Molar mass:<\/span><\/span><\/strong><span dir=\"auto\" style=\"vertical-align: inherit;\"><span dir=\"auto\" style=\"vertical-align: inherit;\"> 332.4 g\/mol <\/span><\/span><br \/>\n<strong><span dir=\"auto\" style=\"vertical-align: inherit;\"><span dir=\"auto\" style=\"vertical-align: inherit;\">Purity:<\/span><\/span><\/strong><span dir=\"auto\" style=\"vertical-align: inherit;\"><span dir=\"auto\" style=\"vertical-align: inherit;\"> &gt;97%<\/span><\/span><\/p>\n","protected":false},"featured_media":20442,"comment_status":"closed","ping_status":"closed","template":"","meta":[],"product_brand":[],"product_cat":[507,381],"product_tag":[1156,1157,326],"class_list":{"0":"post-23542","1":"product","2":"type-product","3":"status-publish","4":"has-post-thumbnail","6":"product_cat-mipt","7":"product_cat-tryptamines","8":"product_tag-4-ho-mipt-fumarate","9":"product_tag-4-ho-mipt-fumarate-kopen","10":"product_tag-nl","12":"first","13":"instock","14":"taxable","15":"shipping-taxable","16":"purchasable","17":"product-type-variable"},"_links":{"self":[{"href":"https:\/\/researchchemicalhub.com\/cs\/wp-json\/wp\/v2\/product\/23542","targetHints":{"allow":["GET"]}}],"collection":[{"href":"https:\/\/researchchemicalhub.com\/cs\/wp-json\/wp\/v2\/product"}],"about":[{"href":"https:\/\/researchchemicalhub.com\/cs\/wp-json\/wp\/v2\/types\/product"}],"replies":[{"embeddable":true,"href":"https:\/\/researchchemicalhub.com\/cs\/wp-json\/wp\/v2\/comments?post=23542"}],"version-history":[{"count":4,"href":"https:\/\/researchchemicalhub.com\/cs\/wp-json\/wp\/v2\/product\/23542\/revisions"}],"predecessor-version":[{"id":28019,"href":"https:\/\/researchchemicalhub.com\/cs\/wp-json\/wp\/v2\/product\/23542\/revisions\/28019"}],"wp:featuredmedia":[{"embeddable":true,"href":"https:\/\/researchchemicalhub.com\/cs\/wp-json\/wp\/v2\/media\/20442"}],"wp:attachment":[{"href":"https:\/\/researchchemicalhub.com\/cs\/wp-json\/wp\/v2\/media?parent=23542"}],"wp:term":[{"taxonomy":"product_brand","embeddable":true,"href":"https:\/\/researchchemicalhub.com\/cs\/wp-json\/wp\/v2\/product_brand?post=23542"},{"taxonomy":"product_cat","embeddable":true,"href":"https:\/\/researchchemicalhub.com\/cs\/wp-json\/wp\/v2\/product_cat?post=23542"},{"taxonomy":"product_tag","embeddable":true,"href":"https:\/\/researchchemicalhub.com\/cs\/wp-json\/wp\/v2\/product_tag?post=23542"}],"curies":[{"name":"wp","href":"https:\/\/api.w.org\/{rel}","templated":true}]}}