{"id":23521,"date":"2025-04-13T17:39:53","date_gmt":"2025-04-13T17:39:53","guid":{"rendered":"https:\/\/researchchemicalhub.com\/?post_type=product&#038;p=23521"},"modified":"2025-10-19T20:26:41","modified_gmt":"2025-10-19T20:26:41","slug":"fumarat-dip","status":"publish","type":"product","link":"https:\/\/researchchemicalhub.com\/cs\/nakupovat\/dipy\/fumarat-dip\/","title":{"rendered":"DiPT fumar\u00e1t (N,N-diisopropyltryptamin)"},"content":{"rendered":"<h1><strong>DiPT fumar\u00e1t \u2013 N,N-diisopropyltryptamin v\u00fdzkumn\u00e9 \u010distoty<\/strong><\/h1>\n<p data-start=\"3972\" data-end=\"4152\"><strong data-start=\"3972\" data-end=\"4017\">DiPT fumar\u00e1t (N,N-diisopropyltryptamin)<\/strong> je a <strong data-start=\"4025\" data-end=\"4067\">vysoce \u010dist\u00e1 v\u00fdzkumn\u00e1 slou\u010denina<\/strong>, ur\u010den\u00fd pro <strong data-start=\"4084\" data-end=\"4149\">neurov\u011bdeck\u00fd, farmakologick\u00fd a analytick\u00fd v\u00fdzkum<\/strong>. <span class=\"___SBox_epc1q-ko_ ___SText_zko9t-ko_\" data-ui-name=\"Link.Text\">fumar\u00e1t dip<\/span><\/p>\n<p data-start=\"4154\" data-end=\"4506\">Li <strong data-start=\"4158\" data-end=\"4231\">diisopropyl-substituovan\u00fd analog DMT (N,N-dimethyltryptamin)<\/strong> Pat\u0159\u00ed DiPT k <strong data-start=\"4252\" data-end=\"4272\">t\u0159\u00edda tryptaminu<\/strong> a je kv\u016fli tomu vy\u0161et\u0159ov\u00e1n <strong data-start=\"4310\" data-end=\"4368\">aktivita serotoninov\u00fdch receptor\u016f (5-HT2A, 5-HT2C, 5-HT1A)<\/strong>D\u00edky tomu je to d\u016fle\u017eit\u00e9 spojen\u00ed pro <strong data-start=\"4418\" data-end=\"4459\">vztah mezi strukturou a aktivitou (SAR)<\/strong>- zkoumat <strong data-start=\"4473\" data-end=\"4503\">studie vazebn\u00e9 afinity<\/strong>.<\/p>\n<p data-start=\"4508\" data-end=\"4687\">The <strong data-start=\"4511\" data-end=\"4531\">forma fumar\u00e1tov\u00e9 soli<\/strong> zaji\u0161\u0165uje <strong data-start=\"4543\" data-end=\"4606\">lep\u0161\u00ed chemick\u00e1 stabilita, rozpustnost a trvanlivost<\/strong>, co\u017e je nezbytn\u00e9 pro p\u0159esn\u00e9 laboratorn\u00ed testov\u00e1n\u00ed a dlouhodob\u00e9 skladov\u00e1n\u00ed.<\/p>\n<blockquote data-start=\"4689\" data-end=\"4840\">\n<p data-start=\"4691\" data-end=\"4840\">\u26a0\ufe0f <strong data-start=\"4694\" data-end=\"4705\">Pozn.:<\/strong> Tento produkt je <strong data-start=\"4721\" data-end=\"4776\">ur\u010den\u00e9 pouze pro v\u011bdeck\u00fd v\u00fdzkum<\/strong> a <strong data-start=\"4780\" data-end=\"4837\">nen\u00ed vhodn\u00e9 pro lidskou ani zv\u00ed\u0159ec\u00ed spot\u0159ebu<\/strong>.<\/p>\n<\/blockquote>\n<hr data-start=\"4842\" data-end=\"4845\" \/>\n<h3 data-start=\"4847\" data-end=\"4878\"><strong data-start=\"4851\" data-end=\"4878\">Kl\u00ed\u010dov\u00e9 vlastnosti<\/strong><\/h3>\n<ul data-start=\"4879\" data-end=\"5290\">\n<li data-start=\"4879\" data-end=\"4954\">\n<p data-start=\"4881\" data-end=\"4954\"><strong data-start=\"4881\" data-end=\"4907\">Vysok\u00e1 \u010distota (\u226599%)<\/strong> \u2013 Ov\u011b\u0159eno pomoc\u00ed HPLC, NMR a MS anal\u00fdzy.<\/p>\n<\/li>\n<li data-start=\"4955\" data-end=\"5028\">\n<p data-start=\"4957\" data-end=\"5028\"><strong data-start=\"4957\" data-end=\"4986\">Stabiln\u00ed forma fumar\u00e1tov\u00e9 soli<\/strong> \u2013 Zvy\u0161uje trvanlivost a stabilitu.<\/p>\n<\/li>\n<li data-start=\"5029\" data-end=\"5116\">\n<p data-start=\"5031\" data-end=\"5116\"><strong data-start=\"5031\" data-end=\"5070\">Standard farmakologick\u00e9ho v\u00fdzkumu<\/strong> \u2013 Vhodn\u00e9 pro v\u00fdzkum receptor\u016f a SAR.<\/p>\n<\/li>\n<li data-start=\"5117\" data-end=\"5194\">\n<p data-start=\"5119\" data-end=\"5194\"><strong data-start=\"5119\" data-end=\"5144\">V\u00fdroba podobn\u00e1 GMP<\/strong> \u2013 Konzistentn\u00ed kvalita a reprodukovatelnost.<\/p>\n<\/li>\n<li data-start=\"5195\" data-end=\"5290\">\n<p data-start=\"5197\" data-end=\"5290\"><strong data-start=\"5197\" data-end=\"5219\">Bezpe\u010dn\u00e9 balen\u00ed<\/strong> \u2013 Vzduchot\u011bsn\u00e9 a sv\u011btlet\u011bsn\u00e9 balen\u00ed pro ochranu p\u0159ed degradac\u00ed.<\/p>\n<\/li>\n<\/ul>\n<hr data-start=\"5292\" data-end=\"5295\" \/>\n<h3 data-start=\"5297\" data-end=\"5314\"><strong data-start=\"5301\" data-end=\"5314\">V\u00fdhody<\/strong><\/h3>\n<ul data-start=\"5315\" data-end=\"5612\">\n<li data-start=\"5315\" data-end=\"5395\">\n<p data-start=\"5317\" data-end=\"5395\">Podporuje <strong data-start=\"5329\" data-end=\"5392\">v\u00fdzkum serotoninov\u00fdch receptor\u016f a analog\u016f tryptaminu<\/strong>.<\/p>\n<\/li>\n<li data-start=\"5396\" data-end=\"5456\">\n<p data-start=\"5398\" data-end=\"5456\"><strong data-start=\"5398\" data-end=\"5453\">P\u0159esn\u00e9 a reprodukovateln\u00e9 v\u00fdsledky v\u00fdzkumu<\/strong>.<\/p>\n<\/li>\n<li data-start=\"5457\" data-end=\"5538\">\n<p data-start=\"5459\" data-end=\"5538\"><strong data-start=\"5459\" data-end=\"5502\">Zlep\u0161en\u00e1 stabilita a rozpustnost<\/strong> ve srovn\u00e1n\u00ed s volnou b\u00e1z\u00ed.<\/p>\n<\/li>\n<li data-start=\"5539\" data-end=\"5612\">\n<p data-start=\"5541\" data-end=\"5612\">Vhodn\u00e9 pro <strong data-start=\"5555\" data-end=\"5609\">akademick\u00fd, farmakologick\u00fd a analytick\u00fd v\u00fdzkum<\/strong>.<\/p>\n<\/li>\n<\/ul>\n<hr data-start=\"5614\" data-end=\"5617\" \/>\n<h3 data-start=\"5619\" data-end=\"5634\"><strong data-start=\"5623\" data-end=\"5634\">Pou\u017e\u00edv\u00e1n\u00ed<\/strong><\/h3>\n<ul data-start=\"5635\" data-end=\"5906\">\n<li data-start=\"5635\" data-end=\"5705\">\n<p data-start=\"5637\" data-end=\"5705\">Pouze k pou\u017eit\u00ed <strong data-start=\"5662\" data-end=\"5702\">kvalifikovan\u00fd laboratorn\u00ed person\u00e1l<\/strong>.<\/p>\n<\/li>\n<li data-start=\"5706\" data-end=\"5782\">\n<p data-start=\"5708\" data-end=\"5782\">Pou\u017eijte vhodn\u00e9 <strong data-start=\"5726\" data-end=\"5750\">ochrann\u00e9 vybaven\u00ed<\/strong> (rukavice, ochrann\u00e9 br\u00fdle, laboratorn\u00ed pl\u00e1\u0161\u0165).<\/p>\n<\/li>\n<li data-start=\"5783\" data-end=\"5847\">\n<p data-start=\"5785\" data-end=\"5847\">U\u0161et\u0159ete na <strong data-start=\"5800\" data-end=\"5834\">chladn\u00e9m, such\u00e9m a tmav\u00e9m m\u00edst\u011b<\/strong> (15\u201325 \u00b0C).<\/p>\n<\/li>\n<li data-start=\"5848\" data-end=\"5906\">\n<p data-start=\"5850\" data-end=\"5906\">Nen\u00ed vhodn\u00e9 pro lidskou ani zv\u00ed\u0159ec\u00ed spot\u0159ebu.<\/p>\n<\/li>\n<\/ul>\n<hr data-start=\"5908\" data-end=\"5911\" \/>\n<h3 data-start=\"5913\" data-end=\"5948\"><strong data-start=\"5917\" data-end=\"5948\">\u010casto kladen\u00e9 ot\u00e1zky (FAQ)<\/strong><\/h3>\n<p data-start=\"5950\" data-end=\"6142\"><strong data-start=\"5950\" data-end=\"5995\">1. K \u010demu se pou\u017e\u00edv\u00e1 DiPT fumar\u00e1t?<\/strong><br data-start=\"5995\" data-end=\"5998\" \/>DiPT fumar\u00e1t se pou\u017e\u00edv\u00e1 k <strong data-start=\"6032\" data-end=\"6077\">farmakologick\u00fd a neurochemick\u00fd v\u00fdzkum<\/strong> na serotoninov\u00e9 receptory a strukturn\u00ed tryptaminov\u00e9 analogy.<\/p>\n<p data-start=\"6144\" data-end=\"6320\"><strong data-start=\"6144\" data-end=\"6198\">2. Je DiPT fumar\u00e1t bezpe\u010dn\u00fd pro lidsk\u00e9 pou\u017eit\u00ed?<\/strong><br data-start=\"6198\" data-end=\"6201\" \/>Ne. Tento produkt je <strong data-start=\"6221\" data-end=\"6270\">ur\u010den\u00e9 pouze pro v\u00fdzkumn\u00e9 \u00fa\u010dely<\/strong> a nen\u00ed schv\u00e1leno pro lidskou spot\u0159ebu.<\/p>\n<p data-start=\"6322\" data-end=\"6489\"><strong data-start=\"6322\" data-end=\"6367\">3. Jak by se m\u011bl DiPT fumar\u00e1t skladovat?<\/strong><br data-start=\"6367\" data-end=\"6370\" \/>Skladujte v <strong data-start=\"6385\" data-end=\"6415\">dob\u0159e uzav\u0159en\u00e9 balen\u00ed<\/strong> p\u0159i pokojov\u00e9 teplot\u011b (15\u201325 \u00b0C), chr\u00e1n\u011bno p\u0159ed vlhkost\u00ed, teplem a sv\u011btlem.<\/p>","protected":false},"excerpt":{"rendered":"<h3><span data-sheets-value=\"{\" data-sheets-userformat=\"{\"><span style=\"vertical-align: inherit;\"><span style=\"vertical-align: inherit;\">DiPT fumarate properties<\/span><\/span><\/span><\/h3>\n<p><strong><span style=\"vertical-align: inherit;\"><span style=\"vertical-align: inherit;\">Synonym:<\/span><\/span><\/strong><span style=\"vertical-align: inherit;\"><span style=\"vertical-align: inherit;\"> N,N-diisopropyltryptamine fumarate <\/span><\/span><br \/>\n<strong><span style=\"vertical-align: inherit;\"><span style=\"vertical-align: inherit;\">CAS Number:<\/span><\/span><\/strong><span style=\"vertical-align: inherit;\"><span style=\"vertical-align: inherit;\"> 14780-24-6 <\/span><\/span><br \/>\n<strong><span style=\"vertical-align: inherit;\"><span style=\"vertical-align: inherit;\">Formula:<\/span><\/span><\/strong><span style=\"vertical-align: inherit;\"><span style=\"vertical-align: inherit;\"> 3-[2-(diisopropylamino)ethyl]-1H-indole fumarate <\/span><\/span><br \/>\n<strong><span style=\"vertical-align: inherit;\"><span style=\"vertical-align: inherit;\">Molar Mass:<\/span><\/span><\/strong><span style=\"vertical-align: inherit;\"><span style=\"vertical-align: inherit;\"> 360.5 g\/mol <\/span><\/span><br \/>\n<strong><span style=\"vertical-align: inherit;\"><span style=\"vertical-align: inherit;\">Purity:<\/span><\/span><\/strong><span style=\"vertical-align: inherit;\"><span style=\"vertical-align: inherit;\"> &gt;97%<\/span><\/span><\/p>\n","protected":false},"featured_media":20404,"comment_status":"closed","ping_status":"closed","template":"","meta":[],"product_brand":[],"product_cat":[510,381],"product_tag":[1171,1172,326],"class_list":{"0":"post-23521","1":"product","2":"type-product","3":"status-publish","4":"has-post-thumbnail","6":"product_cat-dipt","7":"product_cat-tryptamines","8":"product_tag-dipt-fumarate","9":"product_tag-dipt-fumarate-kopen","10":"product_tag-nl","12":"first","13":"instock","14":"taxable","15":"shipping-taxable","16":"purchasable","17":"product-type-variable"},"_links":{"self":[{"href":"https:\/\/researchchemicalhub.com\/cs\/wp-json\/wp\/v2\/product\/23521","targetHints":{"allow":["GET"]}}],"collection":[{"href":"https:\/\/researchchemicalhub.com\/cs\/wp-json\/wp\/v2\/product"}],"about":[{"href":"https:\/\/researchchemicalhub.com\/cs\/wp-json\/wp\/v2\/types\/product"}],"replies":[{"embeddable":true,"href":"https:\/\/researchchemicalhub.com\/cs\/wp-json\/wp\/v2\/comments?post=23521"}],"version-history":[{"count":4,"href":"https:\/\/researchchemicalhub.com\/cs\/wp-json\/wp\/v2\/product\/23521\/revisions"}],"predecessor-version":[{"id":28031,"href":"https:\/\/researchchemicalhub.com\/cs\/wp-json\/wp\/v2\/product\/23521\/revisions\/28031"}],"wp:featuredmedia":[{"embeddable":true,"href":"https:\/\/researchchemicalhub.com\/cs\/wp-json\/wp\/v2\/media\/20404"}],"wp:attachment":[{"href":"https:\/\/researchchemicalhub.com\/cs\/wp-json\/wp\/v2\/media?parent=23521"}],"wp:term":[{"taxonomy":"product_brand","embeddable":true,"href":"https:\/\/researchchemicalhub.com\/cs\/wp-json\/wp\/v2\/product_brand?post=23521"},{"taxonomy":"product_cat","embeddable":true,"href":"https:\/\/researchchemicalhub.com\/cs\/wp-json\/wp\/v2\/product_cat?post=23521"},{"taxonomy":"product_tag","embeddable":true,"href":"https:\/\/researchchemicalhub.com\/cs\/wp-json\/wp\/v2\/product_tag?post=23521"}],"curies":[{"name":"wp","href":"https:\/\/api.w.org\/{rel}","templated":true}]}}