{"id":23119,"date":"2025-04-13T17:39:11","date_gmt":"2025-04-13T17:39:11","guid":{"rendered":"https:\/\/researchchemicalhub.com\/?post_type=product&#038;p=23119"},"modified":"2025-10-30T12:36:06","modified_gmt":"2025-10-30T12:36:06","slug":"4-cmc-4-chloromethcathinone","status":"publish","type":"product","link":"https:\/\/researchchemicalhub.com\/cs\/shop\/verboden\/4-cmc-4-chloromethcathinone\/","title":{"rendered":"4-CMC (4-Chlormethcathinone)"},"content":{"rendered":"<h1>4 CMC (4-chlormethcathinon) \u2013 v\u00fdzkumn\u00e1 chemick\u00e1 slou\u010denina kathinonu<\/h1>\n<p data-start=\"7438\" data-end=\"7731\"><strong data-start=\"7438\" data-end=\"7447\">4-CMC<\/strong>, nebo <strong data-start=\"7452\" data-end=\"7476\">4-Chlormethcathinon<\/strong>, je <strong data-start=\"7485\" data-end=\"7519\">syntetick\u00fd stimulant<\/strong> z <strong data-start=\"7527\" data-end=\"7545\">t\u0159\u00edda kathinon\u016f<\/strong>, souvisej\u00edc\u00ed s <strong data-start=\"7559\" data-end=\"7573\">mefedron<\/strong> a <strong data-start=\"7577\" data-end=\"7586\">3-CMC<\/strong>4 cm\u00b3<br data-start=\"7587\" data-end=\"7590\" \/>Obsahuje <strong data-start=\"7604\" data-end=\"7641\">substituce chlorem v poloze 4<\/strong> fenylov\u00e9ho kruhu a je zkoum\u00e1n v r\u00e1mci <strong data-start=\"7686\" data-end=\"7728\">forenzn\u00ed a analytick\u00e9 laborato\u0159e<\/strong>4 cm\u00b3<\/p>\n<p data-start=\"7733\" data-end=\"7844\">4-CMC m\u00e1 <strong data-start=\"7745\" data-end=\"7773\">\u017e\u00e1dn\u00e9 l\u00e9ka\u0159sk\u00e9 vyu\u017eit\u00ed<\/strong> a je zkoum\u00e1na pouze na <strong data-start=\"7811\" data-end=\"7843\">v\u011bdeck\u00e9 \u00fa\u010dely<\/strong>.<\/p>\n<hr data-start=\"7846\" data-end=\"7849\" \/>\n<h2 data-start=\"7851\" data-end=\"7898\"><strong data-start=\"7854\" data-end=\"7898\">Chemick\u00e9 a farmakologick\u00e9 pozad\u00ed<\/strong><\/h2>\n<p data-start=\"7900\" data-end=\"7925\"><strong data-start=\"7900\" data-end=\"7925\">D\u016fle\u017eit\u00e9 informace:<\/strong><\/p>\n<ul data-start=\"7926\" data-end=\"8206\">\n<li data-start=\"7926\" data-end=\"7990\">\n<p data-start=\"7928\" data-end=\"7990\"><strong data-start=\"7928\" data-end=\"7943\">N\u00e1zev IUPAC:<\/strong> 1-(4-chlorfenyl)-2-(methylamino)propan-1-on<\/p>\n<\/li>\n<li data-start=\"7991\" data-end=\"8026\">\n<p data-start=\"7993\" data-end=\"8026\"><strong data-start=\"7993\" data-end=\"8013\">Molekul\u00e1rn\u00ed vzorec:<\/strong> C10H12ClNO<\/p>\n<\/li>\n<li data-start=\"8027\" data-end=\"8063\">\n<p data-start=\"8029\" data-end=\"8063\"><strong data-start=\"8029\" data-end=\"8047\">Molekulov\u00e1 hmotnost:<\/strong> \u00b1197,66 g\/mol<\/p>\n<\/li>\n<li data-start=\"8064\" data-end=\"8116\">\n<p data-start=\"8066\" data-end=\"8116\"><strong data-start=\"8066\" data-end=\"8087\">Chemick\u00e1 t\u0159\u00edda:<\/strong> Gesubstitueerde cathinonen, 4 cmc<\/p>\n<\/li>\n<li data-start=\"8117\" data-end=\"8206\">\n<p data-start=\"8119\" data-end=\"8206\"><strong data-start=\"8119\" data-end=\"8139\">Funkce receptoru:<\/strong> Ovliv\u0148uje transport\u00e9ry dopaminu, serotoninu a noradrenalinu.<\/p>\n<\/li>\n<\/ul>\n<p data-start=\"8208\" data-end=\"8352\">The <strong data-start=\"8211\" data-end=\"8232\">substituce chloru<\/strong> ovliv\u0148uje vazebnou s\u00edlu a metabolickou stabilitu, co\u017e ho \u010din\u00ed zaj\u00edmav\u00fdm pro <strong data-start=\"8319\" data-end=\"8351\">v\u00fdzkum struktury a aktivity<\/strong>.<\/p>\n<hr data-start=\"8354\" data-end=\"8357\" \/>\n<h2 data-start=\"8359\" data-end=\"8386\"><strong data-start=\"8362\" data-end=\"8386\">V\u00fdzkumn\u00e9 \u00fa\u010dely<\/strong><\/h2>\n<p data-start=\"8388\" data-end=\"8416\">4-CMC je vy\u0161et\u0159ov\u00e1n z d\u016fvodu:<\/p>\n<ul data-start=\"8417\" data-end=\"8729\">\n<li data-start=\"8417\" data-end=\"8489\">\n<p data-start=\"8419\" data-end=\"8489\"><strong data-start=\"8419\" data-end=\"8442\">Analytick\u00e1 chemie:<\/strong> identifikace pomoc\u00ed GC-MS, LC-MS, FTIR a NMR.<\/p>\n<\/li>\n<li data-start=\"8490\" data-end=\"8577\">\n<p data-start=\"8492\" data-end=\"8577\"><strong data-start=\"8492\" data-end=\"8520\">Forenzn\u00ed toxikologie:<\/strong> detekce v biologick\u00fdch a zabaven\u00fdch vzorc\u00edch.<\/p>\n<\/li>\n<li data-start=\"8578\" data-end=\"8654\">\n<p data-start=\"8580\" data-end=\"8654\"><strong data-start=\"8580\" data-end=\"8597\">Farmakologie:<\/strong> studium interakc\u00ed neurotransmiter\u016f a metabolismu.<\/p>\n<\/li>\n<li data-start=\"8655\" data-end=\"8729\">\n<p data-start=\"8657\" data-end=\"8729\"><strong data-start=\"8657\" data-end=\"8677\">Ve\u0159ejn\u00e9 zdrav\u00ed:<\/strong> podpora varovn\u00fdch syst\u00e9m\u016f pro NPS.<\/p>\n<\/li>\n<\/ul>\n<hr data-start=\"8731\" data-end=\"8734\" \/>\n<h2 data-start=\"8736\" data-end=\"8780\"><strong data-start=\"8739\" data-end=\"8780\">Bezpe\u010dnostn\u00ed a pr\u00e1vn\u00ed aspekty<\/strong><\/h2>\n<p data-start=\"8782\" data-end=\"8799\"><strong data-start=\"8782\" data-end=\"8797\">Bezpe\u010dnost:<\/strong><\/p>\n<ul data-start=\"8800\" data-end=\"9009\">\n<li data-start=\"8800\" data-end=\"8887\">\n<p data-start=\"8802\" data-end=\"8887\">Manipulovat pouze <strong data-start=\"8823\" data-end=\"8855\">kvalifikovan\u00ed v\u00fdzkumn\u00edci<\/strong> z <strong data-start=\"8860\" data-end=\"8884\">ochrann\u00e9 od\u011bvy<\/strong>.<\/p>\n<\/li>\n<li data-start=\"8888\" data-end=\"8921\">\n<p data-start=\"8890\" data-end=\"8921\">Zabra\u0148te kontaktu a vdechov\u00e1n\u00ed.<\/p>\n<\/li>\n<li data-start=\"8922\" data-end=\"9009\">\n<p data-start=\"8924\" data-end=\"9009\">Pr\u00e1ce pod <strong data-start=\"8935\" data-end=\"8953\">ods\u00e1vac\u00ed syst\u00e9my<\/strong> a dodr\u017eovat <strong data-start=\"8968\" data-end=\"9006\">p\u0159edpisy o chemick\u00e9 bezpe\u010dnosti<\/strong>.<\/p>\n<\/li>\n<\/ul>\n<p data-start=\"9011\" data-end=\"9209\"><strong data-start=\"9011\" data-end=\"9033\">Pr\u00e1vn\u00ed status:<\/strong><br data-start=\"9033\" data-end=\"9036\" \/>4-CMC je k dispozici ve v\u011bt\u0161in\u011b zem\u00ed. <strong data-start=\"9065\" data-end=\"9092\">zak\u00e1zan\u00e9 nebo regulovan\u00e9<\/strong> pod <strong data-start=\"9102\" data-end=\"9114\">Opiov\u00fd z\u00e1kon<\/strong> nebo <strong data-start=\"9118\" data-end=\"9152\">legislativa t\u00fdkaj\u00edc\u00ed se psychoaktivn\u00edch l\u00e1tek<\/strong>.<br data-start=\"9153\" data-end=\"9156\" \/>Pou\u017eit\u00ed mimo v\u00fdzkumn\u00e9 \u00fa\u010dely je <strong data-start=\"9195\" data-end=\"9208\">trestn\u00fd<\/strong>.<\/p>\n<hr data-start=\"9211\" data-end=\"9214\" \/>\n<h2 data-start=\"9216\" data-end=\"9250\"><strong data-start=\"9219\" data-end=\"9250\">\u010casto kladen\u00e9 ot\u00e1zky (FAQ)<\/strong><\/h2>\n<h3 data-start=\"9252\" data-end=\"9295\"><strong data-start=\"9256\" data-end=\"9295\">1. K \u010demu se 4-CMC vy\u0161et\u0159uje?<\/strong><\/h3>\n<p data-start=\"9296\" data-end=\"9382\">Pro <strong data-start=\"9301\" data-end=\"9355\">forenzn\u00ed, analytick\u00fd a farmakologick\u00fd v\u00fdzkum<\/strong> na katinonov\u00e9 slou\u010deniny.<\/p>\n<h3 data-start=\"9384\" data-end=\"9411\"><strong data-start=\"9388\" data-end=\"9411\">2. Je 4-CMC leg\u00e1ln\u00ed?<\/strong><\/h3>\n<p data-start=\"9412\" data-end=\"9474\">Ne, 4-CMC je k dispozici ve v\u011bt\u0161in\u011b zem\u00ed. <strong data-start=\"9446\" data-end=\"9473\">regulovan\u00e9 nebo zak\u00e1zan\u00e9<\/strong>.<\/p>\n<h3 data-start=\"9476\" data-end=\"9527\"><strong data-start=\"9480\" data-end=\"9527\">3. Jak by se m\u011blo bezpe\u010dn\u011b zach\u00e1zet s 4-CMC?<\/strong><\/h3>\n<p data-start=\"9528\" data-end=\"9639\">Pouze od <strong data-start=\"9540\" data-end=\"9570\">profesion\u00e1ln\u00ed v\u00fdzkumn\u00edci<\/strong> v kontrolovan\u00fdch laborato\u0159\u00edch s \u0159\u00e1dn\u00fdm <strong data-start=\"9612\" data-end=\"9638\">bezpe\u010dnostn\u00ed opat\u0159en\u00ed<\/strong>.<\/p>\n<hr data-start=\"9641\" data-end=\"9644\" \/>\n<h2 data-start=\"9646\" data-end=\"9662\"><strong data-start=\"9649\" data-end=\"9662\">Z\u00e1v\u011br<\/strong><\/h2>\n<p data-start=\"9664\" data-end=\"9904\"><em data-start=\"9664\" data-end=\"9694\">4-CMC (4-chlormethcathinon)<\/em> je d\u016fle\u017eit\u00fdm v\u00fdzkumn\u00fdm t\u00e9matem v r\u00e1mci <strong data-start=\"9740\" data-end=\"9761\">neurofarmakologie<\/strong> a <strong data-start=\"9765\" data-end=\"9787\">forenzn\u00ed chemie<\/strong>.<br data-start=\"9788\" data-end=\"9791\" \/>Pom\u00e1h\u00e1 v\u011bdc\u016fm pochopit, jak <strong data-start=\"9833\" data-end=\"9854\">substituce chloru<\/strong> ovliv\u0148uje \u00fa\u010dinek stimulant\u016f.<\/p>","protected":false},"excerpt":{"rendered":"<h3><span style=\"vertical-align: inherit;\"><span style=\"vertical-align: inherit;\">Vlastnosti 4-CMC<\/span><\/span><\/h3>\n<p><span style=\"vertical-align: inherit;\"><span style=\"vertical-align: inherit;\">Synonymum: 4-chlormethcathinon <\/span><\/span><br \/>\n<span style=\"vertical-align: inherit;\"><span style=\"vertical-align: inherit;\">\u010c\u00edslo CAS: 1225843-86-6 <\/span><\/span><br \/>\n<span style=\"vertical-align: inherit;\"><span style=\"vertical-align: inherit;\">Vzorec: C10H12ClNO \u2022 HCL <\/span><\/span><br \/>\n<span style=\"vertical-align: inherit;\"><span style=\"vertical-align: inherit;\">Mol\u00e1rn\u00ed hmotnost: 234,1 g\/mol <\/span><\/span><br \/>\n<span style=\"vertical-align: inherit;\"><span style=\"vertical-align: inherit;\">\u010cistota: \u226598%<\/span><\/span><\/p>","protected":false},"featured_media":28431,"comment_status":"closed","ping_status":"closed","template":"","meta":[],"product_brand":[82],"product_cat":[488],"product_tag":[608,1221,326],"class_list":{"0":"post-23119","1":"product","2":"type-product","3":"status-publish","4":"has-post-thumbnail","6":"product_brand-research-chemical","7":"product_cat-verboden","8":"product_tag-4-cmc","9":"product_tag-4-cmc-kopen","10":"product_tag-nl","12":"first","13":"instock","14":"taxable","15":"shipping-taxable","16":"purchasable","17":"product-type-simple"},"_links":{"self":[{"href":"https:\/\/researchchemicalhub.com\/cs\/wp-json\/wp\/v2\/product\/23119","targetHints":{"allow":["GET"]}}],"collection":[{"href":"https:\/\/researchchemicalhub.com\/cs\/wp-json\/wp\/v2\/product"}],"about":[{"href":"https:\/\/researchchemicalhub.com\/cs\/wp-json\/wp\/v2\/types\/product"}],"replies":[{"embeddable":true,"href":"https:\/\/researchchemicalhub.com\/cs\/wp-json\/wp\/v2\/comments?post=23119"}],"version-history":[{"count":6,"href":"https:\/\/researchchemicalhub.com\/cs\/wp-json\/wp\/v2\/product\/23119\/revisions"}],"predecessor-version":[{"id":28769,"href":"https:\/\/researchchemicalhub.com\/cs\/wp-json\/wp\/v2\/product\/23119\/revisions\/28769"}],"wp:featuredmedia":[{"embeddable":true,"href":"https:\/\/researchchemicalhub.com\/cs\/wp-json\/wp\/v2\/media\/28431"}],"wp:attachment":[{"href":"https:\/\/researchchemicalhub.com\/cs\/wp-json\/wp\/v2\/media?parent=23119"}],"wp:term":[{"taxonomy":"product_brand","embeddable":true,"href":"https:\/\/researchchemicalhub.com\/cs\/wp-json\/wp\/v2\/product_brand?post=23119"},{"taxonomy":"product_cat","embeddable":true,"href":"https:\/\/researchchemicalhub.com\/cs\/wp-json\/wp\/v2\/product_cat?post=23119"},{"taxonomy":"product_tag","embeddable":true,"href":"https:\/\/researchchemicalhub.com\/cs\/wp-json\/wp\/v2\/product_tag?post=23119"}],"curies":[{"name":"wp","href":"https:\/\/api.w.org\/{rel}","templated":true}]}}