{"id":23084,"date":"2025-04-13T17:39:07","date_gmt":"2025-04-13T17:39:07","guid":{"rendered":"https:\/\/researchchemicalhub.com\/?post_type=product&#038;p=23084"},"modified":"2025-10-30T12:53:48","modified_gmt":"2025-10-30T12:53:48","slug":"4homet-fumarate","status":"publish","type":"product","link":"https:\/\/researchchemicalhub.com\/cs\/shop\/4-ho-met\/4homet-fumarate\/","title":{"rendered":"4-HO-MET fumar\u00e1t"},"content":{"rendered":"<h1><strong>4HOMET fumar\u00e1t \u2013 \u010dist\u00e1 v\u00fdzkumn\u00e1 chemik\u00e1lie<\/strong><\/h1>\n<h2><strong>Co je 4-HO-MET fumar\u00e1t?<\/strong><\/h2>\n<p>4HOMET Fumar\u00e1t (4-Hydroxy-N-methyl-N-ethyltryptamin fumar\u00e1t) je syntetick\u00fd psychedelick\u00fd tryptamin, p\u0159\u00edbuzn\u00fd psilocybinu. Je zn\u00e1m\u00fd pro svou vizu\u00e1ln\u00ed stimulaci a emocion\u00e1ln\u011b obohacuj\u00edc\u00ed vlastnosti.<\/p>\n<p>Tato l\u00e1tka se pou\u017e\u00edv\u00e1 v\u00fdhradn\u011b pro v\u011bdeck\u00fd v\u00fdzkum, zejm\u00e9na v r\u00e1mci farmakologie a studi\u00ed v\u011bdom\u00ed. Produkt je k dispozici v \u010dist\u00e9, p\u0159esn\u011b d\u00e1vkovan\u00e9 form\u011b a je vhodn\u00fd pro kontrolovan\u00e9 v\u00fdzkumn\u00e9 \u00fa\u010dely.<a title=\"Um\u011bleck\u00e9 blottery 1cP-LSD 150 MCG\" href=\"https:\/\/researchchemicalhub.com\/cs\/shop\/lysergamides\/1cp-lsd\/\" target=\"_blank\" rel=\"noopener\">Um\u011bleck\u00e9 blottery 1cP-LSD 150 MCG<\/a><\/p>\n<h2><strong>Vlastnosti 4-HO-MET fumar\u00e1tu<\/strong><\/h2>\n<ul>\n<li><strong>Vysok\u00e1 \u010distota<\/strong> \u2013 Vyrobeno podle p\u0159\u00edsn\u00fdch laboratorn\u00edch standard\u016f<\/li>\n<li><strong>P\u0159esn\u00e9 d\u00e1vkov\u00e1n\u00ed<\/strong> \u2013 Konzistentn\u00ed slo\u017een\u00ed pro spolehliv\u00e9 v\u00fdsledky<\/li>\n<li><strong>Bezpe\u010dn\u00e9 balen\u00ed<\/strong> \u2013 Vzduchot\u011bsn\u00e9 a sv\u011btlot\u011bsn\u00e9 pro zaji\u0161t\u011bn\u00ed stability<\/li>\n<li><strong>Nez\u00e1visle testov\u00e1no<\/strong> \u2013 Kontrola kvality prost\u0159ednictv\u00edm extern\u00edch laboratorn\u00edch anal\u00fdz<\/li>\n<\/ul>\n<h2><strong>Efekty a profil efekt\u016f<\/strong><\/h2>\n<p>4-HO-MET fumar\u00e1t je zn\u00e1m\u00fd pro:<\/p>\n<ul>\n<li><strong>Intenzivn\u00ed vizu\u00e1ln\u00ed efekty<\/strong> jako je zv\u00fdrazn\u011bn\u00ed barev a vn\u00edm\u00e1n\u00ed vzor\u016f<\/li>\n<li><strong>Zv\u00fd\u0161en\u00e1 emo\u010dn\u00ed otev\u0159enost a euforie<\/strong><\/li>\n<li><strong>N\u00edzk\u00e1 kognitivn\u00ed z\u00e1t\u011b\u017e<\/strong> ve srovn\u00e1n\u00ed s podobn\u00fdmi tryptaminy<\/li>\n<li><strong>Doba \u00fa\u010dinku: 4 a\u017e 6 hodin<\/strong><\/li>\n<\/ul>\n<p>\u00da\u010dinky se obvykle za\u010d\u00ednaj\u00ed projevovat b\u011bhem <strong>20 a\u017e 40 minut<\/strong> a dos\u00e1hnout vrcholu kolem <strong>2 a\u017e 3 hodiny<\/strong> po po\u017eit\u00ed.<\/p>\n<h2><strong>Doporu\u010den\u00e9 d\u00e1vkov\u00e1n\u00ed pro v\u00fdzkum<\/strong><\/h2>\n<ul>\n<li><strong>N\u00edzk\u00e1 d\u00e1vka:<\/strong> 5 a\u017e 10 mg<\/li>\n<li><strong>Pr\u016fm\u011brn\u00e1 d\u00e1vka:<\/strong> 10 a\u017e 20 mg<\/li>\n<li><strong>Vysok\u00e1 d\u00e1vka:<\/strong> 20 a\u017e 30 mg (pouze pro zku\u0161en\u00e9 v\u00fdzkumn\u00edky)<\/li>\n<\/ul>\n<p>V\u017edy za\u010dn\u011bte s n\u00edzkou d\u00e1vkou, abyste zjistili individu\u00e1ln\u00ed citlivost.<a title=\"Koupit ibogain hydrochlorid\" href=\"https:\/\/researchchemicalhub.com\/cs\/shop\/iboga-ibogaine\/buy-ibogaine-hcl-online\/\" target=\"_blank\" rel=\"noopener\">Koupit ibogain hydrochlorid<\/a><\/p>\n<h2><strong>Bezpe\u010dnostn\u00ed pokyny<\/strong><\/h2>\n<ul>\n<li>Nepou\u017e\u00edvejte v p\u0159\u00edpad\u011b psychiatrick\u00fdch onemocn\u011bn\u00ed, jako je \u00fazkost nebo psych\u00f3za.<\/li>\n<li>V\u017edy se \u0159i\u010fte postupem v kontrolovan\u00e9m v\u00fdzkumn\u00e9m prost\u0159ed\u00ed.<\/li>\n<li>Nekombinujte s jin\u00fdmi psychoaktivn\u00edmi l\u00e1tkami<\/li>\n<li>Skladujte na chladn\u00e9m, such\u00e9m a bezpe\u010dn\u00e9m m\u00edst\u011b mimo dosah neopr\u00e1vn\u011bn\u00fdch osob<\/li>\n<\/ul>\n<h2><strong>Aplikace a c\u00edlov\u00e1 skupina<\/strong><\/h2>\n<p>4-HO MET fumar\u00e1t je ur\u010den k:<\/p>\n<ul>\n<li><strong>V\u011bdeck\u00fd v\u00fdzkum<\/strong> na psychedelick\u00e9 l\u00e1tky<\/li>\n<li><strong>Akademick\u00e9 studie v\u011bdom\u00ed<\/strong> v r\u00e1mci neurov\u011bdy a psychologie<\/li>\n<li><strong>Zku\u0161en\u00ed v\u00fdzkumn\u00edci<\/strong> se znalost\u00ed tryptamin\u016f.<a title=\"K\u016fra ko\u0159ene ibogy\" href=\"https:\/\/researchchemicalhub.com\/cs\/shop\/iboga-ibogaine\/iboga-root-bark\/\" target=\"_blank\" rel=\"noopener\">K\u016fra ko\u0159ene ibogy<\/a><\/li>\n<\/ul>\n<h2><strong>Informace o objedn\u00e1vce<\/strong><\/h2>\n<p>4-HO-MET fumar\u00e1t je dod\u00e1v\u00e1n diskr\u00e9tn\u011b a bezpe\u010dn\u011b zabalen\u00fd. K dispozici jako vysoce kvalitn\u00ed v\u00fdzkumn\u00fd produkt pro profesion\u00e1ly.<\/p>","protected":false},"excerpt":{"rendered":"<h3><span style=\"vertical-align: inherit;\"><span style=\"vertical-align: inherit;\">4-HO-MET Fumarate<\/span><\/span><\/h3>\n<p><span style=\"vertical-align: inherit;\"><span style=\"vertical-align: inherit;\">Synonyms: 4-hydroxy-N-methyl-N-ethyltryptamine; metocin; <\/span><\/span><br \/>\n<span style=\"vertical-align: inherit;\"><span style=\"vertical-align: inherit;\">3-{2-[ethyl(methyl)amino]ethyl}-1H-indol-4-ol <\/span><\/span><br \/>\n<span style=\"vertical-align: inherit;\"><span style=\"vertical-align: inherit;\">CAS number: 77872-41-4 <\/span><\/span><br \/>\n<span style=\"vertical-align: inherit;\"><span style=\"vertical-align: inherit;\">Formula: C13H18N2O <\/span><\/span><br \/>\n<span style=\"vertical-align: inherit;\"><span style=\"vertical-align: inherit;\">Molar mass: 218.3 g\/mol <\/span><\/span><br \/>\n<span style=\"vertical-align: inherit;\"><span style=\"vertical-align: inherit;\">Purity: \u226598%<\/span><\/span><\/p>\n","protected":false},"featured_media":28447,"comment_status":"closed","ping_status":"closed","template":"","meta":[],"product_brand":[82],"product_cat":[382,381],"product_tag":[658,659,657,326],"class_list":{"0":"post-23084","1":"product","2":"type-product","3":"status-publish","4":"has-post-thumbnail","6":"product_brand-research-chemical","7":"product_cat-4-ho-met","8":"product_cat-tryptamines","9":"product_tag-4-ho-met","10":"product_tag-4ho-met","11":"product_tag-4homet","12":"product_tag-nl","14":"first","15":"instock","16":"taxable","17":"shipping-taxable","18":"purchasable","19":"product-type-variable"},"_links":{"self":[{"href":"https:\/\/researchchemicalhub.com\/cs\/wp-json\/wp\/v2\/product\/23084","targetHints":{"allow":["GET"]}}],"collection":[{"href":"https:\/\/researchchemicalhub.com\/cs\/wp-json\/wp\/v2\/product"}],"about":[{"href":"https:\/\/researchchemicalhub.com\/cs\/wp-json\/wp\/v2\/types\/product"}],"replies":[{"embeddable":true,"href":"https:\/\/researchchemicalhub.com\/cs\/wp-json\/wp\/v2\/comments?post=23084"}],"version-history":[{"count":5,"href":"https:\/\/researchchemicalhub.com\/cs\/wp-json\/wp\/v2\/product\/23084\/revisions"}],"predecessor-version":[{"id":26298,"href":"https:\/\/researchchemicalhub.com\/cs\/wp-json\/wp\/v2\/product\/23084\/revisions\/26298"}],"wp:featuredmedia":[{"embeddable":true,"href":"https:\/\/researchchemicalhub.com\/cs\/wp-json\/wp\/v2\/media\/28447"}],"wp:attachment":[{"href":"https:\/\/researchchemicalhub.com\/cs\/wp-json\/wp\/v2\/media?parent=23084"}],"wp:term":[{"taxonomy":"product_brand","embeddable":true,"href":"https:\/\/researchchemicalhub.com\/cs\/wp-json\/wp\/v2\/product_brand?post=23084"},{"taxonomy":"product_cat","embeddable":true,"href":"https:\/\/researchchemicalhub.com\/cs\/wp-json\/wp\/v2\/product_cat?post=23084"},{"taxonomy":"product_tag","embeddable":true,"href":"https:\/\/researchchemicalhub.com\/cs\/wp-json\/wp\/v2\/product_tag?post=23084"}],"curies":[{"name":"wp","href":"https:\/\/api.w.org\/{rel}","templated":true}]}}